{"id":2108,"date":"2025-05-05T06:22:22","date_gmt":"2025-05-05T06:22:22","guid":{"rendered":"https:\/\/www.linkceramics.com\/?post_type=product&#038;p=2108"},"modified":"2025-09-30T09:11:49","modified_gmt":"2025-09-30T09:11:49","slug":"wholesale-bathroom-sets","status":"publish","type":"product","link":"https:\/\/www.linkceramics.com\/de\/product\/wholesale-bathroom-sets\/","title":{"rendered":"Gro\u00dfhandel Badezimmer Sets Vogelk\u00e4fig Design, Keramik Badezimmer Essentials"},"content":{"rendered":"<div class=\"wp-block-columns is-layout-flex wp-container-core-columns-is-layout-9d6595d7 wp-block-columns-is-layout-flex\">\n<div class=\"wp-block-column is-layout-flow wp-block-column-is-layout-flow\" style=\"flex-basis:50%\">\n<h3 class=\"wp-block-heading\">Gro\u00dfhandel Badezimmer Sets Features:<\/h3>\n\n\n\n<p><strong>Vogelk\u00e4fig Design: <\/strong>Die vogelk\u00e4figf\u00f6rmigen Gro\u00dfhandels-Badezimmer-Sets haben detaillierte gepr\u00e4gte Muster auf der Oberfl\u00e4che mit ebenso viel Realismus und Lebendigkeit. Solche Entw\u00fcrfe k\u00f6nnen viel k\u00fcnstlerischen und dekorativen Geschmack zum Badezimmer hinzuf\u00fcgen und hoch zeigen Sie Ihren Stil.<\/p>\n\n\n\n<p><strong>Praktikabilit\u00e4t: <\/strong>Diese Gro\u00dfhandels-Badezimmer-Sets im Vogelk\u00e4fig-Design umfassen einen Fl\u00fcssigseifenspender, einen Zahnb\u00fcrstenhalter und eine Seifenschale, die den Platzierungsbedarf der t\u00e4glichen Toilettenartikel im Badezimmer erf\u00fcllen. Sie sind voll funktionsf\u00e4hig und einfach zu bedienen.<\/p>\n\n\n\n<p><strong>Hochwertiges keramisches Material: <\/strong>Diese Gro\u00dfhandel Badezimmer-Sets sind mit hochwertigen Keramik, glatt und robust, leicht zu reinigen, um eine dauerhafte Nutzung ohne Verformung und Verblassen zu bieten gebaut.<\/p>\n\n\n\n<p><strong>Nat\u00fcrlich und sicher: <\/strong>Diese Gro\u00dfhandel Bad-Sets entscheiden sich f\u00fcr ungiftige und nat\u00fcrliche keramische Materialien, die gesund und sicher sind und damit sicher f\u00fcr Sie und Ihre Familie.<\/p>\n\n\n\n<p><strong>Leicht zu reinigen und zu pflegen:<\/strong> Die Bad-Accessoires in der Masse die Anti-Fouling-Eigenschaft der Keramik mit einer glatten Oberfl\u00e4che, so dass f\u00fcr eine einfache Reinigung, so dass das Bad sauber und frisch wie neu.<\/p>\n<\/div>\n\n\n\n<div class=\"wp-block-column is-layout-flow wp-block-column-is-layout-flow\" style=\"flex-basis:50%\">\n<figure class=\"wp-block-image size-full\"><img decoding=\"async\" width=\"1600\" height=\"1600\" src=\"https:\/\/www.linkceramics.com\/wp-content\/uploads\/2025\/05\/wholesale-bathroom-sets-birdcage-design-ceramic-bathroom-essentials-6.webp\" alt=\"gro\u00dfhandel-badezimmer-sets-vogelk\u00e4fig-design-keramik-badezimmer-essentials-6\" class=\"wp-image-2694\" srcset=\"https:\/\/www.linkceramics.com\/wp-content\/uploads\/2025\/05\/wholesale-bathroom-sets-birdcage-design-ceramic-bathroom-essentials-6.webp 1600w, https:\/\/www.linkceramics.com\/wp-content\/uploads\/2025\/05\/wholesale-bathroom-sets-birdcage-design-ceramic-bathroom-essentials-6-300x300.webp 300w, https:\/\/www.linkceramics.com\/wp-content\/uploads\/2025\/05\/wholesale-bathroom-sets-birdcage-design-ceramic-bathroom-essentials-6-150x150.webp 150w, https:\/\/www.linkceramics.com\/wp-content\/uploads\/2025\/05\/wholesale-bathroom-sets-birdcage-design-ceramic-bathroom-essentials-6-768x768.webp 768w, https:\/\/www.linkceramics.com\/wp-content\/uploads\/2025\/05\/wholesale-bathroom-sets-birdcage-design-ceramic-bathroom-essentials-6-12x12.webp 12w, https:\/\/www.linkceramics.com\/wp-content\/uploads\/2025\/05\/wholesale-bathroom-sets-birdcage-design-ceramic-bathroom-essentials-6-1200x1200.webp 1200w, https:\/\/www.linkceramics.com\/wp-content\/uploads\/2025\/05\/wholesale-bathroom-sets-birdcage-design-ceramic-bathroom-essentials-6-600x600.webp 600w, https:\/\/www.linkceramics.com\/wp-content\/uploads\/2025\/05\/wholesale-bathroom-sets-birdcage-design-ceramic-bathroom-essentials-6-100x100.webp 100w\" sizes=\"(max-width: 1600px) 100vw, 1600px\" \/><\/figure>\n<\/div>\n<\/div>","protected":false},"excerpt":{"rendered":"<p>Willkommen im Gro\u00dfhandel Bad-Sets zu kaufen. Diese Bulk-Keramik Bad-Accessoires kommen in einem einzigartigen und eleganten Vogelk\u00e4fig Design, das den Stil Ihres Badezimmers insgesamt erh\u00f6hen kann. Das keramische Material ist stark und leicht zu reinigen, die Kombination von Sch\u00f6nheit und Funktionalit\u00e4t und machen diese Bad-Accessoires ein erforderliches Element f\u00fcr diejenigen, die eine Lebensqualit\u00e4t zu verfolgen.<\/p>\n<h2>Gro\u00dfhandel Badezimmer Sets Parameter:<\/h2>\n<table border=\"0\" width=\"476\" cellspacing=\"0\" cellpadding=\"0\">\n<tbody>\n<tr>\n<td width=\"187\" height=\"29\">Hersteller<\/td>\n<td width=\"289\">JINHUA<\/td>\n<\/tr>\n<tr>\n<td height=\"29\">Modell Nr.<\/td>\n<td>JHB69<\/td>\n<\/tr>\n<tr>\n<td height=\"29\">Gestaltung<\/td>\n<td>3-teiliger Satz<\/td>\n<\/tr>\n<tr>\n<td height=\"29\">Material<\/td>\n<td>Keramik<\/td>\n<\/tr>\n<tr>\n<td height=\"29\">Farbe<\/td>\n<td width=\"289\">Wei\u00df<\/td>\n<\/tr>\n<tr>\n<td height=\"29\">Benutzerdefiniert<\/td>\n<td>Farbe\/Gr\u00f6\u00dfe\/Logo\/Verpackung<\/td>\n<\/tr>\n<tr>\n<td height=\"29\">MOQ<\/td>\n<td>500 S\u00e4tze<\/td>\n<\/tr>\n<tr>\n<td height=\"116\">Dimension<\/td>\n<td width=\"289\">Seifenflasche: 7.9*7.9*18.5cm<br \/>Zahnb\u00fcrstenhalter: 7.4*7.4*10.9cm<br \/>Seifenschale: 12,4*9,4*2,5cm<\/td>\n<\/tr>\n<\/tbody>\n<\/table>","protected":false},"featured_media":2690,"comment_status":"open","ping_status":"closed","template":"","meta":{"_acf_changed":false},"certification":[63,64,66,58,65,61,60,62,57],"product_brand":[],"product_cat":[35,22],"product_tag":[],"class_list":{"0":"post-2108","1":"product","2":"type-product","3":"status-publish","4":"has-post-thumbnail","6":"certification-amfori","7":"certification-bsci","8":"certification-cnas","9":"certification-fda","10":"certification-iaf","11":"certification-iso-14001","12":"certification-iso-45001","13":"certification-iso-9001","14":"certification-lfgb","15":"product_cat-bathroom-ceramics-supply","16":"product_cat-ceramic-bathroom-set","18":"first","19":"instock","20":"shipping-taxable","21":"product-type-simple"},"acf":[],"_links":{"self":[{"href":"https:\/\/www.linkceramics.com\/de\/wp-json\/wp\/v2\/product\/2108","targetHints":{"allow":["GET"]}}],"collection":[{"href":"https:\/\/www.linkceramics.com\/de\/wp-json\/wp\/v2\/product"}],"about":[{"href":"https:\/\/www.linkceramics.com\/de\/wp-json\/wp\/v2\/types\/product"}],"replies":[{"embeddable":true,"href":"https:\/\/www.linkceramics.com\/de\/wp-json\/wp\/v2\/comments?post=2108"}],"wp:featuredmedia":[{"embeddable":true,"href":"https:\/\/www.linkceramics.com\/de\/wp-json\/wp\/v2\/media\/2690"}],"wp:attachment":[{"href":"https:\/\/www.linkceramics.com\/de\/wp-json\/wp\/v2\/media?parent=2108"}],"wp:term":[{"taxonomy":"certification","embeddable":true,"href":"https:\/\/www.linkceramics.com\/de\/wp-json\/wp\/v2\/certification?post=2108"},{"taxonomy":"product_brand","embeddable":true,"href":"https:\/\/www.linkceramics.com\/de\/wp-json\/wp\/v2\/product_brand?post=2108"},{"taxonomy":"product_cat","embeddable":true,"href":"https:\/\/www.linkceramics.com\/de\/wp-json\/wp\/v2\/product_cat?post=2108"},{"taxonomy":"product_tag","embeddable":true,"href":"https:\/\/www.linkceramics.com\/de\/wp-json\/wp\/v2\/product_tag?post=2108"}],"curies":[{"name":"wp","href":"https:\/\/api.w.org\/{rel}","templated":true}]}}