{"id":2127,"date":"2025-05-20T02:28:46","date_gmt":"2025-05-20T02:28:46","guid":{"rendered":"https:\/\/www.linkceramics.com\/?post_type=product&#038;p=2127"},"modified":"2025-05-20T02:28:48","modified_gmt":"2025-05-20T02:28:48","slug":"wholesale-royal-china-dinnerware","status":"publish","type":"product","link":"https:\/\/www.linkceramics.com\/de\/product\/wholesale-royal-china-dinnerware\/","title":{"rendered":"Gro\u00dfhandel Royal China Essgeschirr, Western Serviergeschirr, Tee-Set benutzerdefinierte"},"content":{"rendered":"<div class=\"wp-block-columns is-layout-flex wp-container-core-columns-is-layout-9d6595d7 wp-block-columns-is-layout-flex\">\n<div class=\"wp-block-column is-layout-flow wp-block-column-is-layout-flow\" style=\"flex-basis:50%\">\n<h3 class=\"wp-block-heading\">Gro\u00dfhandel Royal China Geschirr Merkmale:<\/h3>\n\n\n\n<p><strong>Klassischer britischer k\u00f6niglicher Stil:<\/strong> die europ\u00e4ische Architektur und l\u00e4ndliche Landschaften darstellen, wobei die Farben Royal Red und White aufeinander abgestimmt sind und Luxus und Eleganz zeigen.<\/p>\n\n\n\n<p><strong>Retro-Palastform: <\/strong>Die gewellten Kanten und die hohlen Schnitzverzierungen unterstreichen das aristokratische Temperament des Palastes.<\/p>\n\n\n\n<p><strong>Ausgezeichnete Qualit\u00e4t:<\/strong> aus langlebigem, bei hohen Temperaturen gebranntem Porzellan, sicher und ungiftig, verschlei\u00dffest, geeignet f\u00fcr den langfristigen Einsatz in gewerblichen Umgebungen wie gehobenen Restaurants, Caf\u00e9s, Hotels usw.<\/p>\n\n\n\n<p><strong>In-Glaze Decal Technologie:<\/strong> Mit der In-Glaze Decal Technologie wird das Muster in die Glasurschicht integriert, die Glasuroberfl\u00e4che ist glatt und hell, die Farbe ist voll und verblasst nicht leicht.<\/p>\n\n\n\n<p><strong>Vollst\u00e4ndiger Satz von verschiedenen Spezifikationen:<\/strong> einschlie\u00dflich Teekannen, Teetassen, Tabletts, Suppenschalen, Dessertteller, Essteller, Milchk\u00e4nnchen, Zuckerdosen usw., geeignet f\u00fcr verschiedene Ess- und Teetrinkszenen.<\/p>\n<\/div>\n\n\n\n<div class=\"wp-block-column is-layout-flow wp-block-column-is-layout-flow\" style=\"flex-basis:50%\">\n<figure class=\"wp-block-image size-full\"><img decoding=\"async\" width=\"2606\" height=\"2606\" src=\"https:\/\/www.linkceramics.com\/wp-content\/uploads\/2025\/05\/wholesale-royal-china-dinnerware-3-1.webp\" alt=\"gro\u00dfhandel-royal-china-geschirr-3-1\" class=\"wp-image-2128\" srcset=\"https:\/\/www.linkceramics.com\/wp-content\/uploads\/2025\/05\/wholesale-royal-china-dinnerware-3-1.webp 2606w, https:\/\/www.linkceramics.com\/wp-content\/uploads\/2025\/05\/wholesale-royal-china-dinnerware-3-1-300x300.webp 300w, https:\/\/www.linkceramics.com\/wp-content\/uploads\/2025\/05\/wholesale-royal-china-dinnerware-3-1-150x150.webp 150w, https:\/\/www.linkceramics.com\/wp-content\/uploads\/2025\/05\/wholesale-royal-china-dinnerware-3-1-768x768.webp 768w, https:\/\/www.linkceramics.com\/wp-content\/uploads\/2025\/05\/wholesale-royal-china-dinnerware-3-1-1200x1200.webp 1200w, https:\/\/www.linkceramics.com\/wp-content\/uploads\/2025\/05\/wholesale-royal-china-dinnerware-3-1-600x600.webp 600w, https:\/\/www.linkceramics.com\/wp-content\/uploads\/2025\/05\/wholesale-royal-china-dinnerware-3-1-100x100.webp 100w\" sizes=\"(max-width: 2606px) 100vw, 2606px\" \/><\/figure>\n<\/div>\n<\/div>","protected":false},"excerpt":{"rendered":"<div class=\"D5aOJc vJwDU\">\n<div data-zone-id=\"0\" data-line-index=\"0\" data-line=\"true\">\n<p>Gro\u00dfhandel k\u00f6niglichen Porzellan Geschirr, Serviergeschirr und Tee-Set, rot und wei\u00df Vintage architektonischen Muster Design, geeignet f\u00fcr High-End-Restaurants, Hotels, etc. Hochwertige Fertigung, Fabrikverkauf, Unterst\u00fctzung Bulk-Anpassung, willkommen, uns jetzt zu kontaktieren!<\/p>\n<\/div>\n<\/div>\n<h2>Parameter des Royal China-Geschirrs<\/h2>\n<table border=\"0\" width=\"618\" cellspacing=\"0\" cellpadding=\"0\">\n<tbody>\n<tr>\n<td class=\"et3\" width=\"180\" height=\"26\">Hersteller<\/td>\n<td class=\"et3\" width=\"438\">Lianyuan<\/td>\n<\/tr>\n<tr>\n<td class=\"et3\" height=\"26\">Produkttyp<\/td>\n<td class=\"et3\">Teekannen, Teetassen, Tabletts, Suppensch\u00fcsseln, Dessertteller, Speiseteller, Milchk\u00e4nnchen, Zuckerdosen, usw.<\/td>\n<\/tr>\n<tr>\n<td class=\"et3\" height=\"26\">Muster<\/td>\n<td class=\"et3\">Antiker britischer Stil<\/td>\n<\/tr>\n<tr>\n<td class=\"et3\" height=\"26\">Farbe<\/td>\n<td class=\"et3\">Rot &amp; Wei\u00df<\/td>\n<\/tr>\n<tr>\n<td class=\"et3\" height=\"26\">Material<\/td>\n<td class=\"et3\">Dauerhaftes Porzellan<\/td>\n<\/tr>\n<tr>\n<td class=\"et3\" height=\"26\">Handwerkliches K\u00f6nnen<\/td>\n<td class=\"et3\">In-Glasur-Abziehbild<\/td>\n<\/tr>\n<tr>\n<td class=\"et3\" height=\"26\">Anmeldung<\/td>\n<td class=\"et3\">Mikrowellen- und sp\u00fclmaschinenfest, ofenfest<\/td>\n<\/tr>\n<tr>\n<td class=\"et3\" height=\"26\">Benutzerdefiniert<\/td>\n<td class=\"et3\">Farbe\/Gr\u00f6\u00dfe\/Logo\/Verpackung<\/td>\n<\/tr>\n<\/tbody>\n<\/table>\n<p>&nbsp;<\/p>","protected":false},"featured_media":2128,"comment_status":"open","ping_status":"closed","template":"","meta":{"_acf_changed":true},"certification":[66,58,65,61,60,62,57],"product_brand":[],"product_cat":[34,18,19],"product_tag":[],"class_list":{"0":"post-2127","1":"product","2":"type-product","3":"status-publish","4":"has-post-thumbnail","6":"certification-cnas","7":"certification-fda","8":"certification-iaf","9":"certification-iso-14001","10":"certification-iso-45001","11":"certification-iso-9001","12":"certification-lfgb","13":"product_cat-custom-household-ceramics","14":"product_cat-ceramic-tableware-wholesale","15":"product_cat-ceramic-tea-set-wholesale","17":"first","18":"instock","19":"shipping-taxable","20":"product-type-simple"},"acf":[],"_links":{"self":[{"href":"https:\/\/www.linkceramics.com\/de\/wp-json\/wp\/v2\/product\/2127","targetHints":{"allow":["GET"]}}],"collection":[{"href":"https:\/\/www.linkceramics.com\/de\/wp-json\/wp\/v2\/product"}],"about":[{"href":"https:\/\/www.linkceramics.com\/de\/wp-json\/wp\/v2\/types\/product"}],"replies":[{"embeddable":true,"href":"https:\/\/www.linkceramics.com\/de\/wp-json\/wp\/v2\/comments?post=2127"}],"wp:featuredmedia":[{"embeddable":true,"href":"https:\/\/www.linkceramics.com\/de\/wp-json\/wp\/v2\/media\/2128"}],"wp:attachment":[{"href":"https:\/\/www.linkceramics.com\/de\/wp-json\/wp\/v2\/media?parent=2127"}],"wp:term":[{"taxonomy":"certification","embeddable":true,"href":"https:\/\/www.linkceramics.com\/de\/wp-json\/wp\/v2\/certification?post=2127"},{"taxonomy":"product_brand","embeddable":true,"href":"https:\/\/www.linkceramics.com\/de\/wp-json\/wp\/v2\/product_brand?post=2127"},{"taxonomy":"product_cat","embeddable":true,"href":"https:\/\/www.linkceramics.com\/de\/wp-json\/wp\/v2\/product_cat?post=2127"},{"taxonomy":"product_tag","embeddable":true,"href":"https:\/\/www.linkceramics.com\/de\/wp-json\/wp\/v2\/product_tag?post=2127"}],"curies":[{"name":"wp","href":"https:\/\/api.w.org\/{rel}","templated":true}]}}