{"id":2129,"date":"2025-05-20T02:39:25","date_gmt":"2025-05-20T02:39:25","guid":{"rendered":"https:\/\/www.linkceramics.com\/?post_type=product&#038;p=2129"},"modified":"2025-05-20T02:39:26","modified_gmt":"2025-05-20T02:39:26","slug":"custom-modern-dinnerware-set","status":"publish","type":"product","link":"https:\/\/www.linkceramics.com\/de\/product\/custom-modern-dinnerware-set\/","title":{"rendered":"Custom Modernes Geschirr Sets Schwarz Wei\u00df Tee Set Gro\u00dfhandel"},"content":{"rendered":"<div class=\"wp-block-columns is-layout-flex wp-container-core-columns-is-layout-9d6595d7 wp-block-columns-is-layout-flex\">\n<div class=\"wp-block-column is-layout-flow wp-block-column-is-layout-flow\" style=\"flex-basis:50%\">\n<h3 class=\"wp-block-heading\">Benutzerdefinierte moderne Geschirrsets Merkmale:<\/h3>\n\n\n\n<p><strong>Moderner, minimalistischer Stil:\u00a0<\/strong>Diese ma\u00dfgeschneiderten modernen Geschirrsets mit schwarzer und wei\u00dfer Glasur, matter Textur, pr\u00e4sentieren einen modernen Stil.<\/p>\n\n\n\n<p><strong>Nat\u00fcrliche Textur:&nbsp;<\/strong>Die Oberfl\u00e4che weist eine nat\u00fcrliche, leicht blinkende, einzigartige Textur auf, die von einem hochwertigen Geschmack zeugt.<\/p>\n\n\n\n<p><strong>Dauerhaftes Porzellan:&nbsp;<\/strong>verschlei\u00dffest und langlebig, sichere Glasur, erf\u00fcllt internationale Lebensmittelsicherheitsstandards, geeignet f\u00fcr den t\u00e4glichen Gebrauch.<\/p>\n<\/div>\n\n\n\n<div class=\"wp-block-column is-layout-flow wp-block-column-is-layout-flow\" style=\"flex-basis:50%\">\n<figure class=\"wp-block-image size-full\"><img decoding=\"async\" width=\"4067\" height=\"4067\" src=\"https:\/\/www.linkceramics.com\/wp-content\/uploads\/2025\/05\/wholesale-modern-dinnerware-sets.webp\" alt=\"gro\u00dfhandel-moderne-geschirr-sets\" class=\"wp-image-2130\" srcset=\"https:\/\/www.linkceramics.com\/wp-content\/uploads\/2025\/05\/wholesale-modern-dinnerware-sets.webp 4067w, https:\/\/www.linkceramics.com\/wp-content\/uploads\/2025\/05\/wholesale-modern-dinnerware-sets-300x300.webp 300w, https:\/\/www.linkceramics.com\/wp-content\/uploads\/2025\/05\/wholesale-modern-dinnerware-sets-150x150.webp 150w, https:\/\/www.linkceramics.com\/wp-content\/uploads\/2025\/05\/wholesale-modern-dinnerware-sets-768x768.webp 768w, https:\/\/www.linkceramics.com\/wp-content\/uploads\/2025\/05\/wholesale-modern-dinnerware-sets-1200x1200.webp 1200w, https:\/\/www.linkceramics.com\/wp-content\/uploads\/2025\/05\/wholesale-modern-dinnerware-sets-600x600.webp 600w, https:\/\/www.linkceramics.com\/wp-content\/uploads\/2025\/05\/wholesale-modern-dinnerware-sets-100x100.webp 100w\" sizes=\"(max-width: 4067px) 100vw, 4067px\" \/><\/figure>\n<\/div>\n<\/div>","protected":false},"excerpt":{"rendered":"<div class=\"D5aOJc vJwDU\">\n<div data-zone-id=\"0\" data-line-index=\"0\" data-line=\"true\">\n<div class=\"D5aOJc vJwDU\">\n<div data-zone-id=\"0\" data-line-index=\"0\" data-line=\"true\">Herzlich willkommen zum Kauf unseres modernen Geschirrsets in matter wei\u00dfer\/grauer Form mit Glitzer. Perfekt f\u00fcr den t\u00e4glichen Gebrauch. Fabrik Direktvertrieb, wettbewerbsf\u00e4hige Preise, fragen Sie jetzt!<\/div>\n<\/div>\n<h2>Moderne Geschirrsets Parameter<\/h2>\n<table border=\"0\" width=\"618\" cellspacing=\"0\" cellpadding=\"0\">\n<tbody>\n<tr>\n<td class=\"et3\" width=\"180\" height=\"26\">Hersteller<\/td>\n<td class=\"et3\" width=\"438\">Lianyuan<\/td>\n<\/tr>\n<tr>\n<td class=\"et3\" height=\"26\">Produkttyp<\/td>\n<td class=\"et3\">Teller, Schalen, Teetasse, Teekanne<\/td>\n<\/tr>\n<tr>\n<td class=\"et3\" height=\"26\">Muster<\/td>\n<td class=\"et3\">Unregelm\u00e4\u00dfige Form<\/td>\n<\/tr>\n<tr>\n<td class=\"et3\" height=\"26\">Farbe<\/td>\n<td class=\"et3\">Wei\u00df, Dunkelgrau<\/td>\n<\/tr>\n<tr>\n<td class=\"et3\" height=\"26\">Material<\/td>\n<td class=\"et3\">Dauerhaftes Porzellan<\/td>\n<\/tr>\n<tr>\n<td class=\"et3\" height=\"26\">Handwerkliches K\u00f6nnen<\/td>\n<td class=\"et3\">Matt-Glasur, Farb-Glasur<\/td>\n<\/tr>\n<tr>\n<td class=\"et3\" height=\"26\">Anmeldung<\/td>\n<td class=\"et3\">Mikrowellen- und sp\u00fclmaschinenfest, ofenfest<\/td>\n<\/tr>\n<tr>\n<td class=\"et3\" height=\"26\">Benutzerdefiniert<\/td>\n<td class=\"et3\">Farbe\/Gr\u00f6\u00dfe\/Logo\/Verpackung<\/td>\n<\/tr>\n<\/tbody>\n<\/table>\n<\/div>\n<\/div>","protected":false},"featured_media":2130,"comment_status":"open","ping_status":"closed","template":"","meta":{"_acf_changed":true},"certification":[66,58,65,61,60,62,57],"product_brand":[],"product_cat":[34,18,19],"product_tag":[],"class_list":{"0":"post-2129","1":"product","2":"type-product","3":"status-publish","4":"has-post-thumbnail","6":"certification-cnas","7":"certification-fda","8":"certification-iaf","9":"certification-iso-14001","10":"certification-iso-45001","11":"certification-iso-9001","12":"certification-lfgb","13":"product_cat-custom-household-ceramics","14":"product_cat-ceramic-tableware-wholesale","15":"product_cat-ceramic-tea-set-wholesale","17":"first","18":"instock","19":"shipping-taxable","20":"product-type-simple"},"acf":[],"_links":{"self":[{"href":"https:\/\/www.linkceramics.com\/de\/wp-json\/wp\/v2\/product\/2129","targetHints":{"allow":["GET"]}}],"collection":[{"href":"https:\/\/www.linkceramics.com\/de\/wp-json\/wp\/v2\/product"}],"about":[{"href":"https:\/\/www.linkceramics.com\/de\/wp-json\/wp\/v2\/types\/product"}],"replies":[{"embeddable":true,"href":"https:\/\/www.linkceramics.com\/de\/wp-json\/wp\/v2\/comments?post=2129"}],"wp:featuredmedia":[{"embeddable":true,"href":"https:\/\/www.linkceramics.com\/de\/wp-json\/wp\/v2\/media\/2130"}],"wp:attachment":[{"href":"https:\/\/www.linkceramics.com\/de\/wp-json\/wp\/v2\/media?parent=2129"}],"wp:term":[{"taxonomy":"certification","embeddable":true,"href":"https:\/\/www.linkceramics.com\/de\/wp-json\/wp\/v2\/certification?post=2129"},{"taxonomy":"product_brand","embeddable":true,"href":"https:\/\/www.linkceramics.com\/de\/wp-json\/wp\/v2\/product_brand?post=2129"},{"taxonomy":"product_cat","embeddable":true,"href":"https:\/\/www.linkceramics.com\/de\/wp-json\/wp\/v2\/product_cat?post=2129"},{"taxonomy":"product_tag","embeddable":true,"href":"https:\/\/www.linkceramics.com\/de\/wp-json\/wp\/v2\/product_tag?post=2129"}],"curies":[{"name":"wp","href":"https:\/\/api.w.org\/{rel}","templated":true}]}}