{"id":2132,"date":"2025-05-26T03:03:54","date_gmt":"2025-05-26T03:03:54","guid":{"rendered":"https:\/\/www.linkceramics.com\/?post_type=product&#038;p=2132"},"modified":"2025-05-26T03:05:25","modified_gmt":"2025-05-26T03:05:25","slug":"customized-wash-basin","status":"publish","type":"product","link":"https:\/\/www.linkceramics.com\/de\/product\/customized-wash-basin\/","title":{"rendered":"Silber Farbe angepasst Waschbecken, Gro\u00dfhandel Badezimmer Waschbecken"},"content":{"rendered":"<div class=\"wp-block-columns is-layout-flex wp-container-core-columns-is-layout-9d6595d7 wp-block-columns-is-layout-flex\">\n<div class=\"wp-block-column is-layout-flow wp-block-column-is-layout-flow\" style=\"flex-basis:50%\">\n<h3 class=\"wp-block-heading\">Premium-Waschtisch nach Ma\u00df Merkmale:<\/h3>\n\n\n\n<ul class=\"wp-block-list\">\n<li><strong>Arbeitsplatteninstallation Design:<\/strong> Dieses galvanisierte, silberfarbene, ma\u00dfgeschneiderte Waschbecken ist so konzipiert, dass es \u00fcber der Arbeitsplatte installiert werden kann, was Platz spart und den t\u00e4glichen Gebrauch, die Reinigung sowie den Komfort und die Attraktivit\u00e4t des gesamten Badezimmers erm\u00f6glicht.<\/li>\n\n\n\n<li><strong>Hochwertige Materialien:<\/strong> Die Gro\u00dfhandel Silber Bad Waschbecken sind aus hochwertigen keramischen Materialien, so dass das Becken kann hart sein, aber mit einem easy-to-clean glatte \u00e4u\u00dfere Schicht, galvanisiert Silber jeden Tag.<\/li>\n\n\n\n<li><strong>Schnelle Lieferung:<\/strong> Als engagierte Waschbeckenfabrik verf\u00fcgen wir \u00fcber ein solides Produktions- und Liefersystem f\u00fcr Gro\u00dfhandelswaschbecken, das schnell auf Bestellungen reagieren und Lieferungen rechtzeitig f\u00fcr zeitnahe Projektanforderungen liefern kann.<\/li>\n\n\n\n<li><strong>Erschwinglich: <\/strong>wahr mehr wettbewerbsf\u00e4hige Preise auf Bulk-Gro\u00dfhandel Bad Waschbecken, das ist Qualit\u00e4t, sondern zu einem erschwinglichen Preis, um Ihnen zu helfen, Geld zu sparen auf gro\u00dfe Arbeit.<\/li>\n<\/ul>\n<\/div>\n\n\n\n<div class=\"wp-block-column is-layout-flow wp-block-column-is-layout-flow\" style=\"flex-basis:50%\">\n<figure class=\"wp-block-image size-full\"><img decoding=\"async\" width=\"600\" height=\"893\" src=\"https:\/\/www.linkceramics.com\/wp-content\/uploads\/2025\/05\/Electroplated-silver-color-washbasin-sink-supplier-5.webp\" alt=\"silberfarbenes-individuelles-Keramik-Waschbecken-Gro\u00dfhandel-Badewaschbecken-1\" class=\"wp-image-2136\" srcset=\"https:\/\/www.linkceramics.com\/wp-content\/uploads\/2025\/05\/Electroplated-silver-color-washbasin-sink-supplier-5.webp 600w, https:\/\/www.linkceramics.com\/wp-content\/uploads\/2025\/05\/Electroplated-silver-color-washbasin-sink-supplier-5-202x300.webp 202w\" sizes=\"(max-width: 600px) 100vw, 600px\" \/><\/figure>\n<\/div>\n<\/div>","protected":false},"excerpt":{"rendered":"<div id=\"brxe-0ee1ca\" class=\"brxe-product-meta product_meta\">\n<div id=\"brxe-0ee1ca\" class=\"brxe-product-meta product_meta\">Willkommen im Gro\u00dfhandel Bad Waschbecken zu kaufen. Unsere Silber ma\u00dfgeschneiderte Waschbecken ist aus hochwertigen keramischen Materialien hergestellt, um sicherzustellen, dass das Becken ist solide und langlebig. Als ma\u00dfgeschneiderte Badezimmer Waschbecken Hersteller, besitzen wir eine leistungsf\u00e4hige Produktion und Logistik-Netzwerk f\u00fcr Gro\u00dfhandel Eitelkeit Waschbecken, die schnell auf Auftr\u00e4ge reagieren k\u00f6nnen und gew\u00e4hrleisten eine schnelle Produktlieferung f\u00fcr dringende Projektanforderungen.<\/div>\n<\/div>\n<div id=\"brxe-8c5ca9\" class=\"brxe-product-short-description\">\n<div class=\"woocommerce-product-details__short-description\">\n<h2>Kundenspezifisches Waschbecken Spezifikationen:<\/h2>\n<table border=\"0\" width=\"478\" cellspacing=\"0\" cellpadding=\"0\">\n<tbody>\n<tr>\n<td width=\"166\" height=\"23\">Hersteller<\/td>\n<td width=\"312\">HanYu<\/td>\n<\/tr>\n<tr>\n<td height=\"23\">Modell Nr.<\/td>\n<td>HY-8184SY<\/td>\n<\/tr>\n<tr>\n<td height=\"23\">Typ<\/td>\n<td width=\"312\">Galvanisierte Sp\u00fclbecken<\/td>\n<\/tr>\n<tr>\n<td height=\"24\">Form<\/td>\n<td>HexagonShape<\/td>\n<\/tr>\n<tr>\n<td height=\"46\">Farbe<\/td>\n<td width=\"312\">schwarz\/wei\u00df\/blau\/grau\/rosa\/gr\u00fcn\/braun\/khaki<\/td>\n<\/tr>\n<tr>\n<td height=\"24\">Dimension<\/td>\n<td width=\"312\">47.5*35.5*11.5<\/td>\n<\/tr>\n<tr>\n<td height=\"23\">N.W \/SET<\/td>\n<td>8KGS\/PCS<\/td>\n<\/tr>\n<tr>\n<td height=\"23\">MOQ<\/td>\n<td>20St\u00fcck<\/td>\n<\/tr>\n<tr>\n<td height=\"23\">Benutzerdefinierte Option<\/td>\n<td>Farbe\/Muster\/Gr\u00f6\u00dfe\/Logo\/Verpackung<\/td>\n<\/tr>\n<\/tbody>\n<\/table>\n<p><\/div>\n<\/div>","protected":false},"featured_media":2135,"comment_status":"open","ping_status":"closed","template":"","meta":{"_acf_changed":true},"certification":[59,61,60,62],"product_brand":[],"product_cat":[35,21],"product_tag":[],"class_list":{"0":"post-2132","1":"product","2":"type-product","3":"status-publish","4":"has-post-thumbnail","6":"certification-ce","7":"certification-iso-14001","8":"certification-iso-45001","9":"certification-iso-9001","10":"product_cat-bathroom-ceramics-supply","11":"product_cat-wholesale-ceramic-basin","13":"first","14":"instock","15":"shipping-taxable","16":"product-type-simple"},"acf":[],"_links":{"self":[{"href":"https:\/\/www.linkceramics.com\/de\/wp-json\/wp\/v2\/product\/2132","targetHints":{"allow":["GET"]}}],"collection":[{"href":"https:\/\/www.linkceramics.com\/de\/wp-json\/wp\/v2\/product"}],"about":[{"href":"https:\/\/www.linkceramics.com\/de\/wp-json\/wp\/v2\/types\/product"}],"replies":[{"embeddable":true,"href":"https:\/\/www.linkceramics.com\/de\/wp-json\/wp\/v2\/comments?post=2132"}],"wp:featuredmedia":[{"embeddable":true,"href":"https:\/\/www.linkceramics.com\/de\/wp-json\/wp\/v2\/media\/2135"}],"wp:attachment":[{"href":"https:\/\/www.linkceramics.com\/de\/wp-json\/wp\/v2\/media?parent=2132"}],"wp:term":[{"taxonomy":"certification","embeddable":true,"href":"https:\/\/www.linkceramics.com\/de\/wp-json\/wp\/v2\/certification?post=2132"},{"taxonomy":"product_brand","embeddable":true,"href":"https:\/\/www.linkceramics.com\/de\/wp-json\/wp\/v2\/product_brand?post=2132"},{"taxonomy":"product_cat","embeddable":true,"href":"https:\/\/www.linkceramics.com\/de\/wp-json\/wp\/v2\/product_cat?post=2132"},{"taxonomy":"product_tag","embeddable":true,"href":"https:\/\/www.linkceramics.com\/de\/wp-json\/wp\/v2\/product_tag?post=2132"}],"curies":[{"name":"wp","href":"https:\/\/api.w.org\/{rel}","templated":true}]}}