{"id":2137,"date":"2025-05-26T03:26:44","date_gmt":"2025-05-26T03:26:44","guid":{"rendered":"https:\/\/www.linkceramics.com\/?post_type=product&#038;p=2137"},"modified":"2025-05-26T03:26:45","modified_gmt":"2025-05-26T03:26:45","slug":"custom-made-washbasin","status":"publish","type":"product","link":"https:\/\/www.linkceramics.com\/de\/product\/custom-made-washbasin\/","title":{"rendered":"Neue Farbe benutzerdefinierte Waschbecken, keramische k\u00fcnstliche Marmor Waschbecken Gro\u00dfhandel"},"content":{"rendered":"<div class=\"wp-block-columns is-layout-flex wp-container-core-columns-is-layout-9d6595d7 wp-block-columns-is-layout-flex\">\n<div class=\"wp-block-column is-layout-flow wp-block-column-is-layout-flow\" style=\"flex-basis:50%\">\n<h3 class=\"wp-block-heading\">Premium-Waschtisch nach Ma\u00df Merkmale:<\/h3>\n\n\n\n<ul class=\"wp-block-list\">\n<li><strong>Wassertransferdruckverfahren:<\/strong> Dieses ma\u00dfgefertigte Waschbecken nutzt die fortschrittliche Wassertransferdrucktechnologie, um sicherzustellen, dass das Oberfl\u00e4chenmuster jedes Waschbeckens fein und gleichm\u00e4\u00dfig ist und einen zarten Textureffekt aufweist, der dem Badezimmer einen modernen k\u00fcnstlerischen Sinn verleiht.<\/li>\n\n\n\n<li><strong>Neues Design mit Marmortextur:<\/strong> Unsere Gro\u00dfhandel Keramik Waschbecken nehmen eine neu gestaltete Marmor Textur mit nat\u00fcrlichen und glatten Textur und reiche Farben, die Luxus und Mode zu bringen, um Badezimmer von verschiedenen Stilen und perfekt integrieren moderne Wohnkultur.<\/li>\n\n\n\n<li><strong>Individuelle Farbauswahl: <\/strong>Dieses ma\u00dfgefertigte Waschbecken kommt mit einer Vielzahl von personalisierten Farboptionen, um Ihre Bed\u00fcrfnisse bei der Mischung der perfekten Farbe zu erf\u00fcllen, so dass Ihr Badezimmer Waschbecken kann perfekt mit dem gesamten Stil Ihres Hauses zu mischen und reflektieren pers\u00f6nlichen Eigenschaften.<\/li>\n\n\n\n<li><strong>Hochwertiges keramisches Material: <\/strong>Dieser Gro\u00dfhandel Keramik Waschbecken nimmt hochwertige keramische Materialien, und nach der feinen Verarbeitung, kann die Oberfl\u00e4che glatt genug, um Verschlei\u00dffestigkeit, Antifouling, leicht zu reinigen, und halten Sie neue in seiner langfristigen Service.<\/li>\n<\/ul>\n<\/div>\n\n\n\n<div class=\"wp-block-column is-layout-flow wp-block-column-is-layout-flow\" style=\"flex-basis:50%\">\n<figure class=\"wp-block-image size-full\"><img decoding=\"async\" width=\"1345\" height=\"1787\" src=\"https:\/\/www.linkceramics.com\/wp-content\/uploads\/2025\/05\/wholesale-counter-bathroom-sink-6-1.jpg\" alt=\"new-color-ma\u00dfgefertigte-waschbecken-keramik-kunstmarmor-sp\u00fclen-gro\u00dfhandel-1\" class=\"wp-image-2142\" srcset=\"https:\/\/www.linkceramics.com\/wp-content\/uploads\/2025\/05\/wholesale-counter-bathroom-sink-6-1.jpg 1345w, https:\/\/www.linkceramics.com\/wp-content\/uploads\/2025\/05\/wholesale-counter-bathroom-sink-6-1-226x300.jpg 226w, https:\/\/www.linkceramics.com\/wp-content\/uploads\/2025\/05\/wholesale-counter-bathroom-sink-6-1-768x1020.jpg 768w, https:\/\/www.linkceramics.com\/wp-content\/uploads\/2025\/05\/wholesale-counter-bathroom-sink-6-1-1200x1594.jpg 1200w, https:\/\/www.linkceramics.com\/wp-content\/uploads\/2025\/05\/wholesale-counter-bathroom-sink-6-1-600x797.jpg 600w\" sizes=\"(max-width: 1345px) 100vw, 1345px\" \/><\/figure>\n<\/div>\n<\/div>","protected":false},"excerpt":{"rendered":"<div id=\"brxe-0ee1ca\" class=\"brxe-product-meta product_meta\">\n<div id=\"brxe-0ee1ca\" class=\"brxe-product-meta product_meta\">Willkommen im Gro\u00dfhandel Keramik Waschbecken zu kaufen. Diese ma\u00dfgeschneiderte Waschbecken enth\u00e4lt fortschrittliche Wassertransferdrucktechnologie, um ein neues Marmormuster zu zeigen, gemischt mit hochwertigem Keramikmaterial, mit verschiedenen personalisierten Farben zur Auswahl, anpassbar nach verschiedenen Heimdekorationsstilen. Sein haltbares und zartes Muster macht es sowohl modisch als auch luxuri\u00f6s, was die optimale Wahl f\u00fcr die Inneneinrichtung Ihres Badezimmers sein wird.<\/div>\n<\/div>\n<div id=\"brxe-8c5ca9\" class=\"brxe-product-short-description\">\n<div class=\"woocommerce-product-details__short-description\">\n<h2>Ma\u00dfgefertigtes Waschbecken Spezifikationen:<\/h2>\n<table border=\"0\" width=\"311\" cellspacing=\"0\" cellpadding=\"0\">\n<tbody>\n<tr>\n<td width=\"108\" height=\"17\">Hersteller<\/td>\n<td width=\"202\">HanYu<\/td>\n<\/tr>\n<tr>\n<td height=\"17\">Modell Nr.<\/td>\n<td>HY-8015D78<\/td>\n<\/tr>\n<tr>\n<td height=\"36\">Typ<\/td>\n<td width=\"202\">Becken in Marmorfarbe, Aufsatzbecken<\/td>\n<\/tr>\n<tr>\n<td height=\"17\">Form<\/td>\n<td>Ovale Form<\/td>\n<\/tr>\n<tr>\n<td height=\"18\">Farbe<\/td>\n<td width=\"202\">Schwarz und wei\u00df<\/td>\n<\/tr>\n<tr>\n<td height=\"18\">Dimension<\/td>\n<td width=\"202\">49*35.5*13<\/td>\n<\/tr>\n<tr>\n<td height=\"17\">N.W \/SET<\/td>\n<td>7 KGS\/PCS<\/td>\n<\/tr>\n<tr>\n<td height=\"17\">MOQ<\/td>\n<td>20St\u00fcck<\/td>\n<\/tr>\n<tr>\n<td height=\"17\">Benutzerdefinierte Option<\/td>\n<td>Farbe\/Muster\/Gr\u00f6\u00dfe\/Logo\/Verpackung<\/td>\n<\/tr>\n<\/tbody>\n<\/table>\n<\/div>\n<\/div>","protected":false},"featured_media":2138,"comment_status":"open","ping_status":"closed","template":"","meta":{"_acf_changed":true},"certification":[59,61,60,62],"product_brand":[],"product_cat":[35,21],"product_tag":[],"class_list":{"0":"post-2137","1":"product","2":"type-product","3":"status-publish","4":"has-post-thumbnail","6":"certification-ce","7":"certification-iso-14001","8":"certification-iso-45001","9":"certification-iso-9001","10":"product_cat-bathroom-ceramics-supply","11":"product_cat-wholesale-ceramic-basin","13":"first","14":"instock","15":"shipping-taxable","16":"product-type-simple"},"acf":[],"_links":{"self":[{"href":"https:\/\/www.linkceramics.com\/de\/wp-json\/wp\/v2\/product\/2137","targetHints":{"allow":["GET"]}}],"collection":[{"href":"https:\/\/www.linkceramics.com\/de\/wp-json\/wp\/v2\/product"}],"about":[{"href":"https:\/\/www.linkceramics.com\/de\/wp-json\/wp\/v2\/types\/product"}],"replies":[{"embeddable":true,"href":"https:\/\/www.linkceramics.com\/de\/wp-json\/wp\/v2\/comments?post=2137"}],"wp:featuredmedia":[{"embeddable":true,"href":"https:\/\/www.linkceramics.com\/de\/wp-json\/wp\/v2\/media\/2138"}],"wp:attachment":[{"href":"https:\/\/www.linkceramics.com\/de\/wp-json\/wp\/v2\/media?parent=2137"}],"wp:term":[{"taxonomy":"certification","embeddable":true,"href":"https:\/\/www.linkceramics.com\/de\/wp-json\/wp\/v2\/certification?post=2137"},{"taxonomy":"product_brand","embeddable":true,"href":"https:\/\/www.linkceramics.com\/de\/wp-json\/wp\/v2\/product_brand?post=2137"},{"taxonomy":"product_cat","embeddable":true,"href":"https:\/\/www.linkceramics.com\/de\/wp-json\/wp\/v2\/product_cat?post=2137"},{"taxonomy":"product_tag","embeddable":true,"href":"https:\/\/www.linkceramics.com\/de\/wp-json\/wp\/v2\/product_tag?post=2137"}],"curies":[{"name":"wp","href":"https:\/\/api.w.org\/{rel}","templated":true}]}}