{"id":2164,"date":"2025-06-02T02:04:18","date_gmt":"2025-06-02T02:04:18","guid":{"rendered":"https:\/\/www.linkceramics.com\/?post_type=product&#038;p=2164"},"modified":"2025-06-02T02:05:44","modified_gmt":"2025-06-02T02:05:44","slug":"wholesale-rustic-dinnerware-sets","status":"publish","type":"product","link":"https:\/\/www.linkceramics.com\/de\/product\/wholesale-rustic-dinnerware-sets\/","title":{"rendered":"Gro\u00dfhandel Rustikales Geschirr Sets mit Weihnachtsmustern"},"content":{"rendered":"<div class=\"wp-block-columns is-layout-flex wp-container-core-columns-is-layout-9d6595d7 wp-block-columns-is-layout-flex\">\n<div class=\"wp-block-column is-layout-flow wp-block-column-is-layout-flow\" style=\"flex-basis:50%\">\n<h3 class=\"wp-block-heading\">Premium Gro\u00dfhandel Rustikale Geschirr Sets Eigenschaften:<\/h3>\n\n\n\n<p><strong>Rustikales Design:<\/strong> Dieses rustikale Gro\u00dfhandelsgeschirr hat eine rustikale und nat\u00fcrliche Form, die eine warme und gem\u00fctliche Atmosph\u00e4re beim Essen im Urlaub schafft, ganz im Einklang mit dem derzeit beliebten \"rustikalen\" Wohntrend.<\/p>\n\n\n\n<p><strong>Klassische Weihnachtsdekoration mit Muster:<\/strong> Dieses Keramikgeschirr in gro\u00dfen Mengen wird mit traditionellen Weihnachtselementen wie Stechpalmen, Weihnachtsb\u00e4umen und Kr\u00e4nzen kombiniert. Die festliche Atmosph\u00e4re ist stark und eignet sich f\u00fcr den hei\u00dfen Verkauf in der Weihnachtszeit.<\/p>\n\n\n\n<p><strong>Keramische Handwerkskunst auf hohem Niveau: <\/strong>Die rustikalen Geschirrsets f\u00fcr den Gro\u00dfhandel verwenden eine Hochtemperatur-Brandtechnik, die eine widerstandsf\u00e4hige Oberfl\u00e4che schafft, die nicht leicht zerkratzt und daher ideal f\u00fcr den dauerhaften Einsatz in Haushalten und Unternehmen ist.<\/p>\n\n\n\n<p><strong>Vielseitig f\u00fcr den Einsatz in vielen Kan\u00e4len: <\/strong>Unser loses Keramikgeschirr ist gro\u00dfhandels- und kundenfreundlich und eignet sich daher am besten f\u00fcr Superm\u00e4rkte, Online-Shops, Hausmarken, weihnachtliche Produktlinien usw.<\/p>\n<\/div>\n\n\n\n<div class=\"wp-block-column is-layout-flow wp-block-column-is-layout-flow\" style=\"flex-basis:50%\">\n<figure class=\"wp-block-image size-full\"><img decoding=\"async\" width=\"768\" height=\"768\" src=\"https:\/\/www.linkceramics.com\/wp-content\/uploads\/2025\/06\/Wholesale-Rustic-Dinnerware-Sets-With-Christmas-Patterns-8-768x768-1.webp\" alt=\"gro\u00dfhandel-rustikales-geschirr-sets-mit-weihnachtsmustern-8\" class=\"wp-image-2169\" srcset=\"https:\/\/www.linkceramics.com\/wp-content\/uploads\/2025\/06\/Wholesale-Rustic-Dinnerware-Sets-With-Christmas-Patterns-8-768x768-1.webp 768w, https:\/\/www.linkceramics.com\/wp-content\/uploads\/2025\/06\/Wholesale-Rustic-Dinnerware-Sets-With-Christmas-Patterns-8-768x768-1-300x300.webp 300w, https:\/\/www.linkceramics.com\/wp-content\/uploads\/2025\/06\/Wholesale-Rustic-Dinnerware-Sets-With-Christmas-Patterns-8-768x768-1-150x150.webp 150w, https:\/\/www.linkceramics.com\/wp-content\/uploads\/2025\/06\/Wholesale-Rustic-Dinnerware-Sets-With-Christmas-Patterns-8-768x768-1-12x12.webp 12w, https:\/\/www.linkceramics.com\/wp-content\/uploads\/2025\/06\/Wholesale-Rustic-Dinnerware-Sets-With-Christmas-Patterns-8-768x768-1-600x600.webp 600w, https:\/\/www.linkceramics.com\/wp-content\/uploads\/2025\/06\/Wholesale-Rustic-Dinnerware-Sets-With-Christmas-Patterns-8-768x768-1-100x100.webp 100w\" sizes=\"(max-width: 768px) 100vw, 768px\" \/><\/figure>\n<\/div>\n<\/div>","protected":false},"excerpt":{"rendered":"<div id=\"brxe-0ee1ca\" class=\"brxe-product-meta product_meta\">\n<div id=\"brxe-0ee1ca\" class=\"brxe-product-meta product_meta\">\n<div id=\"brxe-0ee1ca\" class=\"brxe-product-meta product_meta\">Willkommen zum Kauf von Keramikgeschirr in gro\u00dfen Mengen. Unsere rustikalen Gro\u00dfhandelsgeschirrsets im Weihnachtsstil kombinieren nat\u00fcrliche Texturen mit traditionellen Feiertagsmustern. Es ist warm und rustikal, voll von Winter-Atmosph\u00e4re, und ist eine ideale Wahl f\u00fcr Weihnachten Tisch decken, Urlaub Geschenke und Einzelhandel Gro\u00dfhandel.<\/div>\n<\/div>\n<\/div>\n<div id=\"brxe-8c5ca9\" class=\"brxe-product-short-description\">\n<div class=\"woocommerce-product-details__short-description\">\n<h2>Premium Gro\u00dfhandel Rustikales Geschirr Sets Spezifikationen:<\/h2>\n<table width=\"338\">\n<tbody>\n<tr>\n<td width=\"124\">Hersteller<\/td>\n<td width=\"214\">Liebevolles Zuhause<\/td>\n<\/tr>\n<tr>\n<td width=\"124\">Sammlung Name<\/td>\n<td width=\"214\">Die Geschenkesammlung des Weihnachtsmanns<\/td>\n<\/tr>\n<tr>\n<td width=\"124\">Verwendung<\/td>\n<td width=\"214\">Haus, Hotel, Restaurant<\/td>\n<\/tr>\n<tr>\n<td width=\"124\">Essgeschirr Typ<\/td>\n<td width=\"214\">Becher, Tasse &amp; Untertasse, Teller, Schale, Dippschale<\/td>\n<\/tr>\n<tr>\n<td width=\"124\">Material<\/td>\n<td width=\"214\">Dauerhaftes Porzellan<\/td>\n<\/tr>\n<tr>\n<td width=\"124\">Dimension<\/td>\n<td width=\"214\">Als Detailbild<\/td>\n<\/tr>\n<tr>\n<td width=\"124\">Verkaufende Einheiten<\/td>\n<td width=\"214\">Einzelnes Element<\/td>\n<\/tr>\n<tr>\n<td width=\"124\">MOQ<\/td>\n<td width=\"214\">1200\/St\u00fcck pro Artikel<\/td>\n<\/tr>\n<tr>\n<td width=\"124\">Kundenspezifische Option<\/td>\n<td width=\"214\">Farbe\/Gr\u00f6\u00dfe\/Glasur\/Logo\/Verpackung<\/td>\n<\/tr>\n<\/tbody>\n<\/table>\n<\/div>\n<\/div>","protected":false},"featured_media":2165,"comment_status":"open","ping_status":"closed","template":"","meta":{"_acf_changed":true},"certification":[63,64,66,58,65,61,60,62],"product_brand":[],"product_cat":[34,18],"product_tag":[],"class_list":{"0":"post-2164","1":"product","2":"type-product","3":"status-publish","4":"has-post-thumbnail","6":"certification-amfori","7":"certification-bsci","8":"certification-cnas","9":"certification-fda","10":"certification-iaf","11":"certification-iso-14001","12":"certification-iso-45001","13":"certification-iso-9001","14":"product_cat-custom-household-ceramics","15":"product_cat-ceramic-tableware-wholesale","17":"first","18":"instock","19":"shipping-taxable","20":"product-type-simple"},"acf":[],"_links":{"self":[{"href":"https:\/\/www.linkceramics.com\/de\/wp-json\/wp\/v2\/product\/2164","targetHints":{"allow":["GET"]}}],"collection":[{"href":"https:\/\/www.linkceramics.com\/de\/wp-json\/wp\/v2\/product"}],"about":[{"href":"https:\/\/www.linkceramics.com\/de\/wp-json\/wp\/v2\/types\/product"}],"replies":[{"embeddable":true,"href":"https:\/\/www.linkceramics.com\/de\/wp-json\/wp\/v2\/comments?post=2164"}],"wp:featuredmedia":[{"embeddable":true,"href":"https:\/\/www.linkceramics.com\/de\/wp-json\/wp\/v2\/media\/2165"}],"wp:attachment":[{"href":"https:\/\/www.linkceramics.com\/de\/wp-json\/wp\/v2\/media?parent=2164"}],"wp:term":[{"taxonomy":"certification","embeddable":true,"href":"https:\/\/www.linkceramics.com\/de\/wp-json\/wp\/v2\/certification?post=2164"},{"taxonomy":"product_brand","embeddable":true,"href":"https:\/\/www.linkceramics.com\/de\/wp-json\/wp\/v2\/product_brand?post=2164"},{"taxonomy":"product_cat","embeddable":true,"href":"https:\/\/www.linkceramics.com\/de\/wp-json\/wp\/v2\/product_cat?post=2164"},{"taxonomy":"product_tag","embeddable":true,"href":"https:\/\/www.linkceramics.com\/de\/wp-json\/wp\/v2\/product_tag?post=2164"}],"curies":[{"name":"wp","href":"https:\/\/api.w.org\/{rel}","templated":true}]}}