{"id":2171,"date":"2025-06-02T02:19:53","date_gmt":"2025-06-02T02:19:53","guid":{"rendered":"https:\/\/www.linkceramics.com\/?post_type=product&#038;p=2171"},"modified":"2025-06-02T02:20:12","modified_gmt":"2025-06-02T02:20:12","slug":"ceramic-coffee-cup-wholesale","status":"publish","type":"product","link":"https:\/\/www.linkceramics.com\/de\/product\/ceramic-coffee-cup-wholesale\/","title":{"rendered":"Gradient Aprikose keramische Kaffeetasse Gro\u00dfhandel mit Goldrand"},"content":{"rendered":"<div class=\"wp-block-columns is-layout-flex wp-container-core-columns-is-layout-9d6595d7 wp-block-columns-is-layout-flex\">\n<div class=\"wp-block-column is-layout-flow wp-block-column-is-layout-flow\" style=\"flex-basis:50%\">\n<h3 class=\"wp-block-heading\">Premium-Keramik-Kaffeetasse Gro\u00dfhandel Merkmale:<\/h3>\n\n\n\n<p><strong>Apricotfarbene Glasur mit Farbverlauf, sanft heilend: <\/strong>Die nat\u00fcrliche Farbverlauf apricot Farbe der Tasse K\u00f6rper in dieser Keramik-Kaffeetasse Gro\u00dfhandel ist visuell weich und entspannend, und mit der Mode-Stil des modernen Hauses und das Leben.<\/p>\n\n\n\n<p><strong>Goldumrandete Details betonen die Textur: <\/strong>Die goldenen R\u00e4nder dieser Keramiktassen sind dezent und elegant und vermitteln ein Gef\u00fchl von Luxus, das sich perfekt f\u00fcr Weihnachtsgeschenkboxen und Boutique-Kaffeeh\u00e4user eignet.<\/p>\n\n\n\n<p><strong>Hochwertiges keramisches Material:<\/strong> Unsere keramische Kaffeetasse Gro\u00dfhandel ist stark und robust, exquisit in W\u00e4rmed\u00e4mmung, perfekt f\u00fcr den t\u00e4glichen Gebrauch trinken hei\u00dfen Kaffee, Latte, hei\u00dfe Schokolade, etc.<\/p>\n\n\n\n<p><strong>Geeignet f\u00fcr den Multikanal-Gro\u00dfhandel: <\/strong>Unsere Keramiktassen in loser Sch\u00fcttung k\u00f6nnen individuell gestaltet werden und eignen sich perfekt f\u00fcr Geschenkel\u00e4den, Online-Shops, Caf\u00e9s und den markengerechten Einzelhandelsverkauf.<\/p>\n<\/div>\n\n\n\n<div class=\"wp-block-column is-layout-flow wp-block-column-is-layout-flow\" style=\"flex-basis:50%\">\n<figure class=\"wp-block-image size-full\"><img decoding=\"async\" width=\"1200\" height=\"1200\" src=\"https:\/\/www.linkceramics.com\/wp-content\/uploads\/2025\/06\/Gradient-Apricot-Ceramic-Coffee-Cup-Wholesale-With-Gold-Rim-1.webp\" alt=\"Gradient-Aprikose-Keramik-Kaffeetasse-Gro\u00dfhandel-mit-Goldrand-1\" class=\"wp-image-2172\" srcset=\"https:\/\/www.linkceramics.com\/wp-content\/uploads\/2025\/06\/Gradient-Apricot-Ceramic-Coffee-Cup-Wholesale-With-Gold-Rim-1.webp 1200w, https:\/\/www.linkceramics.com\/wp-content\/uploads\/2025\/06\/Gradient-Apricot-Ceramic-Coffee-Cup-Wholesale-With-Gold-Rim-1-300x300.webp 300w, https:\/\/www.linkceramics.com\/wp-content\/uploads\/2025\/06\/Gradient-Apricot-Ceramic-Coffee-Cup-Wholesale-With-Gold-Rim-1-150x150.webp 150w, https:\/\/www.linkceramics.com\/wp-content\/uploads\/2025\/06\/Gradient-Apricot-Ceramic-Coffee-Cup-Wholesale-With-Gold-Rim-1-768x768.webp 768w, https:\/\/www.linkceramics.com\/wp-content\/uploads\/2025\/06\/Gradient-Apricot-Ceramic-Coffee-Cup-Wholesale-With-Gold-Rim-1-12x12.webp 12w, https:\/\/www.linkceramics.com\/wp-content\/uploads\/2025\/06\/Gradient-Apricot-Ceramic-Coffee-Cup-Wholesale-With-Gold-Rim-1-600x600.webp 600w, https:\/\/www.linkceramics.com\/wp-content\/uploads\/2025\/06\/Gradient-Apricot-Ceramic-Coffee-Cup-Wholesale-With-Gold-Rim-1-100x100.webp 100w\" sizes=\"(max-width: 1200px) 100vw, 1200px\" \/><\/figure>\n<\/div>\n<\/div>","protected":false},"excerpt":{"rendered":"<div id=\"brxe-0ee1ca\" class=\"brxe-product-meta product_meta\">\n<div id=\"brxe-0ee1ca\" class=\"brxe-product-meta product_meta\">\n<div id=\"brxe-0ee1ca\" class=\"brxe-product-meta product_meta\">Willkommen in Keramik Tassen in loser Sch\u00fcttung zu kaufen. Dieser Farbverlauf apricot Keramik Kaffeetasse Gro\u00dfhandel mit exquisiten Goldrand Design kombiniert sanfte T\u00f6ne mit eleganten Details, geeignet f\u00fcr hochwertige Gro\u00dfhandel Bed\u00fcrfnisse von Boutique-Caf\u00e9s, Hausmarken und Geschenkm\u00e4rkte.<\/div>\n<\/div>\n<\/div>\n<div id=\"brxe-8c5ca9\" class=\"brxe-product-short-description\">\n<div class=\"woocommerce-product-details__short-description\">\n<h2>Premium-Keramik-Kaffeetasse Gro\u00dfhandel Spezifikationen:<\/h2>\n<table border=\"0\" width=\"338\" cellspacing=\"0\" cellpadding=\"0\">\n<tbody>\n<tr>\n<td width=\"124\" height=\"18\">Hersteller<\/td>\n<td width=\"214\">Liebevolles Zuhause<\/td>\n<\/tr>\n<tr>\n<td width=\"124\" height=\"18\">Sammlung Name<\/td>\n<td width=\"214\">Farbwirbel<\/td>\n<\/tr>\n<tr>\n<td width=\"124\" height=\"18\">Produkttyp<\/td>\n<td width=\"214\">Keramiktasse und Untertasse, Becher, Teekanne<\/td>\n<\/tr>\n<tr>\n<td width=\"124\" height=\"18\">Material<\/td>\n<td width=\"214\">Dauerhaftes Porzellan<\/td>\n<\/tr>\n<tr>\n<td width=\"124\" height=\"18\">Dimension<\/td>\n<td width=\"214\">Als Detailbild<\/td>\n<\/tr>\n<tr>\n<td width=\"124\" height=\"18\">Verkaufende Einheiten<\/td>\n<td width=\"214\">Einzelnes Element<\/td>\n<\/tr>\n<tr>\n<td width=\"124\" height=\"18\">MOQ<\/td>\n<td width=\"214\">1200\/St\u00fcck pro Artikel<\/td>\n<\/tr>\n<tr>\n<td width=\"124\" height=\"18\">Kundenspezifische Option<\/td>\n<td width=\"214\">Farbe\/Gr\u00f6\u00dfe\/Glasur\/Logo\/Verpackung<\/td>\n<\/tr>\n<\/tbody>\n<\/table>\n<\/div>\n<\/div>","protected":false},"featured_media":2173,"comment_status":"open","ping_status":"closed","template":"","meta":{"_acf_changed":false},"certification":[63,64,66,58,65,61,60,62],"product_brand":[],"product_cat":[34,19],"product_tag":[],"class_list":{"0":"post-2171","1":"product","2":"type-product","3":"status-publish","4":"has-post-thumbnail","6":"certification-amfori","7":"certification-bsci","8":"certification-cnas","9":"certification-fda","10":"certification-iaf","11":"certification-iso-14001","12":"certification-iso-45001","13":"certification-iso-9001","14":"product_cat-custom-household-ceramics","15":"product_cat-ceramic-tea-set-wholesale","17":"first","18":"instock","19":"shipping-taxable","20":"product-type-simple"},"acf":[],"_links":{"self":[{"href":"https:\/\/www.linkceramics.com\/de\/wp-json\/wp\/v2\/product\/2171","targetHints":{"allow":["GET"]}}],"collection":[{"href":"https:\/\/www.linkceramics.com\/de\/wp-json\/wp\/v2\/product"}],"about":[{"href":"https:\/\/www.linkceramics.com\/de\/wp-json\/wp\/v2\/types\/product"}],"replies":[{"embeddable":true,"href":"https:\/\/www.linkceramics.com\/de\/wp-json\/wp\/v2\/comments?post=2171"}],"wp:featuredmedia":[{"embeddable":true,"href":"https:\/\/www.linkceramics.com\/de\/wp-json\/wp\/v2\/media\/2173"}],"wp:attachment":[{"href":"https:\/\/www.linkceramics.com\/de\/wp-json\/wp\/v2\/media?parent=2171"}],"wp:term":[{"taxonomy":"certification","embeddable":true,"href":"https:\/\/www.linkceramics.com\/de\/wp-json\/wp\/v2\/certification?post=2171"},{"taxonomy":"product_brand","embeddable":true,"href":"https:\/\/www.linkceramics.com\/de\/wp-json\/wp\/v2\/product_brand?post=2171"},{"taxonomy":"product_cat","embeddable":true,"href":"https:\/\/www.linkceramics.com\/de\/wp-json\/wp\/v2\/product_cat?post=2171"},{"taxonomy":"product_tag","embeddable":true,"href":"https:\/\/www.linkceramics.com\/de\/wp-json\/wp\/v2\/product_tag?post=2171"}],"curies":[{"name":"wp","href":"https:\/\/api.w.org\/{rel}","templated":true}]}}