{"id":2187,"date":"2025-06-09T02:48:24","date_gmt":"2025-06-09T02:48:24","guid":{"rendered":"https:\/\/www.linkceramics.com\/?post_type=product&#038;p=2187"},"modified":"2025-06-09T02:48:25","modified_gmt":"2025-06-09T02:48:25","slug":"slip-casting-machine","status":"publish","type":"product","link":"https:\/\/www.linkceramics.com\/de\/product\/slip-casting-machine\/","title":{"rendered":"Automatisierte Schlickergussmaschine f\u00fcr Keramikformung"},"content":{"rendered":"<div class=\"wp-block-columns is-layout-flex wp-container-core-columns-is-layout-9d6595d7 wp-block-columns-is-layout-flex\">\n<div class=\"wp-block-column is-layout-flow wp-block-column-is-layout-flow\">\n<div class=\"wp-block-columns is-layout-flex wp-container-core-columns-is-layout-9d6595d7 wp-block-columns-is-layout-flex\">\n<div class=\"wp-block-column is-layout-flow wp-block-column-is-layout-flow\">\n<h3 class=\"wp-block-heading\">Schlickergussmaschine Merkmale:<\/h3>\n\n\n\n<p>Automatisierter Prozess: Erm\u00f6glicht den automatisierten Schlickerguss, einschlie\u00dflich des automatischen Bef\u00fcllens und Entleerens der Formen und der automatischen Formtrocknung. Dadurch wird der gesamte Produktionsprozess rationalisiert.<\/p>\n\n\n\n<p>Vielseitigkeit in der Produktion: Kann verschiedene Arten von Produkten gleichzeitig in einer automatisierten Produktionslinie verarbeiten, was die Produktivit\u00e4t und die Betriebseffizienz erh\u00f6ht.<\/p>\n\n\n\n<p>Qualit\u00e4tsverbesserung: Verringert Oberfl\u00e4chenblasen und verhindert Verformungen der Produkte und sorgt f\u00fcr eine hohe Qualit\u00e4t und Gleichm\u00e4\u00dfigkeit der keramischen Endprodukte.<\/p>\n\n\n\n<p>Integrierte Trocknung: Die Hei\u00dflufttrocknung f\u00fcr Formen beschleunigt den Produktionszyklus, indem sie Formen schnell f\u00fcr die Wiederverwendung vorbereitet und Wartezeiten verk\u00fcrzt.<\/p>\n<\/div>\n\n\n\n<div class=\"wp-block-column is-layout-flow wp-block-column-is-layout-flow\">\n<figure class=\"wp-block-embed is-type-video is-provider-youtube wp-block-embed-youtube wp-embed-aspect-16-9 wp-has-aspect-ratio\"><div class=\"wp-block-embed__wrapper\">\n<iframe title=\"Vollautomatische Produktionslinie f\u00fcr Keramikguss\" width=\"500\" height=\"281\" src=\"https:\/\/www.youtube.com\/embed\/n2QHyzDZy20?feature=oembed\" frameborder=\"0\" allow=\"accelerometer; autoplay; clipboard-write; encrypted-media; gyroscope; picture-in-picture; web-share\" referrerpolicy=\"strict-origin-when-cross-origin\" allowfullscreen><\/iframe>\n<\/div><\/figure>\n<\/div>\n<\/div>\n<\/div>\n<\/div>\n\n\n\n<h2 class=\"wp-block-heading\">Parameter der Schlickergussmaschine<\/h2>\n\n\n\n<figure class=\"wp-block-table\"><table class=\"has-fixed-layout\"><tbody><tr><td>Dimension<\/td><td>1.3x30m (wxl)<\/td><\/tr><tr><td>Bahnhof<\/td><td>1.3x30m (xl)<\/td><\/tr><tr><td>Leistung (kw)<\/td><td>8 kw<\/td><\/tr><tr><td>Form Methode<\/td><td>Zyklus ununterbrochenes \u00d6ffnen der Form, manuelles \u00d6ffnen der Form nach links und rechts durch eine Person<\/td><\/tr><tr><td>Kapazit\u00e4t<\/td><td>Ma\u00dfgeschneiderte automatische Gleitschalungsgie\u00dfmaschine, ausgestattet mit einer Trockenform, um eine automatische Keramikformung zu erreichen. Kann verschiedene Formen zur gleichen Zeit produzieren, hohe Ausbeute und hohe Effizienz.<\/td><\/tr><\/tbody><\/table><\/figure>","protected":false},"excerpt":{"rendered":"<div class=\"elementor-element elementor-element-e8e3df8 elementor-widget elementor-widget-woocommerce-product-short-description\" data-id=\"e8e3df8\" data-element_type=\"widget\" data-widget_type=\"woocommerce-product-short-description.default\">\n<div class=\"elementor-widget-container\">\n<div class=\"woocommerce-product-details__short-description\">\n<div class=\"elementor-element elementor-element-e8e3df8 elementor-widget elementor-widget-woocommerce-product-short-description\" data-id=\"e8e3df8\" data-element_type=\"widget\" data-widget_type=\"woocommerce-product-short-description.default\">\n<div class=\"elementor-widget-container\">\n<div class=\"woocommerce-product-details__short-description\">\n<div class=\"elementor-element elementor-element-e8e3df8 elementor-widget elementor-widget-woocommerce-product-short-description\" data-id=\"e8e3df8\" data-element_type=\"widget\" data-widget_type=\"woocommerce-product-short-description.default\">\n<div class=\"elementor-widget-container\">\n<div class=\"woocommerce-product-details__short-description\">\n<div class=\"elementor-element elementor-element-e8e3df8 elementor-widget elementor-widget-woocommerce-product-short-description\" data-id=\"e8e3df8\" data-element_type=\"widget\" data-widget_type=\"woocommerce-product-short-description.default\">\n<div class=\"elementor-widget-container\">\n<div class=\"woocommerce-product-details__short-description\">\n<div class=\"elementor-element elementor-element-e8e3df8 elementor-widget elementor-widget-woocommerce-product-short-description\" data-id=\"e8e3df8\" data-element_type=\"widget\" data-widget_type=\"woocommerce-product-short-description.default\">\n<div class=\"elementor-widget-container\">\n<div class=\"woocommerce-product-details__short-description\">\n<div class=\"elementor-element elementor-element-e8e3df8 elementor-widget elementor-widget-woocommerce-product-short-description\" data-id=\"e8e3df8\" data-element_type=\"widget\" data-widget_type=\"woocommerce-product-short-description.default\">\n<div class=\"elementor-widget-container\">\n<div class=\"woocommerce-product-details__short-description\">\n<div class=\"elementor-element elementor-element-e8e3df8 elementor-widget elementor-widget-woocommerce-product-short-description\" data-id=\"e8e3df8\" data-element_type=\"widget\" data-widget_type=\"woocommerce-product-short-description.default\">\n<div class=\"elementor-widget-container\">\n<div class=\"woocommerce-product-details__short-description\">\n<p>Kundenspezifische automatische Schlicker-Gie\u00dfmaschine mit Trockenform, um eine automatische Produktionslinie f\u00fcr keramische Formen zu erreichen. Kann verschiedene Formen zur gleichen Zeit, hohe Ausbeute und hohe Effizienz produzieren.<\/p>\n<h2>Alles aus einer Hand f\u00fcr die Slip Casting Maschine:<\/h2>\n<ul>\n<li><strong>Fabrikpreis:<\/strong> Als Hersteller von Keramikmaschinen bieten wir kosteng\u00fcnstige Tonschneidemaschinen an. Bitte kontaktieren Sie uns, um den Fabrikpreis zu erfahren.<\/li>\n<li><strong>Technische Unterst\u00fctzung:<\/strong> Professionelle technische Anleitung und mechanische Installation, mit Videoanleitungen f\u00fcr eine schnelle Nutzung des Produkts<\/li>\n<li><strong>Ersatzteile:<\/strong> Lieferung einer Reihe von Original-Ersatzteilen.<\/li>\n<li><strong>Unterst\u00fctzung nach dem Kauf:<\/strong> 24-Stunden-Online-Hilfe, um sicherzustellen, dass Sie mit der Schlickergie\u00dfmaschine zufrieden sind und dass sie reibungslos in Ihrer Produktionslinie eingesetzt wird.<\/li>\n<\/ul>\n<p>Als f\u00fchrender Hersteller von Keramikmaschinen widmet sich Yutai der Bereitstellung ausgezeichneter Keramikgeschirrmaschinen und Dienstleistungen, um den Erfolg seiner Kunden zu f\u00f6rdern.<\/p>\n<\/div>\n<\/div>\n<\/div>\n<\/div>\n<\/div>\n<\/div>\n<\/div>\n<\/div>\n<\/div>\n<\/div>\n<\/div>\n<\/div>\n<\/div>\n<\/div>\n<\/div>\n<\/div>\n<\/div>\n<\/div>\n<\/div>\n<\/div>\n<\/div>","protected":false},"featured_media":2196,"comment_status":"open","ping_status":"closed","template":"","meta":{"_acf_changed":false},"certification":[59,61,60,62],"product_brand":[],"product_cat":[39,40],"product_tag":[],"class_list":{"0":"post-2187","1":"product","2":"type-product","3":"status-publish","4":"has-post-thumbnail","6":"certification-ce","7":"certification-iso-14001","8":"certification-iso-45001","9":"certification-iso-9001","10":"product_cat-ceramic-machinery","11":"product_cat-ceramic-machines","13":"first","14":"instock","15":"shipping-taxable","16":"product-type-simple"},"acf":[],"_links":{"self":[{"href":"https:\/\/www.linkceramics.com\/de\/wp-json\/wp\/v2\/product\/2187","targetHints":{"allow":["GET"]}}],"collection":[{"href":"https:\/\/www.linkceramics.com\/de\/wp-json\/wp\/v2\/product"}],"about":[{"href":"https:\/\/www.linkceramics.com\/de\/wp-json\/wp\/v2\/types\/product"}],"replies":[{"embeddable":true,"href":"https:\/\/www.linkceramics.com\/de\/wp-json\/wp\/v2\/comments?post=2187"}],"wp:featuredmedia":[{"embeddable":true,"href":"https:\/\/www.linkceramics.com\/de\/wp-json\/wp\/v2\/media\/2196"}],"wp:attachment":[{"href":"https:\/\/www.linkceramics.com\/de\/wp-json\/wp\/v2\/media?parent=2187"}],"wp:term":[{"taxonomy":"certification","embeddable":true,"href":"https:\/\/www.linkceramics.com\/de\/wp-json\/wp\/v2\/certification?post=2187"},{"taxonomy":"product_brand","embeddable":true,"href":"https:\/\/www.linkceramics.com\/de\/wp-json\/wp\/v2\/product_brand?post=2187"},{"taxonomy":"product_cat","embeddable":true,"href":"https:\/\/www.linkceramics.com\/de\/wp-json\/wp\/v2\/product_cat?post=2187"},{"taxonomy":"product_tag","embeddable":true,"href":"https:\/\/www.linkceramics.com\/de\/wp-json\/wp\/v2\/product_tag?post=2187"}],"curies":[{"name":"wp","href":"https:\/\/api.w.org\/{rel}","templated":true}]}}