{"id":2188,"date":"2025-06-09T02:26:15","date_gmt":"2025-06-09T02:26:15","guid":{"rendered":"https:\/\/www.linkceramics.com\/?post_type=product&#038;p=2188"},"modified":"2025-06-09T02:26:57","modified_gmt":"2025-06-09T02:26:57","slug":"pug-mill-machine","status":"publish","type":"product","link":"https:\/\/www.linkceramics.com\/de\/product\/pug-mill-machine\/","title":{"rendered":"Kleine Vakuum Mug M\u00fchle Maschine Keramische Ton Entl\u00fcftung"},"content":{"rendered":"<div class=\"wp-block-columns is-layout-flex wp-container-core-columns-is-layout-9d6595d7 wp-block-columns-is-layout-flex\">\n<div class=\"wp-block-column is-layout-flow wp-block-column-is-layout-flow\">\n<h3 class=\"wp-block-heading\"><strong>Merkmale von <strong>Schneckenm\u00fchle Maschine<\/strong><\/strong><\/h3>\n\n\n\n<p>Die kleine Vakuum-Pug-M\u00fchle wird f\u00fcr die Aufbereitung von keramischem Ton verwendet. Sie arbeitet mit einer Doppelspirale und einer Vakuumentl\u00fcftung, um im Ton eingeschlossene Luftblasen zu entfernen. Aufgrund ihrer kompakten Bauweise und einfachen Mobilit\u00e4t wird sie h\u00e4ufig in Labors, Schulen, Heimwerkerbetrieben und kleinen T\u00f6pferwerkst\u00e4tten eingesetzt.<\/p>\n<\/div>\n\n\n\n<div class=\"wp-block-column is-layout-flow wp-block-column-is-layout-flow\">\n<figure class=\"wp-block-image size-full\"><img decoding=\"async\" width=\"887\" height=\"887\" src=\"https:\/\/www.linkceramics.com\/wp-content\/uploads\/2025\/06\/small-vacuum-pug-mill-machine-ceramic-clay-de-airing-3.webp\" alt=\"Klein-Vakuum-Schneckenm\u00fchle-Maschine-Keramik-Ton-Entl\u00fcftung-3\" class=\"wp-image-2191\" srcset=\"https:\/\/www.linkceramics.com\/wp-content\/uploads\/2025\/06\/small-vacuum-pug-mill-machine-ceramic-clay-de-airing-3.webp 887w, https:\/\/www.linkceramics.com\/wp-content\/uploads\/2025\/06\/small-vacuum-pug-mill-machine-ceramic-clay-de-airing-3-300x300.webp 300w, https:\/\/www.linkceramics.com\/wp-content\/uploads\/2025\/06\/small-vacuum-pug-mill-machine-ceramic-clay-de-airing-3-150x150.webp 150w, https:\/\/www.linkceramics.com\/wp-content\/uploads\/2025\/06\/small-vacuum-pug-mill-machine-ceramic-clay-de-airing-3-768x768.webp 768w, https:\/\/www.linkceramics.com\/wp-content\/uploads\/2025\/06\/small-vacuum-pug-mill-machine-ceramic-clay-de-airing-3-12x12.webp 12w, https:\/\/www.linkceramics.com\/wp-content\/uploads\/2025\/06\/small-vacuum-pug-mill-machine-ceramic-clay-de-airing-3-600x600.webp 600w, https:\/\/www.linkceramics.com\/wp-content\/uploads\/2025\/06\/small-vacuum-pug-mill-machine-ceramic-clay-de-airing-3-100x100.webp 100w\" sizes=\"(max-width: 887px) 100vw, 887px\" \/><\/figure>\n<\/div>\n<\/div>\n\n\n\n<h2 class=\"wp-block-heading\"><strong>Parameter der Schneckenm\u00fchle:<\/strong><\/h2>\n\n\n\n<figure class=\"wp-block-table\"><table class=\"has-fixed-layout\"><tbody><tr><td>Modell<\/td><td>Maximale Gr\u00f6\u00dfe des Auslasses (cm)<\/td><td>Kapazit\u00e4t<\/td><td>Leistung(kw)<\/td><td>Abmessungen (lxbxh)<\/td><td>Gewicht (kg)<\/td><\/tr><tr><td>90<\/td><td>7<\/td><td>200-400kg\/h<\/td><td>1,5-2,2 kW<\/td><td>1260x400x800cm(h)<\/td><td>140<\/td><\/tr><\/tbody><\/table><\/figure>","protected":false},"excerpt":{"rendered":"<div class=\"elementor-element elementor-element-e8e3df8 elementor-widget elementor-widget-woocommerce-product-short-description\" data-id=\"e8e3df8\" data-element_type=\"widget\" data-widget_type=\"woocommerce-product-short-description.default\">\n<div class=\"elementor-widget-container\">\n<div class=\"woocommerce-product-details__short-description\">\n<div class=\"elementor-element elementor-element-e8e3df8 elementor-widget elementor-widget-woocommerce-product-short-description\" data-id=\"e8e3df8\" data-element_type=\"widget\" data-widget_type=\"woocommerce-product-short-description.default\">\n<div class=\"elementor-widget-container\">\n<div class=\"woocommerce-product-details__short-description\">\n<div class=\"elementor-element elementor-element-e8e3df8 elementor-widget elementor-widget-woocommerce-product-short-description\" data-id=\"e8e3df8\" data-element_type=\"widget\" data-widget_type=\"woocommerce-product-short-description.default\">\n<div class=\"elementor-widget-container\">\n<div class=\"woocommerce-product-details__short-description\">\n<p>Gro\u00dfhandel Fabrikpreis Mini Mug M\u00fchle Maschine f\u00fcr keramischen Ton. Es verwendet Vakuum-Technologie, die verarbeitete Ton Plastizit\u00e4t ist stark, geeignet f\u00fcr Haus DIY oder eine T\u00f6pferwerkstatt.<\/p>\n<h2>Alles aus einer Hand f\u00fcr Pug Mill Machine:<\/h2>\n<ul>\n<li><strong>Fabrikpreis:<\/strong> Wir sind ein Hersteller von keramischen Maschinen und bieten eine kosteng\u00fcnstige Maschine zur Herstellung von keramischem Ton. Willkommen bei uns zu kontaktieren, um die Fabrik Preis zu erhalten.<\/li>\n<li><strong>Technische Unterst\u00fctzung:<\/strong> Professionelle technische Anleitung und Unterst\u00fctzung mit Videoanleitungen f\u00fcr eine schnelle Nutzung des Produkts<\/li>\n<li><strong>Ersatzteile:<\/strong> Es wird eine Reihe von Original-Ersatzteilen geliefert.<\/li>\n<li><strong>Unterst\u00fctzung nach dem Kauf:<\/strong> 24-Stunden-Online-Hilfe, um sicherzustellen, dass Sie mit der Schneckenm\u00fchle zufrieden sind und dass sie reibungslos in Ihrer Produktionslinie eingesetzt wird.<\/li>\n<\/ul>\n<p>Als f\u00fchrender Hersteller von Keramikmaschinen widmet sich Yutai der Bereitstellung ausgezeichneter Keramikgeschirrmaschinen und Dienstleistungen, um den Erfolg seiner Kunden zu f\u00f6rdern.<\/p>\n<\/div>\n<\/div>\n<\/div>\n<\/div>\n<\/div>\n<\/div>\n<\/div>\n<\/div>\n<\/div>","protected":false},"featured_media":2192,"comment_status":"open","ping_status":"closed","template":"","meta":{"_acf_changed":true},"certification":[59,61,60,62],"product_brand":[],"product_cat":[39,40],"product_tag":[],"class_list":{"0":"post-2188","1":"product","2":"type-product","3":"status-publish","4":"has-post-thumbnail","6":"certification-ce","7":"certification-iso-14001","8":"certification-iso-45001","9":"certification-iso-9001","10":"product_cat-ceramic-machinery","11":"product_cat-ceramic-machines","13":"first","14":"instock","15":"shipping-taxable","16":"product-type-simple"},"acf":[],"_links":{"self":[{"href":"https:\/\/www.linkceramics.com\/de\/wp-json\/wp\/v2\/product\/2188","targetHints":{"allow":["GET"]}}],"collection":[{"href":"https:\/\/www.linkceramics.com\/de\/wp-json\/wp\/v2\/product"}],"about":[{"href":"https:\/\/www.linkceramics.com\/de\/wp-json\/wp\/v2\/types\/product"}],"replies":[{"embeddable":true,"href":"https:\/\/www.linkceramics.com\/de\/wp-json\/wp\/v2\/comments?post=2188"}],"wp:featuredmedia":[{"embeddable":true,"href":"https:\/\/www.linkceramics.com\/de\/wp-json\/wp\/v2\/media\/2192"}],"wp:attachment":[{"href":"https:\/\/www.linkceramics.com\/de\/wp-json\/wp\/v2\/media?parent=2188"}],"wp:term":[{"taxonomy":"certification","embeddable":true,"href":"https:\/\/www.linkceramics.com\/de\/wp-json\/wp\/v2\/certification?post=2188"},{"taxonomy":"product_brand","embeddable":true,"href":"https:\/\/www.linkceramics.com\/de\/wp-json\/wp\/v2\/product_brand?post=2188"},{"taxonomy":"product_cat","embeddable":true,"href":"https:\/\/www.linkceramics.com\/de\/wp-json\/wp\/v2\/product_cat?post=2188"},{"taxonomy":"product_tag","embeddable":true,"href":"https:\/\/www.linkceramics.com\/de\/wp-json\/wp\/v2\/product_tag?post=2188"}],"curies":[{"name":"wp","href":"https:\/\/api.w.org\/{rel}","templated":true}]}}