{"id":2219,"date":"2025-06-16T08:40:59","date_gmt":"2025-06-16T08:40:59","guid":{"rendered":"https:\/\/www.linkceramics.com\/?post_type=product&#038;p=2219"},"modified":"2025-06-16T08:41:00","modified_gmt":"2025-06-16T08:41:00","slug":"unique-vases-wholesale","status":"publish","type":"product","link":"https:\/\/www.linkceramics.com\/de\/product\/unique-vases-wholesale\/","title":{"rendered":"Einzigartige Vasen Gro\u00dfhandel f\u00fcr Blumenarrangement und Home Decor"},"content":{"rendered":"<h3 class=\"wp-block-heading\">Merkmale von Unique Vases Gro\u00dfhandel<\/h3>\n\n\n\n<p><strong>Mehrere Gr\u00f6\u00dfen: <\/strong>Das einzigartige Vasen-Gro\u00dfhandelsset umfasst zwei verschiedene Gr\u00f6\u00dfen f\u00fcr eine Vielzahl von Verwendungen - gro\u00df f\u00fcr dekorative Blumen und klein f\u00fcr einfache Dekorationen.<\/p>\n\n\n\n<p><strong>Stabile Basis: <\/strong>Der runde, breite Boden der Blumenvasen f\u00fcr den Gro\u00dfhandel erh\u00f6ht die Stabilit\u00e4t und verhindert das Umkippen, so dass sie ideal f\u00fcr die Aufnahme schwerer Blumenstr\u00e4u\u00dfe sind.<\/p>\n\n\n\n<p><strong>Ausgezeichneter Service: <\/strong>Als professioneller Hersteller von Keramikvasen bietet SANTAI exzellente Dienstleistungen wie Fabrikpreise und niedrige MOQ.<\/p>\n\n\n\n<div class=\"wp-block-columns is-layout-flex wp-container-core-columns-is-layout-9d6595d7 wp-block-columns-is-layout-flex\">\n<div class=\"wp-block-column is-layout-flow wp-block-column-is-layout-flow\">\n<figure class=\"wp-block-image size-full\"><img decoding=\"async\" width=\"1500\" height=\"1249\" src=\"https:\/\/www.linkceramics.com\/wp-content\/uploads\/2025\/06\/unique-vases-wholesale-for-flower-arrangement-and-home-decor-4.webp\" alt=\"einzigartige-vasen-gro\u00dfhandel-f\u00fcr-blumen-arrangement-und-home-decor-4\" class=\"wp-image-2223\" srcset=\"https:\/\/www.linkceramics.com\/wp-content\/uploads\/2025\/06\/unique-vases-wholesale-for-flower-arrangement-and-home-decor-4.webp 1500w, https:\/\/www.linkceramics.com\/wp-content\/uploads\/2025\/06\/unique-vases-wholesale-for-flower-arrangement-and-home-decor-4-300x250.webp 300w, https:\/\/www.linkceramics.com\/wp-content\/uploads\/2025\/06\/unique-vases-wholesale-for-flower-arrangement-and-home-decor-4-768x639.webp 768w, https:\/\/www.linkceramics.com\/wp-content\/uploads\/2025\/06\/unique-vases-wholesale-for-flower-arrangement-and-home-decor-4-14x12.webp 14w, https:\/\/www.linkceramics.com\/wp-content\/uploads\/2025\/06\/unique-vases-wholesale-for-flower-arrangement-and-home-decor-4-1200x999.webp 1200w, https:\/\/www.linkceramics.com\/wp-content\/uploads\/2025\/06\/unique-vases-wholesale-for-flower-arrangement-and-home-decor-4-600x500.webp 600w\" sizes=\"(max-width: 1500px) 100vw, 1500px\" \/><\/figure>\n<\/div>\n\n\n\n<div class=\"wp-block-column is-layout-flow wp-block-column-is-layout-flow\">\n<figure class=\"wp-block-image size-full\"><img decoding=\"async\" width=\"1500\" height=\"1249\" src=\"https:\/\/www.linkceramics.com\/wp-content\/uploads\/2025\/06\/unique-vases-wholesale-for-flower-arrangement-and-home-decor-3.webp\" alt=\"einzigartige-vasen-gro\u00dfhandel-f\u00fcr-blumen-arrangement-und-home-decor-3\" class=\"wp-image-2220\" srcset=\"https:\/\/www.linkceramics.com\/wp-content\/uploads\/2025\/06\/unique-vases-wholesale-for-flower-arrangement-and-home-decor-3.webp 1500w, https:\/\/www.linkceramics.com\/wp-content\/uploads\/2025\/06\/unique-vases-wholesale-for-flower-arrangement-and-home-decor-3-300x250.webp 300w, https:\/\/www.linkceramics.com\/wp-content\/uploads\/2025\/06\/unique-vases-wholesale-for-flower-arrangement-and-home-decor-3-768x639.webp 768w, https:\/\/www.linkceramics.com\/wp-content\/uploads\/2025\/06\/unique-vases-wholesale-for-flower-arrangement-and-home-decor-3-14x12.webp 14w, https:\/\/www.linkceramics.com\/wp-content\/uploads\/2025\/06\/unique-vases-wholesale-for-flower-arrangement-and-home-decor-3-1200x999.webp 1200w, https:\/\/www.linkceramics.com\/wp-content\/uploads\/2025\/06\/unique-vases-wholesale-for-flower-arrangement-and-home-decor-3-600x500.webp 600w\" sizes=\"(max-width: 1500px) 100vw, 1500px\" \/><\/figure>\n<\/div>\n<\/div>","protected":false},"excerpt":{"rendered":"<div id=\"brxe-raacbk\" class=\"brxe-product-meta product_meta\">\n<p>Willkommen bei der Bestellung unserer einzigartigen Vasen im Gro\u00dfhandel. Die keramischen Vasen haben elegante Kurven, strukturierte Details und hochgl\u00e4nzende Glasur, effektiv bringen visuellen Reiz. SANTAI Ceramic Vase Factory bietet verschiedene Gr\u00f6\u00dfen und Arten von Vasen zur Auswahl und liefert hochwertige OEM-und ODM-Dienstleistungen. Bitte kontaktieren Sie uns f\u00fcr ein Angebot.<\/p>\n<h2>Spezifikation von Unique Vases Gro\u00dfhandel<\/h2>\n<table width=\"855\">\n<tbody>\n<tr>\n<td width=\"285\">Modellnummer<\/td>\n<td width=\"285\">A35023-L136-A01<\/td>\n<td width=\"285\">A35023-L136-A02<\/td>\n<\/tr>\n<tr>\n<td>Produktname<\/td>\n<td>Keramik-Vase<\/td>\n<td>Keramik-Vase<\/td>\n<\/tr>\n<tr>\n<td>Farbe<\/td>\n<td>Dunkelblau<\/td>\n<td>Dunkelblau<\/td>\n<\/tr>\n<tr>\n<td>Material<\/td>\n<td>Keramik\u00a0<\/td>\n<td>Keramik\u00a0<\/td>\n<\/tr>\n<tr>\n<td>Verwendungsszenarien<\/td>\n<td>Wohnungseinrichtung<\/td>\n<td>Wohnungseinrichtung<\/td>\n<\/tr>\n<tr>\n<td>Abmessungen<\/td>\n<td>T:15X21cm<\/td>\n<td>T:11X15cm<\/td>\n<\/tr>\n<tr>\n<td>Gewicht<\/td>\n<td>0,9 kg\/St\u00fcck<\/td>\n<td>0,4 kg\/St\u00fcck<\/td>\n<\/tr>\n<\/tbody>\n<\/table>\n<\/div>","protected":false},"featured_media":2221,"comment_status":"open","ping_status":"closed","template":"","meta":{"_acf_changed":true},"certification":[63,64,66,65,61,60,62],"product_brand":[],"product_cat":[37,17],"product_tag":[],"class_list":{"0":"post-2219","1":"product","2":"type-product","3":"status-publish","4":"has-post-thumbnail","6":"certification-amfori","7":"certification-bsci","8":"certification-cnas","9":"certification-iaf","10":"certification-iso-14001","11":"certification-iso-45001","12":"certification-iso-9001","13":"product_cat-decorative-ceramic-wholesale","14":"product_cat-ceramic-vases-wholesale","16":"first","17":"instock","18":"shipping-taxable","19":"product-type-simple"},"acf":[],"_links":{"self":[{"href":"https:\/\/www.linkceramics.com\/de\/wp-json\/wp\/v2\/product\/2219","targetHints":{"allow":["GET"]}}],"collection":[{"href":"https:\/\/www.linkceramics.com\/de\/wp-json\/wp\/v2\/product"}],"about":[{"href":"https:\/\/www.linkceramics.com\/de\/wp-json\/wp\/v2\/types\/product"}],"replies":[{"embeddable":true,"href":"https:\/\/www.linkceramics.com\/de\/wp-json\/wp\/v2\/comments?post=2219"}],"wp:featuredmedia":[{"embeddable":true,"href":"https:\/\/www.linkceramics.com\/de\/wp-json\/wp\/v2\/media\/2221"}],"wp:attachment":[{"href":"https:\/\/www.linkceramics.com\/de\/wp-json\/wp\/v2\/media?parent=2219"}],"wp:term":[{"taxonomy":"certification","embeddable":true,"href":"https:\/\/www.linkceramics.com\/de\/wp-json\/wp\/v2\/certification?post=2219"},{"taxonomy":"product_brand","embeddable":true,"href":"https:\/\/www.linkceramics.com\/de\/wp-json\/wp\/v2\/product_brand?post=2219"},{"taxonomy":"product_cat","embeddable":true,"href":"https:\/\/www.linkceramics.com\/de\/wp-json\/wp\/v2\/product_cat?post=2219"},{"taxonomy":"product_tag","embeddable":true,"href":"https:\/\/www.linkceramics.com\/de\/wp-json\/wp\/v2\/product_tag?post=2219"}],"curies":[{"name":"wp","href":"https:\/\/api.w.org\/{rel}","templated":true}]}}