{"id":2224,"date":"2025-06-23T08:07:29","date_gmt":"2025-06-23T08:07:29","guid":{"rendered":"https:\/\/www.linkceramics.com\/?post_type=product&#038;p=2224"},"modified":"2025-06-23T09:23:09","modified_gmt":"2025-06-23T09:23:09","slug":"tea-cups-in-bulk","status":"publish","type":"product","link":"https:\/\/www.linkceramics.com\/de\/product\/tea-cups-in-bulk\/","title":{"rendered":"Cartoon Japanische Keramik-Teebecher in Bulk mit Geschenk-Box"},"content":{"rendered":"<div class=\"wp-block-columns is-layout-flex wp-container-core-columns-is-layout-9d6595d7 wp-block-columns-is-layout-flex\">\n<div class=\"wp-block-column is-layout-flow wp-block-column-is-layout-flow\" style=\"flex-basis:66.66%\">\n<h3 class=\"wp-block-heading\">Premium-Keramik-Teebecher in Bulk Eigenschaften:<\/h3>\n\n\n\n<ul class=\"wp-block-list\">\n<li><strong>Cartoon kreatives Design, voller Spa\u00df: <\/strong>Diese Teetassen in gro\u00dfen Mengen sind mit verschiedenen Cartoon-Mustern gestaltet, mit lebendigen und interessanten Formen, voller Kindlichkeit und Pers\u00f6nlichkeit, die den Spa\u00df am Teetrinken erh\u00f6hen und sich f\u00fcr den t\u00e4glichen Familiengebrauch oder als Geschenk eignen.<\/li>\n\n\n\n<li><strong>Japanischer Stil, exquisite Form:<\/strong> Diese Keramikbecher f\u00fcr den Gro\u00dfhandel enthalten einfache japanische Elemente, mit glatten Linien und abgerundeten Schalen, die sowohl kulturell als auch modern sind.<\/li>\n\n\n\n<li><strong>Exquisite Farbe Box Verpackung, eine gute Wahl f\u00fcr Geschenke:<\/strong> Diese Teetassen in loser Sch\u00fcttung sind fein s\u00e4uberlich in einer hochwertigen Farbbox mit hochwertiger Verpackung verpackt, die sich hervorragend als Urlaubsgeschenke, Firmengeschenke oder Souvenirs eignen, praktisch und unvergesslich.<\/li>\n\n\n\n<li><strong>Hochtemperatur-Keramik, sicher und gesund:<\/strong> Unsere Keramikbecher Gro\u00dfhandel haben keine giftigen Substanzen, sind rissfest und hitzebest\u00e4ndig, und sind sicher und vertrauensw\u00fcrdig zu verwenden jeden Tag. Es ist geeignet f\u00fcr hei\u00dfen Kaffee, Tee, Milch und andere Getr\u00e4nke.<\/li>\n<\/ul>\n<\/div>\n\n\n\n<div class=\"wp-block-column is-layout-flow wp-block-column-is-layout-flow\" style=\"flex-basis:33.33%\">\n<figure class=\"wp-block-image size-full\"><img decoding=\"async\" width=\"800\" height=\"800\" src=\"https:\/\/www.linkceramics.com\/wp-content\/uploads\/2025\/06\/cartoon-japanese-ceramic-tea-cups-in-bulk-with-gift-box-1.webp\" alt=\"cartoon-japanische-keramische-Teebecher-im-Gep\u00e4ck-mit-Geschenkbox- (1)\" class=\"wp-image-2232\" srcset=\"https:\/\/www.linkceramics.com\/wp-content\/uploads\/2025\/06\/cartoon-japanese-ceramic-tea-cups-in-bulk-with-gift-box-1.webp 800w, https:\/\/www.linkceramics.com\/wp-content\/uploads\/2025\/06\/cartoon-japanese-ceramic-tea-cups-in-bulk-with-gift-box-1-300x300.webp 300w, https:\/\/www.linkceramics.com\/wp-content\/uploads\/2025\/06\/cartoon-japanese-ceramic-tea-cups-in-bulk-with-gift-box-1-150x150.webp 150w, https:\/\/www.linkceramics.com\/wp-content\/uploads\/2025\/06\/cartoon-japanese-ceramic-tea-cups-in-bulk-with-gift-box-1-768x768.webp 768w, https:\/\/www.linkceramics.com\/wp-content\/uploads\/2025\/06\/cartoon-japanese-ceramic-tea-cups-in-bulk-with-gift-box-1-12x12.webp 12w, https:\/\/www.linkceramics.com\/wp-content\/uploads\/2025\/06\/cartoon-japanese-ceramic-tea-cups-in-bulk-with-gift-box-1-600x600.webp 600w, https:\/\/www.linkceramics.com\/wp-content\/uploads\/2025\/06\/cartoon-japanese-ceramic-tea-cups-in-bulk-with-gift-box-1-100x100.webp 100w\" sizes=\"(max-width: 800px) 100vw, 800px\" \/><\/figure>\n<\/div>\n<\/div>","protected":false},"excerpt":{"rendered":"<div id=\"brxe-0ee1ca\" class=\"brxe-product-meta product_meta\">Willkommen zum Kauf von Keramik-Tassen in gro\u00dfen Mengen. Unsere Cartoon-designte japanische Keramik-Tassen Gro\u00dfhandel haben verschiedene Muster, gepaart mit exquisiten Farbe Box Verpackung. Es ist voll von Kreativit\u00e4t und Schenken, und ist eine ideale Wahl f\u00fcr zu Hause Tee trinken oder Festival Geschenke.<\/div>\n<div id=\"brxe-8c5ca9\" class=\"brxe-product-short-description\">\n<div class=\"woocommerce-product-details__short-description\">\n<h2>Keramische Teetassen in Bulk Spezifikationen:<\/h2>\n<table border=\"0\" width=\"542\" cellspacing=\"0\" cellpadding=\"0\">\n<tbody>\n<tr>\n<td width=\"271\" height=\"24\">Hersteller<\/td>\n<td width=\"271\">Yongjian<\/td>\n<\/tr>\n<tr>\n<td width=\"271\" height=\"24\">Modell Nr.<\/td>\n<td width=\"271\">YJ-093\/YJ-094<\/td>\n<\/tr>\n<tr>\n<td width=\"271\" height=\"48\">Produkttyp<\/td>\n<td width=\"271\">Schalen mit Henkel, Servier- und Salatsch\u00fcsseln<\/td>\n<\/tr>\n<tr>\n<td width=\"271\" height=\"24\">Material<\/td>\n<td width=\"271\">Porzellan<\/td>\n<\/tr>\n<tr>\n<td width=\"271\" height=\"24\">Farbe<\/td>\n<td width=\"271\">Wei\u00df\/ Schwarz<\/td>\n<\/tr>\n<tr>\n<td rowspan=\"2\" width=\"271\" height=\"48\">Dimension<\/td>\n<td width=\"271\">6,5 Zoll:17*17*8<\/td>\n<\/tr>\n<tr>\n<td width=\"271\">12 Zoll:23*23*8,5<\/td>\n<\/tr>\n<tr>\n<td width=\"271\" height=\"24\">MOQ<\/td>\n<td width=\"271\">500St\u00fcck<\/td>\n<\/tr>\n<tr>\n<td width=\"271\" height=\"24\">Benutzerdefiniert<\/td>\n<td width=\"271\">Farbe\/Gr\u00f6\u00dfe\/Logo\/Verpackung<\/td>\n<\/tr>\n<\/tbody>\n<\/table>\n<p><\/div>\n<\/div>","protected":false},"featured_media":2230,"comment_status":"open","ping_status":"closed","template":"","meta":{"_acf_changed":false},"certification":[63,64,66,58,65,61,60,62,57],"product_brand":[],"product_cat":[19,34],"product_tag":[],"class_list":{"0":"post-2224","1":"product","2":"type-product","3":"status-publish","4":"has-post-thumbnail","6":"certification-amfori","7":"certification-bsci","8":"certification-cnas","9":"certification-fda","10":"certification-iaf","11":"certification-iso-14001","12":"certification-iso-45001","13":"certification-iso-9001","14":"certification-lfgb","15":"product_cat-ceramic-tea-set-wholesale","16":"product_cat-custom-household-ceramics","18":"first","19":"instock","20":"shipping-taxable","21":"product-type-simple"},"acf":[],"_links":{"self":[{"href":"https:\/\/www.linkceramics.com\/de\/wp-json\/wp\/v2\/product\/2224","targetHints":{"allow":["GET"]}}],"collection":[{"href":"https:\/\/www.linkceramics.com\/de\/wp-json\/wp\/v2\/product"}],"about":[{"href":"https:\/\/www.linkceramics.com\/de\/wp-json\/wp\/v2\/types\/product"}],"replies":[{"embeddable":true,"href":"https:\/\/www.linkceramics.com\/de\/wp-json\/wp\/v2\/comments?post=2224"}],"wp:featuredmedia":[{"embeddable":true,"href":"https:\/\/www.linkceramics.com\/de\/wp-json\/wp\/v2\/media\/2230"}],"wp:attachment":[{"href":"https:\/\/www.linkceramics.com\/de\/wp-json\/wp\/v2\/media?parent=2224"}],"wp:term":[{"taxonomy":"certification","embeddable":true,"href":"https:\/\/www.linkceramics.com\/de\/wp-json\/wp\/v2\/certification?post=2224"},{"taxonomy":"product_brand","embeddable":true,"href":"https:\/\/www.linkceramics.com\/de\/wp-json\/wp\/v2\/product_brand?post=2224"},{"taxonomy":"product_cat","embeddable":true,"href":"https:\/\/www.linkceramics.com\/de\/wp-json\/wp\/v2\/product_cat?post=2224"},{"taxonomy":"product_tag","embeddable":true,"href":"https:\/\/www.linkceramics.com\/de\/wp-json\/wp\/v2\/product_tag?post=2224"}],"curies":[{"name":"wp","href":"https:\/\/api.w.org\/{rel}","templated":true}]}}