{"id":2234,"date":"2025-06-23T09:48:37","date_gmt":"2025-06-23T09:48:37","guid":{"rendered":"https:\/\/www.linkceramics.com\/?post_type=product&#038;p=2234"},"modified":"2025-09-22T07:10:36","modified_gmt":"2025-09-22T07:10:36","slug":"bulk-lotion-dispensers","status":"publish","type":"product","link":"https:\/\/www.linkceramics.com\/de\/product\/bulk-lotion-dispensers\/","title":{"rendered":"Bulk Lotion Dispenser, Minimalistische Keramik Lotion Flaschen Versorgung"},"content":{"rendered":"<div class=\"wp-block-columns is-layout-flex wp-container-core-columns-is-layout-9d6595d7 wp-block-columns-is-layout-flex\">\n<div class=\"wp-block-column is-layout-flow wp-block-column-is-layout-flow\" style=\"flex-basis:50%\">\n<h3 class=\"wp-block-heading\">Bulk Lotion Dispenser Merkmale:<\/h3>\n\n\n\n<p><strong>Keramik von guter Qualit\u00e4t:<\/strong> Unsere Lotionspender sind aus hochwertigem Keramikmaterial hergestellt; die Oberfl\u00e4che ist weich und sanft, hart und stabil und wird auch nach l\u00e4ngerem Gebrauch nicht brechen oder Falten werfen.<\/p>\n\n\n\n<p><strong>Multifunktionale Anwendung:<\/strong> Der kundenspezifische Spender kann f\u00fcr eine Vielzahl von Fl\u00fcssigkeitsverpackungen verwendet werden, z. B. f\u00fcr Handseife, Duschgel, Shampoo usw., um dem t\u00e4glichen Gebrauch zu Hause gerecht zu werden, bequem und praktisch.<\/p>\n\n\n\n<p><strong>Leicht zu reinigen und zu pflegen:<\/strong> Die glatte, verschmutzungsfreie Keramikoberfl\u00e4che der Flaschen unserer Lotionspender nimmt nicht so leicht Flecken auf und bleibt mit einem einfachen Wisch sauber und neu.<\/p>\n\n\n\n<p><strong>Geeignet f\u00fcr eine Vielzahl von Szenen:<\/strong> Unsere gro\u00dfvolumigen Lotionspender sind nicht nur f\u00fcr Familienb\u00e4der geeignet, sondern k\u00f6nnen auch in gehobenen Einrichtungen wie Hotels und Gastfamilien verwendet werden, um Mode und Geschmack zu zeigen.<\/p>\n\n\n\n<p><strong>Modernes Design:<\/strong> Die gesamte Form dieser Lotion Spender verwenden Press-in-Easy-Design, ist leicht und einfach, gleichm\u00e4\u00dfig entladen die Fl\u00fcssigkeitenglatt. Inzwischen f\u00fcgt der goldene Pumpenkopf einen Hauch von Luxus zu diesem Seifenspender. Sie passen gut zu verschiedenen Wohnstilen und tragen zur allgemeinen Sch\u00f6nheit des Badezimmers oder der Toilette bei.<\/p>\n\n\n\n<p><strong>Verschiedene Farben:<\/strong> Vielf\u00e4ltige Farben: Diese Keramik Schaumspender Flasche Gro\u00dfhandel enth\u00e4lt verschiedene Farben wie gr\u00fcn, grau, wei\u00df und schwarz auf die Vorlieben und Stile der verschiedenen Menschen und H\u00e4user gerecht zu werden. Als Hersteller k\u00f6nnen wir auch andere Farben anpassen oder Markenlogos nach Kundenwunsch hinzuf\u00fcgen.<\/p>\n<\/div>\n\n\n\n<div class=\"wp-block-column is-layout-flow wp-block-column-is-layout-flow\" style=\"flex-basis:50%\">\n<figure class=\"wp-block-image size-full\"><img decoding=\"async\" width=\"1000\" height=\"1000\" src=\"https:\/\/www.linkceramics.com\/wp-content\/uploads\/2025\/06\/bulk-lotion-dispensers-minimalist-ceramic-lotion-bottles-supply-7.webp\" alt=\"bulk-lotion-dispensers-minimalist-keramik-lotion-bottles-supply-7\" class=\"wp-image-2573\" srcset=\"https:\/\/www.linkceramics.com\/wp-content\/uploads\/2025\/06\/bulk-lotion-dispensers-minimalist-ceramic-lotion-bottles-supply-7.webp 1000w, https:\/\/www.linkceramics.com\/wp-content\/uploads\/2025\/06\/bulk-lotion-dispensers-minimalist-ceramic-lotion-bottles-supply-7-300x300.webp 300w, https:\/\/www.linkceramics.com\/wp-content\/uploads\/2025\/06\/bulk-lotion-dispensers-minimalist-ceramic-lotion-bottles-supply-7-150x150.webp 150w, https:\/\/www.linkceramics.com\/wp-content\/uploads\/2025\/06\/bulk-lotion-dispensers-minimalist-ceramic-lotion-bottles-supply-7-768x768.webp 768w, https:\/\/www.linkceramics.com\/wp-content\/uploads\/2025\/06\/bulk-lotion-dispensers-minimalist-ceramic-lotion-bottles-supply-7-12x12.webp 12w, https:\/\/www.linkceramics.com\/wp-content\/uploads\/2025\/06\/bulk-lotion-dispensers-minimalist-ceramic-lotion-bottles-supply-7-600x600.webp 600w, https:\/\/www.linkceramics.com\/wp-content\/uploads\/2025\/06\/bulk-lotion-dispensers-minimalist-ceramic-lotion-bottles-supply-7-100x100.webp 100w\" sizes=\"(max-width: 1000px) 100vw, 1000px\" \/><\/figure>\n<\/div>\n<\/div>\n\n\n\n<p><\/p>","protected":false},"excerpt":{"rendered":"<p>Willkommen zum Kauf Seifenschaumspender Flaschen Gro\u00dfhandel. Diese Bulk-Lotion-Spender sind auf dem Markt f\u00fcr ihre verschiedenen Farben, exquisite Aussehen, langlebiges Material und praktische Funktion beliebt. Es ist geeignet f\u00fcr die Abgabe von Fl\u00fcssigkeiten wie Handseife und Duschgel. Er ist bequem zu dr\u00fccken, einfach zu benutzen und leicht zu reinigen. Egal ob im heimischen Badezimmer oder im Hotel, es ist eine ideale Wahl, um die Raumstruktur zu verbessern.<\/p>\n<h2>Lotion-Spender in gro\u00dfen Mengen Parameter:<\/h2>\n<div data-id=\"bef26dc\" data-element_type=\"widget\" data-widget_type=\"text-editor.default\">\n<div>\n<table border=\"0\" width=\"476\" cellspacing=\"0\" cellpadding=\"0\">\n<tbody>\n<tr>\n<td width=\"187\" height=\"29\">Hersteller<\/td>\n<td width=\"289\">JINHUA<\/td>\n<\/tr>\n<tr>\n<td height=\"29\">Modell Nr.<\/td>\n<td>JHB58<\/td>\n<\/tr>\n<tr>\n<td height=\"29\">Gestaltung<\/td>\n<td>Zylindrische Form<\/td>\n<\/tr>\n<tr>\n<td height=\"29\">Material<\/td>\n<td>Keramik<\/td>\n<\/tr>\n<tr>\n<td height=\"29\">Farbe<\/td>\n<td width=\"289\">Wei\u00df, Grau, Gr\u00fcn, Schwarz<\/td>\n<\/tr>\n<tr>\n<td height=\"29\">Benutzerdefiniert<\/td>\n<td>Farbe\/Gr\u00f6\u00dfe\/Logo\/Verpackung<\/td>\n<\/tr>\n<tr>\n<td height=\"29\">MOQ<\/td>\n<td>500St\u00fcck<\/td>\n<\/tr>\n<tr>\n<td height=\"29\">Dimension<\/td>\n<td width=\"289\">7.2*7.2*20cm<\/td>\n<\/tr>\n<\/tbody>\n<\/table>\n<\/div>\n<\/div>\n<div class=\"elementor-element elementor-element-b03ea8d elementor-widget elementor-widget-button\" data-id=\"b03ea8d\" data-element_type=\"widget\" data-widget_type=\"button.default\">\n<div class=\"elementor-widget-container\">\n<div class=\"elementor-button-wrapper\">\u00a0<\/div>\n<\/div>\n<\/div>","protected":false},"featured_media":2574,"comment_status":"open","ping_status":"closed","template":"","meta":{"_acf_changed":true},"certification":[63,64,66,58,65,61,60,62,57],"product_brand":[],"product_cat":[22,35],"product_tag":[],"class_list":{"0":"post-2234","1":"product","2":"type-product","3":"status-publish","4":"has-post-thumbnail","6":"certification-amfori","7":"certification-bsci","8":"certification-cnas","9":"certification-fda","10":"certification-iaf","11":"certification-iso-14001","12":"certification-iso-45001","13":"certification-iso-9001","14":"certification-lfgb","15":"product_cat-ceramic-bathroom-set","16":"product_cat-bathroom-ceramics-supply","18":"first","19":"instock","20":"shipping-taxable","21":"product-type-simple"},"acf":[],"_links":{"self":[{"href":"https:\/\/www.linkceramics.com\/de\/wp-json\/wp\/v2\/product\/2234","targetHints":{"allow":["GET"]}}],"collection":[{"href":"https:\/\/www.linkceramics.com\/de\/wp-json\/wp\/v2\/product"}],"about":[{"href":"https:\/\/www.linkceramics.com\/de\/wp-json\/wp\/v2\/types\/product"}],"replies":[{"embeddable":true,"href":"https:\/\/www.linkceramics.com\/de\/wp-json\/wp\/v2\/comments?post=2234"}],"wp:featuredmedia":[{"embeddable":true,"href":"https:\/\/www.linkceramics.com\/de\/wp-json\/wp\/v2\/media\/2574"}],"wp:attachment":[{"href":"https:\/\/www.linkceramics.com\/de\/wp-json\/wp\/v2\/media?parent=2234"}],"wp:term":[{"taxonomy":"certification","embeddable":true,"href":"https:\/\/www.linkceramics.com\/de\/wp-json\/wp\/v2\/certification?post=2234"},{"taxonomy":"product_brand","embeddable":true,"href":"https:\/\/www.linkceramics.com\/de\/wp-json\/wp\/v2\/product_brand?post=2234"},{"taxonomy":"product_cat","embeddable":true,"href":"https:\/\/www.linkceramics.com\/de\/wp-json\/wp\/v2\/product_cat?post=2234"},{"taxonomy":"product_tag","embeddable":true,"href":"https:\/\/www.linkceramics.com\/de\/wp-json\/wp\/v2\/product_tag?post=2234"}],"curies":[{"name":"wp","href":"https:\/\/api.w.org\/{rel}","templated":true}]}}