{"id":2264,"date":"2025-07-02T10:16:24","date_gmt":"2025-07-02T10:16:24","guid":{"rendered":"https:\/\/www.linkceramics.com\/?post_type=product&#038;p=2264"},"modified":"2025-07-02T10:29:31","modified_gmt":"2025-07-02T10:29:31","slug":"restaurant-dinnerware-wholesale","status":"publish","type":"product","link":"https:\/\/www.linkceramics.com\/de\/product\/restaurant-dinnerware-wholesale\/","title":{"rendered":"Restaurant Essgeschirr Gro\u00dfhandel, wei\u00df Dolomire Serviergeschirr Bulk"},"content":{"rendered":"<div class=\"wp-block-columns is-layout-flex wp-container-core-columns-is-layout-9d6595d7 wp-block-columns-is-layout-flex\">\n<div class=\"wp-block-column is-layout-flow wp-block-column-is-layout-flow\" style=\"flex-basis:50%\">\n<h3 class=\"wp-block-heading\">Restaurant Geschirr Gro\u00dfhandel Merkmale:<\/h3>\n\n\n\n<p><strong>Umweltfreundliches Dolomitmaterial:<\/strong> Dieses Restaurant Geschirr Gro\u00dfhandel ist aus recyceltem Dolomit, es ist leicht, langlebig und wei\u00df.<\/p>\n\n\n\n<p><strong>Wei\u00dfe und glatte Glasur:<\/strong> Unser Dolomire-Serviergeschirr wird mit wei\u00dfer Glasur hergestellt, die Oberfl\u00e4che ist glatt und gl\u00e4nzend und von hoher Qualit\u00e4t.<\/p>\n\n\n\n<p><strong>Geh\u00e4mmertes Design:<\/strong> Dieses Restaurant Geschirr Gro\u00dfhandel H\u00e4mmern Design bringt ein reiches Gef\u00fchl, minimalistisch und einzigartig.<\/p>\n\n\n\n<p><strong>Mehrere Farboptionen: <\/strong>Neben dem klassischen Wei\u00df gibt es auch aktive rote, blaue und gr\u00fcne, helle Farbkollisionen, geeignet f\u00fcr verschiedene Essensanl\u00e4sse<\/p>\n\n\n\n<p><strong>Mehrere Spezifikationen von Geschirrsets f\u00fcr Restaurants:<\/strong> einschlie\u00dflich Esstellern, Suppensch\u00fcsseln, Tassen, Kaffeetassen, Teekannen usw., k\u00f6nnen die unterschiedlichen Bed\u00fcrfnisse verschiedener Restaurants und Hotels erf\u00fcllen.<\/p>\n<\/div>\n\n\n\n<div class=\"wp-block-column is-layout-flow wp-block-column-is-layout-flow\" style=\"flex-basis:50%\">\n<figure class=\"wp-block-image size-full\"><img decoding=\"async\" width=\"2915\" height=\"1648\" src=\"https:\/\/www.linkceramics.com\/wp-content\/uploads\/2025\/07\/Restaurant-Dinnerware-Wholesale-White-Dolomire-Serveware-Bulk-11.webp\" alt=\"Restaurant-Geschirr-Gro\u00dfhandel-Wei\u00df-Dolomire-Serviergeschirr-Bulk-11\" class=\"wp-image-2267\" srcset=\"https:\/\/www.linkceramics.com\/wp-content\/uploads\/2025\/07\/Restaurant-Dinnerware-Wholesale-White-Dolomire-Serveware-Bulk-11.webp 2915w, https:\/\/www.linkceramics.com\/wp-content\/uploads\/2025\/07\/Restaurant-Dinnerware-Wholesale-White-Dolomire-Serveware-Bulk-11-300x170.webp 300w, https:\/\/www.linkceramics.com\/wp-content\/uploads\/2025\/07\/Restaurant-Dinnerware-Wholesale-White-Dolomire-Serveware-Bulk-11-768x434.webp 768w, https:\/\/www.linkceramics.com\/wp-content\/uploads\/2025\/07\/Restaurant-Dinnerware-Wholesale-White-Dolomire-Serveware-Bulk-11-18x10.webp 18w, https:\/\/www.linkceramics.com\/wp-content\/uploads\/2025\/07\/Restaurant-Dinnerware-Wholesale-White-Dolomire-Serveware-Bulk-11-1200x678.webp 1200w, https:\/\/www.linkceramics.com\/wp-content\/uploads\/2025\/07\/Restaurant-Dinnerware-Wholesale-White-Dolomire-Serveware-Bulk-11-600x339.webp 600w\" sizes=\"(max-width: 2915px) 100vw, 2915px\" \/><\/figure>\n<\/div>\n<\/div>","protected":false},"excerpt":{"rendered":"<div class=\"D5aOJc vJwDU\">\n<div id=\"brxe-26696e\" class=\"brxe-product-short-description brxe-text-basic\">\n<div class=\"woocommerce-product-details__short-description\">\n<div class=\"D5aOJc vJwDU\">Willkommen in unserem Restaurant Geschirr Gro\u00dfhandel mit einer geh\u00e4mmerten Oberfl\u00e4che, verschiedene Spezifikationen, einfache und exquisite Serviergeschirr Sets f\u00fcr Restaurants zu kaufen. Fabrik Direktvertrieb, Massenanpassung Rabatte zur Verf\u00fcgung stehen, konsultieren Sie jetzt!<\/div>\n<h2 class=\"D5aOJc vJwDU\">Restaurant-Geschirr Gro\u00dfhandel Parameter:<\/h2>\n<table border=\"0\" width=\"618\" cellspacing=\"0\" cellpadding=\"0\">\n<tbody>\n<tr>\n<td width=\"180\" height=\"26\">Hersteller<\/td>\n<td width=\"438\">Lianyuan<\/td>\n<\/tr>\n<tr>\n<td height=\"26\">Produkttyp<\/td>\n<td>Teller, Sch\u00fcsseln, Suppenschalen, Becher, Teetassen und Kannen<\/td>\n<\/tr>\n<tr>\n<td height=\"26\">Muster<\/td>\n<td>Geh\u00e4mmertes Design<\/td>\n<\/tr>\n<tr>\n<td height=\"26\">Farbe<\/td>\n<td>Wei\u00df<\/td>\n<\/tr>\n<tr>\n<td height=\"26\">Material<\/td>\n<td>\n<p>Dolomit<\/p>\n<\/td>\n<\/tr>\n<tr>\n<td height=\"26\">Handwerkliches K\u00f6nnen<\/td>\n<td>Wei\u00dfe Glasur<\/td>\n<\/tr>\n<tr>\n<td height=\"26\">Anmeldung<\/td>\n<td>Mikrowellen- und sp\u00fclmaschinenfest, ofenfest<\/td>\n<\/tr>\n<tr>\n<td height=\"26\">Benutzerdefiniert<\/td>\n<td>Farbe\/Gr\u00f6\u00dfe\/Logo\/Verpackung<\/td>\n<\/tr>\n<\/tbody>\n<\/table>\n<\/div>\n<\/div>\n<div id=\"brxe-ae2c03\" class=\"brxe-product-meta product_meta\">\u00a0<\/div>\n<\/div>","protected":false},"featured_media":2266,"comment_status":"open","ping_status":"closed","template":"","meta":{"_acf_changed":true},"certification":[66,58,65,61,60,62,57],"product_brand":[],"product_cat":[34,18],"product_tag":[],"class_list":{"0":"post-2264","1":"product","2":"type-product","3":"status-publish","4":"has-post-thumbnail","6":"certification-cnas","7":"certification-fda","8":"certification-iaf","9":"certification-iso-14001","10":"certification-iso-45001","11":"certification-iso-9001","12":"certification-lfgb","13":"product_cat-custom-household-ceramics","14":"product_cat-ceramic-tableware-wholesale","16":"first","17":"instock","18":"shipping-taxable","19":"product-type-simple"},"acf":[],"_links":{"self":[{"href":"https:\/\/www.linkceramics.com\/de\/wp-json\/wp\/v2\/product\/2264","targetHints":{"allow":["GET"]}}],"collection":[{"href":"https:\/\/www.linkceramics.com\/de\/wp-json\/wp\/v2\/product"}],"about":[{"href":"https:\/\/www.linkceramics.com\/de\/wp-json\/wp\/v2\/types\/product"}],"replies":[{"embeddable":true,"href":"https:\/\/www.linkceramics.com\/de\/wp-json\/wp\/v2\/comments?post=2264"}],"wp:featuredmedia":[{"embeddable":true,"href":"https:\/\/www.linkceramics.com\/de\/wp-json\/wp\/v2\/media\/2266"}],"wp:attachment":[{"href":"https:\/\/www.linkceramics.com\/de\/wp-json\/wp\/v2\/media?parent=2264"}],"wp:term":[{"taxonomy":"certification","embeddable":true,"href":"https:\/\/www.linkceramics.com\/de\/wp-json\/wp\/v2\/certification?post=2264"},{"taxonomy":"product_brand","embeddable":true,"href":"https:\/\/www.linkceramics.com\/de\/wp-json\/wp\/v2\/product_brand?post=2264"},{"taxonomy":"product_cat","embeddable":true,"href":"https:\/\/www.linkceramics.com\/de\/wp-json\/wp\/v2\/product_cat?post=2264"},{"taxonomy":"product_tag","embeddable":true,"href":"https:\/\/www.linkceramics.com\/de\/wp-json\/wp\/v2\/product_tag?post=2264"}],"curies":[{"name":"wp","href":"https:\/\/api.w.org\/{rel}","templated":true}]}}