{"id":2268,"date":"2025-07-02T10:41:42","date_gmt":"2025-07-02T10:41:42","guid":{"rendered":"https:\/\/www.linkceramics.com\/?post_type=product&#038;p=2268"},"modified":"2025-09-22T09:02:42","modified_gmt":"2025-09-22T09:02:42","slug":"custom-candle-jars","status":"publish","type":"product","link":"https:\/\/www.linkceramics.com\/de\/product\/custom-candle-jars\/","title":{"rendered":"Kundenspezifische Kerzengl\u00e4ser, Luxus-Kerzenbeh\u00e4lter Gro\u00dfhandel"},"content":{"rendered":"<div class=\"wp-block-columns is-layout-flex wp-container-core-columns-is-layout-9d6595d7 wp-block-columns-is-layout-flex\">\n<div class=\"wp-block-column is-layout-flow wp-block-column-is-layout-flow\" style=\"flex-basis:50%\">\n<h3 class=\"wp-block-heading\">Individuelle Kerzengl\u00e4ser Merkmale:<\/h3>\n\n\n\n<p><strong>Unterst\u00fctzt individuelles Design:<\/strong> Diese kundenspezifischen Kerzengl\u00e4ser haben verschiedene Formen, Gr\u00f6\u00dfen und Oberfl\u00e4chen, die je nach Markenbedarf oder pers\u00f6nlicher Vorliebe zu einzigartigen Kerzenbeh\u00e4ltern verarbeitet werden k\u00f6nnen.<\/p>\n\n\n\n<p><strong>Hochwertiges Rohmaterial: <\/strong>Diese benutzerdefinierten Kerzengl\u00e4ser sind aus Keramik oder Gips, hitzebest\u00e4ndig und ungiftig f\u00fcr die Umwelt; sie halten Sojawachs oder jedes duftende Wachs mit hoher Qualit\u00e4t.<\/p>\n\n\n\n<p><strong>Exquisites Design mit gepr\u00e4gten Linien:<\/strong> Diese ma\u00dfgefertigten Kerzengl\u00e4ser weisen ein exquisites, gepr\u00e4gtes Liniendesign mit einer dreidimensionalen Textur auf, die dem Produkt eine visuelle Schichtung verleiht. Jedes Detail ist sorgf\u00e4ltig ausgearbeitet, um ein hochwertiges und luxuri\u00f6ses Gesamtbild zu schaffen.<\/p>\n\n\n\n<p><strong>Hochwertiges Morandi-Farbsystem:<\/strong> Unsere luxuri\u00f6sen Kerzenbeh\u00e4lter f\u00fcr den Gro\u00dfhandel bieten eine Vielzahl von Morandi-Farboptionen mit weichen und zur\u00fcckhaltenden T\u00f6nen, die sich leicht in verschiedene Einrichtungsstile einf\u00fcgen lassen. Ob es sich um eine h\u00e4usliche Umgebung oder einen kommerziellen Ort, Morandi T\u00f6ne k\u00f6nnen eine friedliche und komfortable visuellen Genuss bringen und verbessern den Geschmack des Raumes.<\/p>\n\n\n\n<p><strong>Ausgezeichnete Note: <\/strong>Die Oberfl\u00e4che dieser individuellen Kerzengl\u00e4ser wurde sorgf\u00e4ltig bearbeitet und f\u00fchlt sich angenehm an. Wenn Sie sie ber\u00fchren, k\u00f6nnen Sie die dreidimensionale Textur des exquisiten Reliefs sp\u00fcren, die dem Produkt ein Gef\u00fchl von Handwerkskunst verleiht. Diese zarte Ber\u00fchrung macht das Produkt nicht nur optisch herausragend, sondern gibt den Menschen auch eine angenehme Erfahrung, wenn sie es benutzen.<\/p>\n<\/div>\n\n\n\n<div class=\"wp-block-column is-layout-flow wp-block-column-is-layout-flow\" style=\"flex-basis:50%\">\n<figure class=\"wp-block-image size-full\"><img decoding=\"async\" width=\"800\" height=\"800\" src=\"https:\/\/www.linkceramics.com\/wp-content\/uploads\/2025\/07\/custom-candle-jars-luxury-candle-containers-wholesale-2.webp\" alt=\"kerzengl\u00e4ser-luxus-kerzenbeh\u00e4lter-grosshandel-2\" class=\"wp-image-2585\" srcset=\"https:\/\/www.linkceramics.com\/wp-content\/uploads\/2025\/07\/custom-candle-jars-luxury-candle-containers-wholesale-2.webp 800w, https:\/\/www.linkceramics.com\/wp-content\/uploads\/2025\/07\/custom-candle-jars-luxury-candle-containers-wholesale-2-300x300.webp 300w, https:\/\/www.linkceramics.com\/wp-content\/uploads\/2025\/07\/custom-candle-jars-luxury-candle-containers-wholesale-2-150x150.webp 150w, https:\/\/www.linkceramics.com\/wp-content\/uploads\/2025\/07\/custom-candle-jars-luxury-candle-containers-wholesale-2-768x768.webp 768w, https:\/\/www.linkceramics.com\/wp-content\/uploads\/2025\/07\/custom-candle-jars-luxury-candle-containers-wholesale-2-12x12.webp 12w, https:\/\/www.linkceramics.com\/wp-content\/uploads\/2025\/07\/custom-candle-jars-luxury-candle-containers-wholesale-2-600x600.webp 600w, https:\/\/www.linkceramics.com\/wp-content\/uploads\/2025\/07\/custom-candle-jars-luxury-candle-containers-wholesale-2-100x100.webp 100w\" sizes=\"(max-width: 800px) 100vw, 800px\" \/><\/figure>\n<\/div>\n<\/div>\n\n\n\n<p><\/p>","protected":false},"excerpt":{"rendered":"<div id=\"brxe-777fc5\" class=\"brxe-product-short-description brxe-text-basic\">\n<div class=\"woocommerce-product-details__short-description\">\n<p>Willkommen zum Kauf unserer benutzerdefinierten Kerzengl\u00e4ser, die aus hochwertigen Materialien hergestellt werden. Unsere Luxus-Kerzengef\u00e4\u00dfe Gro\u00dfhandel sind mit exquisiten Relief Linien und hochwertige Morandi Farben entworfen, bringen elegante und Low-Key visuelle Effekte und eine ausgezeichnete Hand-Gef\u00fchl Erfahrung. Funktionalit\u00e4t trifft auf Eleganz in diesen vielseitigen Kerzengl\u00e4sern, geeignet f\u00fcr Duftkerzen, Heimdekoration und vieles mehr.<\/p>\n<h2>Individuelle Kerzengl\u00e4ser Parameter:<\/h2>\n<table border=\"0\" width=\"582\" cellspacing=\"0\" cellpadding=\"0\">\n<tbody>\n<tr>\n<td width=\"229\" height=\"33\">Hersteller<\/td>\n<td width=\"353\">JINHUA<\/td>\n<\/tr>\n<tr>\n<td height=\"33\">Modell Nr.<\/td>\n<td>JHC25<\/td>\n<\/tr>\n<tr>\n<td height=\"33\">Gestaltung<\/td>\n<td>Zylindrische Form<\/td>\n<\/tr>\n<tr>\n<td height=\"33\">Material<\/td>\n<td>Keramik<\/td>\n<\/tr>\n<tr>\n<td height=\"33\">Farbe<\/td>\n<td width=\"353\">Gr\u00fcn, Wei\u00df, Rosa, Blau<\/td>\n<\/tr>\n<tr>\n<td height=\"33\">Benutzerdefiniert<\/td>\n<td>Farbe\/Gr\u00f6\u00dfe\/Logo\/Verpackung<\/td>\n<\/tr>\n<tr>\n<td height=\"33\">MOQ<\/td>\n<td>500St\u00fcck<\/td>\n<\/tr>\n<tr>\n<td height=\"33\">Dimension<\/td>\n<td width=\"353\">7.2*7.2*7cm<\/td>\n<\/tr>\n<\/tbody>\n<\/table>\n<\/div>\n<\/div>","protected":false},"featured_media":2586,"comment_status":"open","ping_status":"closed","template":"","meta":{"_acf_changed":false},"certification":[63,64,66,58,65,61,60,62,57],"product_brand":[],"product_cat":[37,16],"product_tag":[],"class_list":{"0":"post-2268","1":"product","2":"type-product","3":"status-publish","4":"has-post-thumbnail","6":"certification-amfori","7":"certification-bsci","8":"certification-cnas","9":"certification-fda","10":"certification-iaf","11":"certification-iso-14001","12":"certification-iso-45001","13":"certification-iso-9001","14":"certification-lfgb","15":"product_cat-decorative-ceramic-wholesale","16":"product_cat-ceramic-candle-holder","18":"first","19":"instock","20":"shipping-taxable","21":"product-type-simple"},"acf":[],"_links":{"self":[{"href":"https:\/\/www.linkceramics.com\/de\/wp-json\/wp\/v2\/product\/2268","targetHints":{"allow":["GET"]}}],"collection":[{"href":"https:\/\/www.linkceramics.com\/de\/wp-json\/wp\/v2\/product"}],"about":[{"href":"https:\/\/www.linkceramics.com\/de\/wp-json\/wp\/v2\/types\/product"}],"replies":[{"embeddable":true,"href":"https:\/\/www.linkceramics.com\/de\/wp-json\/wp\/v2\/comments?post=2268"}],"wp:featuredmedia":[{"embeddable":true,"href":"https:\/\/www.linkceramics.com\/de\/wp-json\/wp\/v2\/media\/2586"}],"wp:attachment":[{"href":"https:\/\/www.linkceramics.com\/de\/wp-json\/wp\/v2\/media?parent=2268"}],"wp:term":[{"taxonomy":"certification","embeddable":true,"href":"https:\/\/www.linkceramics.com\/de\/wp-json\/wp\/v2\/certification?post=2268"},{"taxonomy":"product_brand","embeddable":true,"href":"https:\/\/www.linkceramics.com\/de\/wp-json\/wp\/v2\/product_brand?post=2268"},{"taxonomy":"product_cat","embeddable":true,"href":"https:\/\/www.linkceramics.com\/de\/wp-json\/wp\/v2\/product_cat?post=2268"},{"taxonomy":"product_tag","embeddable":true,"href":"https:\/\/www.linkceramics.com\/de\/wp-json\/wp\/v2\/product_tag?post=2268"}],"curies":[{"name":"wp","href":"https:\/\/api.w.org\/{rel}","templated":true}]}}