{"id":2283,"date":"2025-07-14T03:55:15","date_gmt":"2025-07-14T03:55:15","guid":{"rendered":"https:\/\/www.linkceramics.com\/?post_type=product&#038;p=2283"},"modified":"2025-07-14T03:58:27","modified_gmt":"2025-07-14T03:58:27","slug":"wholesale-bath-accessory-set","status":"publish","type":"product","link":"https:\/\/www.linkceramics.com\/de\/product\/wholesale-bath-accessory-set\/","title":{"rendered":"6-teiliges Gro\u00dfhandels-Badezubeh\u00f6r-Set, lila Keramik-Badezimmer-Set"},"content":{"rendered":"<div class=\"wp-block-columns is-layout-flex wp-container-core-columns-is-layout-9d6595d7 wp-block-columns-is-layout-flex\">\n<div class=\"wp-block-column is-layout-flow wp-block-column-is-layout-flow\" style=\"flex-basis:50%\">\n<h3 class=\"wp-block-heading\">Premium-Gro\u00dfhandel Bad Accessoire Set Features:<\/h3>\n\n\n\n<ul class=\"wp-block-list\">\n<li><strong>Stilvolles Design:<\/strong> Diese Badaccessoires im Gro\u00dfhandel haben einen violetten Farbverlauf mit nat\u00fcrlichen \u00dcberg\u00e4ngen von hellen zu dunklen Farben von oben nach unten, was einen weichen und geschichteten visuellen Effekt erzeugt. Alle Accessoires haben unregelm\u00e4\u00dfige und subtile Fleckentexturen auf ihren Oberfl\u00e4chen, die den Produkten einen Hauch von Raffinesse verleihen.<\/li>\n\n\n\n<li><strong>Langlebiges Material: <\/strong>Diese bei hohen Temperaturen gebrannten keramischen Badezimmersets in loser Sch\u00fcttung haben eine hohe H\u00e4rte und Festigkeit, sind nicht anf\u00e4llig f\u00fcr Verschlei\u00df und Besch\u00e4digungen und haben eine lange Lebensdauer. Und die Oberfl\u00e4che der Keramik ist glatt, leicht zu reinigen und zu pflegen.<\/li>\n\n\n\n<li><strong>Vollst\u00e4ndiger Satz:<\/strong> Unsere 6-teiligen Badaccessoire-Sets umfassen einen Seifenspender, eine Seifenschale, ein Watted\u00f6schen, einen Zahnb\u00fcrstenhalter, einen Mundwasserbecher und einen Toilettenb\u00fcrstenhalter und vereinen mehrere Badfunktionen wie Waschen, Reinigen und Aufbewahren.<\/li>\n\n\n\n<li><strong>Eine bunte Auswahl: <\/strong>Diese keramischen Badezimmersets in loser Sch\u00fcttung sind neben Lila auch in drei anderen Farben erh\u00e4ltlich. Die Benutzer k\u00f6nnen die Farbe w\u00e4hlen, die am besten zu ihrem Badezimmerstil passt, um ihr eigenes Badezimmer zu gestalten.<\/li>\n<\/ul>\n<\/div>\n\n\n\n<div class=\"wp-block-column is-layout-flow wp-block-column-is-layout-flow\" style=\"flex-basis:50%\">\n<figure class=\"wp-block-image size-full\"><img decoding=\"async\" width=\"1600\" height=\"1600\" src=\"https:\/\/www.linkceramics.com\/wp-content\/uploads\/2025\/07\/6-Piece-Purple-Ceramic-Bathroom-Set-Wholesale-Custom-Bath-Accessories.webp\" alt=\"6-teiliges lilafarbenes Keramik-Badezimmer-Set-Gro\u00dfhandel-individuelles-Bad-Zubeh\u00f6r\" class=\"wp-image-2288\" srcset=\"https:\/\/www.linkceramics.com\/wp-content\/uploads\/2025\/07\/6-Piece-Purple-Ceramic-Bathroom-Set-Wholesale-Custom-Bath-Accessories.webp 1600w, https:\/\/www.linkceramics.com\/wp-content\/uploads\/2025\/07\/6-Piece-Purple-Ceramic-Bathroom-Set-Wholesale-Custom-Bath-Accessories-300x300.webp 300w, https:\/\/www.linkceramics.com\/wp-content\/uploads\/2025\/07\/6-Piece-Purple-Ceramic-Bathroom-Set-Wholesale-Custom-Bath-Accessories-150x150.webp 150w, https:\/\/www.linkceramics.com\/wp-content\/uploads\/2025\/07\/6-Piece-Purple-Ceramic-Bathroom-Set-Wholesale-Custom-Bath-Accessories-768x768.webp 768w, https:\/\/www.linkceramics.com\/wp-content\/uploads\/2025\/07\/6-Piece-Purple-Ceramic-Bathroom-Set-Wholesale-Custom-Bath-Accessories-12x12.webp 12w, https:\/\/www.linkceramics.com\/wp-content\/uploads\/2025\/07\/6-Piece-Purple-Ceramic-Bathroom-Set-Wholesale-Custom-Bath-Accessories-1200x1200.webp 1200w, https:\/\/www.linkceramics.com\/wp-content\/uploads\/2025\/07\/6-Piece-Purple-Ceramic-Bathroom-Set-Wholesale-Custom-Bath-Accessories-600x600.webp 600w, https:\/\/www.linkceramics.com\/wp-content\/uploads\/2025\/07\/6-Piece-Purple-Ceramic-Bathroom-Set-Wholesale-Custom-Bath-Accessories-100x100.webp 100w\" sizes=\"(max-width: 1600px) 100vw, 1600px\" \/><\/figure>\n<\/div>\n<\/div>\n\n\n\n<p><\/p>","protected":false},"excerpt":{"rendered":"<div class=\"elementor-element elementor-element-12826c1 elementor-widget elementor-widget-text-editor\" data-id=\"12826c1\" data-element_type=\"widget\" data-widget_type=\"text-editor.default\">\n<div class=\"elementor-widget-container\">\n<div class=\"elementor-element elementor-element-12826c1 elementor-widget elementor-widget-text-editor\" data-id=\"12826c1\" data-element_type=\"widget\" data-widget_type=\"text-editor.default\">\n<div class=\"elementor-widget-container\">\n<p>Willkommen im Gro\u00dfhandel Bad-Accessoire-Sets zu kaufen. Diese keramischen Badezimmersets in gro\u00dfen Mengen sind stilvoll gestaltet und k\u00f6nnen dem Badezimmer eine elegante und warme Atmosph\u00e4re verleihen. Inzwischen ist Keramik Material langlebig und leicht zu reinigen, so dass es sehr praktisch.<\/p>\n<\/div>\n<\/div>\n<h2 class=\"wp-block-heading\">Gro\u00dfhandel Bad-Accessoires Set Spezifikationen:<\/h2>\n<\/div>\n<\/div>\n<div data-id=\"bef26dc\" data-element_type=\"widget\" data-widget_type=\"text-editor.default\">\n<div>\n<table border=\"0\" width=\"476\" cellspacing=\"0\" cellpadding=\"0\">\n<tbody>\n<tr>\n<td width=\"187\" height=\"29\">Hersteller<\/td>\n<td width=\"289\">JINHUA<\/td>\n<\/tr>\n<tr>\n<td height=\"29\">Modell Nr.<\/td>\n<td>JHB77<\/td>\n<\/tr>\n<tr>\n<td height=\"29\">Gestaltung<\/td>\n<td>6-teiliges Set<\/td>\n<\/tr>\n<tr>\n<td height=\"29\">Material<\/td>\n<td>Keramik<\/td>\n<\/tr>\n<tr>\n<td height=\"29\">Farbe<\/td>\n<td width=\"289\">Lila, Rot, Gr\u00fcn<\/td>\n<\/tr>\n<tr>\n<td height=\"29\">Benutzerdefiniert<\/td>\n<td>Farbe\/Gr\u00f6\u00dfe\/Logo\/Verpackung<\/td>\n<\/tr>\n<tr>\n<td height=\"29\">MOQ<\/td>\n<td>500 S\u00e4tze<\/td>\n<\/tr>\n<tr>\n<td height=\"232\">Dimension<\/td>\n<td width=\"289\">Seifenflasche: 10*10*19,5cm<br \/>Tasse: 9*9*12cm<br \/>Zahnb\u00fcrstenhalter: 9.5*9.5*12cm<br \/>Seifenschale: 13*9*2cm<br \/>Krug: 10*10*11,5cm<br \/>Toilettenb\u00fcrstenhalter: 9.5*9.5*36.5cm<\/td>\n<\/tr>\n<\/tbody>\n<\/table>\n<\/div>\n<\/div>\n<div class=\"elementor-element elementor-element-b03ea8d elementor-widget elementor-widget-button\" data-id=\"b03ea8d\" data-element_type=\"widget\" data-widget_type=\"button.default\">\n<div class=\"elementor-widget-container\">\n<div class=\"elementor-button-wrapper\">\u00a0<\/div>\n<\/div>\n<\/div>","protected":false},"featured_media":2287,"comment_status":"open","ping_status":"closed","template":"","meta":{"_acf_changed":false},"certification":[63,64,66,58,65,61,60,62,57],"product_brand":[],"product_cat":[35,22],"product_tag":[],"class_list":{"0":"post-2283","1":"product","2":"type-product","3":"status-publish","4":"has-post-thumbnail","6":"certification-amfori","7":"certification-bsci","8":"certification-cnas","9":"certification-fda","10":"certification-iaf","11":"certification-iso-14001","12":"certification-iso-45001","13":"certification-iso-9001","14":"certification-lfgb","15":"product_cat-bathroom-ceramics-supply","16":"product_cat-ceramic-bathroom-set","18":"first","19":"instock","20":"shipping-taxable","21":"product-type-simple"},"acf":[],"_links":{"self":[{"href":"https:\/\/www.linkceramics.com\/de\/wp-json\/wp\/v2\/product\/2283","targetHints":{"allow":["GET"]}}],"collection":[{"href":"https:\/\/www.linkceramics.com\/de\/wp-json\/wp\/v2\/product"}],"about":[{"href":"https:\/\/www.linkceramics.com\/de\/wp-json\/wp\/v2\/types\/product"}],"replies":[{"embeddable":true,"href":"https:\/\/www.linkceramics.com\/de\/wp-json\/wp\/v2\/comments?post=2283"}],"wp:featuredmedia":[{"embeddable":true,"href":"https:\/\/www.linkceramics.com\/de\/wp-json\/wp\/v2\/media\/2287"}],"wp:attachment":[{"href":"https:\/\/www.linkceramics.com\/de\/wp-json\/wp\/v2\/media?parent=2283"}],"wp:term":[{"taxonomy":"certification","embeddable":true,"href":"https:\/\/www.linkceramics.com\/de\/wp-json\/wp\/v2\/certification?post=2283"},{"taxonomy":"product_brand","embeddable":true,"href":"https:\/\/www.linkceramics.com\/de\/wp-json\/wp\/v2\/product_brand?post=2283"},{"taxonomy":"product_cat","embeddable":true,"href":"https:\/\/www.linkceramics.com\/de\/wp-json\/wp\/v2\/product_cat?post=2283"},{"taxonomy":"product_tag","embeddable":true,"href":"https:\/\/www.linkceramics.com\/de\/wp-json\/wp\/v2\/product_tag?post=2283"}],"curies":[{"name":"wp","href":"https:\/\/api.w.org\/{rel}","templated":true}]}}