{"id":2290,"date":"2025-07-14T05:22:09","date_gmt":"2025-07-14T05:22:09","guid":{"rendered":"https:\/\/www.linkceramics.com\/?post_type=product&#038;p=2290"},"modified":"2025-07-14T05:22:11","modified_gmt":"2025-07-14T05:22:11","slug":"custom-plates-and-bowls","status":"publish","type":"product","link":"https:\/\/www.linkceramics.com\/de\/product\/custom-plates-and-bowls\/","title":{"rendered":"Benutzerdefinierte Teller und Schalen, Luxus-Keramik-Dinner-Set Gro\u00dfhandel"},"content":{"rendered":"<div class=\"wp-block-columns is-layout-flex wp-container-core-columns-is-layout-9d6595d7 wp-block-columns-is-layout-flex\">\n<div class=\"wp-block-column is-layout-flow wp-block-column-is-layout-flow\" style=\"flex-basis:50%\">\n<h3 class=\"wp-block-heading\">Premium Custom Teller und Schalen Merkmale:<\/h3>\n\n\n\n<ul class=\"wp-block-list\">\n<li><strong>Farbverl\u00e4ufe:<\/strong> Das \u00c4u\u00dfere der ma\u00dfgefertigten Teller und Schalen besticht durch ein raffiniertes Radialmuster mit einer Farbverlaufskombination aus Gr\u00fcn, Wei\u00df und Gold, das ein frisches und nat\u00fcrliches Aussehen verleiht und gleichzeitig Eleganz und Raffinesse vereint.<\/li>\n\n\n\n<li><strong>Hochwertiges Material: <\/strong>Das hochwertige Keramikgeschirr im Gro\u00dfhandel ist robust, weniger verschlei\u00dfanf\u00e4llig und sehr hitzebest\u00e4ndig. Sie k\u00f6nnen sicher in der Mikrowelle, im Ofen, im K\u00fchlschrank und in der Sp\u00fclmaschine verwendet werden.<\/li>\n\n\n\n<li><strong>Vollst\u00e4ndiger Satz:<\/strong> Das Gro\u00dfhandels-Keramikgeschirr umfasst Teller, Sch\u00fcsseln und Tassen f\u00fcr verschiedene Essensbed\u00fcrfnisse. Teller sind zum Beispiel perfekt f\u00fcr Haupt- und Beilagengerichte, Sch\u00fcsseln f\u00fcr Suppen und Grundnahrungsmittel und Tassen f\u00fcr Getr\u00e4nke wie Kaffee, Tee und mehr.<\/li>\n\n\n\n<li><strong>Perfektes Geschenk: <\/strong>Die praktischen und sch\u00f6nen Teller und Schalen sind ideale Geschenke f\u00fcr eine Hochzeit oder eine Wohnungseinweihung, um die guten W\u00fcnsche des Schenkers zu \u00fcbermitteln.<\/li>\n<\/ul>\n<\/div>\n\n\n\n<div class=\"wp-block-column is-layout-flow wp-block-column-is-layout-flow\" style=\"flex-basis:50%\">\n<figure class=\"wp-block-image size-full\"><img decoding=\"async\" width=\"1600\" height=\"1591\" src=\"https:\/\/www.linkceramics.com\/wp-content\/uploads\/2025\/07\/custom-plates-and-bowls-luxury-ceramic-dinner-set-wholesale-1.webp\" alt=\"teller-und-sch\u00fcsseln-luxus-keramik-geschirr-grosshandel-1\" class=\"wp-image-2292\" srcset=\"https:\/\/www.linkceramics.com\/wp-content\/uploads\/2025\/07\/custom-plates-and-bowls-luxury-ceramic-dinner-set-wholesale-1.webp 1600w, https:\/\/www.linkceramics.com\/wp-content\/uploads\/2025\/07\/custom-plates-and-bowls-luxury-ceramic-dinner-set-wholesale-1-300x298.webp 300w, https:\/\/www.linkceramics.com\/wp-content\/uploads\/2025\/07\/custom-plates-and-bowls-luxury-ceramic-dinner-set-wholesale-1-150x150.webp 150w, https:\/\/www.linkceramics.com\/wp-content\/uploads\/2025\/07\/custom-plates-and-bowls-luxury-ceramic-dinner-set-wholesale-1-768x764.webp 768w, https:\/\/www.linkceramics.com\/wp-content\/uploads\/2025\/07\/custom-plates-and-bowls-luxury-ceramic-dinner-set-wholesale-1-12x12.webp 12w, https:\/\/www.linkceramics.com\/wp-content\/uploads\/2025\/07\/custom-plates-and-bowls-luxury-ceramic-dinner-set-wholesale-1-1200x1193.webp 1200w, https:\/\/www.linkceramics.com\/wp-content\/uploads\/2025\/07\/custom-plates-and-bowls-luxury-ceramic-dinner-set-wholesale-1-600x597.webp 600w, https:\/\/www.linkceramics.com\/wp-content\/uploads\/2025\/07\/custom-plates-and-bowls-luxury-ceramic-dinner-set-wholesale-1-100x100.webp 100w\" sizes=\"(max-width: 1600px) 100vw, 1600px\" \/><\/figure>\n<\/div>\n<\/div>\n\n\n\n<p><\/p>","protected":false},"excerpt":{"rendered":"<div class=\"elementor-element elementor-element-12826c1 elementor-widget elementor-widget-text-editor\" data-id=\"12826c1\" data-element_type=\"widget\" data-widget_type=\"text-editor.default\">\n<div class=\"elementor-widget-container\">\n<div class=\"elementor-element elementor-element-12826c1 elementor-widget elementor-widget-text-editor\" data-id=\"12826c1\" data-element_type=\"widget\" data-widget_type=\"text-editor.default\">\n<div class=\"elementor-widget-container\">\n<p>Willkommen zum Kauf unserer kundenspezifischen Teller und Schalen. Das Gro\u00dfhandelsgeschirr aus Keramik ist sehr gut gestaltet und eignet sich f\u00fcr verschiedene Tischdesigns. Das keramische Material ist auch robust und langlebig. Die Teller, Sch\u00fcsseln und Tassen sind alle verwendbar und f\u00fcr verschiedene Arten von Essenszwecken genutzt. Sie sind auch f\u00fcr den individuellen Gebrauch und die Bewirtung von G\u00e4sten geeignet.<\/p>\n<\/div>\n<\/div>\n<h2 class=\"wp-block-heading\">Individuelle Teller und Schalen Spezifikationen:<\/h2>\n<\/div>\n<\/div>\n<div data-id=\"bef26dc\" data-element_type=\"widget\" data-widget_type=\"text-editor.default\">\n<div data-id=\"bef26dc\" data-element_type=\"widget\" data-widget_type=\"text-editor.default\">\n<div>\n<table border=\"0\" width=\"469\" cellspacing=\"0\" cellpadding=\"0\">\n<tbody>\n<tr>\n<td width=\"168\" height=\"29\">Hersteller<\/td>\n<td width=\"301\">JINHUA<\/td>\n<\/tr>\n<tr>\n<td height=\"29\">Modell Nr.<\/td>\n<td>JHD76<\/td>\n<\/tr>\n<tr>\n<td height=\"29\">Gestaltung<\/td>\n<td>Runde Form<\/td>\n<\/tr>\n<tr>\n<td height=\"29\">Material<\/td>\n<td>Keramik<\/td>\n<\/tr>\n<tr>\n<td height=\"29\">Farbe<\/td>\n<td>Wei\u00df und gr\u00fcn<\/td>\n<\/tr>\n<tr>\n<td height=\"29\">Benutzerdefiniert<\/td>\n<td>Farbe\/Gr\u00f6\u00dfe\/Logo\/Verpackung<\/td>\n<\/tr>\n<tr>\n<td height=\"29\">MOQ<\/td>\n<td>500 S\u00e4tze<\/td>\n<\/tr>\n<tr>\n<td height=\"116\">Dimension<\/td>\n<td width=\"301\">6in Schale: 15.2*15.2*6.4cm<br \/>8.5in Platte: 21.6*21.6*1.9cm<br \/>10.5in Platte: 26.7*26.7*2.5cm<br \/>Tasse: 12.7*8.9*10.2cm<\/td>\n<\/tr>\n<\/tbody>\n<\/table>\n<\/div>\n<\/div>\n<div class=\"elementor-element elementor-element-b03ea8d elementor-widget elementor-widget-button\" data-id=\"b03ea8d\" data-element_type=\"widget\" data-widget_type=\"button.default\">\n<div class=\"elementor-widget-container\">\n<div class=\"elementor-button-wrapper\">\u00a0<\/div>\n<\/div>\n<\/div>\n<\/div>\n<div class=\"elementor-element elementor-element-b03ea8d elementor-widget elementor-widget-button\" data-id=\"b03ea8d\" data-element_type=\"widget\" data-widget_type=\"button.default\">\n<div class=\"elementor-widget-container\">\n<div class=\"elementor-button-wrapper\">\u00a0<\/div>\n<\/div>\n<\/div>","protected":false},"featured_media":2295,"comment_status":"open","ping_status":"closed","template":"","meta":{"_acf_changed":false},"certification":[63,64,66,58,65,61,60,62,57],"product_brand":[],"product_cat":[34,18],"product_tag":[],"class_list":{"0":"post-2290","1":"product","2":"type-product","3":"status-publish","4":"has-post-thumbnail","6":"certification-amfori","7":"certification-bsci","8":"certification-cnas","9":"certification-fda","10":"certification-iaf","11":"certification-iso-14001","12":"certification-iso-45001","13":"certification-iso-9001","14":"certification-lfgb","15":"product_cat-custom-household-ceramics","16":"product_cat-ceramic-tableware-wholesale","18":"first","19":"instock","20":"shipping-taxable","21":"product-type-simple"},"acf":[],"_links":{"self":[{"href":"https:\/\/www.linkceramics.com\/de\/wp-json\/wp\/v2\/product\/2290","targetHints":{"allow":["GET"]}}],"collection":[{"href":"https:\/\/www.linkceramics.com\/de\/wp-json\/wp\/v2\/product"}],"about":[{"href":"https:\/\/www.linkceramics.com\/de\/wp-json\/wp\/v2\/types\/product"}],"replies":[{"embeddable":true,"href":"https:\/\/www.linkceramics.com\/de\/wp-json\/wp\/v2\/comments?post=2290"}],"wp:featuredmedia":[{"embeddable":true,"href":"https:\/\/www.linkceramics.com\/de\/wp-json\/wp\/v2\/media\/2295"}],"wp:attachment":[{"href":"https:\/\/www.linkceramics.com\/de\/wp-json\/wp\/v2\/media?parent=2290"}],"wp:term":[{"taxonomy":"certification","embeddable":true,"href":"https:\/\/www.linkceramics.com\/de\/wp-json\/wp\/v2\/certification?post=2290"},{"taxonomy":"product_brand","embeddable":true,"href":"https:\/\/www.linkceramics.com\/de\/wp-json\/wp\/v2\/product_brand?post=2290"},{"taxonomy":"product_cat","embeddable":true,"href":"https:\/\/www.linkceramics.com\/de\/wp-json\/wp\/v2\/product_cat?post=2290"},{"taxonomy":"product_tag","embeddable":true,"href":"https:\/\/www.linkceramics.com\/de\/wp-json\/wp\/v2\/product_tag?post=2290"}],"curies":[{"name":"wp","href":"https:\/\/api.w.org\/{rel}","templated":true}]}}