{"id":2299,"date":"2025-07-14T09:50:43","date_gmt":"2025-07-14T09:50:43","guid":{"rendered":"https:\/\/www.linkceramics.com\/?post_type=product&#038;p=2299"},"modified":"2025-07-14T09:50:45","modified_gmt":"2025-07-14T09:50:45","slug":"crockery-bulk","status":"publish","type":"product","link":"https:\/\/www.linkceramics.com\/de\/product\/crockery-bulk\/","title":{"rendered":"Catering Supplies Geschirr Bulk, Fancy Gro\u00dfhandel Essgeschirr Teller und Schalen"},"content":{"rendered":"<div class=\"wp-block-columns is-layout-flex wp-container-core-columns-is-layout-9d6595d7 wp-block-columns-is-layout-flex\">\n<div class=\"wp-block-column is-layout-flow wp-block-column-is-layout-flow\" style=\"flex-basis:66.66%\">\n<h3 class=\"wp-block-heading\">Catering-Bedarf Geschirr Bulk Merkmale:<\/h3>\n\n\n\n<ul class=\"wp-block-list\">\n<li><strong>Frisches Hellblau, elegant und nat\u00fcrlich: <\/strong>Unser Gro\u00dfhandel Geschirr Teller und Schalen sind vor allem frische hellblau, mit einem glatten Lotus Rand Design, einen Hauch von Eleganz und nat\u00fcrlicher Sch\u00f6nheit zu den Esstisch, besonders geeignet f\u00fcr High-End-Bankette und Catering-Szenen.<\/li>\n\n\n\n<li><strong>Kombination verschiedener Gr\u00f6\u00dfen f\u00fcr unterschiedliche Anforderungen:<\/strong> Unser Gro\u00dfk\u00fcchengeschirr umfasst Teller und Schalen in verschiedenen Gr\u00f6\u00dfen, die von Vorspeisen \u00fcber Hauptgerichte bis hin zu Desserts perfekt pr\u00e4sentiert werden k\u00f6nnen und sich flexibel an die unterschiedlichen Anforderungen der Gerichte anpassen.<\/li>\n\n\n\n<li><strong>Hochwertige Materialien, praktisch und langlebig:<\/strong> Diese Gro\u00dfhandelsgeschirr Teller und Schalen sind aus Hochtemperatur gebrannt Keramik, mit glatten und zarten Oberfl\u00e4chen, gute Kratzfestigkeit und Anti-Fouling-F\u00e4higkeit, geeignet f\u00fcr hochfrequente Catering-Service-Szenen ausgew\u00e4hlt.<\/li>\n\n\n\n<li><strong>Lieferung in gro\u00dfen Mengen, Unterst\u00fctzung f\u00fcr individuelle Anpassung:<\/strong> Wir bieten Gro\u00dflieferdienste f\u00fcr Gro\u00dfk\u00fcchengeschirr und unterst\u00fctzen kundenspezifische Anforderungen wie Farbanpassung und LOGO-Druck, damit gewerbliche Kunden ihr Markenimage und ihre Servicequalit\u00e4t verbessern k\u00f6nnen.<\/li>\n<\/ul>\n<\/div>\n\n\n\n<div class=\"wp-block-column is-layout-flow wp-block-column-is-layout-flow\" style=\"flex-basis:33.33%\">\n<figure class=\"wp-block-image size-full\"><img decoding=\"async\" width=\"800\" height=\"800\" src=\"https:\/\/www.linkceramics.com\/wp-content\/uploads\/2025\/07\/catering-supplies-crockery-bulk-fancy-wholesale-dinnerware-plates-and-bowls-3.webp\" alt=\"catering-supplies-gro\u00dfhandel-gro\u00dfgeschirr-geschirr-platten-und-schalen-3\" class=\"wp-image-2302\" srcset=\"https:\/\/www.linkceramics.com\/wp-content\/uploads\/2025\/07\/catering-supplies-crockery-bulk-fancy-wholesale-dinnerware-plates-and-bowls-3.webp 800w, https:\/\/www.linkceramics.com\/wp-content\/uploads\/2025\/07\/catering-supplies-crockery-bulk-fancy-wholesale-dinnerware-plates-and-bowls-3-300x300.webp 300w, https:\/\/www.linkceramics.com\/wp-content\/uploads\/2025\/07\/catering-supplies-crockery-bulk-fancy-wholesale-dinnerware-plates-and-bowls-3-150x150.webp 150w, https:\/\/www.linkceramics.com\/wp-content\/uploads\/2025\/07\/catering-supplies-crockery-bulk-fancy-wholesale-dinnerware-plates-and-bowls-3-768x768.webp 768w, https:\/\/www.linkceramics.com\/wp-content\/uploads\/2025\/07\/catering-supplies-crockery-bulk-fancy-wholesale-dinnerware-plates-and-bowls-3-12x12.webp 12w, https:\/\/www.linkceramics.com\/wp-content\/uploads\/2025\/07\/catering-supplies-crockery-bulk-fancy-wholesale-dinnerware-plates-and-bowls-3-600x600.webp 600w, https:\/\/www.linkceramics.com\/wp-content\/uploads\/2025\/07\/catering-supplies-crockery-bulk-fancy-wholesale-dinnerware-plates-and-bowls-3-100x100.webp 100w\" sizes=\"(max-width: 800px) 100vw, 800px\" \/><\/figure>\n<\/div>\n<\/div>","protected":false},"excerpt":{"rendered":"<div id=\"brxe-0ee1ca\" class=\"brxe-product-meta product_meta\">Willkommen zum Kauf Catering liefert Geschirr bulk. Unsere hellblau Keramik Gro\u00dfhandel Geschirr Teller und Schalen sind frisch und elegant im Design, geeignet f\u00fcr eine Vielzahl von Szenen. Bieten eine Vielzahl von Gr\u00f6\u00dfenkombinationen, perfekte Pr\u00e4sentation von Vorspeisen bis Desserts. Ausgew\u00e4hlte hochwertige Keramik sind langlebig und leicht zu reinigen, und unterst\u00fctzen gro\u00df angelegte Lieferung und Anpassung.<\/div>\n<div id=\"brxe-8c5ca9\" class=\"brxe-product-short-description\">\n<div class=\"woocommerce-product-details__short-description\">\n<h2>Catering-Bedarf Geschirr in gro\u00dfen Mengen Spezifikationen:<\/h2>\n<table border=\"0\" width=\"654\" cellspacing=\"0\" cellpadding=\"0\">\n<tbody>\n<tr>\n<td width=\"254\" height=\"33\">Hersteller<\/td>\n<td width=\"400\">Yongjian<\/td>\n<\/tr>\n<tr>\n<td height=\"33\">Modell Nr.<\/td>\n<td width=\"400\">YJ-105<\/td>\n<\/tr>\n<tr>\n<td width=\"254\" height=\"33\">Essgeschirr Typ<\/td>\n<td width=\"400\">Teller, Platten, Schalen<\/td>\n<\/tr>\n<tr>\n<td height=\"33\">Technik<\/td>\n<td>Ofenglasur-Effekt<\/td>\n<\/tr>\n<tr>\n<td height=\"33\">Material<\/td>\n<td>Porzellan<\/td>\n<\/tr>\n<tr>\n<td height=\"66\">Anwendbar<\/td>\n<td width=\"400\">Sterilisator, Geschirrsp\u00fcler, Backofen, Mikrowelle<\/td>\n<\/tr>\n<tr>\n<td height=\"33\">Dimension<\/td>\n<td>Als Bild<\/td>\n<\/tr>\n<tr>\n<td height=\"33\">MOQ<\/td>\n<td>500St\u00fcck<\/td>\n<\/tr>\n<tr>\n<td height=\"33\">Benutzerdefiniert<\/td>\n<td>Farbe\/Gr\u00f6\u00dfe\/Logo\/Verpackung<\/td>\n<\/tr>\n<\/tbody>\n<\/table>\n<\/div>\n<\/div>","protected":false},"featured_media":2304,"comment_status":"open","ping_status":"closed","template":"","meta":{"_acf_changed":false},"certification":[63,64,66,58,65,61,60,62],"product_brand":[],"product_cat":[34,18],"product_tag":[],"class_list":{"0":"post-2299","1":"product","2":"type-product","3":"status-publish","4":"has-post-thumbnail","6":"certification-amfori","7":"certification-bsci","8":"certification-cnas","9":"certification-fda","10":"certification-iaf","11":"certification-iso-14001","12":"certification-iso-45001","13":"certification-iso-9001","14":"product_cat-custom-household-ceramics","15":"product_cat-ceramic-tableware-wholesale","17":"first","18":"instock","19":"shipping-taxable","20":"product-type-simple"},"acf":[],"_links":{"self":[{"href":"https:\/\/www.linkceramics.com\/de\/wp-json\/wp\/v2\/product\/2299","targetHints":{"allow":["GET"]}}],"collection":[{"href":"https:\/\/www.linkceramics.com\/de\/wp-json\/wp\/v2\/product"}],"about":[{"href":"https:\/\/www.linkceramics.com\/de\/wp-json\/wp\/v2\/types\/product"}],"replies":[{"embeddable":true,"href":"https:\/\/www.linkceramics.com\/de\/wp-json\/wp\/v2\/comments?post=2299"}],"wp:featuredmedia":[{"embeddable":true,"href":"https:\/\/www.linkceramics.com\/de\/wp-json\/wp\/v2\/media\/2304"}],"wp:attachment":[{"href":"https:\/\/www.linkceramics.com\/de\/wp-json\/wp\/v2\/media?parent=2299"}],"wp:term":[{"taxonomy":"certification","embeddable":true,"href":"https:\/\/www.linkceramics.com\/de\/wp-json\/wp\/v2\/certification?post=2299"},{"taxonomy":"product_brand","embeddable":true,"href":"https:\/\/www.linkceramics.com\/de\/wp-json\/wp\/v2\/product_brand?post=2299"},{"taxonomy":"product_cat","embeddable":true,"href":"https:\/\/www.linkceramics.com\/de\/wp-json\/wp\/v2\/product_cat?post=2299"},{"taxonomy":"product_tag","embeddable":true,"href":"https:\/\/www.linkceramics.com\/de\/wp-json\/wp\/v2\/product_tag?post=2299"}],"curies":[{"name":"wp","href":"https:\/\/api.w.org\/{rel}","templated":true}]}}