{"id":2306,"date":"2025-07-14T10:54:06","date_gmt":"2025-07-14T10:54:06","guid":{"rendered":"https:\/\/www.linkceramics.com\/?post_type=product&#038;p=2306"},"modified":"2025-07-14T10:54:08","modified_gmt":"2025-07-14T10:54:08","slug":"custom-chinese-casserole-dish","status":"publish","type":"product","link":"https:\/\/www.linkceramics.com\/de\/product\/custom-chinese-casserole-dish\/","title":{"rendered":"Custom Chinese Casserole Dish Schwarz Suppentopf Keramik Kochgeschirr"},"content":{"rendered":"<div class=\"wp-block-columns is-layout-flex wp-container-core-columns-is-layout-9d6595d7 wp-block-columns-is-layout-flex\">\n<div class=\"wp-block-column is-layout-flow wp-block-column-is-layout-flow\" style=\"flex-basis:50%\">\n<h3 class=\"wp-block-heading\">Custom Chinese Casserole Dish Merkmale:<\/h3>\n\n\n\n<p><strong>Schwarzes modernes minimalistisches Design<\/strong><br>Die elegante schwarze chinesische Auflaufform ist die Fortsetzung des beliebten gusseisernen Topfdesigns in \u00dcbersee. Sie ist modern und klassisch, passt zu jedem K\u00fcchenstil und ist sehr dekorativ.<\/p>\n\n\n\n<p><strong>Umweltfreundliches hitzebest\u00e4ndiges Porzellan<\/strong><br>Der Gro\u00dfhandel Keramik Kochgeschirr aus hochtemperaturbest\u00e4ndigem Porzellan Material, sicher und ungiftig. Die chinesische Casserole Dish K\u00f6rper ist robust und langlebig, mit gleichm\u00e4\u00dfiger W\u00e4rme\u00fcbertragung, die Lebensmittel f\u00fcr eine lange Zeit warm halten kann und ist f\u00fcr den langfristigen Einsatz geeignet.<\/p>\n\n\n\n<p><strong>Hochwertige Glasur<br><\/strong>Die bei hohen Temperaturen gebrannte keramische Oberfl\u00e4che ist langlebig und leicht zu reinigen, dabei kratzfest und nicht leicht zu verf\u00e4rben oder zu verblassen.<\/p>\n\n\n\n<p><strong>Holzknauf mit Verkrustungsschutz<br><\/strong>Die benutzerdefinierte chinesische Auflaufform mit umweltfreundlichen nat\u00fcrlichen Holzkn\u00f6pfen ist gesund und ungiftig und hat eine Anti-Verbr\u00fchungsfunktion, die die Sicherheit und den Komfort im Gebrauch verbessert.<\/p>\n\n\n\n<p>Verschiedene Kochgeschirrtypen zur Auswahl<br>Das Gro\u00dfhandels-Keramikkochgeschirr umfasst Suppent\u00f6pfe, Multifunktionst\u00f6pfe und Milcht\u00f6pfe usw., um verschiedenen Kochbed\u00fcrfnissen gerecht zu werden, geeignet f\u00fcr die t\u00e4gliche Familienk\u00fcche oder Bankette.<\/p>\n<\/div>\n\n\n\n<div class=\"wp-block-column is-layout-flow wp-block-column-is-layout-flow\" style=\"flex-basis:50%\">\n<figure class=\"wp-block-image size-full\"><img decoding=\"async\" width=\"4139\" height=\"4139\" src=\"https:\/\/www.linkceramics.com\/wp-content\/uploads\/2025\/07\/custom-chinese-casserole-dish-7.webp\" alt=\"benutzerdefinierte chinesische Auflaufform-7\" class=\"wp-image-2309\" srcset=\"https:\/\/www.linkceramics.com\/wp-content\/uploads\/2025\/07\/custom-chinese-casserole-dish-7.webp 4139w, https:\/\/www.linkceramics.com\/wp-content\/uploads\/2025\/07\/custom-chinese-casserole-dish-7-300x300.webp 300w, https:\/\/www.linkceramics.com\/wp-content\/uploads\/2025\/07\/custom-chinese-casserole-dish-7-150x150.webp 150w, https:\/\/www.linkceramics.com\/wp-content\/uploads\/2025\/07\/custom-chinese-casserole-dish-7-768x768.webp 768w, https:\/\/www.linkceramics.com\/wp-content\/uploads\/2025\/07\/custom-chinese-casserole-dish-7-12x12.webp 12w, https:\/\/www.linkceramics.com\/wp-content\/uploads\/2025\/07\/custom-chinese-casserole-dish-7-1200x1200.webp 1200w, https:\/\/www.linkceramics.com\/wp-content\/uploads\/2025\/07\/custom-chinese-casserole-dish-7-600x600.webp 600w, https:\/\/www.linkceramics.com\/wp-content\/uploads\/2025\/07\/custom-chinese-casserole-dish-7-100x100.webp 100w\" sizes=\"(max-width: 4139px) 100vw, 4139px\" \/><\/figure>\n<\/div>\n<\/div>","protected":false},"excerpt":{"rendered":"<div class=\"D5aOJc vJwDU\">\n<div id=\"brxe-26696e\" class=\"brxe-product-short-description brxe-text-basic\">\n<div class=\"woocommerce-product-details__short-description\">\n<div class=\"D5aOJc vJwDU\">\n<p>Ma\u00dfgefertigte chinesische Kasserolle mit modernem schwarzem Korpus und Holzgriff, mit gusseisernem Topfdesign aus hochtemperaturbest\u00e4ndiger Keramik. Bietet hervorragende W\u00e4rmespeicherung und gleichm\u00e4\u00dfige Erw\u00e4rmung. Wird direkt vom Hersteller der Kasserolle geliefert, bitte anfragen!<\/p>\n<\/div>\n<h2 class=\"D5aOJc vJwDU\">Restaurant-Geschirr Gro\u00dfhandel Parameter:<\/h2>\n<table border=\"0\" width=\"618\" cellspacing=\"0\" cellpadding=\"0\">\n<tbody>\n<tr>\n<td width=\"180\" height=\"26\">Hersteller<\/td>\n<td width=\"438\">Lianyuan<\/td>\n<\/tr>\n<tr>\n<td height=\"26\">Produkttyp<\/td>\n<td>Suppenkasserolle, Multifunktionskasserolle, Milchtopf<\/td>\n<\/tr>\n<tr>\n<td height=\"26\">Farbe<\/td>\n<td>Schwarz mit Holzknauf<\/td>\n<\/tr>\n<tr>\n<td height=\"26\">Material<\/td>\n<td>Hitzebest\u00e4ndiges Porzellan<\/td>\n<\/tr>\n<tr>\n<td height=\"26\">Anmeldung<\/td>\n<td>Mikrowellen- und sp\u00fclmaschinenfest, ofenfest<\/td>\n<\/tr>\n<tr>\n<td height=\"26\">Benutzerdefiniert<\/td>\n<td>Farbe\/Gr\u00f6\u00dfe\/Logo\/Verpackung<\/td>\n<\/tr>\n<\/tbody>\n<\/table>\n<\/div>\n<\/div>\n<div id=\"brxe-ae2c03\" class=\"brxe-product-meta product_meta\">\u00a0<\/div>\n<\/div>","protected":false},"featured_media":2308,"comment_status":"open","ping_status":"closed","template":"","meta":{"_acf_changed":false},"certification":[66,58,65,61,60,62,57],"product_brand":[],"product_cat":[34,20],"product_tag":[],"class_list":{"0":"post-2306","1":"product","2":"type-product","3":"status-publish","4":"has-post-thumbnail","6":"certification-cnas","7":"certification-fda","8":"certification-iaf","9":"certification-iso-14001","10":"certification-iso-45001","11":"certification-iso-9001","12":"certification-lfgb","13":"product_cat-custom-household-ceramics","14":"product_cat-ceramic-kitchenware-wholesale","16":"first","17":"instock","18":"shipping-taxable","19":"product-type-simple"},"acf":[],"_links":{"self":[{"href":"https:\/\/www.linkceramics.com\/de\/wp-json\/wp\/v2\/product\/2306","targetHints":{"allow":["GET"]}}],"collection":[{"href":"https:\/\/www.linkceramics.com\/de\/wp-json\/wp\/v2\/product"}],"about":[{"href":"https:\/\/www.linkceramics.com\/de\/wp-json\/wp\/v2\/types\/product"}],"replies":[{"embeddable":true,"href":"https:\/\/www.linkceramics.com\/de\/wp-json\/wp\/v2\/comments?post=2306"}],"wp:featuredmedia":[{"embeddable":true,"href":"https:\/\/www.linkceramics.com\/de\/wp-json\/wp\/v2\/media\/2308"}],"wp:attachment":[{"href":"https:\/\/www.linkceramics.com\/de\/wp-json\/wp\/v2\/media?parent=2306"}],"wp:term":[{"taxonomy":"certification","embeddable":true,"href":"https:\/\/www.linkceramics.com\/de\/wp-json\/wp\/v2\/certification?post=2306"},{"taxonomy":"product_brand","embeddable":true,"href":"https:\/\/www.linkceramics.com\/de\/wp-json\/wp\/v2\/product_brand?post=2306"},{"taxonomy":"product_cat","embeddable":true,"href":"https:\/\/www.linkceramics.com\/de\/wp-json\/wp\/v2\/product_cat?post=2306"},{"taxonomy":"product_tag","embeddable":true,"href":"https:\/\/www.linkceramics.com\/de\/wp-json\/wp\/v2\/product_tag?post=2306"}],"curies":[{"name":"wp","href":"https:\/\/api.w.org\/{rel}","templated":true}]}}