{"id":2342,"date":"2025-07-22T04:01:03","date_gmt":"2025-07-22T04:01:03","guid":{"rendered":"https:\/\/www.linkceramics.com\/?post_type=product&#038;p=2342"},"modified":"2025-07-22T04:01:05","modified_gmt":"2025-07-22T04:01:05","slug":"teapots-wholesale","status":"publish","type":"product","link":"https:\/\/www.linkceramics.com\/de\/product\/teapots-wholesale\/","title":{"rendered":"Solecasa 1.5L Porzellan Teekannen Gro\u00dfhandel, Drinkware In Bulk"},"content":{"rendered":"<div class=\"wp-block-columns is-layout-flex wp-container-core-columns-is-layout-9d6595d7 wp-block-columns-is-layout-flex\">\n<div class=\"wp-block-column is-layout-flow wp-block-column-is-layout-flow\" style=\"flex-basis:50%\">\n<h3 class=\"wp-block-heading\">Premium Porzellan Teekannen Gro\u00dfhandel Merkmale:<\/h3>\n\n\n\n<ul class=\"wp-block-list\">\n<li><strong>Klassisches blau-wei\u00dfes Musterdesign:<\/strong> Unsere keramischen Teekannen Gro\u00dfhandel nimmt die klassischen blauen und wei\u00dfen Muster als Design-Stil, sowohl elegant und gro\u00dfz\u00fcgig, zeigt eine starke traditionelle kulturelle Geschmack, die eine k\u00fcnstlerische Geschmack f\u00fcr Abendessen oder Nachmittagstee.<\/li>\n\n\n\n<li><strong>Hochwertiges Porzellanmaterial:<\/strong> F\u00fcr unser Gastronomiebedarfsgeschirr wird hochwertiges Porzellan verwendet, um sicherzustellen, dass jede Teekanne robust und langlebig ist, hohen Temperaturen ohne Verformung standh\u00e4lt, leicht zu reinigen ist und ihre Sch\u00f6nheit und ihren Gebrauchswert langfristig bewahrt.<\/li>\n\n\n\n<li><strong>Kundenspezifische LOGO-Option: <\/strong>Wir bieten einen kundenspezifischen LOGO-Service f\u00fcr Teekannen im Gro\u00dfhandel, der sich f\u00fcr Markenwerbung, Unternehmensaktivit\u00e4ten, Hotels oder Restaurants und andere Orte eignet. Teekannen mit personalisierten Markenlogos k\u00f6nnen das Unternehmensimage effektiv verbessern.<\/li>\n\n\n\n<li><strong>Gro\u00dfes Fassungsverm\u00f6gen: <\/strong>Diese Teekanne f\u00fcr den Gastronomiebedarf hat ein Fassungsverm\u00f6gen von 1,5 l und eignet sich f\u00fcr Familienfeiern, Teepartys oder gesch\u00e4ftliche Anl\u00e4sse.<\/li>\n\n\n\n<li><strong>Anwendbar f\u00fcr mehrere Anl\u00e4sse:<\/strong> Ob es den t\u00e4glichen Gebrauch zu Hause, Hotels, Restaurants, B\u00fcros, oder als Werbegeschenke oder kundenspezifische Souvenirs, k\u00f6nnen diese Porzellan-Teekannen Gro\u00dfhandel perfekt in verschiedenen Umgebungen zu integrieren.<\/li>\n<\/ul>\n<\/div>\n\n\n\n<div class=\"wp-block-column is-layout-flow wp-block-column-is-layout-flow\" style=\"flex-basis:50%\">\n<figure class=\"wp-block-image size-full\"><img decoding=\"async\" width=\"426\" height=\"426\" src=\"https:\/\/www.linkceramics.com\/wp-content\/uploads\/2025\/07\/Solecasa-Porcelain-Teapots-Wholesale-Custom-Logo-Drinkware-3.webp\" alt=\"Solecasa-Porzellan-Kannen-Gro\u00dfhandel-Custom-Logo-Getr\u00e4nkegeschirr-3\" class=\"wp-image-2345\" srcset=\"https:\/\/www.linkceramics.com\/wp-content\/uploads\/2025\/07\/Solecasa-Porcelain-Teapots-Wholesale-Custom-Logo-Drinkware-3.webp 426w, https:\/\/www.linkceramics.com\/wp-content\/uploads\/2025\/07\/Solecasa-Porcelain-Teapots-Wholesale-Custom-Logo-Drinkware-3-300x300.webp 300w, https:\/\/www.linkceramics.com\/wp-content\/uploads\/2025\/07\/Solecasa-Porcelain-Teapots-Wholesale-Custom-Logo-Drinkware-3-150x150.webp 150w, https:\/\/www.linkceramics.com\/wp-content\/uploads\/2025\/07\/Solecasa-Porcelain-Teapots-Wholesale-Custom-Logo-Drinkware-3-12x12.webp 12w, https:\/\/www.linkceramics.com\/wp-content\/uploads\/2025\/07\/Solecasa-Porcelain-Teapots-Wholesale-Custom-Logo-Drinkware-3-100x100.webp 100w\" sizes=\"(max-width: 426px) 100vw, 426px\" \/><\/figure>\n<\/div>\n<\/div>","protected":false},"excerpt":{"rendered":"<div id=\"brxe-0ee1ca\" class=\"brxe-product-meta product_meta\">\n<p>Willkommen zum Kauf Restaurant Versorgung Trinkwaren. Unsere Blume Muster Keramik Teekannen Gro\u00dfhandel sind in eleganten Stil und reinen Farben, mit klassischen und modernen Stilen gefertigt und eignen sich f\u00fcr alle Arten von Restaurants Szenen.<\/p>\n<\/div>\n<div id=\"brxe-8c5ca9\" class=\"brxe-product-short-description\">\n<div class=\"woocommerce-product-details__short-description\">\n<h2>Teekannen Gro\u00dfhandel Spezifikationen:<\/h2>\n<table border=\"0\" width=\"370\" cellspacing=\"0\" cellpadding=\"0\">\n<tbody>\n<tr>\n<td width=\"139\" height=\"18\">Hersteller<\/td>\n<td width=\"231\">SOLECASA<\/td>\n<\/tr>\n<tr>\n<td width=\"139\" height=\"18\">Sammlung Zugeh\u00f6rigkeit<\/td>\n<td width=\"231\">Gamma Blau<\/td>\n<\/tr>\n<tr>\n<td width=\"139\" height=\"18\">Produkttyp<\/td>\n<td width=\"231\">In-Glasur-Teekanne 1,3 l<\/td>\n<\/tr>\n<tr>\n<td width=\"139\" height=\"18\">Modellnummer<\/td>\n<td width=\"231\">BD006F03540-XB<\/td>\n<\/tr>\n<tr>\n<td width=\"139\" height=\"18\">Material<\/td>\n<td width=\"231\">Porzellan<\/td>\n<\/tr>\n<tr>\n<td width=\"139\" height=\"18\">Dimension<\/td>\n<td width=\"231\">1.3L<\/td>\n<\/tr>\n<tr>\n<td width=\"139\" height=\"18\">MOQ<\/td>\n<td width=\"231\">Niedriges MOQ<\/td>\n<\/tr>\n<tr>\n<td width=\"139\" height=\"18\">Kostenlose Probe<\/td>\n<td width=\"231\">Verf\u00fcgbar<\/td>\n<\/tr>\n<tr>\n<td width=\"139\" height=\"18\">Kundenspezifische Option<\/td>\n<td width=\"231\">Farbe\/Gr\u00f6\u00dfe\/Glasur\/Logo\/Verpackung<\/td>\n<\/tr>\n<\/tbody>\n<\/table>\n<\/div>\n<\/div>","protected":false},"featured_media":2343,"comment_status":"open","ping_status":"closed","template":"","meta":{"_acf_changed":true},"certification":[63,64,66,58,65,61,60,62,57],"product_brand":[],"product_cat":[19,34],"product_tag":[],"class_list":{"0":"post-2342","1":"product","2":"type-product","3":"status-publish","4":"has-post-thumbnail","6":"certification-amfori","7":"certification-bsci","8":"certification-cnas","9":"certification-fda","10":"certification-iaf","11":"certification-iso-14001","12":"certification-iso-45001","13":"certification-iso-9001","14":"certification-lfgb","15":"product_cat-ceramic-tea-set-wholesale","16":"product_cat-custom-household-ceramics","18":"first","19":"instock","20":"shipping-taxable","21":"product-type-simple"},"acf":[],"_links":{"self":[{"href":"https:\/\/www.linkceramics.com\/de\/wp-json\/wp\/v2\/product\/2342","targetHints":{"allow":["GET"]}}],"collection":[{"href":"https:\/\/www.linkceramics.com\/de\/wp-json\/wp\/v2\/product"}],"about":[{"href":"https:\/\/www.linkceramics.com\/de\/wp-json\/wp\/v2\/types\/product"}],"replies":[{"embeddable":true,"href":"https:\/\/www.linkceramics.com\/de\/wp-json\/wp\/v2\/comments?post=2342"}],"wp:featuredmedia":[{"embeddable":true,"href":"https:\/\/www.linkceramics.com\/de\/wp-json\/wp\/v2\/media\/2343"}],"wp:attachment":[{"href":"https:\/\/www.linkceramics.com\/de\/wp-json\/wp\/v2\/media?parent=2342"}],"wp:term":[{"taxonomy":"certification","embeddable":true,"href":"https:\/\/www.linkceramics.com\/de\/wp-json\/wp\/v2\/certification?post=2342"},{"taxonomy":"product_brand","embeddable":true,"href":"https:\/\/www.linkceramics.com\/de\/wp-json\/wp\/v2\/product_brand?post=2342"},{"taxonomy":"product_cat","embeddable":true,"href":"https:\/\/www.linkceramics.com\/de\/wp-json\/wp\/v2\/product_cat?post=2342"},{"taxonomy":"product_tag","embeddable":true,"href":"https:\/\/www.linkceramics.com\/de\/wp-json\/wp\/v2\/product_tag?post=2342"}],"curies":[{"name":"wp","href":"https:\/\/api.w.org\/{rel}","templated":true}]}}