{"id":2346,"date":"2025-07-22T04:11:46","date_gmt":"2025-07-22T04:11:46","guid":{"rendered":"https:\/\/www.linkceramics.com\/?post_type=product&#038;p=2346"},"modified":"2025-08-04T06:50:32","modified_gmt":"2025-08-04T06:50:32","slug":"wholesale-dinnerware","status":"publish","type":"product","link":"https:\/\/www.linkceramics.com\/de\/product\/wholesale-dinnerware\/","title":{"rendered":"Rustikales Vintage-Gro\u00dfhandelsgeschirr, Teller, Sch\u00fcssel, Tassen-Sets"},"content":{"rendered":"<div class=\"wp-block-columns is-layout-flex wp-container-core-columns-is-layout-9d6595d7 wp-block-columns-is-layout-flex\">\n<div class=\"wp-block-column is-layout-flow wp-block-column-is-layout-flow\" style=\"flex-basis:50%\">\n<h3 class=\"wp-block-heading\">Premium Rustikale Vintage Gro\u00dfhandel Geschirr Merkmale:<\/h3>\n\n\n\n<ul class=\"wp-block-list\">\n<li><strong>Retro-Pastoral-Design:<\/strong> Das Design dieses Geschirrsets f\u00fcr den Gro\u00dfhandel ist von der traditionellen polnischen Keramik inspiriert. Das florale Muster ist warm und nat\u00fcrlich und unterstreicht den Stil der Tafel.<\/li>\n\n\n\n<li><strong>Mehrere Kombinationen:<\/strong> Dieses Geschirrset enth\u00e4lt Teller, Sch\u00fcsseln, Tassen und andere Utensilien f\u00fcr die unterschiedlichsten Bed\u00fcrfnisse beim Essen.<\/li>\n\n\n\n<li><strong>Hochtemperatur-Brennen, sicher und langlebig:<\/strong> Unser Gro\u00dfhandel Geschirr nimmt Hochtemperatur-Glasur-Technologie, die nicht leicht zu verblassen, kratzfest und hitzebest\u00e4ndig ist, geeignet f\u00fcr den t\u00e4glichen Gebrauch.<\/li>\n\n\n\n<li><strong>Anwendbar auf eine Vielzahl von Szenarien:<\/strong> Ob es sich um ein Familienessen, ein Festival oder ein Caf\u00e9 oder ein B&amp;B-Restaurant handelt, unser Retro-Geschirrset in gro\u00dfen Mengen l\u00e4sst sich perfekt integrieren.<\/li>\n\n\n\n<li><strong>Unterst\u00fctzung von Gro\u00dfhandel und Anpassung<\/strong>: Wir bieten Gro\u00dfhandelsservices f\u00fcr Gro\u00dfhandelsgeschirr an und k\u00f6nnen Muster, Logos und Verpackungen an die Bed\u00fcrfnisse von Marken oder Projekten anpassen.<\/li>\n<\/ul>\n<\/div>\n\n\n\n<div class=\"wp-block-column is-layout-flow wp-block-column-is-layout-flow\" style=\"flex-basis:50%\">\n<figure class=\"wp-block-image size-full\"><img decoding=\"async\" width=\"800\" height=\"800\" src=\"https:\/\/www.linkceramics.com\/wp-content\/uploads\/2025\/07\/Rustic-Vintage-Wholesale-Dinnerware-Plate-Bowl-Cup-Sets-3.webp\" alt=\"Rustikales-Vintage-Gro\u00dfhandel-Geschirr-Teller-Sch\u00fcssel-Tassen-Sets-3\" class=\"wp-image-2348\" srcset=\"https:\/\/www.linkceramics.com\/wp-content\/uploads\/2025\/07\/Rustic-Vintage-Wholesale-Dinnerware-Plate-Bowl-Cup-Sets-3.webp 800w, https:\/\/www.linkceramics.com\/wp-content\/uploads\/2025\/07\/Rustic-Vintage-Wholesale-Dinnerware-Plate-Bowl-Cup-Sets-3-300x300.webp 300w, https:\/\/www.linkceramics.com\/wp-content\/uploads\/2025\/07\/Rustic-Vintage-Wholesale-Dinnerware-Plate-Bowl-Cup-Sets-3-150x150.webp 150w, https:\/\/www.linkceramics.com\/wp-content\/uploads\/2025\/07\/Rustic-Vintage-Wholesale-Dinnerware-Plate-Bowl-Cup-Sets-3-768x768.webp 768w, https:\/\/www.linkceramics.com\/wp-content\/uploads\/2025\/07\/Rustic-Vintage-Wholesale-Dinnerware-Plate-Bowl-Cup-Sets-3-12x12.webp 12w, https:\/\/www.linkceramics.com\/wp-content\/uploads\/2025\/07\/Rustic-Vintage-Wholesale-Dinnerware-Plate-Bowl-Cup-Sets-3-600x600.webp 600w, https:\/\/www.linkceramics.com\/wp-content\/uploads\/2025\/07\/Rustic-Vintage-Wholesale-Dinnerware-Plate-Bowl-Cup-Sets-3-100x100.webp 100w\" sizes=\"(max-width: 800px) 100vw, 800px\" \/><\/figure>\n<\/div>\n<\/div>","protected":false},"excerpt":{"rendered":"<div id=\"brxe-0ee1ca\" class=\"brxe-product-meta product_meta\">\n<p>Willkommen zum Kauf von Gro\u00dfhandelsgeschirr. Dieses Geschirr im Landhaus-Retro-Stil hat einen milchig-wei\u00dfen Porzellanboden mit Blumenmustern und blauen Umrissen, der frisch und nat\u00fcrlich wirkt. Es umfasst Teller, Sch\u00fcsseln, Tassen und andere Arten von Utensilien, geeignet f\u00fcr Haus oder kommerzielle Szenen.<\/p>\n<\/div>\n<div id=\"brxe-8c5ca9\" class=\"brxe-product-short-description\">\n<div class=\"woocommerce-product-details__short-description\">\n<h2>Rustikales Vintage-Gro\u00dfhandel-Geschirr Spezifikationen:<\/h2>\n<table border=\"0\" width=\"370\" cellspacing=\"0\" cellpadding=\"0\">\n<tbody>\n<tr>\n<td width=\"139\" height=\"18\">Hersteller<\/td>\n<td width=\"231\">SOLECASA<\/td>\n<\/tr>\n<tr>\n<td width=\"139\" height=\"18\">Sammlung Name<\/td>\n<td width=\"231\">Poliertes Porzellan Charme<\/td>\n<\/tr>\n<tr>\n<td width=\"139\" height=\"18\">Enthaltene Produkte<\/td>\n<td width=\"231\">Teller, Sch\u00fcssel, Tasse und Untertasse, L\u00f6ffel<\/td>\n<\/tr>\n<tr>\n<td width=\"139\" height=\"18\">Material<\/td>\n<td width=\"231\">Porzellan<\/td>\n<\/tr>\n<tr>\n<td width=\"139\" height=\"18\">Paket<\/td>\n<td width=\"231\">Gro\u00dfpackung<\/td>\n<\/tr>\n<tr>\n<td width=\"139\" height=\"18\">Verkaufende Einheiten<\/td>\n<td width=\"231\">Einzelnes Element<\/td>\n<\/tr>\n<tr>\n<td width=\"139\" height=\"18\">MOQ<\/td>\n<td width=\"231\">Niedriges MOQ<\/td>\n<\/tr>\n<tr>\n<td width=\"139\" height=\"18\">Kostenlose Probe<\/td>\n<td width=\"231\">Verf\u00fcgbar<\/td>\n<\/tr>\n<tr>\n<td width=\"139\" height=\"18\">Kundenspezifische Option<\/td>\n<td width=\"231\">Farbe\/Gr\u00f6\u00dfe\/Glasur\/Logo\/Verpackung<\/td>\n<\/tr>\n<\/tbody>\n<\/table>\n<p><\/div>\n<\/div>\n<p>\n<script src=\"chrome-extension:\/\/fpelahbljekknahkcaegamhcndkfpfnc\/iFrame.js\" type=\"text\/javascript\"><\/script><\/p>","protected":false},"featured_media":2350,"comment_status":"open","ping_status":"closed","template":"","meta":{"_acf_changed":false},"certification":[63,64,66,58,65,61,60,62,57],"product_brand":[],"product_cat":[34,18],"product_tag":[],"class_list":{"0":"post-2346","1":"product","2":"type-product","3":"status-publish","4":"has-post-thumbnail","6":"certification-amfori","7":"certification-bsci","8":"certification-cnas","9":"certification-fda","10":"certification-iaf","11":"certification-iso-14001","12":"certification-iso-45001","13":"certification-iso-9001","14":"certification-lfgb","15":"product_cat-custom-household-ceramics","16":"product_cat-ceramic-tableware-wholesale","18":"first","19":"instock","20":"shipping-taxable","21":"product-type-simple"},"acf":[],"_links":{"self":[{"href":"https:\/\/www.linkceramics.com\/de\/wp-json\/wp\/v2\/product\/2346","targetHints":{"allow":["GET"]}}],"collection":[{"href":"https:\/\/www.linkceramics.com\/de\/wp-json\/wp\/v2\/product"}],"about":[{"href":"https:\/\/www.linkceramics.com\/de\/wp-json\/wp\/v2\/types\/product"}],"replies":[{"embeddable":true,"href":"https:\/\/www.linkceramics.com\/de\/wp-json\/wp\/v2\/comments?post=2346"}],"wp:featuredmedia":[{"embeddable":true,"href":"https:\/\/www.linkceramics.com\/de\/wp-json\/wp\/v2\/media\/2350"}],"wp:attachment":[{"href":"https:\/\/www.linkceramics.com\/de\/wp-json\/wp\/v2\/media?parent=2346"}],"wp:term":[{"taxonomy":"certification","embeddable":true,"href":"https:\/\/www.linkceramics.com\/de\/wp-json\/wp\/v2\/certification?post=2346"},{"taxonomy":"product_brand","embeddable":true,"href":"https:\/\/www.linkceramics.com\/de\/wp-json\/wp\/v2\/product_brand?post=2346"},{"taxonomy":"product_cat","embeddable":true,"href":"https:\/\/www.linkceramics.com\/de\/wp-json\/wp\/v2\/product_cat?post=2346"},{"taxonomy":"product_tag","embeddable":true,"href":"https:\/\/www.linkceramics.com\/de\/wp-json\/wp\/v2\/product_tag?post=2346"}],"curies":[{"name":"wp","href":"https:\/\/api.w.org\/{rel}","templated":true}]}}