{"id":2398,"date":"2025-07-28T04:04:09","date_gmt":"2025-07-28T04:04:09","guid":{"rendered":"https:\/\/www.linkceramics.com\/?post_type=product&#038;p=2398"},"modified":"2025-07-29T06:21:09","modified_gmt":"2025-07-29T06:21:09","slug":"custom-vanity-bathroom-cabinet","status":"publish","type":"product","link":"https:\/\/www.linkceramics.com\/de\/product\/custom-vanity-bathroom-cabinet\/","title":{"rendered":"Benutzerdefinierte Eitelkeit Badezimmer Schrank, Sperrholz Badezimmer mit LED-Spiegel in Bulk"},"content":{"rendered":"<div class=\"wp-block-columns is-layout-flex wp-container-core-columns-is-layout-9d6595d7 wp-block-columns-is-layout-flex\">\n<div class=\"wp-block-column is-layout-flow wp-block-column-is-layout-flow\" style=\"flex-basis:50%\">\n<h3 class=\"wp-block-heading\">Benutzerdefinierte Eitelkeit Badezimmer Schrank Features:<\/h3>\n\n\n\n<ul class=\"wp-block-list\">\n<li><strong>Hochwertiges Sperrholz:<\/strong> Es hat eine hohe Festigkeit und gute Stabilit\u00e4t, und ist nicht anf\u00e4llig f\u00fcr Verformung oder Rissbildung. Diese benutzerdefinierte Eitelkeit Bad Schrank kann guten Zustand f\u00fcr eine lange Zeit zu halten. Die Granit-Arbeitsplatte ist verschlei\u00dffest, kratzfest, schmutzabweisend und leicht zu reinigen, und hat auch eine ausgezeichnete Hochtemperaturbest\u00e4ndigkeit. Ob es f\u00fcr die Platzierung von Toilettenartikeln oder den t\u00e4glichen Gebrauch ist, kann es alles mit Leichtigkeit zu behandeln.<\/li>\n\n\n\n<li><strong>Speicherfunktion: <\/strong>Dieser ma\u00dfgefertigte Badezimmerschrank verf\u00fcgt \u00fcber reichlich Stauraum. Es gibt Schubladen mit gro\u00dfem Fassungsverm\u00f6gen und offene Ablagef\u00e4cher darunter. In den Schubladen k\u00f6nnen verschiedene Toilettenartikel kategorisch aufbewahrt werden, und in den offenen Ablagef\u00e4chern lassen sich h\u00e4ufig ben\u00f6tigte Gegenst\u00e4nde bequem unterbringen, sodass sie leicht zug\u00e4nglich sind. Das sinnvolle Zonendesign sorgt f\u00fcr eine \u00fcbersichtliche Anordnung der Badutensilien und vermeidet Unordnung.<\/li>\n\n\n\n<li><strong>Vorteile der Gr\u00f6\u00dfe: <\/strong>Die Gr\u00f6\u00dfe von 100 cm ist genau richtig. Sie nimmt weder zu viel Platz im Bad ein, noch gen\u00fcgt sie nicht den Anforderungen des t\u00e4glichen Gebrauchs. Sie nutzt den Platz an der Wand voll aus.<\/li>\n\n\n\n<li><strong>Direkte Lieferung ab Werk:<\/strong> Shouya Bad Schrank Fabrik Versorgung, garantierte Produktqualit\u00e4t und Lieferzeit, und mehr wettbewerbsf\u00e4hige Preise. Unterst\u00fctzen Sie niedrige MOQ und Massengro\u00dfhandel Eink\u00e4ufe.<\/li>\n<\/ul>\n<\/div>\n\n\n\n<div class=\"wp-block-column is-layout-flow wp-block-column-is-layout-flow\" style=\"flex-basis:50%\">\n<figure class=\"wp-block-image size-full\"><img decoding=\"async\" width=\"700\" height=\"700\" src=\"https:\/\/www.linkceramics.com\/wp-content\/uploads\/2025\/07\/custom-vanity-bathroom-cabinet-plywood-bathroom-with-led-mirror-in-bulk-2.webp\" alt=\"Brauchbarer-Vanit\u00e4r-Badeschrank-Sperrholz-Badezimmer-mit-gef\u00fchrtem-Spiegel-in-Bulk-2\" class=\"wp-image-2400\" srcset=\"https:\/\/www.linkceramics.com\/wp-content\/uploads\/2025\/07\/custom-vanity-bathroom-cabinet-plywood-bathroom-with-led-mirror-in-bulk-2.webp 700w, https:\/\/www.linkceramics.com\/wp-content\/uploads\/2025\/07\/custom-vanity-bathroom-cabinet-plywood-bathroom-with-led-mirror-in-bulk-2-300x300.webp 300w, https:\/\/www.linkceramics.com\/wp-content\/uploads\/2025\/07\/custom-vanity-bathroom-cabinet-plywood-bathroom-with-led-mirror-in-bulk-2-150x150.webp 150w, https:\/\/www.linkceramics.com\/wp-content\/uploads\/2025\/07\/custom-vanity-bathroom-cabinet-plywood-bathroom-with-led-mirror-in-bulk-2-12x12.webp 12w, https:\/\/www.linkceramics.com\/wp-content\/uploads\/2025\/07\/custom-vanity-bathroom-cabinet-plywood-bathroom-with-led-mirror-in-bulk-2-600x600.webp 600w, https:\/\/www.linkceramics.com\/wp-content\/uploads\/2025\/07\/custom-vanity-bathroom-cabinet-plywood-bathroom-with-led-mirror-in-bulk-2-100x100.webp 100w\" sizes=\"(max-width: 700px) 100vw, 700px\" \/><\/figure>\n<\/div>\n<\/div>","protected":false},"excerpt":{"rendered":"<div id=\"brxe-0ee1ca\" class=\"brxe-product-meta product_meta\">\n<div id=\"brxe-0ee1ca\" class=\"brxe-product-meta product_meta\">\n<p>Benutzerdefinierte Eitelkeit Bad Schrank, ausgestattet mit einem Keramik-Waschbecken und LED-Spiegel, ist einfach zu installieren und zu reinigen. Hergestellt aus wasserfestem Sperrholz, direkt vom Hersteller geliefert, der OED\/ODM-Dienstleistungen anbietet, ideal f\u00fcr ein Badezimmerprojekt. Kontaktieren Sie uns, um ma\u00dfgeschneiderte L\u00f6sungen zu erhalten!<\/p>\n<h2>Benutzerdefinierte Eitelkeit Badezimmer Schrank Attribute\uff1a<\/h2>\n<p>Artikel Nr.:SY2004-100BE<br \/>Material des Geh\u00e4uses: Sperrholz<br \/>Farbe des Geh\u00e4uses: Braun<br \/>Spiegel: LED-Spiegel (3,5 mm \/ 3,8 mm), dreifarbige Beleuchtung, One-Touch-Enteisung, gesichert mit mehrlagiger Schaumstoffverpackung<br \/>Installationsart: Wandbefestigung<br \/>Abmessungen (L \u00d7 B \u00d7 H): 100 x 50 x 55 cm<br \/>Bruttogewicht: 30 kg\/Satz<\/p>\n<h2>Anpassung &amp; Dienstleistungen:<\/h2>\n<p>OEM &amp; ODM: Unterst\u00fctzt<br \/>Entwurf: Frei<br \/>Zubeh\u00f6r: Waschbecken, Spiegel, Armaturen und anderes Badzubeh\u00f6r<br \/>Verpacken: Fertig zum Zusammenbau<\/p>\n<\/div>\n<\/div>\n<p><script src=\"chrome-extension:\/\/fpelahbljekknahkcaegamhcndkfpfnc\/iFrame.js\" type=\"text\/javascript\"><\/script><\/p>\n<p>\n<script src=\"chrome-extension:\/\/fpelahbljekknahkcaegamhcndkfpfnc\/iFrame.js\" type=\"text\/javascript\"><\/script><\/p>","protected":false},"featured_media":2401,"comment_status":"open","ping_status":"closed","template":"","meta":{"_acf_changed":false},"certification":[59,61,60,62],"product_brand":[],"product_cat":[35,83],"product_tag":[],"class_list":{"0":"post-2398","1":"product","2":"type-product","3":"status-publish","4":"has-post-thumbnail","6":"certification-ce","7":"certification-iso-14001","8":"certification-iso-45001","9":"certification-iso-9001","10":"product_cat-bathroom-ceramics-supply","11":"product_cat-wholesale-bathroom-vanity","13":"first","14":"instock","15":"shipping-taxable","16":"product-type-simple"},"acf":[],"_links":{"self":[{"href":"https:\/\/www.linkceramics.com\/de\/wp-json\/wp\/v2\/product\/2398","targetHints":{"allow":["GET"]}}],"collection":[{"href":"https:\/\/www.linkceramics.com\/de\/wp-json\/wp\/v2\/product"}],"about":[{"href":"https:\/\/www.linkceramics.com\/de\/wp-json\/wp\/v2\/types\/product"}],"replies":[{"embeddable":true,"href":"https:\/\/www.linkceramics.com\/de\/wp-json\/wp\/v2\/comments?post=2398"}],"wp:featuredmedia":[{"embeddable":true,"href":"https:\/\/www.linkceramics.com\/de\/wp-json\/wp\/v2\/media\/2401"}],"wp:attachment":[{"href":"https:\/\/www.linkceramics.com\/de\/wp-json\/wp\/v2\/media?parent=2398"}],"wp:term":[{"taxonomy":"certification","embeddable":true,"href":"https:\/\/www.linkceramics.com\/de\/wp-json\/wp\/v2\/certification?post=2398"},{"taxonomy":"product_brand","embeddable":true,"href":"https:\/\/www.linkceramics.com\/de\/wp-json\/wp\/v2\/product_brand?post=2398"},{"taxonomy":"product_cat","embeddable":true,"href":"https:\/\/www.linkceramics.com\/de\/wp-json\/wp\/v2\/product_cat?post=2398"},{"taxonomy":"product_tag","embeddable":true,"href":"https:\/\/www.linkceramics.com\/de\/wp-json\/wp\/v2\/product_tag?post=2398"}],"curies":[{"name":"wp","href":"https:\/\/api.w.org\/{rel}","templated":true}]}}