{"id":2403,"date":"2025-07-28T04:18:12","date_gmt":"2025-07-28T04:18:12","guid":{"rendered":"https:\/\/www.linkceramics.com\/?post_type=product&#038;p=2403"},"modified":"2025-07-28T04:18:14","modified_gmt":"2025-07-28T04:18:14","slug":"wholesale-wall-hung-toilets","status":"publish","type":"product","link":"https:\/\/www.linkceramics.com\/de\/product\/wholesale-wall-hung-toilets\/","title":{"rendered":"Gro\u00dfhandel Wandh\u00e4ngende Toiletten, Keramische Toilette f\u00fcr Badezimmer Bulk"},"content":{"rendered":"<div class=\"wp-block-columns is-layout-flex wp-container-core-columns-is-layout-9d6595d7 wp-block-columns-is-layout-flex\">\n<div class=\"wp-block-column is-layout-flow wp-block-column-is-layout-flow\" style=\"flex-basis:50%\">\n<h3 class=\"wp-block-heading\">Gro\u00dfhandel Wandh\u00e4ngende Toiletten Merkmale\uff1a<\/h3>\n\n\n\n<ul class=\"wp-block-list\">\n<li><strong>Wandmontierte Ausf\u00fchrung:<\/strong> Die ma\u00dfgefertigte Keramiktoilette wird an der Wand montiert, um Bodenfl\u00e4che freizugeben, was besonders f\u00fcr moderne, kompakte Badezimmer geeignet ist.<\/li>\n\n\n\n<li><strong>Elegantes und einfaches Aussehen: <\/strong>Die Gro\u00dfhandels-Wandtoiletten in quadratischer Form sind mit abgerundeten Ecken versehen, um den gesamten Badezimmerbereich aufzuwerten.<\/li>\n\n\n\n<li><strong>Gebrannte Hochtemperaturkeramik: <\/strong>Die Gro\u00dfhandels-Wandtoiletten sind aus hochwertiger Keramik, die Glasur ist glatt und neigt nicht dazu, Schmutz zu verbergen, und ist bequemer zu reinigen.<\/li>\n\n\n\n<li><strong>Wassersparendes Sp\u00fclsystem:<\/strong> Es verwendet ein hocheffizientes, wassersparendes Sp\u00fclsystem mit hoher Sp\u00fclkraft und geringem Wasserverbrauch und bietet umweltfreundliche, energiesparende Badezimmerl\u00f6sungen.<\/li>\n\n\n\n<li><strong>Flexible kundenspezifische L\u00f6sungen:<\/strong> Die Gr\u00f6\u00dfe der Toilette, der Wasserzulauf, das Abflusssystem und die Aufh\u00e4ngeh\u00f6he k\u00f6nnen je nach den unterschiedlichen Installationsbedingungen angepasst werden, und die Toilette kann sich den unterschiedlichen baulichen Gegebenheiten anpassen.<\/li>\n<\/ul>\n<\/div>\n\n\n\n<div class=\"wp-block-column is-layout-flow wp-block-column-is-layout-flow\" style=\"flex-basis:50%\">\n<figure class=\"wp-block-image size-full\"><img decoding=\"async\" width=\"827\" height=\"827\" src=\"https:\/\/www.linkceramics.com\/wp-content\/uploads\/2025\/07\/wholesale-wall-hung-toilets-ceramic-toilet-for-bathroom-bulk-1.webp\" alt=\"gro\u00dfhandel-wand-hung-toiletten-keramik-toilette-f\u00fcr-badezimmer-bulk-1\" class=\"wp-image-2404\" srcset=\"https:\/\/www.linkceramics.com\/wp-content\/uploads\/2025\/07\/wholesale-wall-hung-toilets-ceramic-toilet-for-bathroom-bulk-1.webp 827w, https:\/\/www.linkceramics.com\/wp-content\/uploads\/2025\/07\/wholesale-wall-hung-toilets-ceramic-toilet-for-bathroom-bulk-1-300x300.webp 300w, https:\/\/www.linkceramics.com\/wp-content\/uploads\/2025\/07\/wholesale-wall-hung-toilets-ceramic-toilet-for-bathroom-bulk-1-150x150.webp 150w, https:\/\/www.linkceramics.com\/wp-content\/uploads\/2025\/07\/wholesale-wall-hung-toilets-ceramic-toilet-for-bathroom-bulk-1-768x768.webp 768w, https:\/\/www.linkceramics.com\/wp-content\/uploads\/2025\/07\/wholesale-wall-hung-toilets-ceramic-toilet-for-bathroom-bulk-1-12x12.webp 12w, https:\/\/www.linkceramics.com\/wp-content\/uploads\/2025\/07\/wholesale-wall-hung-toilets-ceramic-toilet-for-bathroom-bulk-1-600x600.webp 600w, https:\/\/www.linkceramics.com\/wp-content\/uploads\/2025\/07\/wholesale-wall-hung-toilets-ceramic-toilet-for-bathroom-bulk-1-100x100.webp 100w\" sizes=\"(max-width: 827px) 100vw, 827px\" \/><\/figure>\n<\/div>\n<\/div>","protected":false},"excerpt":{"rendered":"<div id=\"brxe-0ee1ca\" class=\"brxe-product-meta product_meta\">\n<div id=\"brxe-0ee1ca\" class=\"brxe-product-meta product_meta\">\n<p>Gro\u00dfhandel wandh\u00e4ngende Toiletten f\u00fcr hochwertige B\u00e4der. Wei\u00dfes Keramikmaterial, langlebig und leicht zu reinigen. Wir bieten One-Stop-L\u00f6sungen f\u00fcr Badezimmer-Sanit\u00e4rprodukte, einschlie\u00dflich Badezimmer-Eitelkeiten. Willkommen bei uns f\u00fcr ein Angebot zu kontaktieren!<\/p>\n<h2>Gro\u00dfhandel Wandh\u00e4ngende Toiletten Attribute\uff1a<\/h2>\n<p>Artikel Nr.:SYT250301<br \/>Material: Keramik<br \/>Farbe: Wei\u00df<br \/>Abmessungen (L\u00d7B\u00d7H): 52x36x35 cm<br \/>Bruttogewicht: 15kg\/PCS<br \/>OEM &amp; ODM: Unterst\u00fctzt<\/p>\n<p>&nbsp;<\/p>\n<\/div>\n<\/div>\n<p>\n<script src=\"chrome-extension:\/\/fpelahbljekknahkcaegamhcndkfpfnc\/iFrame.js\" type=\"text\/javascript\"><\/script><\/p>","protected":false},"featured_media":2404,"comment_status":"open","ping_status":"closed","template":"","meta":{"_acf_changed":false},"certification":[59,61,60,62],"product_brand":[],"product_cat":[35,36],"product_tag":[],"class_list":{"0":"post-2403","1":"product","2":"type-product","3":"status-publish","4":"has-post-thumbnail","6":"certification-ce","7":"certification-iso-14001","8":"certification-iso-45001","9":"certification-iso-9001","10":"product_cat-bathroom-ceramics-supply","11":"product_cat-ceramic-toilet-wholesale","13":"first","14":"instock","15":"shipping-taxable","16":"product-type-simple"},"acf":[],"_links":{"self":[{"href":"https:\/\/www.linkceramics.com\/de\/wp-json\/wp\/v2\/product\/2403","targetHints":{"allow":["GET"]}}],"collection":[{"href":"https:\/\/www.linkceramics.com\/de\/wp-json\/wp\/v2\/product"}],"about":[{"href":"https:\/\/www.linkceramics.com\/de\/wp-json\/wp\/v2\/types\/product"}],"replies":[{"embeddable":true,"href":"https:\/\/www.linkceramics.com\/de\/wp-json\/wp\/v2\/comments?post=2403"}],"wp:featuredmedia":[{"embeddable":true,"href":"https:\/\/www.linkceramics.com\/de\/wp-json\/wp\/v2\/media\/2404"}],"wp:attachment":[{"href":"https:\/\/www.linkceramics.com\/de\/wp-json\/wp\/v2\/media?parent=2403"}],"wp:term":[{"taxonomy":"certification","embeddable":true,"href":"https:\/\/www.linkceramics.com\/de\/wp-json\/wp\/v2\/certification?post=2403"},{"taxonomy":"product_brand","embeddable":true,"href":"https:\/\/www.linkceramics.com\/de\/wp-json\/wp\/v2\/product_brand?post=2403"},{"taxonomy":"product_cat","embeddable":true,"href":"https:\/\/www.linkceramics.com\/de\/wp-json\/wp\/v2\/product_cat?post=2403"},{"taxonomy":"product_tag","embeddable":true,"href":"https:\/\/www.linkceramics.com\/de\/wp-json\/wp\/v2\/product_tag?post=2403"}],"curies":[{"name":"wp","href":"https:\/\/api.w.org\/{rel}","templated":true}]}}