{"id":2409,"date":"2025-08-04T01:24:37","date_gmt":"2025-08-04T01:24:37","guid":{"rendered":"https:\/\/www.linkceramics.com\/?post_type=product&#038;p=2409"},"modified":"2025-08-04T03:59:29","modified_gmt":"2025-08-04T03:59:29","slug":"wholesale-wall-cabinet-bathroom","status":"publish","type":"product","link":"https:\/\/www.linkceramics.com\/de\/product\/wholesale-wall-cabinet-bathroom\/","title":{"rendered":"Gro\u00dfhandel Wandschrank Bad, wei\u00dfes Badezimmer Eitelkeit mit Schubladen hochwertige Spiegel Schrank Hersteller"},"content":{"rendered":"<div class=\"wp-block-columns is-layout-flex wp-container-core-columns-is-layout-9d6595d7 wp-block-columns-is-layout-flex\">\n<div class=\"wp-block-column is-layout-flow wp-block-column-is-layout-flow\" style=\"flex-basis:50%\">\n<h3 class=\"wp-block-heading\">Gro\u00dfhandel Wandschrank Badezimmer Eigenschaften\uff1a<\/h3>\n\n\n\n<ul class=\"wp-block-list\">\n<li>Modernes Aussehen: Die Kombination aus zwei Schubladen und einer einzigen Schrankt\u00fcr schafft ein ordentliches und \u00fcbersichtliches Layout. Der gesamte Korpus ist in einem sanften und hellen Wei\u00dfton gehalten, mit einem hohen Ma\u00df an Farbgleichheit vom Schrankkorpus bis zur Arbeitsplatte und dem Spiegelschrank.<\/li>\n\n\n\n<li>Hochwertiges Sperrholz-Material: Der Gro\u00dfhandel Wandschrank Bad wird durch Querpressen mehrere Schichten von Furnieren, das Sperrholz Material hat eine stabile Struktur und kann das h\u00e4ufige \u00d6ffnen und Schlie\u00dfen von Schubladen und Schrankt\u00fcren ohne Verformung zu widerstehen. Es hat eine gute Feuchtigkeitsbest\u00e4ndigkeit.<\/li>\n\n\n\n<li>Aufbewahrungsfunktion: Die zwei Schubladen dienen zur Unterteilung von kleinen Gegenst\u00e4nden, und die einzelne Schrankt\u00fcr verbirgt gro\u00dfe Gegenst\u00e4nde. In Kombination mit dem LED-Spiegelschrank f\u00fcr die Aufbewahrung sind die Aufbewahrungsbereiche klar definiert, so dass es bequem ist, Dinge zu nehmen und Unordnung zu beseitigen, was den Aufbewahrungsbedarf von t\u00e4glichen Toilettenartikeln erf\u00fcllt.<\/li>\n\n\n\n<li>Gr\u00f6\u00dfe Vorteile: Der Gro\u00dfhandel Wandschrank Bad Breite von 100cm ist eine goldene Gr\u00f6\u00dfe, geeignet f\u00fcr die meisten Familienbad Layouts. Der Raum ist ger\u00e4umig und nicht verkrampft, in der Lage, die Doppel-Schublade und Einzelschrank Design unterzubringen, Balancieren Lagerung und Bewegung, nicht in kleinen Wohnungen \u00fcberf\u00fcllt, und harmonisch in gro\u00dfen B\u00e4dern.<\/li>\n\n\n\n<li>Shouya Fabrik Versorgung: Bulk-Anpassung genie\u00dft mehr Rabatte auf die Beschaffung Bed\u00fcrfnisse zu erf\u00fcllen.<\/li>\n<\/ul>\n<\/div>\n\n\n\n<div class=\"wp-block-column is-layout-flow wp-block-column-is-layout-flow\" style=\"flex-basis:50%\">\n<figure class=\"wp-block-image size-full\"><img decoding=\"async\" width=\"700\" height=\"700\" src=\"https:\/\/www.linkceramics.com\/wp-content\/uploads\/2025\/08\/white-bathroom-cabinet-with-two-drawers-and-one-door.webp\" alt=\"wei\u00dfer badezimmerschrank-mit-zwei-schubladen-und-einer-t\u00fcr\" class=\"wp-image-2412\" srcset=\"https:\/\/www.linkceramics.com\/wp-content\/uploads\/2025\/08\/white-bathroom-cabinet-with-two-drawers-and-one-door.webp 700w, https:\/\/www.linkceramics.com\/wp-content\/uploads\/2025\/08\/white-bathroom-cabinet-with-two-drawers-and-one-door-300x300.webp 300w, https:\/\/www.linkceramics.com\/wp-content\/uploads\/2025\/08\/white-bathroom-cabinet-with-two-drawers-and-one-door-150x150.webp 150w, https:\/\/www.linkceramics.com\/wp-content\/uploads\/2025\/08\/white-bathroom-cabinet-with-two-drawers-and-one-door-12x12.webp 12w, https:\/\/www.linkceramics.com\/wp-content\/uploads\/2025\/08\/white-bathroom-cabinet-with-two-drawers-and-one-door-600x600.webp 600w, https:\/\/www.linkceramics.com\/wp-content\/uploads\/2025\/08\/white-bathroom-cabinet-with-two-drawers-and-one-door-100x100.webp 100w\" sizes=\"(max-width: 700px) 100vw, 700px\" \/><\/figure>\n<\/div>\n<\/div>","protected":false},"excerpt":{"rendered":"<div id=\"brxe-0ee1ca\" class=\"brxe-product-meta product_meta\">\n<div id=\"brxe-0ee1ca\" class=\"brxe-product-meta product_meta\">\n<p>Willkommen im Gro\u00dfhandel Wandschrank Bad. Das wandmontierte Design kombiniert einen Spiegelschrank mit reichlich Stauraum, um Ordnung und Komfort in Ihr Badezimmer zu bringen. Es umfasst Schubladen und gro\u00dfe Schr\u00e4nke, um perfekt zu erf\u00fcllen verschiedene Speicheranforderungen. Kontaktieren Sie uns f\u00fcr ein Angebot und Produktkatalog!<\/p>\n<h2>Wandschrank Bad Attribute\uff1a<\/h2>\n<p>Artikel Nr.:9501-100c<br \/>Material des Geh\u00e4uses: Sperrholz<br \/>Farbe des Geh\u00e4uses: Wei\u00df<br \/>Spiegel: LED-Spiegel (3,5 mm\/3,8 mm), dreifarbige Beleuchtung, One-Touch-Enteisung, gesichert mit mehrlagiger Schaumstoffverpackung<br \/>Installationsart: Wandbefestigung<br \/>Abmessungen (L\u00d7B\u00d7H): 100x50x51 cm<br \/>Bruttogewicht: 32kg\/Set<\/p>\n<h2>Anpassung &amp; Dienstleistungen:<\/h2>\n<p>OEM &amp; ODM: Unterst\u00fctzt<br \/>Entwurf: Frei<br \/>Zubeh\u00f6r: Waschbecken, Spiegel, Armaturen und anderes Badzubeh\u00f6r<br \/>Verpacken: Fertig zum Zusammenbau<\/p>\n<\/div>\n<\/div>\n<p>\n<script src=\"chrome-extension:\/\/fpelahbljekknahkcaegamhcndkfpfnc\/iFrame.js\" type=\"text\/javascript\"><\/script><\/p>","protected":false},"featured_media":2416,"comment_status":"open","ping_status":"closed","template":"","meta":{"_acf_changed":false},"certification":[59,61,60,62],"product_brand":[],"product_cat":[35,83],"product_tag":[],"class_list":{"0":"post-2409","1":"product","2":"type-product","3":"status-publish","4":"has-post-thumbnail","6":"certification-ce","7":"certification-iso-14001","8":"certification-iso-45001","9":"certification-iso-9001","10":"product_cat-bathroom-ceramics-supply","11":"product_cat-wholesale-bathroom-vanity","13":"first","14":"instock","15":"shipping-taxable","16":"product-type-simple"},"acf":[],"_links":{"self":[{"href":"https:\/\/www.linkceramics.com\/de\/wp-json\/wp\/v2\/product\/2409","targetHints":{"allow":["GET"]}}],"collection":[{"href":"https:\/\/www.linkceramics.com\/de\/wp-json\/wp\/v2\/product"}],"about":[{"href":"https:\/\/www.linkceramics.com\/de\/wp-json\/wp\/v2\/types\/product"}],"replies":[{"embeddable":true,"href":"https:\/\/www.linkceramics.com\/de\/wp-json\/wp\/v2\/comments?post=2409"}],"wp:featuredmedia":[{"embeddable":true,"href":"https:\/\/www.linkceramics.com\/de\/wp-json\/wp\/v2\/media\/2416"}],"wp:attachment":[{"href":"https:\/\/www.linkceramics.com\/de\/wp-json\/wp\/v2\/media?parent=2409"}],"wp:term":[{"taxonomy":"certification","embeddable":true,"href":"https:\/\/www.linkceramics.com\/de\/wp-json\/wp\/v2\/certification?post=2409"},{"taxonomy":"product_brand","embeddable":true,"href":"https:\/\/www.linkceramics.com\/de\/wp-json\/wp\/v2\/product_brand?post=2409"},{"taxonomy":"product_cat","embeddable":true,"href":"https:\/\/www.linkceramics.com\/de\/wp-json\/wp\/v2\/product_cat?post=2409"},{"taxonomy":"product_tag","embeddable":true,"href":"https:\/\/www.linkceramics.com\/de\/wp-json\/wp\/v2\/product_tag?post=2409"}],"curies":[{"name":"wp","href":"https:\/\/api.w.org\/{rel}","templated":true}]}}