{"id":2419,"date":"2025-08-04T07:09:11","date_gmt":"2025-08-04T07:09:11","guid":{"rendered":"https:\/\/www.linkceramics.com\/?post_type=product&#038;p=2419"},"modified":"2025-08-04T07:09:13","modified_gmt":"2025-08-04T07:09:13","slug":"bulk-dinnerware-sets-2","status":"publish","type":"product","link":"https:\/\/www.linkceramics.com\/de\/product\/bulk-dinnerware-sets-2\/","title":{"rendered":"Wei\u00dfe Bulk-Geschirrsets, leichtes Porzellangeschirr"},"content":{"rendered":"<div class=\"wp-block-columns is-layout-flex wp-container-core-columns-is-layout-9d6595d7 wp-block-columns-is-layout-flex\">\n<div class=\"wp-block-column is-layout-flow wp-block-column-is-layout-flow\" style=\"flex-basis:50%\">\n<h3 class=\"wp-block-heading\">Premium White Bulk-Geschirr-Sets Merkmale:<\/h3>\n\n\n\n<ul class=\"wp-block-list\">\n<li><strong>Exquisites Bl\u00fctenblattdesign:<\/strong> Diese gro\u00dfvolumigen Geschirrsets besitzen eine wundersch\u00f6ne Bl\u00fctenform, die f\u00fcr eine k\u00fcnstlerische Atmosph\u00e4re auf dem Tisch sorgt und das Esserlebnis bereichert.<\/li>\n\n\n\n<li><strong>Leichtes Porzellanmaterial:<\/strong> Unser Keramikgeschirr in loser Sch\u00fcttung besteht aus leichtem Porzellan, das extrem d\u00fcnn, aber nicht hart ist, wodurch das Geschirr leicht zu tragen und zu benutzen ist.<\/li>\n\n\n\n<li><strong>Subtile Farbverzierungen:<\/strong> Das bl\u00fctenf\u00f6rmige Design dieser gro\u00dfen Geschirrsets wird mit dezenten Farbakzenten kombiniert, die einfach und elegant sind und dem Tisch eine warme und gem\u00fctliche Farbe verleihen k\u00f6nnen.<\/li>\n\n\n\n<li><strong>Vielf\u00e4ltige Gr\u00f6\u00dfenkombinationen:<\/strong> Unser Keramikgeschirrset in gro\u00dfen Mengen umfasst Sch\u00fcsseln und Teller in verschiedenen Gr\u00f6\u00dfen, um den Anforderungen der verschiedenen Speisen gerecht zu werden. Von Tellern f\u00fcr Hauptgerichte \u00fcber Dessertteller bis hin zu Suppenschalen und Reissch\u00fcsseln - die flexiblen Gr\u00f6\u00dfenoptionen eignen sich f\u00fcr eine Vielzahl von Mahlzeiten.<\/li>\n<\/ul>\n<\/div>\n\n\n\n<div class=\"wp-block-column is-layout-flow wp-block-column-is-layout-flow\" style=\"flex-basis:50%\">\n<figure class=\"wp-block-image size-full\"><img decoding=\"async\" width=\"800\" height=\"800\" src=\"https:\/\/www.linkceramics.com\/wp-content\/uploads\/2025\/08\/SOLECASA-Bulk-Dinnerware-Sets-White-Porcelain-Tableware-4-2.webp\" alt=\"SOLECASA-Gro\u00dfraumgeschirr-Sets-Wei\u00df-Porzellan-Geschirr-4-2\" class=\"wp-image-2422\" srcset=\"https:\/\/www.linkceramics.com\/wp-content\/uploads\/2025\/08\/SOLECASA-Bulk-Dinnerware-Sets-White-Porcelain-Tableware-4-2.webp 800w, https:\/\/www.linkceramics.com\/wp-content\/uploads\/2025\/08\/SOLECASA-Bulk-Dinnerware-Sets-White-Porcelain-Tableware-4-2-300x300.webp 300w, https:\/\/www.linkceramics.com\/wp-content\/uploads\/2025\/08\/SOLECASA-Bulk-Dinnerware-Sets-White-Porcelain-Tableware-4-2-150x150.webp 150w, https:\/\/www.linkceramics.com\/wp-content\/uploads\/2025\/08\/SOLECASA-Bulk-Dinnerware-Sets-White-Porcelain-Tableware-4-2-768x768.webp 768w, https:\/\/www.linkceramics.com\/wp-content\/uploads\/2025\/08\/SOLECASA-Bulk-Dinnerware-Sets-White-Porcelain-Tableware-4-2-12x12.webp 12w, https:\/\/www.linkceramics.com\/wp-content\/uploads\/2025\/08\/SOLECASA-Bulk-Dinnerware-Sets-White-Porcelain-Tableware-4-2-600x600.webp 600w, https:\/\/www.linkceramics.com\/wp-content\/uploads\/2025\/08\/SOLECASA-Bulk-Dinnerware-Sets-White-Porcelain-Tableware-4-2-100x100.webp 100w\" sizes=\"(max-width: 800px) 100vw, 800px\" \/><\/figure>\n<\/div>\n<\/div>","protected":false},"excerpt":{"rendered":"<div id=\"brxe-0ee1ca\" class=\"brxe-product-meta product_meta\">\n<p>Willkommen zum Kauf von Keramikgeschirr in gro\u00dfen Mengen. Unser wei\u00dfes, leichtes Porzellangeschirr f\u00fcr den Gro\u00dfhandel zeichnet sich durch bl\u00fctenf\u00f6rmige und zarte Farbakzente aus, die dem Tisch Eleganz und Zartheit verleihen.<\/p>\n<\/div>\n<div id=\"brxe-8c5ca9\" class=\"brxe-product-short-description\">\n<div class=\"woocommerce-product-details__short-description\">\n<h2>Wei\u00dfe Bulk-Geschirrsets Spezifikationen:<\/h2>\n<table border=\"0\" width=\"390\" cellspacing=\"0\" cellpadding=\"0\">\n<tbody>\n<tr>\n<td width=\"155\" height=\"18\">Hersteller<\/td>\n<td width=\"235\">SOLECASA<\/td>\n<\/tr>\n<tr>\n<td width=\"155\" height=\"18\">Sammlung Name<\/td>\n<td width=\"235\">Schillernde Galaxie<\/td>\n<\/tr>\n<tr>\n<td width=\"155\" height=\"18\">Enthaltene Produkte<\/td>\n<td width=\"235\">Teller, Sch\u00fcssel<\/td>\n<\/tr>\n<tr>\n<td width=\"155\" height=\"18\">Material<\/td>\n<td width=\"235\">Porzellan<\/td>\n<\/tr>\n<tr>\n<td width=\"155\" height=\"18\">Paket<\/td>\n<td width=\"235\">Gro\u00dfpackung<\/td>\n<\/tr>\n<tr>\n<td width=\"155\" height=\"18\">Verkaufende Einheiten<\/td>\n<td width=\"235\">Einzelnes Element<\/td>\n<\/tr>\n<tr>\n<td width=\"155\" height=\"18\">MOQ<\/td>\n<td width=\"235\">Niedriges MOQ<\/td>\n<\/tr>\n<tr>\n<td width=\"155\" height=\"18\">Kostenlose Probe<\/td>\n<td width=\"235\">Verf\u00fcgbar<\/td>\n<\/tr>\n<tr>\n<td width=\"155\" height=\"18\">Kundenspezifische Option<\/td>\n<td width=\"235\">Farbe\/Gr\u00f6\u00dfe\/Glasur\/Logo\/Verpackung<\/td>\n<\/tr>\n<\/tbody>\n<\/table>\n<\/div>\n<\/div>\n<p>\n<script src=\"chrome-extension:\/\/fpelahbljekknahkcaegamhcndkfpfnc\/iFrame.js\" type=\"text\/javascript\"><\/script><\/p>","protected":false},"featured_media":2421,"comment_status":"open","ping_status":"closed","template":"","meta":{"_acf_changed":false},"certification":[63,64,66,58,65,61,60,62,57],"product_brand":[],"product_cat":[34,18],"product_tag":[],"class_list":{"0":"post-2419","1":"product","2":"type-product","3":"status-publish","4":"has-post-thumbnail","6":"certification-amfori","7":"certification-bsci","8":"certification-cnas","9":"certification-fda","10":"certification-iaf","11":"certification-iso-14001","12":"certification-iso-45001","13":"certification-iso-9001","14":"certification-lfgb","15":"product_cat-custom-household-ceramics","16":"product_cat-ceramic-tableware-wholesale","18":"first","19":"instock","20":"shipping-taxable","21":"product-type-simple"},"acf":[],"_links":{"self":[{"href":"https:\/\/www.linkceramics.com\/de\/wp-json\/wp\/v2\/product\/2419","targetHints":{"allow":["GET"]}}],"collection":[{"href":"https:\/\/www.linkceramics.com\/de\/wp-json\/wp\/v2\/product"}],"about":[{"href":"https:\/\/www.linkceramics.com\/de\/wp-json\/wp\/v2\/types\/product"}],"replies":[{"embeddable":true,"href":"https:\/\/www.linkceramics.com\/de\/wp-json\/wp\/v2\/comments?post=2419"}],"wp:featuredmedia":[{"embeddable":true,"href":"https:\/\/www.linkceramics.com\/de\/wp-json\/wp\/v2\/media\/2421"}],"wp:attachment":[{"href":"https:\/\/www.linkceramics.com\/de\/wp-json\/wp\/v2\/media?parent=2419"}],"wp:term":[{"taxonomy":"certification","embeddable":true,"href":"https:\/\/www.linkceramics.com\/de\/wp-json\/wp\/v2\/certification?post=2419"},{"taxonomy":"product_brand","embeddable":true,"href":"https:\/\/www.linkceramics.com\/de\/wp-json\/wp\/v2\/product_brand?post=2419"},{"taxonomy":"product_cat","embeddable":true,"href":"https:\/\/www.linkceramics.com\/de\/wp-json\/wp\/v2\/product_cat?post=2419"},{"taxonomy":"product_tag","embeddable":true,"href":"https:\/\/www.linkceramics.com\/de\/wp-json\/wp\/v2\/product_tag?post=2419"}],"curies":[{"name":"wp","href":"https:\/\/api.w.org\/{rel}","templated":true}]}}