{"id":2465,"date":"2025-08-19T10:19:20","date_gmt":"2025-08-19T10:19:20","guid":{"rendered":"https:\/\/www.linkceramics.com\/?post_type=product&#038;p=2465"},"modified":"2025-08-19T10:19:22","modified_gmt":"2025-08-19T10:19:22","slug":"wholesale-vanity-cabinets-bathroom","status":"publish","type":"product","link":"https:\/\/www.linkceramics.com\/de\/product\/wholesale-vanity-cabinets-bathroom\/","title":{"rendered":"Gro\u00dfhandel Eitelkeit Schr\u00e4nke Badezimmer, Beschaffung bevorzugte Badezimmer Eitelkeit Lieferant"},"content":{"rendered":"<div class=\"wp-block-columns is-layout-flex wp-container-core-columns-is-layout-9d6595d7 wp-block-columns-is-layout-flex\">\n<div class=\"wp-block-column is-layout-flow wp-block-column-is-layout-flow\" style=\"flex-basis:50%\">\n<h3 class=\"wp-block-heading\">Gro\u00dfhandel Eitelkeit Schr\u00e4nke Badezimmer Eigenschaften\uff1a<\/h3>\n\n\n\n<ul class=\"wp-block-list\">\n<li><strong>Starke Gr\u00f6\u00dfenkompatibilit\u00e4t:<\/strong> Der Gro\u00dfhandel Eitelkeit Schr\u00e4nke Bad ist 80cm in Spezifikation Design, so dass eine flexible Anpassung an verschiedene Badezimmer R\u00e4ume. Ob es sich um ein kleines, kompaktes Layout oder ein regelm\u00e4\u00dfiges Layout handelt, kann es effektiv die Wandfl\u00e4che nutzen und Platzverschwendung vermeiden.<\/li>\n\n\n\n<li><strong>Praktisches und langlebiges Material: <\/strong>Der Schrankkorpus besteht aus Sperrholz, das eine gewisse Tragf\u00e4higkeit und Stabilit\u00e4t aufweist und sich durch ein gutes Preis-Leistungs-Verh\u00e4ltnis auszeichnet, wodurch es f\u00fcr den Massenverbrauch geeignet ist.<\/li>\n\n\n\n<li><strong>Integrierter LED-Spiegelschrank:<\/strong> Sie sorgt nicht nur f\u00fcr eine klare Beleuchtung beim Waschen, Pflegen usw., sondern kann auch f\u00fcr die Aufbewahrung von Toilettenartikeln im Schrank verwendet werden, wodurch eine \u00fcbersichtliche Anordnung der Badezimmerartikel erreicht und der Raum sauber gehalten wird.<\/li>\n\n\n\n<li><strong>Leichte Reinigung:<\/strong> Erg\u00e4nzt durch keramische Waschbecken ist die Oberfl\u00e4che der Gro\u00dfhandels-Eitelkeitsschr\u00e4nke f\u00fcr das Badezimmer flecken- und schmutzabweisend, leicht zu reinigen und einfach zu benutzen und t\u00e4glich zu pflegen.<\/li>\n\n\n\n<li><strong>Allgemeines geplantes Design: <\/strong>Der Gro\u00dfhandel Eitelkeit Schr\u00e4nke Bad, Keramik-Waschbecken, und LED-Spiegelschrank sind ein Set, konsequent in ihrem Stil, die in vielen modernen, minimalistischen und anderen Bad Dekoration Pl\u00e4ne eingef\u00fchrt werden kann, und kann sowohl funktionale Funktionen erf\u00fcllen und die Attraktivit\u00e4t des Badezimmers zu verbessern.<\/li>\n<\/ul>\n<\/div>\n\n\n\n<div class=\"wp-block-column is-layout-flow wp-block-column-is-layout-flow\" style=\"flex-basis:50%\">\n<figure class=\"wp-block-image size-full\"><img decoding=\"async\" width=\"700\" height=\"700\" src=\"https:\/\/www.linkceramics.com\/wp-content\/uploads\/2025\/08\/wholesale-vanity-cabinets-bathroom-engineering-procurement-preferred-bathroom-vanity-supplier-2.webp\" alt=\"gro\u00dfhandel-h\u00e4ngeschr\u00e4nke-bad-technik-beschaffung-bevorzugt-bad-vanity-lieferant-2\" class=\"wp-image-2467\" srcset=\"https:\/\/www.linkceramics.com\/wp-content\/uploads\/2025\/08\/wholesale-vanity-cabinets-bathroom-engineering-procurement-preferred-bathroom-vanity-supplier-2.webp 700w, https:\/\/www.linkceramics.com\/wp-content\/uploads\/2025\/08\/wholesale-vanity-cabinets-bathroom-engineering-procurement-preferred-bathroom-vanity-supplier-2-300x300.webp 300w, https:\/\/www.linkceramics.com\/wp-content\/uploads\/2025\/08\/wholesale-vanity-cabinets-bathroom-engineering-procurement-preferred-bathroom-vanity-supplier-2-150x150.webp 150w, https:\/\/www.linkceramics.com\/wp-content\/uploads\/2025\/08\/wholesale-vanity-cabinets-bathroom-engineering-procurement-preferred-bathroom-vanity-supplier-2-12x12.webp 12w, https:\/\/www.linkceramics.com\/wp-content\/uploads\/2025\/08\/wholesale-vanity-cabinets-bathroom-engineering-procurement-preferred-bathroom-vanity-supplier-2-600x600.webp 600w, https:\/\/www.linkceramics.com\/wp-content\/uploads\/2025\/08\/wholesale-vanity-cabinets-bathroom-engineering-procurement-preferred-bathroom-vanity-supplier-2-100x100.webp 100w\" sizes=\"(max-width: 700px) 100vw, 700px\" \/><\/figure>\n<\/div>\n<\/div>","protected":false},"excerpt":{"rendered":"<div id=\"brxe-0ee1ca\" class=\"brxe-product-meta product_meta\">\n<div id=\"brxe-0ee1ca\" class=\"brxe-product-meta product_meta\">\n<p>Willkommen im Gro\u00dfhandel Eitelkeit Schr\u00e4nke Bad zu kaufen. Die 80cm Sperrholz Bad Schrank mit Keramik-Becken + LED-Spiegelschrank. Kosteng\u00fcnstig und langlebig, geeignet f\u00fcr gro\u00dfe Szenarien wie Hotels und Wohnungen. Engineering-Anpassung unterst\u00fctzt. Willkommen zu erkundigen und zu verhandeln zu jeder Zeit!<\/p>\n<h2>Badm\u00f6bel und Schr\u00e4nke Attribute\uff1a<\/h2>\n<p><strong>Artikel Nr.<\/strong>: 7028-80<br \/><strong>Material des Geh\u00e4uses:<\/strong>\u00a0Sperrholz<br \/><strong>Farbe des Geh\u00e4uses:\u00a0<\/strong>Braun<br \/><strong>Spiegel:<\/strong>\u00a0LED-Spiegel (3,5 mm\/3,8 mm), dreifarbige Beleuchtung, One-Touch-Entfogging, gesichert mit mehrlagiger Schaumstoffverpackung<br \/><strong>Installationsart:<\/strong>\u00a0Wandbefestigung<br \/><strong>Abmessungen (L\u00d7B\u00d7H):<\/strong>\u00a080x50x52 cm<br \/><strong>Bruttogewicht:<\/strong>\u00a030 kg\/Satz<\/p>\n<h2>Anpassung &amp; Dienstleistungen:<\/h2>\n<p><strong>OEM &amp; ODM<\/strong>: Unterst\u00fctzt<br \/><strong>Gestaltung<\/strong>: Frei<br \/><strong>Zubeh\u00f6r<\/strong>: Waschbecken, Spiegel, Armaturen und anderes Badzubeh\u00f6r<br \/><strong>Verpacken<\/strong>: Einbaufertig<\/p>\n<\/div>\n<\/div>\n<p>\n<script src=\"chrome-extension:\/\/fpelahbljekknahkcaegamhcndkfpfnc\/iFrame.js\" type=\"text\/javascript\"><\/script><\/p>","protected":false},"featured_media":2466,"comment_status":"open","ping_status":"closed","template":"","meta":{"_acf_changed":false},"certification":[59,61,60,62],"product_brand":[],"product_cat":[35,83],"product_tag":[],"class_list":{"0":"post-2465","1":"product","2":"type-product","3":"status-publish","4":"has-post-thumbnail","6":"certification-ce","7":"certification-iso-14001","8":"certification-iso-45001","9":"certification-iso-9001","10":"product_cat-bathroom-ceramics-supply","11":"product_cat-wholesale-bathroom-vanity","13":"first","14":"instock","15":"shipping-taxable","16":"product-type-simple"},"acf":[],"_links":{"self":[{"href":"https:\/\/www.linkceramics.com\/de\/wp-json\/wp\/v2\/product\/2465","targetHints":{"allow":["GET"]}}],"collection":[{"href":"https:\/\/www.linkceramics.com\/de\/wp-json\/wp\/v2\/product"}],"about":[{"href":"https:\/\/www.linkceramics.com\/de\/wp-json\/wp\/v2\/types\/product"}],"replies":[{"embeddable":true,"href":"https:\/\/www.linkceramics.com\/de\/wp-json\/wp\/v2\/comments?post=2465"}],"wp:featuredmedia":[{"embeddable":true,"href":"https:\/\/www.linkceramics.com\/de\/wp-json\/wp\/v2\/media\/2466"}],"wp:attachment":[{"href":"https:\/\/www.linkceramics.com\/de\/wp-json\/wp\/v2\/media?parent=2465"}],"wp:term":[{"taxonomy":"certification","embeddable":true,"href":"https:\/\/www.linkceramics.com\/de\/wp-json\/wp\/v2\/certification?post=2465"},{"taxonomy":"product_brand","embeddable":true,"href":"https:\/\/www.linkceramics.com\/de\/wp-json\/wp\/v2\/product_brand?post=2465"},{"taxonomy":"product_cat","embeddable":true,"href":"https:\/\/www.linkceramics.com\/de\/wp-json\/wp\/v2\/product_cat?post=2465"},{"taxonomy":"product_tag","embeddable":true,"href":"https:\/\/www.linkceramics.com\/de\/wp-json\/wp\/v2\/product_tag?post=2465"}],"curies":[{"name":"wp","href":"https:\/\/api.w.org\/{rel}","templated":true}]}}