{"id":2470,"date":"2025-08-20T02:17:11","date_gmt":"2025-08-20T02:17:11","guid":{"rendered":"https:\/\/www.linkceramics.com\/?post_type=product&#038;p=2470"},"modified":"2025-08-20T02:17:13","modified_gmt":"2025-08-20T02:17:13","slug":"bathroom-cabinets-and-vanities-custom","status":"publish","type":"product","link":"https:\/\/www.linkceramics.com\/de\/product\/bathroom-cabinets-and-vanities-custom\/","title":{"rendered":"Badezimmerschr\u00e4nke und Eitelkeiten Custom, Gro\u00dfhandel Eitelkeit mit Spiegel Waschbecken"},"content":{"rendered":"<div class=\"wp-block-columns is-layout-flex wp-container-core-columns-is-layout-9d6595d7 wp-block-columns-is-layout-flex\">\n<div class=\"wp-block-column is-layout-flow wp-block-column-is-layout-flow\" style=\"flex-basis:50%\">\n<h3 class=\"wp-block-heading\">Badezimmerschr\u00e4nke und Eitelkeiten Benutzerdefinierte Eigenschaften\uff1a<\/h3>\n\n\n\n<ul class=\"wp-block-list\">\n<li>Hochwertiges Material: Die Badezimmerschr\u00e4nke und Eitelkeiten benutzerdefinierte mit Stone Kunststoff-Verbundwerkstoff, hat es ausgezeichnete wasserdicht und feuchtigkeitsbest\u00e4ndig Leistung und ist geeignet f\u00fcr feuchte Badezimmer Umgebungen.<\/li>\n\n\n\n<li>Modernes und stimmungsvolles Aussehen: Die Badezimmerschr\u00e4nke und Waschtische mit blau-grauem Schrank und wei\u00dfem Keramikbecken erg\u00e4nzen sich gegenseitig und schaffen ein harmonisches und komfortables visuelles Erlebnis.<\/li>\n\n\n\n<li>Einzigartiges Design des Spiegelschranks: Auf der linken Seite befindet sich ein Spiegel, um die Bed\u00fcrfnisse des t\u00e4glichen Anziehens und Waschens zu erf\u00fcllen; auf der rechten Seite befindet sich ein offenes Dreifach-Raster, in dem h\u00e4ufig verwendete Hautpflegeprodukte und Toilettenartikel untergebracht werden k\u00f6nnen.<\/li>\n\n\n\n<li><strong>Feuchtigkeitsgesch\u00fctzter und beschlagfreier Spiegel:<\/strong> Der Spiegel hat eine Anti-Beschlag-Funktion, um St\u00f6rungen durch Wasserdampf zu vermeiden, und ist mit einem feuchtigkeitsdichten Geh\u00e4use ausgestattet, um ihn lange Zeit trocken und hygienisch zu halten.<\/li>\n\n\n\n<li><strong>Leicht zu reinigen:<\/strong> Im t\u00e4glichen Gebrauch haften Flecken nicht so leicht an. Wasserflecken, Zahnpastaflecken usw. k\u00f6nnen durch vorsichtiges Abwischen entfernt werden. Es ist nicht leicht, Schmutz zu verbergen, und es ist leicht zu pflegen.<\/li>\n\n\n\n<li><strong>Szenen\u00fcbergreifende Anpassung:<\/strong> Die Badezimmerschr\u00e4nke und Eitelkeiten benutzerdefinierte ist standardisierte Gr\u00f6\u00dfe Design, kompatibel mit den meisten Badezimmern, stilvolle Optik, die zu verschiedenen Dekorationsstilen passt, und unterst\u00fctzt individuelle Kombinationen, um verschiedene Bed\u00fcrfnisse zu erf\u00fcllen.<\/li>\n<\/ul>\n<\/div>\n\n\n\n<div class=\"wp-block-column is-layout-flow wp-block-column-is-layout-flow\" style=\"flex-basis:50%\">\n<figure class=\"wp-block-image size-full\"><img decoding=\"async\" width=\"800\" height=\"800\" src=\"https:\/\/www.linkceramics.com\/wp-content\/uploads\/2025\/08\/Bathroom-Cabinets-and-Vanities-Custom-Factory-Wholesale-Bathroom-Vanity-with-Mirror-1.jpg\" alt=\"Badezimmer-Schr\u00e4nke-und-Verkleidungen-Sonderanfertigungen-Gro\u00dfhandel-Badezimmer-Verkleidungen-mit-Spiegel-1\" class=\"wp-image-2472\" srcset=\"https:\/\/www.linkceramics.com\/wp-content\/uploads\/2025\/08\/Bathroom-Cabinets-and-Vanities-Custom-Factory-Wholesale-Bathroom-Vanity-with-Mirror-1.jpg 800w, https:\/\/www.linkceramics.com\/wp-content\/uploads\/2025\/08\/Bathroom-Cabinets-and-Vanities-Custom-Factory-Wholesale-Bathroom-Vanity-with-Mirror-1-300x300.jpg 300w, https:\/\/www.linkceramics.com\/wp-content\/uploads\/2025\/08\/Bathroom-Cabinets-and-Vanities-Custom-Factory-Wholesale-Bathroom-Vanity-with-Mirror-1-150x150.jpg 150w, https:\/\/www.linkceramics.com\/wp-content\/uploads\/2025\/08\/Bathroom-Cabinets-and-Vanities-Custom-Factory-Wholesale-Bathroom-Vanity-with-Mirror-1-768x768.jpg 768w, https:\/\/www.linkceramics.com\/wp-content\/uploads\/2025\/08\/Bathroom-Cabinets-and-Vanities-Custom-Factory-Wholesale-Bathroom-Vanity-with-Mirror-1-12x12.jpg 12w, https:\/\/www.linkceramics.com\/wp-content\/uploads\/2025\/08\/Bathroom-Cabinets-and-Vanities-Custom-Factory-Wholesale-Bathroom-Vanity-with-Mirror-1-600x600.jpg 600w, https:\/\/www.linkceramics.com\/wp-content\/uploads\/2025\/08\/Bathroom-Cabinets-and-Vanities-Custom-Factory-Wholesale-Bathroom-Vanity-with-Mirror-1-100x100.jpg 100w\" sizes=\"(max-width: 800px) 100vw, 800px\" \/><\/figure>\n<\/div>\n<\/div>","protected":false},"excerpt":{"rendered":"<div id=\"brxe-0ee1ca\" class=\"brxe-product-meta product_meta\">\n<div id=\"brxe-0ee1ca\" class=\"brxe-product-meta product_meta\">\n<p>Willkommen im Bad Schr\u00e4nke und Eitelkeiten benutzerdefinierte, SPC Material, multifunktionale Spiegelschr\u00e4nke, ausgestattet mit Keramik-Becken, Armaturen, etc. Blau, grau und wei\u00df Farbabstimmung ist f\u00fcr verschiedene Badstile geeignet. Shouya unterst\u00fctzt Massenanpassung. Kontaktieren Sie uns, um ein Angebot zu erhalten!<\/p>\n<h2>Badezimmerschr\u00e4nke und Eitelkeiten Attribute\uff1a<\/h2>\n<p><strong>Artikel Nr.:<\/strong>HR2201-80<strong><br \/>Material des Geh\u00e4uses:<\/strong>\u00a0Stein-Kunststoffplatte<br \/><strong>Farbe des Geh\u00e4uses:<\/strong>\u00a0Blau Grau<br \/><strong>Spiegel:<\/strong>\u00a0LED-Spiegel (3,5 mm \/ 3,8 mm), dreifarbige Beleuchtung, One-Touch-Enteisung, gesichert mit mehrlagiger Schaumstoffverpackung<br \/><strong>Installationsart:<\/strong>\u00a0Wandbefestigung<br \/><strong>Abmessungen (L \u00d7 B \u00d7 H):<\/strong>\u00a080*47.5*48cm<br \/><strong>Bruttogewicht:<\/strong>\u00a032kg\/Satz<\/p>\n<h2>Anpassung &amp; Dienstleistungen:<\/h2>\n<p><strong>OEM &amp; ODM<\/strong>: Unterst\u00fctzt<br \/><strong>Gestaltung<\/strong>: Frei<br \/><strong>Zubeh\u00f6r<\/strong>: Waschbecken, Spiegel, Armaturen und anderes Badzubeh\u00f6r<br \/><strong>Verpacken<\/strong>: Einbaufertig<\/p>\n<\/div>\n<\/div>\n<p><script src=\"chrome-extension:\/\/fpelahbljekknahkcaegamhcndkfpfnc\/iFrame.js\" type=\"text\/javascript\"><\/script><\/p>\n<p>\n<script src=\"chrome-extension:\/\/fpelahbljekknahkcaegamhcndkfpfnc\/iFrame.js\" type=\"text\/javascript\"><\/script><\/p>","protected":false},"featured_media":2473,"comment_status":"open","ping_status":"closed","template":"","meta":{"_acf_changed":false},"certification":[59,61,60,62],"product_brand":[],"product_cat":[35,83],"product_tag":[],"class_list":{"0":"post-2470","1":"product","2":"type-product","3":"status-publish","4":"has-post-thumbnail","6":"certification-ce","7":"certification-iso-14001","8":"certification-iso-45001","9":"certification-iso-9001","10":"product_cat-bathroom-ceramics-supply","11":"product_cat-wholesale-bathroom-vanity","13":"first","14":"instock","15":"shipping-taxable","16":"product-type-simple"},"acf":[],"_links":{"self":[{"href":"https:\/\/www.linkceramics.com\/de\/wp-json\/wp\/v2\/product\/2470","targetHints":{"allow":["GET"]}}],"collection":[{"href":"https:\/\/www.linkceramics.com\/de\/wp-json\/wp\/v2\/product"}],"about":[{"href":"https:\/\/www.linkceramics.com\/de\/wp-json\/wp\/v2\/types\/product"}],"replies":[{"embeddable":true,"href":"https:\/\/www.linkceramics.com\/de\/wp-json\/wp\/v2\/comments?post=2470"}],"wp:featuredmedia":[{"embeddable":true,"href":"https:\/\/www.linkceramics.com\/de\/wp-json\/wp\/v2\/media\/2473"}],"wp:attachment":[{"href":"https:\/\/www.linkceramics.com\/de\/wp-json\/wp\/v2\/media?parent=2470"}],"wp:term":[{"taxonomy":"certification","embeddable":true,"href":"https:\/\/www.linkceramics.com\/de\/wp-json\/wp\/v2\/certification?post=2470"},{"taxonomy":"product_brand","embeddable":true,"href":"https:\/\/www.linkceramics.com\/de\/wp-json\/wp\/v2\/product_brand?post=2470"},{"taxonomy":"product_cat","embeddable":true,"href":"https:\/\/www.linkceramics.com\/de\/wp-json\/wp\/v2\/product_cat?post=2470"},{"taxonomy":"product_tag","embeddable":true,"href":"https:\/\/www.linkceramics.com\/de\/wp-json\/wp\/v2\/product_tag?post=2470"}],"curies":[{"name":"wp","href":"https:\/\/api.w.org\/{rel}","templated":true}]}}