{"id":2502,"date":"2025-09-11T02:34:15","date_gmt":"2025-09-11T02:34:15","guid":{"rendered":"https:\/\/www.linkceramics.com\/?post_type=product&#038;p=2502"},"modified":"2025-09-11T02:34:17","modified_gmt":"2025-09-11T02:34:17","slug":"countertop-sinks-in-bulk","status":"publish","type":"product","link":"https:\/\/www.linkceramics.com\/de\/product\/countertop-sinks-in-bulk\/","title":{"rendered":"Mini Gr\u00f6\u00dfe Arbeitsplatte Waschbecken In Bulk, Runde Form Becken Custom"},"content":{"rendered":"<div class=\"wp-block-columns is-layout-flex wp-container-core-columns-is-layout-9d6595d7 wp-block-columns-is-layout-flex\">\n<div class=\"wp-block-column is-layout-flow wp-block-column-is-layout-flow\" style=\"flex-basis:50%\">\n<h3 class=\"wp-block-heading\">Premium-Arbeitsplattensp\u00fclen in loser Sch\u00fcttung Merkmale:<\/h3>\n\n\n\n<ul class=\"wp-block-list\">\n<li><strong>Kompakte Bauweise, flexible Anpassung: <\/strong>Unsere Arbeitsplatte Waschbecken in loser Sch\u00fcttung mit seiner kompakten Gr\u00f6\u00dfe und rundes Design, unsere Mini Runde Arbeitsplatte Waschbecken passt perfekt in jeden Raum. Sein modernes Aussehen kann auch den allgemeinen Dekorationsstil verbessern und Designprobleme f\u00fcr kleine R\u00e4ume l\u00f6sen.<\/li>\n\n\n\n<li><strong>Gutes Material:<\/strong> Unsere Sp\u00fclbecken f\u00fcr den Gro\u00dfhandel sind aus hochwertigen keramischen Materialien hergestellt, die eine ausgezeichnete Haltbarkeit und Fleckenbest\u00e4ndigkeit aufweisen. Auch nach wiederholtem Gebrauch kann sie noch wie neu aussehen. Gleichzeitig ist sie pflegeleicht und reduziert den Wartungsaufwand. Gleichzeitig ist sie leicht zu reinigen, was den Wartungsaufwand verringert.<\/li>\n\n\n\n<li><strong>Kundenspezifische Verpackung:<\/strong> Wir bieten ma\u00dfgeschneiderte Verpackungsl\u00f6sungen f\u00fcr Waschbecken in loser Sch\u00fcttung und k\u00f6nnen einzigartige Verpackungen nach den Bed\u00fcrfnissen unserer Kunden entwerfen, z. B. nach dem Markenimage, den Produktanforderungen und der Marktpositionierung.<\/li>\n\n\n\n<li><strong>Rabatte bei Gro\u00dfeink\u00e4ufen, Kosteneinsparungen:<\/strong> Unsere Arbeitsplattensp\u00fclen in gro\u00dfen Mengen bieten wettbewerbsf\u00e4hige Rabatte f\u00fcr Gro\u00dfeink\u00e4ufe und helfen Ihnen, Ihre Kosten erheblich zu senken.<\/li>\n<\/ul>\n<\/div>\n\n\n\n<div class=\"wp-block-column is-layout-flow wp-block-column-is-layout-flow\" style=\"flex-basis:50%\">\n<figure class=\"wp-block-image size-full\"><img decoding=\"async\" width=\"750\" height=\"750\" src=\"https:\/\/www.linkceramics.com\/wp-content\/uploads\/2025\/09\/mini-size-countertop-sinks-in-bulk-round-shape-basin-custom-1.webp\" alt=\"Mini-Arbeitsplatten-Sp\u00fclbecken-im-Gro\u00dfpack - runde Form - Becken-individuell-1\" class=\"wp-image-2503\" srcset=\"https:\/\/www.linkceramics.com\/wp-content\/uploads\/2025\/09\/mini-size-countertop-sinks-in-bulk-round-shape-basin-custom-1.webp 750w, https:\/\/www.linkceramics.com\/wp-content\/uploads\/2025\/09\/mini-size-countertop-sinks-in-bulk-round-shape-basin-custom-1-300x300.webp 300w, https:\/\/www.linkceramics.com\/wp-content\/uploads\/2025\/09\/mini-size-countertop-sinks-in-bulk-round-shape-basin-custom-1-150x150.webp 150w, https:\/\/www.linkceramics.com\/wp-content\/uploads\/2025\/09\/mini-size-countertop-sinks-in-bulk-round-shape-basin-custom-1-12x12.webp 12w, https:\/\/www.linkceramics.com\/wp-content\/uploads\/2025\/09\/mini-size-countertop-sinks-in-bulk-round-shape-basin-custom-1-600x600.webp 600w, https:\/\/www.linkceramics.com\/wp-content\/uploads\/2025\/09\/mini-size-countertop-sinks-in-bulk-round-shape-basin-custom-1-100x100.webp 100w\" sizes=\"(max-width: 750px) 100vw, 750px\" \/><\/figure>\n<\/div>\n<\/div>","protected":false},"excerpt":{"rendered":"<div id=\"brxe-0ee1ca\" class=\"brxe-product-meta product_meta\">\n<div id=\"brxe-0ee1ca\" class=\"brxe-product-meta product_meta\">Willkommen zum Kauf der Arbeitsplattensp\u00fclen in gro\u00dfen Mengen. Unsere runden Mini-Arbeitsplatten-Sp\u00fclbecken in loser Sch\u00fcttung haben ein kompaktes und modernes Design, das in jeden Raum passt, sei es f\u00fcr den privaten oder gewerblichen Gebrauch. Sie sind mit guten Materialien gebaut und haben eine Lebensdauer, w\u00e4hrend sie sehr bequem zu verwalten. Wir bieten Ihnen einen personalisierten Verpackungsservice, der auf Ihre speziellen Bed\u00fcrfnisse zugeschnitten ist, und Vorzugspreise bei Gro\u00dfeink\u00e4ufen, ideal f\u00fcr gro\u00dfe Mengen.<\/div>\n<\/div>\n<div id=\"brxe-8c5ca9\" class=\"brxe-product-short-description\">\n<div class=\"woocommerce-product-details__short-description\">\n<h2>Arbeitsplatten-Sp\u00fclbecken in loser Sch\u00fcttung Spezifikationen:<\/h2>\n<table border=\"0\" width=\"311\" cellspacing=\"0\" cellpadding=\"0\">\n<tbody>\n<tr>\n<td width=\"108\" height=\"17\">Hersteller<\/td>\n<td width=\"202\">HanYu<\/td>\n<\/tr>\n<tr>\n<td height=\"17\">Modell Nr.<\/td>\n<td>HY-8200<\/td>\n<\/tr>\n<tr>\n<td height=\"18\">Typ<\/td>\n<td width=\"202\">Aufsatzwaschbecken<\/td>\n<\/tr>\n<tr>\n<td height=\"17\">Form<\/td>\n<td>Runde Form<\/td>\n<\/tr>\n<tr>\n<td height=\"18\">Farbe<\/td>\n<td width=\"202\">Wei\u00df<\/td>\n<\/tr>\n<tr>\n<td height=\"18\">Dimension<\/td>\n<td width=\"202\">20*20*9<\/td>\n<\/tr>\n<tr>\n<td height=\"17\">N.W \/SET<\/td>\n<td>5KGS\/PCS<\/td>\n<\/tr>\n<tr>\n<td height=\"17\">MOQ<\/td>\n<td>20St\u00fcck<\/td>\n<\/tr>\n<tr>\n<td height=\"17\">Benutzerdefinierte Option<\/td>\n<td>Farbe\/Muster\/Gr\u00f6\u00dfe\/Logo\/Verpackung<\/td>\n<\/tr>\n<\/tbody>\n<\/table>\n<p><\/div>\n<\/div>","protected":false},"featured_media":2506,"comment_status":"open","ping_status":"closed","template":"","meta":{"_acf_changed":false},"certification":[59,61,60,62],"product_brand":[],"product_cat":[35,21],"product_tag":[],"class_list":{"0":"post-2502","1":"product","2":"type-product","3":"status-publish","4":"has-post-thumbnail","6":"certification-ce","7":"certification-iso-14001","8":"certification-iso-45001","9":"certification-iso-9001","10":"product_cat-bathroom-ceramics-supply","11":"product_cat-wholesale-ceramic-basin","13":"first","14":"instock","15":"shipping-taxable","16":"product-type-simple"},"acf":[],"_links":{"self":[{"href":"https:\/\/www.linkceramics.com\/de\/wp-json\/wp\/v2\/product\/2502","targetHints":{"allow":["GET"]}}],"collection":[{"href":"https:\/\/www.linkceramics.com\/de\/wp-json\/wp\/v2\/product"}],"about":[{"href":"https:\/\/www.linkceramics.com\/de\/wp-json\/wp\/v2\/types\/product"}],"replies":[{"embeddable":true,"href":"https:\/\/www.linkceramics.com\/de\/wp-json\/wp\/v2\/comments?post=2502"}],"wp:featuredmedia":[{"embeddable":true,"href":"https:\/\/www.linkceramics.com\/de\/wp-json\/wp\/v2\/media\/2506"}],"wp:attachment":[{"href":"https:\/\/www.linkceramics.com\/de\/wp-json\/wp\/v2\/media?parent=2502"}],"wp:term":[{"taxonomy":"certification","embeddable":true,"href":"https:\/\/www.linkceramics.com\/de\/wp-json\/wp\/v2\/certification?post=2502"},{"taxonomy":"product_brand","embeddable":true,"href":"https:\/\/www.linkceramics.com\/de\/wp-json\/wp\/v2\/product_brand?post=2502"},{"taxonomy":"product_cat","embeddable":true,"href":"https:\/\/www.linkceramics.com\/de\/wp-json\/wp\/v2\/product_cat?post=2502"},{"taxonomy":"product_tag","embeddable":true,"href":"https:\/\/www.linkceramics.com\/de\/wp-json\/wp\/v2\/product_tag?post=2502"}],"curies":[{"name":"wp","href":"https:\/\/api.w.org\/{rel}","templated":true}]}}