{"id":2508,"date":"2025-09-11T03:16:38","date_gmt":"2025-09-11T03:16:38","guid":{"rendered":"https:\/\/www.linkceramics.com\/?post_type=product&#038;p=2508"},"modified":"2025-09-11T03:16:40","modified_gmt":"2025-09-11T03:16:40","slug":"corner-wall-hang-basin-wholesale","status":"publish","type":"product","link":"https:\/\/www.linkceramics.com\/de\/product\/corner-wall-hang-basin-wholesale\/","title":{"rendered":"Ecke Wand h\u00e4ngen Becken Gro\u00dfhandel, benutzerdefinierte keramische Ecke Waschbecken"},"content":{"rendered":"<div class=\"wp-block-columns is-layout-flex wp-container-core-columns-is-layout-9d6595d7 wp-block-columns-is-layout-flex\">\n<div class=\"wp-block-column is-layout-flow wp-block-column-is-layout-flow\" style=\"flex-basis:50%\">\n<h3 class=\"wp-block-heading\">Premium Corner Wall Hang Basin Gro\u00dfhandel Merkmale<\/h3>\n\n\n\n<ul class=\"wp-block-list\">\n<li><strong>Platzsparendes Eckdesign:<\/strong> Dieses Eck-Wandwaschbecken im Gro\u00dfhandel ist f\u00fcr kleine B\u00e4der oder kompakte R\u00e4ume konzipiert, nutzt die Eckposition voll aus und verbessert die Effizienz der Raumnutzung. Es ist sehr ideal f\u00fcr Bereiche wie H\u00e4user, Hotels und Gesch\u00e4ftskomplexe, wo Platz gespart werden muss.<\/li>\n\n\n\n<li><strong>Bei hohen Temperaturen gebrannte keramische Erzeugnisse:<\/strong> Unser individuelles Eckwaschbecken ist aus hochwertiger Keramik gefertigt, die bei hohen Temperaturen gebrannt wird und eine glatte und elegante Oberfl\u00e4che aufweist. Sie ist kratzfest, schmutzabweisend und langlebig, so dass sie auch nach l\u00e4ngerem Gebrauch ihren Glanz nicht verliert und leicht zu reinigen und zu pflegen ist.<\/li>\n\n\n\n<li><strong>Wandmontage:<\/strong> Diese Wandmontage Design der Ecke Wand h\u00e4ngen Waschbecken Gro\u00dfhandel spart nicht nur Bodenfl\u00e4che, sondern bietet auch ein allgemeines Gef\u00fchl von Ger\u00e4umigkeit, um das bathroom.it ist einfach und sch\u00f6n, einfach zu installieren.<\/li>\n\n\n\n<li><strong>Unterst\u00fctzung ma\u00dfgeschneiderter Dienste:<\/strong> Wir bieten kundenspezifische Dienstleistungen f\u00fcr Eckwaschbecken in einer Vielzahl von Gr\u00f6\u00dfen, Farben und Formen an, die je nach den verschiedenen Projektanforderungen ma\u00dfgeschneidert werden k\u00f6nnen, um die individuellen Designanforderungen von Heimdekorationen, Hotelprojekten oder gewerblichen Projekten zu erf\u00fcllen.<\/li>\n<\/ul>\n<\/div>\n\n\n\n<div class=\"wp-block-column is-layout-flow wp-block-column-is-layout-flow\" style=\"flex-basis:50%\">\n<figure class=\"wp-block-image size-full\"><img decoding=\"async\" width=\"573\" height=\"800\" src=\"https:\/\/www.linkceramics.com\/wp-content\/uploads\/2025\/09\/corner-wall-hang-basin-wholesale-custom-ceramic-corner-sink-6.webp\" alt=\"Eck-Wandbecken-Gro\u00dfhandel-Keramik-Eckwaschbecken-6\" class=\"wp-image-2514\" srcset=\"https:\/\/www.linkceramics.com\/wp-content\/uploads\/2025\/09\/corner-wall-hang-basin-wholesale-custom-ceramic-corner-sink-6.webp 573w, https:\/\/www.linkceramics.com\/wp-content\/uploads\/2025\/09\/corner-wall-hang-basin-wholesale-custom-ceramic-corner-sink-6-215x300.webp 215w, https:\/\/www.linkceramics.com\/wp-content\/uploads\/2025\/09\/corner-wall-hang-basin-wholesale-custom-ceramic-corner-sink-6-9x12.webp 9w\" sizes=\"(max-width: 573px) 100vw, 573px\" \/><\/figure>\n<\/div>\n<\/div>\n\n\n\n<p><\/p>","protected":false},"excerpt":{"rendered":"<div id=\"brxe-0ee1ca\" class=\"brxe-product-meta product_meta\">\n<div id=\"brxe-0ee1ca\" class=\"brxe-product-meta product_meta\">Gro\u00dfhandel Qualit\u00e4t Ecke Wand h\u00e4ngen Waschbecken mit platzsparendem Design, ideal f\u00fcr kleine B\u00e4der und kommerzielle Projekte. Hergestellt aus langlebiger Keramik mit anpassbaren Optionen, unsere benutzerdefinierten Eckwaschbecken kombinieren Eleganz, Funktionalit\u00e4t und einfache Wartung.<\/div>\n<\/div>\n<div id=\"brxe-8c5ca9\" class=\"brxe-product-short-description\">\n<div class=\"woocommerce-product-details__short-description\">\n<h2>Ecke Wand h\u00e4ngen Waschbecken Gro\u00dfhandel Spezifikationen:<\/h2>\n<table border=\"0\" width=\"478\" cellspacing=\"0\" cellpadding=\"0\">\n<tbody>\n<tr>\n<td width=\"166\" height=\"23\">Hersteller<\/td>\n<td width=\"312\">HanYu<\/td>\n<\/tr>\n<tr>\n<td height=\"23\">Modell Nr.<\/td>\n<td>HY-3042<\/td>\n<\/tr>\n<tr>\n<td height=\"23\">Typ<\/td>\n<td width=\"312\">Wandh\u00e4ngende Sp\u00fclbecken, kleine Becken<\/td>\n<\/tr>\n<tr>\n<td height=\"24\">Form<\/td>\n<td>Runde Form<\/td>\n<\/tr>\n<tr>\n<td height=\"46\">Farbe<\/td>\n<td width=\"312\">schwarz\/wei\u00df\/blau\/grau\/rosa\/gr\u00fcn\/braun\/khaki<\/td>\n<\/tr>\n<tr>\n<td height=\"24\">Dimension<\/td>\n<td width=\"312\">31*43*12.5<\/td>\n<\/tr>\n<tr>\n<td height=\"23\">N.W \/SET<\/td>\n<td>7KGS\/PCS<\/td>\n<\/tr>\n<tr>\n<td height=\"23\">MOQ<\/td>\n<td>20St\u00fcck<\/td>\n<\/tr>\n<tr>\n<td height=\"23\">Benutzerdefinierte Option<\/td>\n<td>Farbe\/Muster\/Gr\u00f6\u00dfe\/Logo\/Verpackung<\/td>\n<\/tr>\n<\/tbody>\n<\/table>\n<p><\/div>\n<\/div>","protected":false},"featured_media":2512,"comment_status":"open","ping_status":"closed","template":"","meta":{"_acf_changed":true},"certification":[59,61,60,62],"product_brand":[],"product_cat":[35,21],"product_tag":[],"class_list":{"0":"post-2508","1":"product","2":"type-product","3":"status-publish","4":"has-post-thumbnail","6":"certification-ce","7":"certification-iso-14001","8":"certification-iso-45001","9":"certification-iso-9001","10":"product_cat-bathroom-ceramics-supply","11":"product_cat-wholesale-ceramic-basin","13":"first","14":"instock","15":"shipping-taxable","16":"product-type-simple"},"acf":[],"_links":{"self":[{"href":"https:\/\/www.linkceramics.com\/de\/wp-json\/wp\/v2\/product\/2508","targetHints":{"allow":["GET"]}}],"collection":[{"href":"https:\/\/www.linkceramics.com\/de\/wp-json\/wp\/v2\/product"}],"about":[{"href":"https:\/\/www.linkceramics.com\/de\/wp-json\/wp\/v2\/types\/product"}],"replies":[{"embeddable":true,"href":"https:\/\/www.linkceramics.com\/de\/wp-json\/wp\/v2\/comments?post=2508"}],"wp:featuredmedia":[{"embeddable":true,"href":"https:\/\/www.linkceramics.com\/de\/wp-json\/wp\/v2\/media\/2512"}],"wp:attachment":[{"href":"https:\/\/www.linkceramics.com\/de\/wp-json\/wp\/v2\/media?parent=2508"}],"wp:term":[{"taxonomy":"certification","embeddable":true,"href":"https:\/\/www.linkceramics.com\/de\/wp-json\/wp\/v2\/certification?post=2508"},{"taxonomy":"product_brand","embeddable":true,"href":"https:\/\/www.linkceramics.com\/de\/wp-json\/wp\/v2\/product_brand?post=2508"},{"taxonomy":"product_cat","embeddable":true,"href":"https:\/\/www.linkceramics.com\/de\/wp-json\/wp\/v2\/product_cat?post=2508"},{"taxonomy":"product_tag","embeddable":true,"href":"https:\/\/www.linkceramics.com\/de\/wp-json\/wp\/v2\/product_tag?post=2508"}],"curies":[{"name":"wp","href":"https:\/\/api.w.org\/{rel}","templated":true}]}}