{"id":2515,"date":"2025-09-11T05:45:52","date_gmt":"2025-09-11T05:45:52","guid":{"rendered":"https:\/\/www.linkceramics.com\/?post_type=product&#038;p=2515"},"modified":"2025-09-11T06:06:45","modified_gmt":"2025-09-11T06:06:45","slug":"ceramic-vase-wholesale","status":"publish","type":"product","link":"https:\/\/www.linkceramics.com\/de\/product\/ceramic-vase-wholesale\/","title":{"rendered":"Solecasa Keramik Vase Gro\u00dfhandel, Elegant Gr\u00fcn Blumenvasen"},"content":{"rendered":"<div class=\"wp-block-columns is-layout-flex wp-container-core-columns-is-layout-9d6595d7 wp-block-columns-is-layout-flex\">\n<div class=\"wp-block-column is-layout-flow wp-block-column-is-layout-flow\" style=\"flex-basis:50%\">\n<h3 class=\"wp-block-heading\">Premium-Keramik-Vase Gro\u00dfhandel Merkmale:<\/h3>\n\n\n\n<ul class=\"wp-block-list\">\n<li><strong>Volle Flaschenform:<\/strong> Diese keramische Vase Gro\u00dfhandel kombiniert Funktionalit\u00e4t und k\u00fcnstlerische Sch\u00f6nheit, mit einem runden und klaren Umriss Design, eine saubere und atmosph\u00e4rische Form, und erh\u00f6ht das Niveau der Raumdekoration.<\/li>\n\n\n\n<li><strong>Das Element der Farbe und die Farbe des Komforts: <\/strong>Die Farbe Beige und die Farbe Gr\u00fcn, die in unseren gro\u00dfen Blumenvasen verwendet werden, geben den nat\u00fcrlichen Effekt einer luftigen und frischen Atmosph\u00e4re f\u00fcr Heimdekorationsstile wie modern, pastoral und elegant.<\/li>\n\n\n\n<li><strong>Florales Muster in gr\u00fcner Linie: <\/strong>Diese Keramikvase im Gro\u00dfhandel ist einfach und exquisit, mit handgemalten Blumen, die den Flaschenk\u00f6rper schm\u00fccken und eine Atmosph\u00e4re von k\u00fcnstlerischer Lebendigkeit und Nat\u00fcrlichkeit vermitteln.<\/li>\n\n\n\n<li><strong>Hochtemperatur-Keramikmaterial:<\/strong> Das Material unserer Blumenvasen in loser Sch\u00fcttung ist zart und glatt, stabil und langlebig, dickes Material und glatte Oberfl\u00e4che; beide Arten eignen sich f\u00fcr den t\u00e4glichen Gebrauch oder die Kunstausstellung.<\/li>\n\n\n\n<li><strong>Anpassungsf\u00e4hig an mehrere Szenarien:<\/strong> Unsere keramische Vase Gro\u00dfhandel eignet sich f\u00fcr den Einzelhandel, Geschenk geben oder Raum Einstellung. Es kann auch als ein festliches Geschenk, Gesch\u00e4ft Dekoration oder Dekoration zu Hause verwendet werden.<\/li>\n<\/ul>\n<\/div>\n\n\n\n<div class=\"wp-block-column is-layout-flow wp-block-column-is-layout-flow\" style=\"flex-basis:50%\">\n<figure class=\"wp-block-image size-full\"><img decoding=\"async\" width=\"1440\" height=\"1440\" src=\"https:\/\/www.linkceramics.com\/wp-content\/uploads\/2025\/09\/Solecasa-Ceramic-Vase-wholesale-Elegant-Green-Flower-Vases.webp\" alt=\"Solecasa-Keramik-Vase-Gro\u00dfhandel-Elegant-Gr\u00fcn-Blumenvasen\" class=\"wp-image-2516\" srcset=\"https:\/\/www.linkceramics.com\/wp-content\/uploads\/2025\/09\/Solecasa-Ceramic-Vase-wholesale-Elegant-Green-Flower-Vases.webp 1440w, https:\/\/www.linkceramics.com\/wp-content\/uploads\/2025\/09\/Solecasa-Ceramic-Vase-wholesale-Elegant-Green-Flower-Vases-300x300.webp 300w, https:\/\/www.linkceramics.com\/wp-content\/uploads\/2025\/09\/Solecasa-Ceramic-Vase-wholesale-Elegant-Green-Flower-Vases-150x150.webp 150w, https:\/\/www.linkceramics.com\/wp-content\/uploads\/2025\/09\/Solecasa-Ceramic-Vase-wholesale-Elegant-Green-Flower-Vases-768x768.webp 768w, https:\/\/www.linkceramics.com\/wp-content\/uploads\/2025\/09\/Solecasa-Ceramic-Vase-wholesale-Elegant-Green-Flower-Vases-12x12.webp 12w, https:\/\/www.linkceramics.com\/wp-content\/uploads\/2025\/09\/Solecasa-Ceramic-Vase-wholesale-Elegant-Green-Flower-Vases-1200x1200.webp 1200w, https:\/\/www.linkceramics.com\/wp-content\/uploads\/2025\/09\/Solecasa-Ceramic-Vase-wholesale-Elegant-Green-Flower-Vases-600x600.webp 600w, https:\/\/www.linkceramics.com\/wp-content\/uploads\/2025\/09\/Solecasa-Ceramic-Vase-wholesale-Elegant-Green-Flower-Vases-100x100.webp 100w\" sizes=\"(max-width: 1440px) 100vw, 1440px\" \/><\/figure>\n<\/div>\n<\/div>\n\n\n\n<p><\/p>","protected":false},"excerpt":{"rendered":"<div id=\"brxe-0ee1ca\" class=\"brxe-product-meta product_meta\">\n<p>Willkommen zu kaufen Blumenvasen in der Masse. Diese Keramikvase Gro\u00dfhandel nimmt eine volle Flasche Design mit glatten und abgerundeten Linien, zeigt eine weiche und elegante orientalische Sch\u00f6nheit. Die beige und gr\u00fcne Farbe passend ist nat\u00fcrlich und harmonisch, frisch und elegant.<\/p>\n<\/div>\n<div id=\"brxe-8c5ca9\" class=\"brxe-product-short-description\">\n<div class=\"woocommerce-product-details__short-description\">\n<h2>Solecasa Keramische Vase Gro\u00dfhandel Spezifikationen:<\/h2>\n<div id=\"brxe-e78fbc\" class=\"brxe-product-short-description brxe-text-basic\">\n<div class=\"woocommerce-product-details__short-description\">\n<table border=\"0\" width=\"370\" cellspacing=\"0\" cellpadding=\"0\">\n<tbody>\n<tr>\n<td width=\"139\" height=\"18\">Hersteller<\/td>\n<td width=\"231\">SOLECASA<\/td>\n<\/tr>\n<tr>\n<td width=\"139\" height=\"18\">Sammlung Zugeh\u00f6rigkeit<\/td>\n<td width=\"231\">Gr\u00fcne Momente<\/td>\n<\/tr>\n<tr>\n<td width=\"139\" height=\"18\">Produkttyp<\/td>\n<td width=\"231\">In-Glasur-Vase<\/td>\n<\/tr>\n<tr>\n<td width=\"139\" height=\"18\">Modellnummer<\/td>\n<td width=\"231\">17772F03838-XG-CH5<\/td>\n<\/tr>\n<tr>\n<td width=\"139\" height=\"18\">Material<\/td>\n<td width=\"231\">Porzellan<\/td>\n<\/tr>\n<tr>\n<td width=\"139\" height=\"18\">Dimension<\/td>\n<td width=\"231\">140mm<\/td>\n<\/tr>\n<tr>\n<td width=\"139\" height=\"18\">MOQ<\/td>\n<td width=\"231\">Niedriges MOQ<\/td>\n<\/tr>\n<tr>\n<td width=\"139\" height=\"18\">Kostenlose Probe<\/td>\n<td width=\"231\">Verf\u00fcgbar<\/td>\n<\/tr>\n<tr>\n<td width=\"139\" height=\"18\">Kundenspezifische Option<\/td>\n<td width=\"231\">Farbe\/Gr\u00f6\u00dfe\/Glasur\/Logo\/Verpackung<\/td>\n<\/tr>\n<\/tbody>\n<\/table>\n<\/div>\n<\/div>\n<div id=\"brxe-93988a\" class=\"brxe-block\">\u00a0<\/div>\n<\/div>\n<\/div>\n<p><script src=\"chrome-extension:\/\/fpelahbljekknahkcaegamhcndkfpfnc\/iFrame.js\" type=\"text\/javascript\"><\/script><\/p>","protected":false},"featured_media":2516,"comment_status":"open","ping_status":"closed","template":"","meta":{"_acf_changed":false},"certification":[63,64,66,58,65,61,60,62,57],"product_brand":[],"product_cat":[37,17],"product_tag":[],"class_list":{"0":"post-2515","1":"product","2":"type-product","3":"status-publish","4":"has-post-thumbnail","6":"certification-amfori","7":"certification-bsci","8":"certification-cnas","9":"certification-fda","10":"certification-iaf","11":"certification-iso-14001","12":"certification-iso-45001","13":"certification-iso-9001","14":"certification-lfgb","15":"product_cat-decorative-ceramic-wholesale","16":"product_cat-ceramic-vases-wholesale","18":"first","19":"instock","20":"shipping-taxable","21":"product-type-simple"},"acf":[],"_links":{"self":[{"href":"https:\/\/www.linkceramics.com\/de\/wp-json\/wp\/v2\/product\/2515","targetHints":{"allow":["GET"]}}],"collection":[{"href":"https:\/\/www.linkceramics.com\/de\/wp-json\/wp\/v2\/product"}],"about":[{"href":"https:\/\/www.linkceramics.com\/de\/wp-json\/wp\/v2\/types\/product"}],"replies":[{"embeddable":true,"href":"https:\/\/www.linkceramics.com\/de\/wp-json\/wp\/v2\/comments?post=2515"}],"wp:featuredmedia":[{"embeddable":true,"href":"https:\/\/www.linkceramics.com\/de\/wp-json\/wp\/v2\/media\/2516"}],"wp:attachment":[{"href":"https:\/\/www.linkceramics.com\/de\/wp-json\/wp\/v2\/media?parent=2515"}],"wp:term":[{"taxonomy":"certification","embeddable":true,"href":"https:\/\/www.linkceramics.com\/de\/wp-json\/wp\/v2\/certification?post=2515"},{"taxonomy":"product_brand","embeddable":true,"href":"https:\/\/www.linkceramics.com\/de\/wp-json\/wp\/v2\/product_brand?post=2515"},{"taxonomy":"product_cat","embeddable":true,"href":"https:\/\/www.linkceramics.com\/de\/wp-json\/wp\/v2\/product_cat?post=2515"},{"taxonomy":"product_tag","embeddable":true,"href":"https:\/\/www.linkceramics.com\/de\/wp-json\/wp\/v2\/product_tag?post=2515"}],"curies":[{"name":"wp","href":"https:\/\/api.w.org\/{rel}","templated":true}]}}