{"id":2532,"date":"2025-09-13T10:46:09","date_gmt":"2025-09-13T10:46:09","guid":{"rendered":"https:\/\/www.linkceramics.com\/?post_type=product&#038;p=2532"},"modified":"2025-09-16T06:41:26","modified_gmt":"2025-09-16T06:41:26","slug":"ceramic-cookie-jars-wholesale","status":"publish","type":"product","link":"https:\/\/www.linkceramics.com\/de\/product\/ceramic-cookie-jars-wholesale\/","title":{"rendered":"Keramik-Keks-Gl\u00e4ser Gro\u00dfhandel, Keramik-Kanister f\u00fcr K\u00fcche"},"content":{"rendered":"<div class=\"wp-block-columns is-layout-flex wp-container-core-columns-is-layout-9d6595d7 wp-block-columns-is-layout-flex\">\n<div class=\"wp-block-column is-layout-flow wp-block-column-is-layout-flow\" style=\"flex-basis:50%\">\n<h3 class=\"wp-block-heading\">Premium-Keramik-Keks-Gl\u00e4ser Gro\u00dfhandel Merkmale:<\/h3>\n\n\n\n<p><strong>Elegante florale und fruchtige Muster erhellen die K\u00fcche: <\/strong>Diese Keramik-Keksdosen aus dem Gro\u00dfhandel haben elegante Blumen- und Obstmuster, die eine frische und lebendige Atmosph\u00e4re in die K\u00fcche bringen, und sind au\u00dferdem sehr funktionell und dekorativ.<\/p>\n\n\n\n<p><strong>Bei hohen Temperaturen gebrannte Keramik, gesund und langlebig:<\/strong> Unsere Gro\u00dfhandels-K\u00fcchenkanister sind aus hochwertiger Keramik, die bei hohen Temperaturen gebrannt wird, gut abdichtet und geruchsneutral ist. Sie k\u00f6nnen Trockenwaren wie Kekse, Tee und S\u00fc\u00dfigkeiten sicher aufbewahren.<\/p>\n\n\n\n<p><strong>Klassischer wei\u00dfer Sockel, vielseitige und vielseitige Stile: <\/strong>Diese keramischen Keksdosen Gro\u00dfhandel sind aus wei\u00dfer Basis Glasur mit sch\u00f6nen Designs, die einfach und frisch aussehende, leicht mit modernen, l\u00e4ndlichen, retro und andere Stile der K\u00fcche Dekorationen passen gemacht.<\/p>\n\n\n\n<p><strong>Es sind mehrere Kapazit\u00e4ten verf\u00fcgbar, um unterschiedliche Speicheranforderungen zu erf\u00fcllen:<\/strong> Wir bieten Gro\u00dfhandel K\u00fcche Kanister mit einer Vielzahl von Spezifikationen und Gr\u00f6\u00dfen, die verwendet werden k\u00f6nnen, um verschiedene Arten von trockenen Waren zu verpacken, oder kann als ein Satz, geeignet f\u00fcr den privaten Gebrauch oder Einzelhandel Gro\u00dfhandel abgestimmt werden<\/p>\n\n\n\n<p><strong>Geeignet f\u00fcr verschiedene M\u00e4rkte:<\/strong> Diese keramischen K\u00fcchenutensilien in loser Sch\u00fcttung bieten Gro\u00dfhandel und OEM\/ODM-Anpassungsdienste. Die Farbe, das Muster oder die Verpackung k\u00f6nnen nach den Bed\u00fcrfnissen des Kunden angepasst werden und k\u00f6nnen f\u00fcr verschiedene Verkaufskan\u00e4le wie Kekse, Trockenfr\u00fcchte und Tee verwendet werden.<\/p>\n<\/div>\n\n\n\n<div class=\"wp-block-column is-layout-flow wp-block-column-is-layout-flow\" style=\"flex-basis:50%\">\n<figure class=\"wp-block-image size-full\"><img decoding=\"async\" width=\"1200\" height=\"1200\" src=\"https:\/\/www.linkceramics.com\/wp-content\/uploads\/2025\/09\/Ceramic-Cookie-Jars-Wholesale-Ceramic-Canisters-For-Kitchen-1.webp\" alt=\"Keramik-Keksdosen-Gro\u00dfhandel-Keramik-Kanister-f\u00fcr-K\u00fcche-1\" class=\"wp-image-2533\" srcset=\"https:\/\/www.linkceramics.com\/wp-content\/uploads\/2025\/09\/Ceramic-Cookie-Jars-Wholesale-Ceramic-Canisters-For-Kitchen-1.webp 1200w, https:\/\/www.linkceramics.com\/wp-content\/uploads\/2025\/09\/Ceramic-Cookie-Jars-Wholesale-Ceramic-Canisters-For-Kitchen-1-300x300.webp 300w, https:\/\/www.linkceramics.com\/wp-content\/uploads\/2025\/09\/Ceramic-Cookie-Jars-Wholesale-Ceramic-Canisters-For-Kitchen-1-150x150.webp 150w, https:\/\/www.linkceramics.com\/wp-content\/uploads\/2025\/09\/Ceramic-Cookie-Jars-Wholesale-Ceramic-Canisters-For-Kitchen-1-768x768.webp 768w, https:\/\/www.linkceramics.com\/wp-content\/uploads\/2025\/09\/Ceramic-Cookie-Jars-Wholesale-Ceramic-Canisters-For-Kitchen-1-12x12.webp 12w, https:\/\/www.linkceramics.com\/wp-content\/uploads\/2025\/09\/Ceramic-Cookie-Jars-Wholesale-Ceramic-Canisters-For-Kitchen-1-600x600.webp 600w, https:\/\/www.linkceramics.com\/wp-content\/uploads\/2025\/09\/Ceramic-Cookie-Jars-Wholesale-Ceramic-Canisters-For-Kitchen-1-100x100.webp 100w\" sizes=\"(max-width: 1200px) 100vw, 1200px\" \/><\/figure>\n<\/div>\n<\/div>","protected":false},"excerpt":{"rendered":"<div id=\"brxe-0ee1ca\" class=\"brxe-product-meta product_meta\">\n<div id=\"brxe-0ee1ca\" class=\"brxe-product-meta product_meta\">\n<div id=\"brxe-0ee1ca\" class=\"brxe-product-meta product_meta\">\n<p>Willkommen zum Kauf Gro\u00dfhandel K\u00fcche Kanister. Diese Keramik Keksdosen Gro\u00dfhandel Serie ist elegant in Form und geeignet f\u00fcr die Lagerung von K\u00fcche trockene Waren wie Kekse, getrocknete Fr\u00fcchte und Tee. Nicht nur praktisch, sondern kann auch als K\u00fcchendekoration verwendet werden.<\/p>\n<\/div>\n<\/div>\n<\/div>\n<div id=\"brxe-8c5ca9\" class=\"brxe-product-short-description\">\n<div class=\"woocommerce-product-details__short-description\">\n<h2>Premium Unique Ceramic Vases Gro\u00dfhandel Spezifikationen:<\/h2>\n<div id=\"brxe-8c5ca9\" class=\"brxe-product-short-description\">\n<div id=\"brxe-8c5ca9\" class=\"brxe-product-short-description\">\n<div class=\"woocommerce-product-details__short-description\">\n<table border=\"0\" width=\"338\" cellspacing=\"0\" cellpadding=\"0\">\n<tbody>\n<tr>\n<td width=\"124\" height=\"18\">Hersteller<\/td>\n<td width=\"214\">Liebevolles Zuhause<\/td>\n<\/tr>\n<tr>\n<td width=\"124\" height=\"18\">Sammlung Name<\/td>\n<td width=\"214\">Jolly-Gl\u00e4ser<\/td>\n<\/tr>\n<tr>\n<td width=\"124\" height=\"18\">Verwendung<\/td>\n<td width=\"214\">Haus, Restaurant, Hotel<\/td>\n<\/tr>\n<tr>\n<td width=\"124\" height=\"53\">Essgeschirr Typ<\/td>\n<td width=\"214\">Keramische Kanister<\/td>\n<\/tr>\n<tr>\n<td width=\"124\" height=\"18\">Material<\/td>\n<td width=\"214\">Dauerhaftes Porzellan<\/td>\n<\/tr>\n<tr>\n<td width=\"124\" height=\"18\">Dimension<\/td>\n<td width=\"214\">Wie Detailbild<\/td>\n<\/tr>\n<tr>\n<td width=\"124\" height=\"18\">Verkaufende Einheiten<\/td>\n<td width=\"214\">Einzelnes Element<\/td>\n<\/tr>\n<tr>\n<td width=\"124\" height=\"18\">MOQ<\/td>\n<td width=\"214\">1200\/St\u00fcck pro Artikel<\/td>\n<\/tr>\n<tr>\n<td width=\"124\" height=\"18\">Kundenspezifische Option<\/td>\n<td width=\"214\">Farbe\/Gr\u00f6\u00dfe\/Glasur\/Logo\/Verpackung<\/td>\n<\/tr>\n<\/tbody>\n<\/table>\n<\/div>\n<\/div>\n<\/div>\n<\/div>\n<\/div>","protected":false},"featured_media":2534,"comment_status":"open","ping_status":"closed","template":"","meta":{"_acf_changed":false},"certification":[63,64,66,58,65,61,60,62],"product_brand":[],"product_cat":[34,20],"product_tag":[],"class_list":{"0":"post-2532","1":"product","2":"type-product","3":"status-publish","4":"has-post-thumbnail","6":"certification-amfori","7":"certification-bsci","8":"certification-cnas","9":"certification-fda","10":"certification-iaf","11":"certification-iso-14001","12":"certification-iso-45001","13":"certification-iso-9001","14":"product_cat-custom-household-ceramics","15":"product_cat-ceramic-kitchenware-wholesale","17":"first","18":"instock","19":"shipping-taxable","20":"product-type-simple"},"acf":[],"_links":{"self":[{"href":"https:\/\/www.linkceramics.com\/de\/wp-json\/wp\/v2\/product\/2532","targetHints":{"allow":["GET"]}}],"collection":[{"href":"https:\/\/www.linkceramics.com\/de\/wp-json\/wp\/v2\/product"}],"about":[{"href":"https:\/\/www.linkceramics.com\/de\/wp-json\/wp\/v2\/types\/product"}],"replies":[{"embeddable":true,"href":"https:\/\/www.linkceramics.com\/de\/wp-json\/wp\/v2\/comments?post=2532"}],"wp:featuredmedia":[{"embeddable":true,"href":"https:\/\/www.linkceramics.com\/de\/wp-json\/wp\/v2\/media\/2534"}],"wp:attachment":[{"href":"https:\/\/www.linkceramics.com\/de\/wp-json\/wp\/v2\/media?parent=2532"}],"wp:term":[{"taxonomy":"certification","embeddable":true,"href":"https:\/\/www.linkceramics.com\/de\/wp-json\/wp\/v2\/certification?post=2532"},{"taxonomy":"product_brand","embeddable":true,"href":"https:\/\/www.linkceramics.com\/de\/wp-json\/wp\/v2\/product_brand?post=2532"},{"taxonomy":"product_cat","embeddable":true,"href":"https:\/\/www.linkceramics.com\/de\/wp-json\/wp\/v2\/product_cat?post=2532"},{"taxonomy":"product_tag","embeddable":true,"href":"https:\/\/www.linkceramics.com\/de\/wp-json\/wp\/v2\/product_tag?post=2532"}],"curies":[{"name":"wp","href":"https:\/\/api.w.org\/{rel}","templated":true}]}}