{"id":2543,"date":"2025-09-16T06:37:25","date_gmt":"2025-09-16T06:37:25","guid":{"rendered":"https:\/\/www.linkceramics.com\/?post_type=product&#038;p=2543"},"modified":"2025-09-16T06:37:27","modified_gmt":"2025-09-16T06:37:27","slug":"dinnerware-sets-wholesale","status":"publish","type":"product","link":"https:\/\/www.linkceramics.com\/de\/product\/dinnerware-sets-wholesale\/","title":{"rendered":"Einzigartige Geschirrsets Gro\u00dfhandel, benutzerdefinierte Keramik Tee-Set"},"content":{"rendered":"<div class=\"wp-block-columns is-layout-flex wp-container-core-columns-is-layout-9d6595d7 wp-block-columns-is-layout-flex\">\n<div class=\"wp-block-column is-layout-flow wp-block-column-is-layout-flow\" style=\"flex-basis:50%\">\n<h3 class=\"wp-block-heading\">Einzigartige Essgeschirr-Sets Gro\u00dfhandel Eigenschaften:<\/h3>\n\n\n\n<p><strong>Nat\u00fcrliches Aussehen der T\u00f6pferware:<\/strong> Durch die einzigartige nat\u00fcrliche Keramikstruktur haben die Geschirrsets im Gro\u00dfhandel einen einzigartigen handgeschnitzten Effekt, eine dauerhafte Qualit\u00e4t und sind voll von k\u00fcnstlerischer Atmosph\u00e4re.<\/p>\n\n\n\n<p><strong>Reines handgemaltes Design: <\/strong>die benutzerdefinierte Keramik Tee-Set ist durchgehend handbemalt, mit satten Farben, mehr modisch und modern, was das Geschirr High-End-Kollektion Wert.<\/p>\n\n\n\n<p><strong>Glatte und gl\u00e4nzende Glasur:<\/strong> Das kundenspezifische Keramik-Teeset wird bei hoher Temperatur gebrannt, hat eine glatte Glasur und vermittelt ein hochwertiges und edles Gef\u00fchl, die Farbe ist fest und verschlei\u00dffest<\/p>\n\n\n\n<p><strong>Komplettes Set in Kombinationsausf\u00fchrung: <\/strong>Die Geschirrsets f\u00fcr den Gro\u00dfhandel umfassen die gleiche Art von Tellern, Tassen und Untertassen sowie L\u00f6ffeln, die den gesamten Bedarf von Familien und Gastronomiebetrieben abdecken.<\/p>\n\n\n\n<p><strong>Einzigartige Geschirr-Sets:<\/strong> Lianyuan bietet verschiedene ma\u00dfgeschneiderte Geschirrsets f\u00fcr den Gro\u00dfhandel an, die auf die Bed\u00fcrfnisse der Marke oder Modetrends abgestimmt sind und sich ideal f\u00fcr den privaten und gewerblichen Gebrauch eignen.<\/p>\n<\/div>\n\n\n\n<div class=\"wp-block-column is-layout-flow wp-block-column-is-layout-flow\" style=\"flex-basis:50%\">\n<figure class=\"wp-block-image size-full\"><img decoding=\"async\" width=\"5974\" height=\"3864\" src=\"https:\/\/www.linkceramics.com\/wp-content\/uploads\/2025\/09\/unique-dinnerware-sets-wholesale-custom-pottery-tea-set-1.webp\" alt=\"einzigartiges-geschirr-sets-gro\u00dfhandel-bestimmtes-geschirr-tee-set-1\" class=\"wp-image-2544\" srcset=\"https:\/\/www.linkceramics.com\/wp-content\/uploads\/2025\/09\/unique-dinnerware-sets-wholesale-custom-pottery-tea-set-1.webp 5974w, https:\/\/www.linkceramics.com\/wp-content\/uploads\/2025\/09\/unique-dinnerware-sets-wholesale-custom-pottery-tea-set-1-300x194.webp 300w, https:\/\/www.linkceramics.com\/wp-content\/uploads\/2025\/09\/unique-dinnerware-sets-wholesale-custom-pottery-tea-set-1-768x497.webp 768w, https:\/\/www.linkceramics.com\/wp-content\/uploads\/2025\/09\/unique-dinnerware-sets-wholesale-custom-pottery-tea-set-1-18x12.webp 18w, https:\/\/www.linkceramics.com\/wp-content\/uploads\/2025\/09\/unique-dinnerware-sets-wholesale-custom-pottery-tea-set-1-1200x776.webp 1200w, https:\/\/www.linkceramics.com\/wp-content\/uploads\/2025\/09\/unique-dinnerware-sets-wholesale-custom-pottery-tea-set-1-600x388.webp 600w\" sizes=\"(max-width: 5974px) 100vw, 5974px\" \/><\/figure>\n<\/div>\n<\/div>","protected":false},"excerpt":{"rendered":"<div class=\"D5aOJc vJwDU\">\n<div id=\"brxe-26696e\" class=\"brxe-product-short-description brxe-text-basic\">\n<div class=\"woocommerce-product-details__short-description\">\n<div class=\"D5aOJc vJwDU\">\n<p>Einzigartige Geschirrsets im Gro\u00dfhandel mit nat\u00fcrlicher Steingutoberfl\u00e4che und sch\u00f6nen handgemalten Designs. Diese komplette Geschirrkollektion (Teller, Sch\u00fcsseln und Tassen) ist modern und praktisch. Genie\u00dfen Sie individuellen Service, Fabrikpreise und effiziente Lieferung. Kontaktieren Sie uns jetzt, um Ihre Gro\u00dfbestellung aufzugeben!<\/p>\n<\/div>\n<h2>Einzigartige Geschirrsets Parameter:<\/h2>\n<table border=\"0\" width=\"618\" cellspacing=\"0\" cellpadding=\"0\">\n<tbody>\n<tr>\n<td width=\"180\" height=\"26\">Hersteller<\/td>\n<td width=\"438\">Lianyuan<\/td>\n<\/tr>\n<tr>\n<td height=\"26\">Produkttyp<\/td>\n<td>Speiseteller, Tassen, Untertassen-Sets, Kr\u00fcge<\/td>\n<\/tr>\n<tr>\n<td height=\"26\">Muster<\/td>\n<td>Morden Digen<\/td>\n<\/tr>\n<tr>\n<td height=\"26\">Farbe<\/td>\n<td>Gr\u00fcn, Blau, Braun, Gelb,<\/td>\n<\/tr>\n<tr>\n<td height=\"26\">Material<\/td>\n<td>Dauerhaftes Porzellan<\/td>\n<\/tr>\n<tr>\n<td height=\"26\">Handwerkliches K\u00f6nnen<\/td>\n<td>Handbemalt<\/td>\n<\/tr>\n<tr>\n<td height=\"26\">Anmeldung<\/td>\n<td>Mikrowellen- und sp\u00fclmaschinenfest, ofenfest<\/td>\n<\/tr>\n<tr>\n<td height=\"26\">Benutzerdefiniert<\/td>\n<td>Farbe\/Gr\u00f6\u00dfe\/Logo\/Verpackung<\/td>\n<\/tr>\n<\/tbody>\n<\/table>\n<\/div>\n<\/div>\n<div id=\"brxe-ae2c03\" class=\"brxe-product-meta product_meta\">\u00a0<\/div>\n<\/div>","protected":false},"featured_media":2547,"comment_status":"open","ping_status":"closed","template":"","meta":{"_acf_changed":false},"certification":[66,58,65,61,60,62,57],"product_brand":[],"product_cat":[34,18,19],"product_tag":[],"class_list":{"0":"post-2543","1":"product","2":"type-product","3":"status-publish","4":"has-post-thumbnail","6":"certification-cnas","7":"certification-fda","8":"certification-iaf","9":"certification-iso-14001","10":"certification-iso-45001","11":"certification-iso-9001","12":"certification-lfgb","13":"product_cat-custom-household-ceramics","14":"product_cat-ceramic-tableware-wholesale","15":"product_cat-ceramic-tea-set-wholesale","17":"first","18":"instock","19":"shipping-taxable","20":"product-type-simple"},"acf":[],"_links":{"self":[{"href":"https:\/\/www.linkceramics.com\/de\/wp-json\/wp\/v2\/product\/2543","targetHints":{"allow":["GET"]}}],"collection":[{"href":"https:\/\/www.linkceramics.com\/de\/wp-json\/wp\/v2\/product"}],"about":[{"href":"https:\/\/www.linkceramics.com\/de\/wp-json\/wp\/v2\/types\/product"}],"replies":[{"embeddable":true,"href":"https:\/\/www.linkceramics.com\/de\/wp-json\/wp\/v2\/comments?post=2543"}],"wp:featuredmedia":[{"embeddable":true,"href":"https:\/\/www.linkceramics.com\/de\/wp-json\/wp\/v2\/media\/2547"}],"wp:attachment":[{"href":"https:\/\/www.linkceramics.com\/de\/wp-json\/wp\/v2\/media?parent=2543"}],"wp:term":[{"taxonomy":"certification","embeddable":true,"href":"https:\/\/www.linkceramics.com\/de\/wp-json\/wp\/v2\/certification?post=2543"},{"taxonomy":"product_brand","embeddable":true,"href":"https:\/\/www.linkceramics.com\/de\/wp-json\/wp\/v2\/product_brand?post=2543"},{"taxonomy":"product_cat","embeddable":true,"href":"https:\/\/www.linkceramics.com\/de\/wp-json\/wp\/v2\/product_cat?post=2543"},{"taxonomy":"product_tag","embeddable":true,"href":"https:\/\/www.linkceramics.com\/de\/wp-json\/wp\/v2\/product_tag?post=2543"}],"curies":[{"name":"wp","href":"https:\/\/api.w.org\/{rel}","templated":true}]}}