{"id":2550,"date":"2025-09-16T07:01:18","date_gmt":"2025-09-16T07:01:18","guid":{"rendered":"https:\/\/www.linkceramics.com\/?post_type=product&#038;p=2550"},"modified":"2025-09-16T07:01:21","modified_gmt":"2025-09-16T07:01:21","slug":"wholesale-porcelain-tea-set","status":"publish","type":"product","link":"https:\/\/www.linkceramics.com\/de\/product\/wholesale-porcelain-tea-set\/","title":{"rendered":"Gro\u00dfhandel Porzellan Tee-Set, elegante Blumen Teller, Sch\u00fcssel, Tasse"},"content":{"rendered":"<div class=\"wp-block-columns is-layout-flex wp-container-core-columns-is-layout-9d6595d7 wp-block-columns-is-layout-flex\">\n<div class=\"wp-block-column is-layout-flow wp-block-column-is-layout-flow\" style=\"flex-basis:50%\">\n<h3 class=\"wp-block-heading\">Gro\u00dfhandel Porzellan Tee Set Eigenschaften:<\/h3>\n\n\n\n<p><strong>Elegantes pastorales Blumendesign<br><\/strong>Das nat\u00fcrliche, frische und elegante Blumendesign der Porzellan-Teesets im Gro\u00dfhandel passt perfekt zum eleganten Tisch im pastoralen Stil.<\/p>\n\n\n\n<p>Goldene Perlenverzierung<br>Die goldene Perlenverzierung auf dem Deckel der Teekanne l\u00e4sst sich bequem als Griff verwenden und verleiht dem Gesamtbild Luxus und exquisite Details.<\/p>\n\n\n\n<p><strong>Komplettes Tee- und Essgeschirrset<\/strong>:<br>Die Porzellan-Teesets f\u00fcr den Gro\u00dfhandel umfassen eine Teekanne, einen Teller, eine Tasse und eine Untertasse, Zucker, Milchk\u00e4nnchen und Becher und eignen sich f\u00fcr Teepartys, Abendessen und andere Anl\u00e4sse.<\/p>\n\n\n\n<p><strong>Exquisite Handwerkskunst<\/strong><br>Die kundenspezifische Teeservice Kombination von Inglazed Decal und Hand-Malerei, glatte Glasur, macht das Muster hell wie neu. Einige Bereiche sind handbemalt, um den k\u00fcnstlerischen Sinn und die Einzigartigkeit zu unterstreichen.<\/p>\n\n\n\n<p><strong>Hochwertiges Porzellanmaterial<\/strong><br>Der Gro\u00dfhandel Porzellan Tee-Sets verwenden langlebige Keramik, leicht, aber stark, mit guter Hitze Erhaltung Leistung, geeignet f\u00fcr Tee und hei\u00dfe Getr\u00e4nke.<\/p>\n\n\n\n<p><strong>Positionierung als hochwertiges Geschenk<br><\/strong>Das kundenspezifische Teeset hat ein elegantes Aussehen und eine exquisite Verpackung und eignet sich hervorragend als Hochzeits-, Jubil\u00e4ums- oder Urlaubsgeschenk.<\/p>\n<\/div>\n\n\n\n<div class=\"wp-block-column is-layout-flow wp-block-column-is-layout-flow\" style=\"flex-basis:50%\">\n<figure class=\"wp-block-image size-full\"><img decoding=\"async\" width=\"878\" height=\"706\" src=\"https:\/\/www.linkceramics.com\/wp-content\/uploads\/2025\/09\/wholesale-porcelain-tea-set-elegant-floral-plate-bowl-cup-2.webp\" alt=\"gro\u00dfhandel-porzellan-tee-set-elegant-blumen-platte-sch\u00fcssel-tasse-2\" class=\"wp-image-2553\" srcset=\"https:\/\/www.linkceramics.com\/wp-content\/uploads\/2025\/09\/wholesale-porcelain-tea-set-elegant-floral-plate-bowl-cup-2.webp 878w, https:\/\/www.linkceramics.com\/wp-content\/uploads\/2025\/09\/wholesale-porcelain-tea-set-elegant-floral-plate-bowl-cup-2-300x241.webp 300w, https:\/\/www.linkceramics.com\/wp-content\/uploads\/2025\/09\/wholesale-porcelain-tea-set-elegant-floral-plate-bowl-cup-2-768x618.webp 768w, https:\/\/www.linkceramics.com\/wp-content\/uploads\/2025\/09\/wholesale-porcelain-tea-set-elegant-floral-plate-bowl-cup-2-15x12.webp 15w, https:\/\/www.linkceramics.com\/wp-content\/uploads\/2025\/09\/wholesale-porcelain-tea-set-elegant-floral-plate-bowl-cup-2-600x482.webp 600w\" sizes=\"(max-width: 878px) 100vw, 878px\" \/><\/figure>\n<\/div>\n<\/div>","protected":false},"excerpt":{"rendered":"<div class=\"D5aOJc vJwDU\">\n<div id=\"brxe-26696e\" class=\"brxe-product-short-description brxe-text-basic\">\n<div class=\"woocommerce-product-details__short-description\">\n<div class=\"D5aOJc vJwDU\">\n<p>Kundenspezifische Porzellan-Tee- und Essgeschirr-Sets in gr\u00fcnem und rosafarbenem Blumendesign, geeignet f\u00fcr den Nachmittagstee, Hochzeiten und Restaurants. Wir bieten OEM- und ODM-Kundenanpassungsl\u00f6sungen und gew\u00e4hrleisten erstklassige Qualit\u00e4t und Sicherheitszertifizierungen. Kontaktieren Sie uns noch heute f\u00fcr eine kostenlose Anfrage!<\/p>\n<\/div>\n<div id=\"brxe-26696e\" class=\"brxe-product-short-description brxe-text-basic\">\n<div class=\"woocommerce-product-details__short-description\">\n<h2>Porzellan-Teeservice Parameter<\/h2>\n<table width=\"495\">\n<tbody>\n<tr>\n<td width=\"144\">Hersteller<\/td>\n<td width=\"351\">Lianyuan<\/td>\n<\/tr>\n<tr>\n<td>Produkttyp<\/td>\n<td width=\"351\">Teekanne, Teller, Schale, Tasse &amp; Untertasse, Zucker &amp; Milchk\u00e4nnchen, Becher<\/td>\n<\/tr>\n<tr>\n<td>Muster<\/td>\n<td>Blumen<\/td>\n<\/tr>\n<tr>\n<td>Farbe<\/td>\n<td>Mehrfarbig<\/td>\n<\/tr>\n<tr>\n<td>Material<\/td>\n<td>Dauerhaftes Porzellan<\/td>\n<\/tr>\n<tr>\n<td>Handwerkliches K\u00f6nnen<\/td>\n<td>In-Glasiertes Abziehbild und Handbemalung<\/td>\n<\/tr>\n<tr>\n<td>Anmeldung<\/td>\n<td>Mikrowellen- und sp\u00fclmaschinenfest, ofenfest<\/td>\n<\/tr>\n<tr>\n<td>Benutzerdefiniert<\/td>\n<td>Farbe\/Gr\u00f6\u00dfe\/Logo\/Verpackung<\/td>\n<\/tr>\n<\/tbody>\n<\/table>\n<\/div>\n<\/div>\n<div id=\"brxe-ae2c03\" class=\"brxe-product-meta product_meta\">\u00a0<\/div>\n<\/div>\n<\/div>\n<\/div>","protected":false},"featured_media":2554,"comment_status":"open","ping_status":"closed","template":"","meta":{"_acf_changed":false},"certification":[66,58,65,61,60,62,57],"product_brand":[],"product_cat":[34,19],"product_tag":[],"class_list":{"0":"post-2550","1":"product","2":"type-product","3":"status-publish","4":"has-post-thumbnail","6":"certification-cnas","7":"certification-fda","8":"certification-iaf","9":"certification-iso-14001","10":"certification-iso-45001","11":"certification-iso-9001","12":"certification-lfgb","13":"product_cat-custom-household-ceramics","14":"product_cat-ceramic-tea-set-wholesale","16":"first","17":"instock","18":"shipping-taxable","19":"product-type-simple"},"acf":[],"_links":{"self":[{"href":"https:\/\/www.linkceramics.com\/de\/wp-json\/wp\/v2\/product\/2550","targetHints":{"allow":["GET"]}}],"collection":[{"href":"https:\/\/www.linkceramics.com\/de\/wp-json\/wp\/v2\/product"}],"about":[{"href":"https:\/\/www.linkceramics.com\/de\/wp-json\/wp\/v2\/types\/product"}],"replies":[{"embeddable":true,"href":"https:\/\/www.linkceramics.com\/de\/wp-json\/wp\/v2\/comments?post=2550"}],"wp:featuredmedia":[{"embeddable":true,"href":"https:\/\/www.linkceramics.com\/de\/wp-json\/wp\/v2\/media\/2554"}],"wp:attachment":[{"href":"https:\/\/www.linkceramics.com\/de\/wp-json\/wp\/v2\/media?parent=2550"}],"wp:term":[{"taxonomy":"certification","embeddable":true,"href":"https:\/\/www.linkceramics.com\/de\/wp-json\/wp\/v2\/certification?post=2550"},{"taxonomy":"product_brand","embeddable":true,"href":"https:\/\/www.linkceramics.com\/de\/wp-json\/wp\/v2\/product_brand?post=2550"},{"taxonomy":"product_cat","embeddable":true,"href":"https:\/\/www.linkceramics.com\/de\/wp-json\/wp\/v2\/product_cat?post=2550"},{"taxonomy":"product_tag","embeddable":true,"href":"https:\/\/www.linkceramics.com\/de\/wp-json\/wp\/v2\/product_tag?post=2550"}],"curies":[{"name":"wp","href":"https:\/\/api.w.org\/{rel}","templated":true}]}}