{"id":2730,"date":"2025-10-23T08:17:04","date_gmt":"2025-10-23T08:17:04","guid":{"rendered":"https:\/\/www.linkceramics.com\/?post_type=product&#038;p=2730"},"modified":"2025-10-23T08:17:07","modified_gmt":"2025-10-23T08:17:07","slug":"catering-dinnerware-wholesale","status":"publish","type":"product","link":"https:\/\/www.linkceramics.com\/de\/product\/catering-dinnerware-wholesale\/","title":{"rendered":"Rustikal Catering Geschirr Gro\u00dfhandel mit Overglaze Abziehbild"},"content":{"rendered":"<div class=\"wp-block-columns is-layout-flex wp-container-core-columns-is-layout-9d6595d7 wp-block-columns-is-layout-flex\">\n<div class=\"wp-block-column is-layout-flow wp-block-column-is-layout-flow\" style=\"flex-basis:50%\">\n<h3 class=\"wp-block-heading\">Premium Catering-Geschirr Gro\u00dfhandel Merkmale:<\/h3>\n\n\n\n<ul class=\"wp-block-list\">\n<li><strong>Natur pastoraler Stil Design:<\/strong> Unser Catering-Geschirr im Gro\u00dfhandel hat einen sanften cremefarbenen Hintergrund und feine Muster, die einen einfachen, aber eleganten Landhausstil bieten und die Gesamtstimmung des Esstisches bereichern.<\/li>\n\n\n\n<li><strong>\u00dcberlegenes Porzellanmaterial:<\/strong> Unser Catering-Geschirr wird aus hochwertigem Porzellan hergestellt, das sich durch hohe Temperaturbest\u00e4ndigkeit und Langlebigkeit auszeichnet, so dass das Geschirr extrem lange verwendet werden kann.<\/li>\n\n\n\n<li><strong>Aufglasur-Abziehbilder:<\/strong> Unsere Tafelsets in gro\u00dfen Mengen verwenden umweltfreundliche Aufglasurabziehbilder mit exquisiten Mustern und kr\u00e4ftigen Farben, die sich nicht so leicht abnutzen und verblassen.<\/li>\n\n\n\n<li><strong>Vielf\u00e4ltige Artikel, flexible Anpassung: <\/strong>Unsere Essgeschirr-Sets in loser Sch\u00fcttung bieten eine Vielzahl von Spezifikationen und funktionalen Elementen, um verschiedenen Szenarien und Nutzungsanforderungen gerecht zu werden, und k\u00f6nnen frei kombiniert und aufeinander abgestimmt werden.<\/li>\n\n\n\n<li><strong>Geeignet f\u00fcr die Gastronomie und den Einzelhandelsgro\u00dfhandel:<\/strong> Dieses Catering-Geschirr eignet sich f\u00fcr Gastronomiebetriebe wie Hotels, Gasth\u00f6fe und Caf\u00e9s und unterst\u00fctzt OEM-Anpassung und Gro\u00dfeinkauf.<\/li>\n<\/ul>\n<\/div>\n\n\n\n<div class=\"wp-block-column is-layout-flow wp-block-column-is-layout-flow\" style=\"flex-basis:50%\">\n<figure class=\"wp-block-image size-full\"><img decoding=\"async\" width=\"800\" height=\"800\" src=\"https:\/\/www.linkceramics.com\/wp-content\/uploads\/2025\/10\/rustic-catering-dinnerware-wholesale-with-overglaze-decal-2.webp\" alt=\"rustikales-gastronomie-geschirr-gro\u00dfhandel-mit-\u00fcberglasur-decal-2\" class=\"wp-image-2732\" srcset=\"https:\/\/www.linkceramics.com\/wp-content\/uploads\/2025\/10\/rustic-catering-dinnerware-wholesale-with-overglaze-decal-2.webp 800w, https:\/\/www.linkceramics.com\/wp-content\/uploads\/2025\/10\/rustic-catering-dinnerware-wholesale-with-overglaze-decal-2-300x300.webp 300w, https:\/\/www.linkceramics.com\/wp-content\/uploads\/2025\/10\/rustic-catering-dinnerware-wholesale-with-overglaze-decal-2-150x150.webp 150w, https:\/\/www.linkceramics.com\/wp-content\/uploads\/2025\/10\/rustic-catering-dinnerware-wholesale-with-overglaze-decal-2-768x768.webp 768w, https:\/\/www.linkceramics.com\/wp-content\/uploads\/2025\/10\/rustic-catering-dinnerware-wholesale-with-overglaze-decal-2-12x12.webp 12w, https:\/\/www.linkceramics.com\/wp-content\/uploads\/2025\/10\/rustic-catering-dinnerware-wholesale-with-overglaze-decal-2-600x600.webp 600w, https:\/\/www.linkceramics.com\/wp-content\/uploads\/2025\/10\/rustic-catering-dinnerware-wholesale-with-overglaze-decal-2-100x100.webp 100w\" sizes=\"(max-width: 800px) 100vw, 800px\" \/><\/figure>\n<\/div>\n<\/div>\n\n\n\n<p><\/p>","protected":false},"excerpt":{"rendered":"<div id=\"brxe-0ee1ca\" class=\"brxe-product-meta product_meta\">\n<p>Willkommen zu kaufen Abendessen-Sets in der Masse. Diese off-white Land rustikale Catering Geschirr Gro\u00dfhandel Produkt ist f\u00fcr ein Paket von vielen Einzelteilen, wie Teller, Schalen, Tassen, L\u00f6ffel und L\u00f6ffelhalter, mit frischen und nat\u00fcrlichen Blumen, was eine warme und Land l\u00e4ndliche Eleganz. Es kann den Bedarf von High-End-Restaurants und Bankette erf\u00fcllen und ist ein optimales Produkt fit f\u00fcr Ihr Catering-Gesch\u00e4ft.<\/p>\n<\/div>\n<div id=\"brxe-8c5ca9\" class=\"brxe-product-short-description\">\n<div class=\"woocommerce-product-details__short-description\">\n<h2>Rustikales Catering-Geschirr Gro\u00dfhandel Spezifikationen:<\/h2>\n<div id=\"brxe-e78fbc\">\n<table border=\"0\" width=\"370\" cellspacing=\"0\" cellpadding=\"0\">\n<tbody>\n<tr>\n<td width=\"139\" height=\"18\">Hersteller<\/td>\n<td width=\"231\">SOLECASA<\/td>\n<\/tr>\n<tr>\n<td width=\"139\" height=\"18\">Sammlung Name<\/td>\n<td width=\"231\">Ein halber Hektar Bl\u00fctenpracht<\/td>\n<\/tr>\n<tr>\n<td width=\"139\" height=\"18\">Enthaltene Produkte<\/td>\n<td width=\"231\">Teller, Sch\u00fcssel, Becher, L\u00f6ffel, Kanister<\/td>\n<\/tr>\n<tr>\n<td width=\"139\" height=\"18\">Material<\/td>\n<td width=\"231\">Porzellan<\/td>\n<\/tr>\n<tr>\n<td width=\"139\" height=\"18\">Paket<\/td>\n<td width=\"231\">Gro\u00dfpackung<\/td>\n<\/tr>\n<tr>\n<td width=\"139\" height=\"18\">Verkaufende Einheiten<\/td>\n<td width=\"231\">Einzelnes Element<\/td>\n<\/tr>\n<tr>\n<td width=\"139\" height=\"18\">MOQ<\/td>\n<td width=\"231\">Niedriges MOQ<\/td>\n<\/tr>\n<tr>\n<td width=\"139\" height=\"18\">Kostenlose Probe<\/td>\n<td width=\"231\">Verf\u00fcgbar<\/td>\n<\/tr>\n<tr>\n<td width=\"139\" height=\"18\">Kundenspezifische Option<\/td>\n<td width=\"231\">Farbe\/Gr\u00f6\u00dfe\/Glasur\/Logo\/Verpackung<\/td>\n<\/tr>\n<\/tbody>\n<\/table>\n<\/div>\n<div id=\"brxe-93988a\" class=\"brxe-block\">\u00a0<\/div>\n<\/div>\n<\/div>\n<p><script src=\"chrome-extension:\/\/fpelahbljekknahkcaegamhcndkfpfnc\/iFrame.js\" type=\"text\/javascript\"><\/script><\/p>","protected":false},"featured_media":2731,"comment_status":"open","ping_status":"closed","template":"","meta":{"_acf_changed":false},"certification":[63,64,66,58,65,61,60,62,57],"product_brand":[],"product_cat":[34,18],"product_tag":[],"class_list":{"0":"post-2730","1":"product","2":"type-product","3":"status-publish","4":"has-post-thumbnail","6":"certification-amfori","7":"certification-bsci","8":"certification-cnas","9":"certification-fda","10":"certification-iaf","11":"certification-iso-14001","12":"certification-iso-45001","13":"certification-iso-9001","14":"certification-lfgb","15":"product_cat-custom-household-ceramics","16":"product_cat-ceramic-tableware-wholesale","18":"first","19":"instock","20":"shipping-taxable","21":"product-type-simple"},"acf":[],"_links":{"self":[{"href":"https:\/\/www.linkceramics.com\/de\/wp-json\/wp\/v2\/product\/2730","targetHints":{"allow":["GET"]}}],"collection":[{"href":"https:\/\/www.linkceramics.com\/de\/wp-json\/wp\/v2\/product"}],"about":[{"href":"https:\/\/www.linkceramics.com\/de\/wp-json\/wp\/v2\/types\/product"}],"replies":[{"embeddable":true,"href":"https:\/\/www.linkceramics.com\/de\/wp-json\/wp\/v2\/comments?post=2730"}],"wp:featuredmedia":[{"embeddable":true,"href":"https:\/\/www.linkceramics.com\/de\/wp-json\/wp\/v2\/media\/2731"}],"wp:attachment":[{"href":"https:\/\/www.linkceramics.com\/de\/wp-json\/wp\/v2\/media?parent=2730"}],"wp:term":[{"taxonomy":"certification","embeddable":true,"href":"https:\/\/www.linkceramics.com\/de\/wp-json\/wp\/v2\/certification?post=2730"},{"taxonomy":"product_brand","embeddable":true,"href":"https:\/\/www.linkceramics.com\/de\/wp-json\/wp\/v2\/product_brand?post=2730"},{"taxonomy":"product_cat","embeddable":true,"href":"https:\/\/www.linkceramics.com\/de\/wp-json\/wp\/v2\/product_cat?post=2730"},{"taxonomy":"product_tag","embeddable":true,"href":"https:\/\/www.linkceramics.com\/de\/wp-json\/wp\/v2\/product_tag?post=2730"}],"curies":[{"name":"wp","href":"https:\/\/api.w.org\/{rel}","templated":true}]}}