{"id":2736,"date":"2025-10-23T08:38:27","date_gmt":"2025-10-23T08:38:27","guid":{"rendered":"https:\/\/www.linkceramics.com\/?post_type=product&#038;p=2736"},"modified":"2025-10-23T08:38:29","modified_gmt":"2025-10-23T08:38:29","slug":"dinner-set-wholesale","status":"publish","type":"product","link":"https:\/\/www.linkceramics.com\/de\/product\/dinner-set-wholesale\/","title":{"rendered":"Dinner Set Gro\u00dfhandel, Handcrafted Feel Tableware Supply"},"content":{"rendered":"<div class=\"wp-block-columns is-layout-flex wp-container-core-columns-is-layout-9d6595d7 wp-block-columns-is-layout-flex\">\n<div class=\"wp-block-column is-layout-flow wp-block-column-is-layout-flow\" style=\"flex-basis:50%\">\n<h3 class=\"wp-block-heading\">Premium Dinner Set Gro\u00dfhandel Merkmale:<\/h3>\n\n\n\n<ul class=\"wp-block-list\">\n<li><strong>Nat\u00fcrliche unregelm\u00e4\u00dfige Form: <\/strong>Alle Produkte in diesem Gro\u00dfhandel Abendessen Set sind von organischen Linien und handgemachte Textur, mit einer einzigartigen k\u00fcnstlerischen Atmosph\u00e4re.<\/li>\n\n\n\n<li><strong>Sanfte Beiget\u00f6ne und Blumenmuster:<\/strong> Dieses Keramikgeschirr in gro\u00dfen Mengen ist mit kleinen roten Blumenmustern \u00fcbers\u00e4t, die eine romantische Atmosph\u00e4re wie in einem Fr\u00fchlingsgarten schaffen.<\/li>\n\n\n\n<li><strong>Vollst\u00e4ndiger Satz:<\/strong> Dieses Tafelservice im Gro\u00dfhandel umfasst Schalen, Teller und Tassen in verschiedenen Gr\u00f6\u00dfen, die sich sowohl f\u00fcr das t\u00e4gliche Essen mit der Familie als auch f\u00fcr formelle Bankette und Versammlungen eignen.<\/li>\n\n\n\n<li><strong>Glatte Glasur, leicht zu reinigen und langlebig: <\/strong>Unser Keramikgeschirr in gro\u00dfen Mengen besteht aus hochwertigem Porzellan und einer glatten Glasurbehandlung, die sch\u00f6n und einfach zu pflegen ist.<\/li>\n\n\n\n<li><strong>Geeignet f\u00fcr Gro\u00dfhandel und Personalisierung:<\/strong> Unser Essgeschirr-Gro\u00dfhandel unterst\u00fctzt die Lieferung in gro\u00dfem Umfang und kann Muster oder Kombinationen f\u00fcr Marken anpassen, die f\u00fcr Einzelhandels- und Catering-Projekte geeignet sind.<\/li>\n<\/ul>\n<\/div>\n\n\n\n<div class=\"wp-block-column is-layout-flow wp-block-column-is-layout-flow\" style=\"flex-basis:50%\">\n<figure class=\"wp-block-image size-full\"><img decoding=\"async\" width=\"800\" height=\"800\" src=\"https:\/\/www.linkceramics.com\/wp-content\/uploads\/2025\/10\/porcelain-dinner-set-wholesale-handcrafted-feel-tableware-supply-1.webp\" alt=\"Porzellan-Geschirrset-Gro\u00dfhandel-Handgefertigtes-Geschirr-Vorrat-1\" class=\"wp-image-2737\" srcset=\"https:\/\/www.linkceramics.com\/wp-content\/uploads\/2025\/10\/porcelain-dinner-set-wholesale-handcrafted-feel-tableware-supply-1.webp 800w, https:\/\/www.linkceramics.com\/wp-content\/uploads\/2025\/10\/porcelain-dinner-set-wholesale-handcrafted-feel-tableware-supply-1-300x300.webp 300w, https:\/\/www.linkceramics.com\/wp-content\/uploads\/2025\/10\/porcelain-dinner-set-wholesale-handcrafted-feel-tableware-supply-1-150x150.webp 150w, https:\/\/www.linkceramics.com\/wp-content\/uploads\/2025\/10\/porcelain-dinner-set-wholesale-handcrafted-feel-tableware-supply-1-768x768.webp 768w, https:\/\/www.linkceramics.com\/wp-content\/uploads\/2025\/10\/porcelain-dinner-set-wholesale-handcrafted-feel-tableware-supply-1-12x12.webp 12w, https:\/\/www.linkceramics.com\/wp-content\/uploads\/2025\/10\/porcelain-dinner-set-wholesale-handcrafted-feel-tableware-supply-1-600x600.webp 600w, https:\/\/www.linkceramics.com\/wp-content\/uploads\/2025\/10\/porcelain-dinner-set-wholesale-handcrafted-feel-tableware-supply-1-100x100.webp 100w\" sizes=\"(max-width: 800px) 100vw, 800px\" \/><\/figure>\n<\/div>\n<\/div>\n\n\n\n<p><\/p>","protected":false},"excerpt":{"rendered":"<div id=\"brxe-0ee1ca\" class=\"brxe-product-meta product_meta\">\n<p>Willkommen zum Kauf von Keramik-Geschirr in gro\u00dfen Mengen. Dieses Tafelservice im Gro\u00dfhandel ist in der Grundfarbe sanftes Beige mit winzigen Blumenmustern, unregelm\u00e4\u00dfiger Form, nat\u00fcrlicher handgefertigter Textur und subtilem und einzigartigem Design gestaltet, was es f\u00fcr Bankette oder Familientreffen geeignet macht. Es kann personalisiert werden und bietet eine ma\u00dfgeschneiderte Mahlzeit.<\/p>\n<\/div>\n<div id=\"brxe-8c5ca9\" class=\"brxe-product-short-description\">\n<div class=\"woocommerce-product-details__short-description\">\n<h2>Dinner Set Gro\u00dfhandel Spezifikationen:<\/h2>\n<table border=\"0\" width=\"370\" cellspacing=\"0\" cellpadding=\"0\">\n<tbody>\n<tr>\n<td width=\"139\" height=\"18\">Hersteller<\/td>\n<td width=\"231\">SOLECASA<\/td>\n<\/tr>\n<tr>\n<td width=\"139\" height=\"18\">Sammlung Name<\/td>\n<td width=\"231\">Blossom Court<\/td>\n<\/tr>\n<tr>\n<td width=\"139\" height=\"36\">Enthaltene Produkte<\/td>\n<td width=\"231\">Teller, Sch\u00fcssel, Dip-Schale, L\u00f6ffel, Becher, Vase<\/td>\n<\/tr>\n<tr>\n<td width=\"139\" height=\"18\">Material<\/td>\n<td width=\"231\">Porzellan<\/td>\n<\/tr>\n<tr>\n<td width=\"139\" height=\"18\">Paket<\/td>\n<td width=\"231\">Gro\u00dfpackung<\/td>\n<\/tr>\n<tr>\n<td width=\"139\" height=\"18\">Verkaufende Einheiten<\/td>\n<td width=\"231\">Einzelnes Element<\/td>\n<\/tr>\n<tr>\n<td width=\"139\" height=\"18\">MOQ<\/td>\n<td width=\"231\">Niedriges MOQ<\/td>\n<\/tr>\n<tr>\n<td width=\"139\" height=\"18\">Kostenlose Probe<\/td>\n<td width=\"231\">Verf\u00fcgbar<\/td>\n<\/tr>\n<tr>\n<td width=\"139\" height=\"18\">Kundenspezifische Option<\/td>\n<td width=\"231\">Farbe\/Gr\u00f6\u00dfe\/Glasur\/Logo\/Verpackung<\/td>\n<\/tr>\n<\/tbody>\n<\/table>\n<p><\/p>\n<div id=\"brxe-93988a\" class=\"brxe-block\">\u00a0<\/div>\n<\/div>\n<\/div>\n<p><script src=\"chrome-extension:\/\/fpelahbljekknahkcaegamhcndkfpfnc\/iFrame.js\" type=\"text\/javascript\"><\/script><\/p>","protected":false},"featured_media":2738,"comment_status":"open","ping_status":"closed","template":"","meta":{"_acf_changed":false},"certification":[63,64,66,58,65,61,60,62,57],"product_brand":[],"product_cat":[34,18],"product_tag":[],"class_list":{"0":"post-2736","1":"product","2":"type-product","3":"status-publish","4":"has-post-thumbnail","6":"certification-amfori","7":"certification-bsci","8":"certification-cnas","9":"certification-fda","10":"certification-iaf","11":"certification-iso-14001","12":"certification-iso-45001","13":"certification-iso-9001","14":"certification-lfgb","15":"product_cat-custom-household-ceramics","16":"product_cat-ceramic-tableware-wholesale","18":"first","19":"instock","20":"shipping-taxable","21":"product-type-simple"},"acf":[],"_links":{"self":[{"href":"https:\/\/www.linkceramics.com\/de\/wp-json\/wp\/v2\/product\/2736","targetHints":{"allow":["GET"]}}],"collection":[{"href":"https:\/\/www.linkceramics.com\/de\/wp-json\/wp\/v2\/product"}],"about":[{"href":"https:\/\/www.linkceramics.com\/de\/wp-json\/wp\/v2\/types\/product"}],"replies":[{"embeddable":true,"href":"https:\/\/www.linkceramics.com\/de\/wp-json\/wp\/v2\/comments?post=2736"}],"wp:featuredmedia":[{"embeddable":true,"href":"https:\/\/www.linkceramics.com\/de\/wp-json\/wp\/v2\/media\/2738"}],"wp:attachment":[{"href":"https:\/\/www.linkceramics.com\/de\/wp-json\/wp\/v2\/media?parent=2736"}],"wp:term":[{"taxonomy":"certification","embeddable":true,"href":"https:\/\/www.linkceramics.com\/de\/wp-json\/wp\/v2\/certification?post=2736"},{"taxonomy":"product_brand","embeddable":true,"href":"https:\/\/www.linkceramics.com\/de\/wp-json\/wp\/v2\/product_brand?post=2736"},{"taxonomy":"product_cat","embeddable":true,"href":"https:\/\/www.linkceramics.com\/de\/wp-json\/wp\/v2\/product_cat?post=2736"},{"taxonomy":"product_tag","embeddable":true,"href":"https:\/\/www.linkceramics.com\/de\/wp-json\/wp\/v2\/product_tag?post=2736"}],"curies":[{"name":"wp","href":"https:\/\/api.w.org\/{rel}","templated":true}]}}