{"id":2744,"date":"2025-10-23T09:11:27","date_gmt":"2025-10-23T09:11:27","guid":{"rendered":"https:\/\/www.linkceramics.com\/?post_type=product&#038;p=2744"},"modified":"2025-10-23T09:11:29","modified_gmt":"2025-10-23T09:11:29","slug":"ceramic-tableware-wholesale","status":"publish","type":"product","link":"https:\/\/www.linkceramics.com\/de\/product\/ceramic-tableware-wholesale\/","title":{"rendered":"Solecasa Hand Malerei keramischen Geschirr Gro\u00dfhandel Versorgung"},"content":{"rendered":"<div class=\"wp-block-columns is-layout-flex wp-container-core-columns-is-layout-9d6595d7 wp-block-columns-is-layout-flex\">\n<div class=\"wp-block-column is-layout-flow wp-block-column-is-layout-flow\" style=\"flex-basis:50%\">\n<h3 class=\"wp-block-heading\">Premium-Keramik-Geschirr Gro\u00dfhandel Merkmale:<\/h3>\n\n\n\n<ul class=\"wp-block-list\">\n<li><strong>Einfaches zeitgen\u00f6ssisches Design: <\/strong>Unser gro\u00dfes Keramikgeschirr ist mit blauen und roten Streifen, handgemalter Dekoration, pr\u00e4gnanter Form und auffallender Farbe gestaltet und steht f\u00fcr die Sch\u00f6nheit des modernen Lebens.<\/li>\n\n\n\n<li><strong>Die mehrteilige Kombination ist praktisch:<\/strong> Unser Keramikgeschirr-Gro\u00dfhandel umfasst eine Vielzahl von Grundgeschirr, das den unterschiedlichen Bed\u00fcrfnissen beim Essen gerecht wird.<\/li>\n\n\n\n<li><strong>Bleifreie und lebensmittelechte Glasur:<\/strong> Das gesamte Massengeschirr ist blei- und kadmiumfrei, mit umweltfreundlichen Glasuren, die die internationalen Standards f\u00fcr Lebensmittelsicherheit wie FDA und LFGB erf\u00fcllt haben, f\u00fcr Gesundheit und Sicherheit.<\/li>\n\n\n\n<li><strong>Hochtemperatur-Keramikmaterial:<\/strong> Unsere Keramik-Geschirr Gro\u00dfhandel ist bei hoher Temperatur gebrannt, langlebig und schwer zu brechen, sicher und bequem f\u00fcr den t\u00e4glichen Gebrauch.<\/li>\n\n\n\n<li><strong>Gro\u00dfhandel und individuelle Anpassung m\u00f6glich:<\/strong> Unser Gro\u00dfhandel Keramik Geschirr kann akzeptieren, Bulk-Lieferung und Muster Anpassung, geeignet f\u00fcr den kommerziellen Kauf und Marke verkaufen.<\/li>\n<\/ul>\n<\/div>\n\n\n\n<div class=\"wp-block-column is-layout-flow wp-block-column-is-layout-flow\" style=\"flex-basis:50%\">\n<figure class=\"wp-block-image size-full\"><img decoding=\"async\" width=\"800\" height=\"800\" src=\"https:\/\/www.linkceramics.com\/wp-content\/uploads\/2025\/10\/solecasa-hand-painting-ceramic-tableware-wholesale-supply-4.webp\" alt=\"solecasa handbemaltes-keramisches-geschirr-grosshandel-angebot-4\" class=\"wp-image-2747\" srcset=\"https:\/\/www.linkceramics.com\/wp-content\/uploads\/2025\/10\/solecasa-hand-painting-ceramic-tableware-wholesale-supply-4.webp 800w, https:\/\/www.linkceramics.com\/wp-content\/uploads\/2025\/10\/solecasa-hand-painting-ceramic-tableware-wholesale-supply-4-300x300.webp 300w, https:\/\/www.linkceramics.com\/wp-content\/uploads\/2025\/10\/solecasa-hand-painting-ceramic-tableware-wholesale-supply-4-150x150.webp 150w, https:\/\/www.linkceramics.com\/wp-content\/uploads\/2025\/10\/solecasa-hand-painting-ceramic-tableware-wholesale-supply-4-768x768.webp 768w, https:\/\/www.linkceramics.com\/wp-content\/uploads\/2025\/10\/solecasa-hand-painting-ceramic-tableware-wholesale-supply-4-12x12.webp 12w, https:\/\/www.linkceramics.com\/wp-content\/uploads\/2025\/10\/solecasa-hand-painting-ceramic-tableware-wholesale-supply-4-600x600.webp 600w, https:\/\/www.linkceramics.com\/wp-content\/uploads\/2025\/10\/solecasa-hand-painting-ceramic-tableware-wholesale-supply-4-100x100.webp 100w\" sizes=\"(max-width: 800px) 100vw, 800px\" \/><\/figure>\n<\/div>\n<\/div>\n\n\n\n<p><\/p>","protected":false},"excerpt":{"rendered":"<div id=\"brxe-0ee1ca\" class=\"brxe-product-meta product_meta\">\n<p>Willkommen zum Kauf von Geschirr in gro\u00dfen Mengen. Dieses Keramikgeschirr im Gro\u00dfhandel hat einen pr\u00e4gnanten, modernen Stil und ist mit blauen und roten Streifen verziert, die von Hand bemalt werden. Kunsthandwerker bemalen das Geschirr St\u00fcck f\u00fcr St\u00fcck von Hand und schaffen so leuchtende Farben und einzigartige Handwerkskunst. Wir beliefern Markenkunden und Catering-Projekte mit hochwertigen Keramikgeschirrl\u00f6sungen.<\/p>\n<\/div>\n<div id=\"brxe-8c5ca9\" class=\"brxe-product-short-description\">\n<div class=\"woocommerce-product-details__short-description\">\n<h2>Keramik-Geschirr Gro\u00dfhandel Spezifikationen:<\/h2>\n<table border=\"0\" width=\"370\" cellspacing=\"0\" cellpadding=\"0\">\n<tbody>\n<tr>\n<td width=\"139\" height=\"18\">Hersteller<\/td>\n<td width=\"231\">SOLECASA<\/td>\n<\/tr>\n<tr>\n<td width=\"139\" height=\"18\">Sammlung Name<\/td>\n<td width=\"231\">Brooklyn<\/td>\n<\/tr>\n<tr>\n<td width=\"139\" height=\"36\">Enthaltene Produkte<\/td>\n<td width=\"231\">Teller, Sch\u00fcssel, Tasse und Untertasse, Dip-Schale, L\u00f6ffel<\/td>\n<\/tr>\n<tr>\n<td width=\"139\" height=\"18\">Material<\/td>\n<td width=\"231\">Porzellan<\/td>\n<\/tr>\n<tr>\n<td width=\"139\" height=\"18\">Paket<\/td>\n<td width=\"231\">Gro\u00dfpackung<\/td>\n<\/tr>\n<tr>\n<td width=\"139\" height=\"18\">Verkaufende Einheiten<\/td>\n<td width=\"231\">Einzelnes Element<\/td>\n<\/tr>\n<tr>\n<td width=\"139\" height=\"18\">MOQ<\/td>\n<td width=\"231\">Niedriges MOQ<\/td>\n<\/tr>\n<tr>\n<td width=\"139\" height=\"18\">Kostenlose Probe<\/td>\n<td width=\"231\">Verf\u00fcgbar<\/td>\n<\/tr>\n<tr>\n<td width=\"139\" height=\"18\">Kundenspezifische Option<\/td>\n<td width=\"231\">Farbe\/Gr\u00f6\u00dfe\/Glasur\/Logo\/Verpackung<\/td>\n<\/tr>\n<\/tbody>\n<\/table>\n<div id=\"brxe-93988a\">\u00a0<\/div>\n<\/div>\n<\/div>","protected":false},"featured_media":2745,"comment_status":"open","ping_status":"closed","template":"","meta":{"_acf_changed":false},"certification":[63,64,66,58,65,61,60,62,57],"product_brand":[],"product_cat":[34,18],"product_tag":[],"class_list":{"0":"post-2744","1":"product","2":"type-product","3":"status-publish","4":"has-post-thumbnail","6":"certification-amfori","7":"certification-bsci","8":"certification-cnas","9":"certification-fda","10":"certification-iaf","11":"certification-iso-14001","12":"certification-iso-45001","13":"certification-iso-9001","14":"certification-lfgb","15":"product_cat-custom-household-ceramics","16":"product_cat-ceramic-tableware-wholesale","18":"first","19":"instock","20":"shipping-taxable","21":"product-type-simple"},"acf":[],"_links":{"self":[{"href":"https:\/\/www.linkceramics.com\/de\/wp-json\/wp\/v2\/product\/2744","targetHints":{"allow":["GET"]}}],"collection":[{"href":"https:\/\/www.linkceramics.com\/de\/wp-json\/wp\/v2\/product"}],"about":[{"href":"https:\/\/www.linkceramics.com\/de\/wp-json\/wp\/v2\/types\/product"}],"replies":[{"embeddable":true,"href":"https:\/\/www.linkceramics.com\/de\/wp-json\/wp\/v2\/comments?post=2744"}],"wp:featuredmedia":[{"embeddable":true,"href":"https:\/\/www.linkceramics.com\/de\/wp-json\/wp\/v2\/media\/2745"}],"wp:attachment":[{"href":"https:\/\/www.linkceramics.com\/de\/wp-json\/wp\/v2\/media?parent=2744"}],"wp:term":[{"taxonomy":"certification","embeddable":true,"href":"https:\/\/www.linkceramics.com\/de\/wp-json\/wp\/v2\/certification?post=2744"},{"taxonomy":"product_brand","embeddable":true,"href":"https:\/\/www.linkceramics.com\/de\/wp-json\/wp\/v2\/product_brand?post=2744"},{"taxonomy":"product_cat","embeddable":true,"href":"https:\/\/www.linkceramics.com\/de\/wp-json\/wp\/v2\/product_cat?post=2744"},{"taxonomy":"product_tag","embeddable":true,"href":"https:\/\/www.linkceramics.com\/de\/wp-json\/wp\/v2\/product_tag?post=2744"}],"curies":[{"name":"wp","href":"https:\/\/api.w.org\/{rel}","templated":true}]}}