{"id":2787,"date":"2025-11-13T03:29:36","date_gmt":"2025-11-13T03:29:36","guid":{"rendered":"https:\/\/www.linkceramics.com\/?post_type=product&#038;p=2787"},"modified":"2025-11-13T03:29:39","modified_gmt":"2025-11-13T03:29:39","slug":"bulk-ceramic-bathroom-accessories-set","status":"publish","type":"product","link":"https:\/\/www.linkceramics.com\/de\/product\/bulk-ceramic-bathroom-accessories-set\/","title":{"rendered":"Factory Bulk keramische Bad-Accessoires Set 4 St\u00fcck"},"content":{"rendered":"<div class=\"wp-block-columns is-layout-flex wp-container-core-columns-is-layout-9d6595d7 wp-block-columns-is-layout-flex\">\n<div class=\"wp-block-column is-layout-flow wp-block-column-is-layout-flow\" style=\"flex-basis:50%\">\n<h3 class=\"wp-block-heading\">Eigenschaften von Bulk Ceramic Bathroom Accessories Set<\/h3>\n\n\n\n<p><strong>Urspr\u00fcnglicher Entwurf:<\/strong> Unser werkseitig hergestelltes Keramikset f\u00fcr Badezimmer-Accessoires zeichnet sich durch ein unverwechselbares Mason-Glas-Design aus, das modernen Stil und klassischen Reiz widerspiegelt.<\/p>\n\n\n\n<p><strong>Vielseitig einsetzbar: <\/strong>Das Bad-Accessoires-Set besteht aus vier n\u00fctzlichen und unverzichtbaren Teilen: einem Seifenpumpenspender, einem Zahnb\u00fcrstenhalter, einem Glas\/Glas und einer Seifenschale.<\/p>\n\n\n\n<p><strong>Farbauswahl:<\/strong> Das gro\u00dfe Keramik-Badezimmer-Accessoires-Set wird in einer Vielzahl von modischen Farben angeboten, mit einer Auswahl von Wei\u00df, Grau, Beige\/Taupe und Hellblau\/Mintgr\u00fcn. Die Farben machen deutlich, dass die Objekte gut zu jedem Badezimmerstil passen werden.<\/p>\n\n\n\n<p><strong>Stark:<\/strong> Die Keramik ist ein extrem haltbares Material, das sehr hitzebest\u00e4ndig und sto\u00dffest ist, was es unzerbrechlich und langlebig f\u00fcr den t\u00e4glichen Gebrauch macht.<\/p>\n\n\n\n<p><strong>Geringer Wartungsaufwand:<\/strong> Es ist ganz einfach, Ihr Badezimmer sauber und hygienisch zu halten, wenn Sie unser werkseitig hergestelltes Keramikset f\u00fcr Badezimmerzubeh\u00f6r verwenden. Sie k\u00f6nnen es jederzeit mit einem feuchten Tuch reinigen und erhalten so Tag f\u00fcr Tag eine saubere und frisch aussehende zinnoberrote Oberfl\u00e4che.<\/p>\n<\/div>\n\n\n\n<div class=\"wp-block-column is-layout-flow wp-block-column-is-layout-flow\" style=\"flex-basis:50%\">\n<figure class=\"wp-block-image size-full\"><img decoding=\"async\" width=\"750\" height=\"750\" src=\"https:\/\/www.linkceramics.com\/wp-content\/uploads\/2025\/11\/factory-bulk-ceramic-bathroom-accessories-set-4-piece-5.webp\" alt=\"factory-bulk-ceramic-bathroom-accessories-set-4-piece-5factory-bulk-ceramic-bathroom-accessories-set-4-piece-5\" class=\"wp-image-2792\" srcset=\"https:\/\/www.linkceramics.com\/wp-content\/uploads\/2025\/11\/factory-bulk-ceramic-bathroom-accessories-set-4-piece-5.webp 750w, https:\/\/www.linkceramics.com\/wp-content\/uploads\/2025\/11\/factory-bulk-ceramic-bathroom-accessories-set-4-piece-5-300x300.webp 300w, https:\/\/www.linkceramics.com\/wp-content\/uploads\/2025\/11\/factory-bulk-ceramic-bathroom-accessories-set-4-piece-5-150x150.webp 150w, https:\/\/www.linkceramics.com\/wp-content\/uploads\/2025\/11\/factory-bulk-ceramic-bathroom-accessories-set-4-piece-5-12x12.webp 12w, https:\/\/www.linkceramics.com\/wp-content\/uploads\/2025\/11\/factory-bulk-ceramic-bathroom-accessories-set-4-piece-5-600x600.webp 600w, https:\/\/www.linkceramics.com\/wp-content\/uploads\/2025\/11\/factory-bulk-ceramic-bathroom-accessories-set-4-piece-5-100x100.webp 100w\" sizes=\"(max-width: 750px) 100vw, 750px\" \/><\/figure>\n<\/div>\n<\/div>","protected":false},"excerpt":{"rendered":"<p>Wenden Sie sich an Kedali, wenn Sie dieses Mason-Glas-Set f\u00fcr Badezimmerzubeh\u00f6r in gro\u00dfen Mengen kaufen oder individuell gestalten m\u00f6chten. Jedes Set enth\u00e4lt eine raffiniert gestaltete Seifenschale mit Lamellen, einen offenen Zahnb\u00fcrstenhalter, einen Sp\u00fclbecher und eine Edelstahlpumpe f\u00fcr einen Fl\u00fcssigseifenspender. Die Mindestbestellmenge betr\u00e4gt 800 Sets.<\/p>\n<h2>Spezifikationen von Bulk Ceramic Bathroom Accessories Set<\/h2>\n<table class=\"alignleft\" width=\"635\">\n<tbody>\n<tr>\n<td width=\"147\">Marke<\/td>\n<td width=\"488\">KDL<\/td>\n<\/tr>\n<tr>\n<td width=\"147\">Modell<\/td>\n<td width=\"488\">DBS266-K466<\/td>\n<\/tr>\n<tr>\n<td width=\"147\">Name<\/td>\n<td width=\"488\">Keramik-Badezimmer-Accessoires-Set<\/td>\n<\/tr>\n<tr>\n<td width=\"147\">Farbe<\/td>\n<td width=\"488\">wei\u00df<\/td>\n<\/tr>\n<tr>\n<td width=\"147\">Material<\/td>\n<td width=\"488\">Keramik<\/td>\n<\/tr>\n<tr>\n<td width=\"147\">Anmeldung<\/td>\n<td width=\"488\">Badezimmer\u00a0<\/td>\n<\/tr>\n<tr>\n<td width=\"147\">Abmessungen<\/td>\n<td width=\"488\">Spender:7.7*7.7*18.5cm; Becher:7.7*7.7*12cm Zahnb\u00fcrstenhalter:7.7*7.7*12cm; Seifenschale:13.2*8*1.7cm;<\/td>\n<\/tr>\n<tr>\n<td width=\"147\">Bruttogewicht (kg)<\/td>\n<td width=\"488\">2kg\/Satz<\/td>\n<\/tr>\n<tr>\n<td width=\"147\">Merkmal<\/td>\n<td width=\"488\">Geschnitzt<\/td>\n<\/tr>\n<tr>\n<td width=\"147\">Mindestbestellmenge<\/td>\n<td width=\"488\">800 S\u00e4tze<\/td>\n<\/tr>\n<\/tbody>\n<\/table>\n<p>&nbsp;<\/p>","protected":false},"featured_media":2788,"comment_status":"open","ping_status":"closed","template":"","meta":{"_acf_changed":true},"certification":[63,64,66,58,61,62],"product_brand":[],"product_cat":[35,22],"product_tag":[],"class_list":{"0":"post-2787","1":"product","2":"type-product","3":"status-publish","4":"has-post-thumbnail","6":"certification-amfori","7":"certification-bsci","8":"certification-cnas","9":"certification-fda","10":"certification-iso-14001","11":"certification-iso-9001","12":"product_cat-bathroom-ceramics-supply","13":"product_cat-ceramic-bathroom-set","15":"first","16":"instock","17":"shipping-taxable","18":"product-type-simple"},"acf":[],"_links":{"self":[{"href":"https:\/\/www.linkceramics.com\/de\/wp-json\/wp\/v2\/product\/2787","targetHints":{"allow":["GET"]}}],"collection":[{"href":"https:\/\/www.linkceramics.com\/de\/wp-json\/wp\/v2\/product"}],"about":[{"href":"https:\/\/www.linkceramics.com\/de\/wp-json\/wp\/v2\/types\/product"}],"replies":[{"embeddable":true,"href":"https:\/\/www.linkceramics.com\/de\/wp-json\/wp\/v2\/comments?post=2787"}],"wp:featuredmedia":[{"embeddable":true,"href":"https:\/\/www.linkceramics.com\/de\/wp-json\/wp\/v2\/media\/2788"}],"wp:attachment":[{"href":"https:\/\/www.linkceramics.com\/de\/wp-json\/wp\/v2\/media?parent=2787"}],"wp:term":[{"taxonomy":"certification","embeddable":true,"href":"https:\/\/www.linkceramics.com\/de\/wp-json\/wp\/v2\/certification?post=2787"},{"taxonomy":"product_brand","embeddable":true,"href":"https:\/\/www.linkceramics.com\/de\/wp-json\/wp\/v2\/product_brand?post=2787"},{"taxonomy":"product_cat","embeddable":true,"href":"https:\/\/www.linkceramics.com\/de\/wp-json\/wp\/v2\/product_cat?post=2787"},{"taxonomy":"product_tag","embeddable":true,"href":"https:\/\/www.linkceramics.com\/de\/wp-json\/wp\/v2\/product_tag?post=2787"}],"curies":[{"name":"wp","href":"https:\/\/api.w.org\/{rel}","templated":true}]}}