{"id":2793,"date":"2025-11-13T06:23:48","date_gmt":"2025-11-13T06:23:48","guid":{"rendered":"https:\/\/www.linkceramics.com\/?post_type=product&#038;p=2793"},"modified":"2025-11-13T06:23:50","modified_gmt":"2025-11-13T06:23:50","slug":"wholesale-ceramic-soap-dispensers","status":"publish","type":"product","link":"https:\/\/www.linkceramics.com\/de\/product\/wholesale-ceramic-soap-dispensers\/","title":{"rendered":"Einzigartige keramische Seifenspender f\u00fcr den Gro\u00dfhandel, Zubeh\u00f6r f\u00fcr das Badezimmer"},"content":{"rendered":"<div class=\"wp-block-columns is-layout-flex wp-container-core-columns-is-layout-9d6595d7 wp-block-columns-is-layout-flex\">\n<div class=\"wp-block-column is-layout-flow wp-block-column-is-layout-flow\" style=\"flex-basis:50%\">\n<h3 class=\"wp-block-heading\">Eigenschaften von Gro\u00dfhandel Keramik Seifenspender<\/h3>\n\n\n\n<p><strong>Urspr\u00fcnglicher Entwurf:<\/strong> Im Gegensatz zu Standard-Kunststoff-Seifenspender, diese Gro\u00dfhandel Keramik Seifenspender sind Keramik durch Material, sowie mit urspr\u00fcnglichen abstrakten menschlichen Formen helfen mit dem Design, so dass sie dekorative Keramik Seifenspender sowie Bad-Accessoires sind.<\/p>\n\n\n\n<p><strong>Qualit\u00e4t Material Gef\u00fchl: <\/strong>Im Gegensatz zu Seifenspendern aus Kunststoff haben diese Gro\u00dfhandelsseifenspender aus Keramik ein hochwertiges Gewicht, und die glatte, gl\u00e4nzende Oberfl\u00e4che ist sehr leicht zu reinigen.<\/p>\n\n\n\n<p><strong>Wiederverwendung: <\/strong>Diese Gro\u00dfhandels-Keramikseifenspender sind zwar wiederverwendbar, aber sie sind eine nachhaltige Langzeitl\u00f6sung, weil man nicht st\u00e4ndig diese billigen Einweg-Plastikseifenflaschen ersetzen muss.<\/p>\n\n\n\n<p><strong>Verwendung f\u00fcr mehrere Fl\u00fcssigkeiten:<\/strong> Diese individuellen Seifenspender aus Keramik eignen sich f\u00fcr eine Vielzahl von Fl\u00fcssigkeiten (Handseife, Lotion, Handdesinfektionsmittel oder sogar Duschgel\/Shampoo), was sie vielseitig einsetzbar und f\u00fcr jedes Badezimmer oder jeden Waschraum geeignet macht.<\/p>\n\n\n\n<p><strong>Fabrik OEM &amp; ODM:<\/strong> Kedali ist einer der f\u00fchrenden Hersteller von Badezimmerzubeh\u00f6r in China. Wir bieten einen umfassenden Service zur Anpassung an die Kundenbed\u00fcrfnisse, einschlie\u00dflich Farbe, Form, Gr\u00f6\u00dfe und Verpackungsdesign, und unterst\u00fctzen Marken bei der Entwicklung einzigartiger Produkte.<\/p>\n<\/div>\n\n\n\n<div class=\"wp-block-column is-layout-flow wp-block-column-is-layout-flow\" style=\"flex-basis:50%\">\n<figure class=\"wp-block-image size-full\"><img decoding=\"async\" width=\"800\" height=\"800\" src=\"https:\/\/www.linkceramics.com\/wp-content\/uploads\/2025\/11\/unique-wholesale-ceramic-soap-dispensers-bathroom-supplies-1.webp\" alt=\"Unikat-Gro\u00dfhandel-Keramikseifenspender-Badezimmerbedarf-1\" class=\"wp-image-2794\" srcset=\"https:\/\/www.linkceramics.com\/wp-content\/uploads\/2025\/11\/unique-wholesale-ceramic-soap-dispensers-bathroom-supplies-1.webp 800w, https:\/\/www.linkceramics.com\/wp-content\/uploads\/2025\/11\/unique-wholesale-ceramic-soap-dispensers-bathroom-supplies-1-300x300.webp 300w, https:\/\/www.linkceramics.com\/wp-content\/uploads\/2025\/11\/unique-wholesale-ceramic-soap-dispensers-bathroom-supplies-1-150x150.webp 150w, https:\/\/www.linkceramics.com\/wp-content\/uploads\/2025\/11\/unique-wholesale-ceramic-soap-dispensers-bathroom-supplies-1-768x768.webp 768w, https:\/\/www.linkceramics.com\/wp-content\/uploads\/2025\/11\/unique-wholesale-ceramic-soap-dispensers-bathroom-supplies-1-12x12.webp 12w, https:\/\/www.linkceramics.com\/wp-content\/uploads\/2025\/11\/unique-wholesale-ceramic-soap-dispensers-bathroom-supplies-1-600x600.webp 600w, https:\/\/www.linkceramics.com\/wp-content\/uploads\/2025\/11\/unique-wholesale-ceramic-soap-dispensers-bathroom-supplies-1-100x100.webp 100w\" sizes=\"(max-width: 800px) 100vw, 800px\" \/><\/figure>\n<\/div>\n<\/div>","protected":false},"excerpt":{"rendered":"<p>Wenden Sie sich an Kedali, wenn Sie diese Keramikseifenspender im Gro\u00dfhandel in gro\u00dfen Mengen kaufen oder individuell gestalten m\u00f6chten. Diese Spender verf\u00fcgen \u00fcber einzigartige abstrakte Designs und sind in schwarz und wei\u00df erh\u00e4ltlich. Sie dienen nicht nur als skulpturales Kunstwerk, sondern auch als stilvoller Beh\u00e4lter f\u00fcr Handseife oder Lotion, wodurch sie leicht zu benutzen sind. Kontaktieren Sie uns f\u00fcr Werkspreise.<\/p>\n<h2>Spezifikationen des Gro\u00dfhandels keramische Seifenspender<\/h2>\n<table width=\"235\">\n<tbody>\n<tr>\n<td width=\"69\">Marke<\/td>\n<td width=\"166\">KDL<\/td>\n<\/tr>\n<tr>\n<td width=\"69\">Modell<\/td>\n<td width=\"166\">BS545-1H<\/td>\n<\/tr>\n<tr>\n<td width=\"69\">Material<\/td>\n<td width=\"166\">Keramik<\/td>\n<\/tr>\n<tr>\n<td width=\"69\">Farbe<\/td>\n<td width=\"166\">wei\u00df\/schwarz<\/td>\n<\/tr>\n<tr>\n<td width=\"69\">Anmeldung<\/td>\n<td width=\"166\">Seifenspender<\/td>\n<\/tr>\n<tr>\n<td width=\"69\">Merkmal<\/td>\n<td width=\"166\">Glasiert<\/td>\n<\/tr>\n<tr>\n<td width=\"69\">Abmessungen<\/td>\n<td width=\"166\">8,7 \u00d7 4,3 \u00d7 19 0,26KG (ohne D\u00fcse 13,5)<\/td>\n<\/tr>\n<tr>\n<td width=\"69\">Bruttogewicht (kg)<\/td>\n<td width=\"166\">0.3<\/td>\n<\/tr>\n<tr>\n<td width=\"69\">Mindestbestellmenge<\/td>\n<td width=\"166\">800 St\u00fcck<\/td>\n<\/tr>\n<\/tbody>\n<\/table>\n<p>&nbsp;<\/p>","protected":false},"featured_media":2795,"comment_status":"open","ping_status":"closed","template":"","meta":{"_acf_changed":false},"certification":[63,64,66,58,61,62],"product_brand":[],"product_cat":[35,22],"product_tag":[],"class_list":{"0":"post-2793","1":"product","2":"type-product","3":"status-publish","4":"has-post-thumbnail","6":"certification-amfori","7":"certification-bsci","8":"certification-cnas","9":"certification-fda","10":"certification-iso-14001","11":"certification-iso-9001","12":"product_cat-bathroom-ceramics-supply","13":"product_cat-ceramic-bathroom-set","15":"first","16":"instock","17":"shipping-taxable","18":"product-type-simple"},"acf":[],"_links":{"self":[{"href":"https:\/\/www.linkceramics.com\/de\/wp-json\/wp\/v2\/product\/2793","targetHints":{"allow":["GET"]}}],"collection":[{"href":"https:\/\/www.linkceramics.com\/de\/wp-json\/wp\/v2\/product"}],"about":[{"href":"https:\/\/www.linkceramics.com\/de\/wp-json\/wp\/v2\/types\/product"}],"replies":[{"embeddable":true,"href":"https:\/\/www.linkceramics.com\/de\/wp-json\/wp\/v2\/comments?post=2793"}],"wp:featuredmedia":[{"embeddable":true,"href":"https:\/\/www.linkceramics.com\/de\/wp-json\/wp\/v2\/media\/2795"}],"wp:attachment":[{"href":"https:\/\/www.linkceramics.com\/de\/wp-json\/wp\/v2\/media?parent=2793"}],"wp:term":[{"taxonomy":"certification","embeddable":true,"href":"https:\/\/www.linkceramics.com\/de\/wp-json\/wp\/v2\/certification?post=2793"},{"taxonomy":"product_brand","embeddable":true,"href":"https:\/\/www.linkceramics.com\/de\/wp-json\/wp\/v2\/product_brand?post=2793"},{"taxonomy":"product_cat","embeddable":true,"href":"https:\/\/www.linkceramics.com\/de\/wp-json\/wp\/v2\/product_cat?post=2793"},{"taxonomy":"product_tag","embeddable":true,"href":"https:\/\/www.linkceramics.com\/de\/wp-json\/wp\/v2\/product_tag?post=2793"}],"curies":[{"name":"wp","href":"https:\/\/api.w.org\/{rel}","templated":true}]}}