{"id":2798,"date":"2025-11-13T07:08:03","date_gmt":"2025-11-13T07:08:03","guid":{"rendered":"https:\/\/www.linkceramics.com\/?post_type=product&#038;p=2798"},"modified":"2025-11-13T07:08:05","modified_gmt":"2025-11-13T07:08:05","slug":"wholesale-wall-mounted-cabinets-bathroom","status":"publish","type":"product","link":"https:\/\/www.linkceramics.com\/de\/product\/wholesale-wall-mounted-cabinets-bathroom\/","title":{"rendered":"Braunes Aluminium Gro\u00dfhandel Wandschr\u00e4nke Badezimmer"},"content":{"rendered":"<div class=\"wp-block-columns is-layout-flex wp-container-core-columns-is-layout-9d6595d7 wp-block-columns-is-layout-flex\">\n<div class=\"wp-block-column is-layout-flow wp-block-column-is-layout-flow\" style=\"flex-basis:50%\">\n<h3 class=\"wp-block-heading\">Gro\u00dfhandel Wandschr\u00e4nke Badezimmer Eigenschaften\uff1a<\/h3>\n\n\n\n<ul class=\"wp-block-list\">\n<li>Modernes Aussehen: diese Gro\u00dfhandel Wandschr\u00e4nke Bad Design verf\u00fcgt \u00fcber eine Wand montiert, doppelte Schicht Hauptschrank in einer h\u00e4ngenden Art und Weise installiert, um die Reinigung blinde Flecken zu minimieren und verbessern die Sauberkeit des Badezimmers. Der runde Glasspiegel, der so raffiniert und stilvoll geformt ist, sorgt f\u00fcr eine sch\u00f6ne, klare Reflexion. Das wei\u00dfe Waschbecken, minimalistisch und sauber, verleiht dem Bad einen Hauch von Frische und f\u00fcgt sich gut in den Gesamtstil des Badezimmers ein.<\/li>\n\n\n\n<li><strong>Langlebiges Material: <\/strong>Diese Gro\u00dfhandel Wandschr\u00e4nke Bad sind aus Aluminium, die korrosionsbest\u00e4ndig und feuchtigkeitsbest\u00e4ndig ist, so dass es besonders geeignet f\u00fcr die feuchte Umgebung Bad, w\u00e4hrend auch langlebig. Die Oberfl\u00e4che ist in einer solchen zarten Weise behandelt und ist glatt zu ber\u00fchren. Wichtig ist auch, dass sie leicht zu reinigen ist und der Schrankk\u00f6rper sauber bleibt.<\/li>\n\n\n\n<li><strong>Gro\u00dfer Stauraum:<\/strong> Die doppellagige Struktur bietet ausreichend Stauraum. Die untere Schicht bietet Platz f\u00fcr Handt\u00fccher, Toilettenartikel oder andere Dinge, die Sie ben\u00f6tigen, w\u00e4hrend die obere Schicht Ihnen die M\u00f6glichkeit bietet, alle Ihre t\u00e4glichen Pflegeprodukte zu verstauen. Diese Art der Aufbewahrung ist praktisch f\u00fcr die geordnete Aufbewahrung im Badezimmer und erleichtert den Zugang, w\u00e4hrend sie gleichzeitig die Bed\u00fcrfnisse der t\u00e4glichen Familie erf\u00fcllt und das Badezimmer jederzeit sauber und ordentlich h\u00e4lt.<\/li>\n\n\n\n<li><strong>Shouya Fabrik direkt liefern: <\/strong>Wir bieten dem Gro\u00dfhandel Badezimmerschr\u00e4nke in verschiedenen Gr\u00f6\u00dfen und Stilen an, um den Bedarf von Hotels, Wohnungen, Bauprojekten und Einzelh\u00e4ndlern an gro\u00dfen Mengen zu decken.<\/li>\n<\/ul>\n<\/div>\n\n\n\n<div class=\"wp-block-column is-layout-flow wp-block-column-is-layout-flow\" style=\"flex-basis:50%\">\n<figure class=\"wp-block-image size-full\"><img decoding=\"async\" width=\"700\" height=\"700\" src=\"https:\/\/www.linkceramics.com\/wp-content\/uploads\/2025\/11\/brown-aluminum-wholesale-wall-mounted-cabinets-bathroom-1.webp\" alt=\"Braun-Aluminium-Gro\u00dfhandel-Wandschr\u00e4nke-Badezimmer-1\" class=\"wp-image-2800\" srcset=\"https:\/\/www.linkceramics.com\/wp-content\/uploads\/2025\/11\/brown-aluminum-wholesale-wall-mounted-cabinets-bathroom-1.webp 700w, https:\/\/www.linkceramics.com\/wp-content\/uploads\/2025\/11\/brown-aluminum-wholesale-wall-mounted-cabinets-bathroom-1-300x300.webp 300w, https:\/\/www.linkceramics.com\/wp-content\/uploads\/2025\/11\/brown-aluminum-wholesale-wall-mounted-cabinets-bathroom-1-150x150.webp 150w, https:\/\/www.linkceramics.com\/wp-content\/uploads\/2025\/11\/brown-aluminum-wholesale-wall-mounted-cabinets-bathroom-1-12x12.webp 12w, https:\/\/www.linkceramics.com\/wp-content\/uploads\/2025\/11\/brown-aluminum-wholesale-wall-mounted-cabinets-bathroom-1-600x600.webp 600w, https:\/\/www.linkceramics.com\/wp-content\/uploads\/2025\/11\/brown-aluminum-wholesale-wall-mounted-cabinets-bathroom-1-100x100.webp 100w\" sizes=\"(max-width: 700px) 100vw, 700px\" \/><\/figure>\n<\/div>\n<\/div>","protected":false},"excerpt":{"rendered":"<div id=\"brxe-0ee1ca\" class=\"brxe-product-meta product_meta\">\n<div id=\"brxe-0ee1ca\" class=\"brxe-product-meta product_meta\">\n<p>F\u00fchlen Sie sich frei, Shouya f\u00fcr den Gro\u00dfhandel Kauf oder Anpassung dieser Gro\u00dfhandel Wandschr\u00e4nke Bad mit einem zweischichtigen Design zu kontaktieren, aus strapazierf\u00e4higem Aluminium-Legierung, mit einem runden Spiegel und \u00fcber-Z\u00e4hler-Becken, f\u00fcr eine sch\u00f6ne und praktische Design. Erh\u00e4ltlich in verschiedenen Gr\u00f6\u00dfen f\u00fcr benutzerdefinierte und Gro\u00dfhandel, geeignet f\u00fcr Hotels, Wohnungen und Bauprojekte. Kontaktieren Sie uns f\u00fcr ein Angebot!<\/p>\n<h2>Gro\u00dfhandel Wandschr\u00e4nke Badezimmer Attribute\uff1a<\/h2>\n<p><strong>Artikel Nr.:<\/strong> 2506YZ-80A<br \/><strong>Material des Geh\u00e4uses:<\/strong> Aluminium<br \/><strong>Farbe des Geh\u00e4uses:<\/strong> Braun<br \/><strong>Spiegel:<\/strong> LED-Spiegel (3,5 mm\/3,8 mm), dreifarbige Beleuchtung, One-Touch-Entfogging, gesichert mit mehrlagiger Schaumstoffverpackung<br \/><strong>Installationsart:<\/strong> Wandbefestigung<br \/><strong>Abmessungen (L\u00d7B\u00d7H):<\/strong> 80x47x40 cm<br \/><strong>Bruttogewicht:<\/strong> 30kg\/Satz<\/p>\n<h2>Anpassung &amp; Dienstleistungen:<\/h2>\n<p><strong>OEM &amp; ODM<\/strong>: Unterst\u00fctzt<br \/><strong>Gestaltung<\/strong>: Frei<br \/><strong>Zubeh\u00f6r<\/strong>: Waschbecken, Spiegel, Armaturen und anderes Badzubeh\u00f6r<br \/><strong>Verpacken<\/strong>: Einbaufertig<\/p>\n<\/div>\n<\/div>\n<p><script src=\"chrome-extension:\/\/fpelahbljekknahkcaegamhcndkfpfnc\/iFrame.js\" type=\"text\/javascript\"><\/script><\/p>\n<p><script src=\"chrome-extension:\/\/fpelahbljekknahkcaegamhcndkfpfnc\/iFrame.js\" type=\"text\/javascript\"><\/script><\/p>","protected":false},"featured_media":2801,"comment_status":"open","ping_status":"closed","template":"","meta":{"_acf_changed":false},"certification":[59,61,60,62],"product_brand":[],"product_cat":[35,83],"product_tag":[],"class_list":{"0":"post-2798","1":"product","2":"type-product","3":"status-publish","4":"has-post-thumbnail","6":"certification-ce","7":"certification-iso-14001","8":"certification-iso-45001","9":"certification-iso-9001","10":"product_cat-bathroom-ceramics-supply","11":"product_cat-wholesale-bathroom-vanity","13":"first","14":"instock","15":"shipping-taxable","16":"product-type-simple"},"acf":[],"_links":{"self":[{"href":"https:\/\/www.linkceramics.com\/de\/wp-json\/wp\/v2\/product\/2798","targetHints":{"allow":["GET"]}}],"collection":[{"href":"https:\/\/www.linkceramics.com\/de\/wp-json\/wp\/v2\/product"}],"about":[{"href":"https:\/\/www.linkceramics.com\/de\/wp-json\/wp\/v2\/types\/product"}],"replies":[{"embeddable":true,"href":"https:\/\/www.linkceramics.com\/de\/wp-json\/wp\/v2\/comments?post=2798"}],"wp:featuredmedia":[{"embeddable":true,"href":"https:\/\/www.linkceramics.com\/de\/wp-json\/wp\/v2\/media\/2801"}],"wp:attachment":[{"href":"https:\/\/www.linkceramics.com\/de\/wp-json\/wp\/v2\/media?parent=2798"}],"wp:term":[{"taxonomy":"certification","embeddable":true,"href":"https:\/\/www.linkceramics.com\/de\/wp-json\/wp\/v2\/certification?post=2798"},{"taxonomy":"product_brand","embeddable":true,"href":"https:\/\/www.linkceramics.com\/de\/wp-json\/wp\/v2\/product_brand?post=2798"},{"taxonomy":"product_cat","embeddable":true,"href":"https:\/\/www.linkceramics.com\/de\/wp-json\/wp\/v2\/product_cat?post=2798"},{"taxonomy":"product_tag","embeddable":true,"href":"https:\/\/www.linkceramics.com\/de\/wp-json\/wp\/v2\/product_tag?post=2798"}],"curies":[{"name":"wp","href":"https:\/\/api.w.org\/{rel}","templated":true}]}}