{"id":2804,"date":"2025-11-13T07:15:20","date_gmt":"2025-11-13T07:15:20","guid":{"rendered":"https:\/\/www.linkceramics.com\/?post_type=product&#038;p=2804"},"modified":"2025-11-13T07:23:47","modified_gmt":"2025-11-13T07:23:47","slug":"wholesale-cabinet-bathroom","status":"publish","type":"product","link":"https:\/\/www.linkceramics.com\/de\/product\/wholesale-cabinet-bathroom\/","title":{"rendered":"Gro\u00dfhandel Schrank Bad, modernes Bad Eitelkeit Lieferant"},"content":{"rendered":"<div class=\"wp-block-columns is-layout-flex wp-container-core-columns-is-layout-9d6595d7 wp-block-columns-is-layout-flex\">\n<div class=\"wp-block-column is-layout-flow wp-block-column-is-layout-flow\" style=\"flex-basis:50%\">\n<h3 class=\"wp-block-heading\">Gro\u00dfhandel Kabinett Badezimmer Eigenschaften\uff1a<\/h3>\n\n\n\n<ul class=\"wp-block-list\">\n<li><strong>Hochwertiges Aluminium:<\/strong> Dieser Gro\u00dfhandel Schrank Bad hat ausgezeichnete wasserdicht und feuchtigkeitsbest\u00e4ndig Eigenschaften. Es ist langlebig und wird nicht rosten oder verformen auch in einem feuchten Badezimmer Umwelt. Das Material ist leicht, aber sehr stark, so dass es einfach zu installieren und t\u00e4glich verwenden.<\/li>\n\n\n\n<li><strong>Modischer Auftritt:<\/strong> Er hat ein einfaches und modisches Aussehen. Die Gr\u00f6\u00dfe von 80 cm ist f\u00fcr die meisten Badezimmer geeignet. Der helle Schrankkorpus ist mit einem Spiegelschrank mit Beleuchtung kombiniert und schafft eine erfrischende und aufger\u00e4umte Atmosph\u00e4re.<\/li>\n\n\n\n<li><strong>Moderner Spiegelschrank:<\/strong> Dieser Gro\u00dfhandel Schrank Bad hat glatte Linien, und die LED-Lichtleisten verbessern die Atmosph\u00e4re und Praktikabilit\u00e4t.<\/li>\n\n\n\n<li><strong>Exquisiter, passender Wasserhahn:<\/strong> Dieser Gro\u00dfhandel Schrank Bad mit einem schwarzen Wasserhahn f\u00fcgt visuellen Kontrast, so dass das Bad sowohl sch\u00f6n und modern, und leicht in verschiedene Dekorationsstile zu integrieren.<\/li>\n\n\n\n<li><strong>Speicherfunktion: <\/strong>Der Spiegelschrank und der Unterschrank verf\u00fcgen \u00fcber zwei Ablagefl\u00e4chen. Der Spiegelschrank verf\u00fcgt \u00fcber mehrere Ebenen zur Aufbewahrung von Hautpflegeprodukten und Toilettenartikeln, mit transparenten Seitenf\u00e4chern f\u00fcr den einfachen Zugriff auf h\u00e4ufig verwendete Artikel. Der Unterschrank verf\u00fcgt \u00fcber Fl\u00fcgelt\u00fcren mit gro\u00dfem Fassungsverm\u00f6gen, die eine geordnete Aufbewahrung von Handt\u00fcchern und Reinigungsmitteln erm\u00f6glichen.<\/li>\n\n\n\n<li><strong>Integriertes Keramik-Waschbecken: <\/strong>Der Beckenk\u00f6rper aus Keramik hat abgerundete Kanten, ist glatt glasiert, kratzfest und leicht zu reinigen.<\/li>\n\n\n\n<li><strong>Unterst\u00fctzung OEM\/ODM:<\/strong> Farbe, Gr\u00f6\u00dfe, Stil des Spiegelschranks, Beleuchtungsfunktion usw. k\u00f6nnen je nach Kundenwunsch angepasst werden, um den Anforderungen verschiedener technischer Projekte gerecht zu werden.<\/li>\n<\/ul>\n<\/div>\n\n\n\n<div class=\"wp-block-column is-layout-flow wp-block-column-is-layout-flow\" style=\"flex-basis:50%\">\n<figure class=\"wp-block-image size-full\"><img decoding=\"async\" width=\"700\" height=\"700\" src=\"https:\/\/www.linkceramics.com\/wp-content\/uploads\/2025\/11\/wholesale-cabinet-bathroom-modern-bathroom-vanity-supplier-3.webp\" alt=\"gro\u00dfhandel-schrank-bad-modernes-bad-vanity-lieferant-3\" class=\"wp-image-2807\" srcset=\"https:\/\/www.linkceramics.com\/wp-content\/uploads\/2025\/11\/wholesale-cabinet-bathroom-modern-bathroom-vanity-supplier-3.webp 700w, https:\/\/www.linkceramics.com\/wp-content\/uploads\/2025\/11\/wholesale-cabinet-bathroom-modern-bathroom-vanity-supplier-3-300x300.webp 300w, https:\/\/www.linkceramics.com\/wp-content\/uploads\/2025\/11\/wholesale-cabinet-bathroom-modern-bathroom-vanity-supplier-3-150x150.webp 150w, https:\/\/www.linkceramics.com\/wp-content\/uploads\/2025\/11\/wholesale-cabinet-bathroom-modern-bathroom-vanity-supplier-3-12x12.webp 12w, https:\/\/www.linkceramics.com\/wp-content\/uploads\/2025\/11\/wholesale-cabinet-bathroom-modern-bathroom-vanity-supplier-3-600x600.webp 600w, https:\/\/www.linkceramics.com\/wp-content\/uploads\/2025\/11\/wholesale-cabinet-bathroom-modern-bathroom-vanity-supplier-3-100x100.webp 100w\" sizes=\"(max-width: 700px) 100vw, 700px\" \/><\/figure>\n<\/div>\n<\/div>","protected":false},"excerpt":{"rendered":"<div id=\"brxe-0ee1ca\" class=\"brxe-product-meta product_meta\">\n<div id=\"brxe-0ee1ca\" class=\"brxe-product-meta product_meta\">\n<p>F\u00fchlen Sie sich frei, Shouya f\u00fcr Gro\u00dfabnahme oder Anpassung dieser Gro\u00dfhandel Schrank Bad verf\u00fcgt \u00fcber hochwertige Aluminium, mit einem stilvollen Auftritt, mit Armaturen, Spiegel Schr\u00e4nke und Keramik-Becken abgestimmt, die Schaffung eines eleganten Bad-L\u00f6sung. Shouya Fabrik Gro\u00dfhandel, Unterst\u00fctzung der Anpassung, kontaktieren Sie uns, um weitere Informationen zu erhalten!<\/p>\n<h2>Gro\u00dfhandel Kabinett Badezimmer Attribute\uff1a<\/h2>\n<p><strong>Artikel Nr.:<\/strong> J1002-80<br \/><strong>Material des Geh\u00e4uses:<\/strong> Aluminium<br \/><strong>Farbe des Geh\u00e4uses:<\/strong> Wei\u00df<br \/><strong>Spiegel:<\/strong> LED-Spiegel (3,5 mm\/3,8 mm), dreifarbige Beleuchtung, One-Touch-Entfogging, gesichert mit mehrlagiger Schaumstoffverpackung<br \/><strong>Installationsart:<\/strong> Wandbefestigung<br \/><strong>Abmessungen (L\u00d7B\u00d7H):<\/strong> 80x47x45 cm<br \/><strong>Bruttogewicht:<\/strong> 30kg\/Satz<\/p>\n<h2>Anpassung &amp; Dienstleistungen:<\/h2>\n<p><strong>OEM &amp; ODM<\/strong>: Unterst\u00fctzt<br \/><strong>Gestaltung<\/strong>: Frei<br \/><strong>Zubeh\u00f6r<\/strong>: Waschbecken, Spiegel, Armaturen und anderes Badzubeh\u00f6r<br \/><strong>Verpacken<\/strong>: Einbaufertig<\/p>\n<\/div>\n<\/div>\n<p><script src=\"chrome-extension:\/\/fpelahbljekknahkcaegamhcndkfpfnc\/iFrame.js\" type=\"text\/javascript\"><\/script><\/p>\n<p><script src=\"chrome-extension:\/\/fpelahbljekknahkcaegamhcndkfpfnc\/iFrame.js\" type=\"text\/javascript\"><\/script><\/p>","protected":false},"featured_media":2805,"comment_status":"open","ping_status":"closed","template":"","meta":{"_acf_changed":false},"certification":[59,61,60,62],"product_brand":[],"product_cat":[35,83],"product_tag":[],"class_list":{"0":"post-2804","1":"product","2":"type-product","3":"status-publish","4":"has-post-thumbnail","6":"certification-ce","7":"certification-iso-14001","8":"certification-iso-45001","9":"certification-iso-9001","10":"product_cat-bathroom-ceramics-supply","11":"product_cat-wholesale-bathroom-vanity","13":"first","14":"instock","15":"shipping-taxable","16":"product-type-simple"},"acf":[],"_links":{"self":[{"href":"https:\/\/www.linkceramics.com\/de\/wp-json\/wp\/v2\/product\/2804","targetHints":{"allow":["GET"]}}],"collection":[{"href":"https:\/\/www.linkceramics.com\/de\/wp-json\/wp\/v2\/product"}],"about":[{"href":"https:\/\/www.linkceramics.com\/de\/wp-json\/wp\/v2\/types\/product"}],"replies":[{"embeddable":true,"href":"https:\/\/www.linkceramics.com\/de\/wp-json\/wp\/v2\/comments?post=2804"}],"wp:featuredmedia":[{"embeddable":true,"href":"https:\/\/www.linkceramics.com\/de\/wp-json\/wp\/v2\/media\/2805"}],"wp:attachment":[{"href":"https:\/\/www.linkceramics.com\/de\/wp-json\/wp\/v2\/media?parent=2804"}],"wp:term":[{"taxonomy":"certification","embeddable":true,"href":"https:\/\/www.linkceramics.com\/de\/wp-json\/wp\/v2\/certification?post=2804"},{"taxonomy":"product_brand","embeddable":true,"href":"https:\/\/www.linkceramics.com\/de\/wp-json\/wp\/v2\/product_brand?post=2804"},{"taxonomy":"product_cat","embeddable":true,"href":"https:\/\/www.linkceramics.com\/de\/wp-json\/wp\/v2\/product_cat?post=2804"},{"taxonomy":"product_tag","embeddable":true,"href":"https:\/\/www.linkceramics.com\/de\/wp-json\/wp\/v2\/product_tag?post=2804"}],"curies":[{"name":"wp","href":"https:\/\/api.w.org\/{rel}","templated":true}]}}