{"id":2809,"date":"2025-12-06T09:40:14","date_gmt":"2025-12-06T09:40:14","guid":{"rendered":"https:\/\/www.linkceramics.com\/?post_type=product&#038;p=2809"},"modified":"2025-12-07T16:36:45","modified_gmt":"2025-12-07T16:36:45","slug":"crockery-set-wholesale","status":"publish","type":"product","link":"https:\/\/www.linkceramics.com\/de\/product\/crockery-set-wholesale\/","title":{"rendered":"Solecasa Geschirrset Gro\u00dfhandel, Gamma Blau Geschirr Bulk"},"content":{"rendered":"<div class=\"wp-block-columns is-layout-flex wp-container-core-columns-is-layout-9d6595d7 wp-block-columns-is-layout-flex\">\n<div class=\"wp-block-column is-layout-flow wp-block-column-is-layout-flow\" style=\"flex-basis:50%\">\n<h3 class=\"wp-block-heading\">Premium-Geschirrset Gro\u00dfhandel Merkmale:<\/h3>\n\n\n\n<ul class=\"wp-block-list\">\n<li><strong>Hochwertiges keramisches Material:<\/strong> Dieses Geschirrset f\u00fcr den Gro\u00dfhandel ist aus hochwertiger Keramik gefertigt, damit jedes Geschirrteil langlebig, leicht zu reinigen und nicht zerkratzbar ist und auch nach langem Gebrauch noch wie neu aussehen kann.<\/li>\n\n\n\n<li><strong>Klassisches blaues und wei\u00dfes Muster:<\/strong> Dieses Geschirrset im Gro\u00dfhandel ist in einem klassischen blau-wei\u00dfen Muster gestaltet, das die Eleganz und den traditionellen Charme des Tisches unterstreicht. Es sorgt auch f\u00fcr Eleganz beim Servieren von Speisen auf dem Esstisch.<\/li>\n\n\n\n<li><strong>Umfassendes Geschirrset:<\/strong> Unser umfangreiches Geschirrsortiment umfasst zahlreiche Accessoires, von Tellern und Suppensch\u00fcsseln bis hin zu Teesets und Vasen, so dass die Benutzer eine komplette L\u00f6sung f\u00fcr ihren Tisch haben.<\/li>\n\n\n\n<li><strong>Multifunktional einsetzbar: <\/strong>Neben dem Basisgeschirr umfasst unser Geschirr-Gro\u00dfhandel auch kleine Accessoires wie Dip-Teller, L\u00f6ffel und Vasen, die sich nicht nur f\u00fcr den Esstisch eignen, sondern auch als Dekoration zur Aufwertung der Gesamtatmosph\u00e4re eingesetzt werden k\u00f6nnen.<\/li>\n\n\n\n<li><strong>Unterst\u00fctzt OEM\/ODM-Massenanpassung: <\/strong>Unser Massengeschirr kann in Bezug auf Gr\u00f6\u00dfe, Farbe, Logo, Verpackung und Kombination individuell angepasst werden. Solecasa verf\u00fcgt \u00fcber ein ausgereiftes Design-Team und schnelle Prototyping-F\u00e4higkeiten.<\/li>\n<\/ul>\n<\/div>\n\n\n\n<div class=\"wp-block-column is-layout-flow wp-block-column-is-layout-flow\" style=\"flex-basis:50%\">\n<figure class=\"wp-block-image size-full\"><img decoding=\"async\" width=\"800\" height=\"800\" src=\"https:\/\/www.linkceramics.com\/wp-content\/uploads\/2025\/12\/solecasa-crockery-set-wholesale-gamma-blue-tableware-bulk-7.webp\" alt=\"solecasa-geschirr-set-gro\u00dfhandel-gamma-blau-geschirr-massenhaft-7\" class=\"wp-image-2815\" srcset=\"https:\/\/www.linkceramics.com\/wp-content\/uploads\/2025\/12\/solecasa-crockery-set-wholesale-gamma-blue-tableware-bulk-7.webp 800w, https:\/\/www.linkceramics.com\/wp-content\/uploads\/2025\/12\/solecasa-crockery-set-wholesale-gamma-blue-tableware-bulk-7-300x300.webp 300w, https:\/\/www.linkceramics.com\/wp-content\/uploads\/2025\/12\/solecasa-crockery-set-wholesale-gamma-blue-tableware-bulk-7-150x150.webp 150w, https:\/\/www.linkceramics.com\/wp-content\/uploads\/2025\/12\/solecasa-crockery-set-wholesale-gamma-blue-tableware-bulk-7-768x768.webp 768w, https:\/\/www.linkceramics.com\/wp-content\/uploads\/2025\/12\/solecasa-crockery-set-wholesale-gamma-blue-tableware-bulk-7-12x12.webp 12w, https:\/\/www.linkceramics.com\/wp-content\/uploads\/2025\/12\/solecasa-crockery-set-wholesale-gamma-blue-tableware-bulk-7-600x600.webp 600w, https:\/\/www.linkceramics.com\/wp-content\/uploads\/2025\/12\/solecasa-crockery-set-wholesale-gamma-blue-tableware-bulk-7-100x100.webp 100w\" sizes=\"(max-width: 800px) 100vw, 800px\" \/><\/figure>\n<\/div>\n<\/div>\n\n\n\n<p><\/p>","protected":false},"excerpt":{"rendered":"<div id=\"brxe-0ee1ca\" class=\"brxe-product-meta product_meta\">\n<p>Willkommen zum Kauf von Solecasa-Geschirr in gro\u00dfen Mengen. Dieses Geschirrset im Gro\u00dfhandel ist mit wei\u00dfen und blauen Mustern versehen, die einen eleganten Sinn f\u00fcr Design zeigen und sich f\u00fcr eine Vielzahl von kulinarischen Stilen eignen. Das Set ist reich an Inhalt und erf\u00fcllt perfekt die Bed\u00fcrfnisse der privaten oder kommerziellen K\u00fcche.<\/p>\n<\/div>\n<div id=\"brxe-8c5ca9\" class=\"brxe-product-short-description\">\n<div class=\"woocommerce-product-details__short-description\">\n<h2>Geschirrset Gro\u00dfhandel Spezifikationen:<\/h2>\n<div id=\"brxe-e78fbc\" class=\"brxe-product-short-description brxe-text-basic\">\n<div class=\"woocommerce-product-details__short-description\">\n<table border=\"0\" width=\"370\" cellspacing=\"0\" cellpadding=\"0\">\n<tbody>\n<tr>\n<td width=\"139\" height=\"18\">Hersteller<\/td>\n<td width=\"231\">SOLECASA<\/td>\n<\/tr>\n<tr>\n<td width=\"139\" height=\"18\">Sammlung Name<\/td>\n<td width=\"231\">Gamma Blau<\/td>\n<\/tr>\n<tr>\n<td width=\"139\" height=\"36\">Enthaltene Produkte<\/td>\n<td width=\"231\">Teller, Sch\u00fcssel, Dipp-Schale, Teekanne, Tasse und Untertasse, Becher, L\u00f6ffel, Vase<\/td>\n<\/tr>\n<tr>\n<td width=\"139\" height=\"18\">Material<\/td>\n<td width=\"231\">Porzellan<\/td>\n<\/tr>\n<tr>\n<td width=\"139\" height=\"18\">Paket<\/td>\n<td width=\"231\">Gro\u00dfpackung<\/td>\n<\/tr>\n<tr>\n<td width=\"139\" height=\"18\">Verkaufende Einheiten<\/td>\n<td width=\"231\">Einzelnes Element<\/td>\n<\/tr>\n<tr>\n<td width=\"139\" height=\"18\">MOQ<\/td>\n<td width=\"231\">Niedriges MOQ<\/td>\n<\/tr>\n<tr>\n<td width=\"139\" height=\"18\">Kostenlose Probe<\/td>\n<td width=\"231\">Verf\u00fcgbar<\/td>\n<\/tr>\n<tr>\n<td width=\"139\" height=\"18\">Kundenspezifische Option<\/td>\n<td width=\"231\">Farbe\/Gr\u00f6\u00dfe\/Glasur\/Logo\/Verpackung<\/td>\n<\/tr>\n<\/tbody>\n<\/table>\n<\/div>\n<\/div>\n<div id=\"brxe-93988a\" class=\"brxe-block\">\u00a0<\/div>\n<p><\/p>\n<div id=\"brxe-93988a\">\u00a0<\/div>\n<\/div>\n<\/div>","protected":false},"featured_media":2812,"comment_status":"open","ping_status":"closed","template":"","meta":{"_acf_changed":false},"certification":[63,64,66,58,65,61,60,62,57],"product_brand":[],"product_cat":[34,18,19],"product_tag":[],"class_list":{"0":"post-2809","1":"product","2":"type-product","3":"status-publish","4":"has-post-thumbnail","6":"certification-amfori","7":"certification-bsci","8":"certification-cnas","9":"certification-fda","10":"certification-iaf","11":"certification-iso-14001","12":"certification-iso-45001","13":"certification-iso-9001","14":"certification-lfgb","15":"product_cat-custom-household-ceramics","16":"product_cat-ceramic-tableware-wholesale","17":"product_cat-ceramic-tea-set-wholesale","19":"first","20":"instock","21":"shipping-taxable","22":"product-type-simple"},"acf":[],"_links":{"self":[{"href":"https:\/\/www.linkceramics.com\/de\/wp-json\/wp\/v2\/product\/2809","targetHints":{"allow":["GET"]}}],"collection":[{"href":"https:\/\/www.linkceramics.com\/de\/wp-json\/wp\/v2\/product"}],"about":[{"href":"https:\/\/www.linkceramics.com\/de\/wp-json\/wp\/v2\/types\/product"}],"replies":[{"embeddable":true,"href":"https:\/\/www.linkceramics.com\/de\/wp-json\/wp\/v2\/comments?post=2809"}],"wp:featuredmedia":[{"embeddable":true,"href":"https:\/\/www.linkceramics.com\/de\/wp-json\/wp\/v2\/media\/2812"}],"wp:attachment":[{"href":"https:\/\/www.linkceramics.com\/de\/wp-json\/wp\/v2\/media?parent=2809"}],"wp:term":[{"taxonomy":"certification","embeddable":true,"href":"https:\/\/www.linkceramics.com\/de\/wp-json\/wp\/v2\/certification?post=2809"},{"taxonomy":"product_brand","embeddable":true,"href":"https:\/\/www.linkceramics.com\/de\/wp-json\/wp\/v2\/product_brand?post=2809"},{"taxonomy":"product_cat","embeddable":true,"href":"https:\/\/www.linkceramics.com\/de\/wp-json\/wp\/v2\/product_cat?post=2809"},{"taxonomy":"product_tag","embeddable":true,"href":"https:\/\/www.linkceramics.com\/de\/wp-json\/wp\/v2\/product_tag?post=2809"}],"curies":[{"name":"wp","href":"https:\/\/api.w.org\/{rel}","templated":true}]}}