{"id":2816,"date":"2025-12-07T16:37:45","date_gmt":"2025-12-07T16:37:45","guid":{"rendered":"https:\/\/www.linkceramics.com\/?post_type=product&#038;p=2816"},"modified":"2025-12-19T01:10:38","modified_gmt":"2025-12-19T01:10:38","slug":"restaurant-crockery-wholesale","status":"publish","type":"product","link":"https:\/\/www.linkceramics.com\/de\/product\/restaurant-crockery-wholesale\/","title":{"rendered":"Restaurant Geschirr Gro\u00dfhandel, Teller Sch\u00fcssel Tasse Sets in Bulk"},"content":{"rendered":"<div class=\"wp-block-columns is-layout-flex wp-container-core-columns-is-layout-9d6595d7 wp-block-columns-is-layout-flex\">\n<div class=\"wp-block-column is-layout-flow wp-block-column-is-layout-flow\" style=\"flex-basis:50%\">\n<h3 class=\"wp-block-heading\">Premium-Restaurant-Geschirr Gro\u00dfhandel Merkmale:<\/h3>\n\n\n\n<ul class=\"wp-block-list\">\n<li><strong>Elegantes Design: <\/strong>Dieses Restaurantgeschirr Gro\u00dfhandel nimmt wei\u00dfe und braune Farbe passend mit Rosen und vertikalen Blumenmustern kombiniert, zeigt eine romantische und Retro-Temperament, und die Verbesserung der gesamten Esszimmer Erfahrung.<\/li>\n\n\n\n<li><strong>Mehrteilige Kombination: <\/strong>Dieses Blumengeschirrset f\u00fcr den Gro\u00dfhandel umfasst eine Vielzahl praktischer Typen, die den Anforderungen verschiedener Szenarien gerecht werden, von Grundnahrungsmitteln \u00fcber Getr\u00e4nke bis hin zu Desserts.<\/li>\n\n\n\n<li><strong>Hochwertige Porzellanmaterialien: <\/strong>F\u00fcr unser Restaurantgeschirr im Gro\u00dfhandel wird hochwertige Keramik verwendet, die bei hohen Temperaturen gebrannt wird, langlebig ist und nicht leicht rei\u00dft, und sich f\u00fcr den h\u00e4ufigen gewerblichen Gebrauch eignet.<\/li>\n\n\n\n<li><strong>Sichere Materialien in Lebensmittelqualit\u00e4t:<\/strong> Unser Restaurantgeschirr f\u00fcr den Gro\u00dfhandel ist blei- und kadmiumfrei und entspricht den internationalen Sicherheitsstandards f\u00fcr den Kontakt mit Lebensmitteln und ist f\u00fcr den globalen Markt geeignet.<\/li>\n\n\n\n<li><strong>Geeignet f\u00fcr Gro\u00dfeink\u00e4ufe: <\/strong>Wir bieten Gro\u00dfhandelsdienstleistungen f\u00fcr Restaurantgeschirr an, die sich f\u00fcr Gro\u00dfeink\u00e4ufe wie Catering-Projekte und Markenketten eignen und eine individuelle Gestaltung erm\u00f6glichen.<\/li>\n\n\n\n<li><strong>OEM\/ODM-Anpassungsdienste:<\/strong> Solecasa bietet anpassbare Logos, Muster, Farben und Verpackungen, mit denen Marken und Gro\u00dfh\u00e4ndler ihre eigenen exklusiven Geschirrserien kreieren k\u00f6nnen.<\/li>\n<\/ul>\n<\/div>\n\n\n\n<div class=\"wp-block-column is-layout-flow wp-block-column-is-layout-flow\" style=\"flex-basis:50%\">\n<figure class=\"wp-block-image size-full\"><img decoding=\"async\" width=\"800\" height=\"800\" src=\"https:\/\/www.linkceramics.com\/wp-content\/uploads\/2025\/12\/restaurant-crockery-wholesale-plate-bowl-cup-sets-in-bulk-1.webp\" alt=\"restaurant-gastronomie-gro\u00dfhandel-platte-sch\u00fcssel-becher-sets-in-bulk-1\" class=\"wp-image-2817\" srcset=\"https:\/\/www.linkceramics.com\/wp-content\/uploads\/2025\/12\/restaurant-crockery-wholesale-plate-bowl-cup-sets-in-bulk-1.webp 800w, https:\/\/www.linkceramics.com\/wp-content\/uploads\/2025\/12\/restaurant-crockery-wholesale-plate-bowl-cup-sets-in-bulk-1-300x300.webp 300w, https:\/\/www.linkceramics.com\/wp-content\/uploads\/2025\/12\/restaurant-crockery-wholesale-plate-bowl-cup-sets-in-bulk-1-150x150.webp 150w, https:\/\/www.linkceramics.com\/wp-content\/uploads\/2025\/12\/restaurant-crockery-wholesale-plate-bowl-cup-sets-in-bulk-1-768x768.webp 768w, https:\/\/www.linkceramics.com\/wp-content\/uploads\/2025\/12\/restaurant-crockery-wholesale-plate-bowl-cup-sets-in-bulk-1-12x12.webp 12w, https:\/\/www.linkceramics.com\/wp-content\/uploads\/2025\/12\/restaurant-crockery-wholesale-plate-bowl-cup-sets-in-bulk-1-600x600.webp 600w, https:\/\/www.linkceramics.com\/wp-content\/uploads\/2025\/12\/restaurant-crockery-wholesale-plate-bowl-cup-sets-in-bulk-1-100x100.webp 100w\" sizes=\"(max-width: 800px) 100vw, 800px\" \/><\/figure>\n<\/div>\n<\/div>\n\n\n\n<p><\/p>","protected":false},"excerpt":{"rendered":"<div id=\"brxe-0ee1ca\" class=\"brxe-product-meta product_meta\">\n<p>Willkommen zum Kauf Solecasa Teller Sch\u00fcssel Tasse Sets in loser Sch\u00fcttung. Dieses Restaurant Geschirr Gro\u00dfhandel nimmt eine wei\u00dfe und braune Farbschema, mit exquisiten Rose und floralen vertikalen Mustern versch\u00f6nert, die Schaffung einer nat\u00fcrlichen und eleganten Atmosph\u00e4re. Es beh\u00e4lt seinen Glanz auch nach l\u00e4ngerem Gebrauch.<\/p>\n<h2>Restaurantgeschirr Gro\u00dfhandel Spezifikationen:<\/h2>\n<\/div>\n<div id=\"brxe-8c5ca9\" class=\"brxe-product-short-description\">\n<div class=\"woocommerce-product-details__short-description\">\n<div id=\"brxe-e78fbc\">\n<table border=\"0\" width=\"370\" cellspacing=\"0\" cellpadding=\"0\">\n<tbody>\n<tr>\n<td width=\"139\" height=\"18\">Hersteller<\/td>\n<td width=\"231\">SOLECASA<\/td>\n<\/tr>\n<tr>\n<td width=\"139\" height=\"18\">Sammlung Name<\/td>\n<td width=\"231\">Nebelrose<\/td>\n<\/tr>\n<tr>\n<td width=\"139\" height=\"36\">Enthaltene Produkte<\/td>\n<td width=\"231\">Teller, Sch\u00fcssel, Teekanne, Tasse und Untertasse, L\u00f6ffel, Kuchenst\u00e4nder, Vase<\/td>\n<\/tr>\n<tr>\n<td width=\"139\" height=\"18\">Material<\/td>\n<td width=\"231\">Porzellan<\/td>\n<\/tr>\n<tr>\n<td width=\"139\" height=\"18\">Paket<\/td>\n<td width=\"231\">Gro\u00dfpackung<\/td>\n<\/tr>\n<tr>\n<td width=\"139\" height=\"18\">Verkaufende Einheiten<\/td>\n<td width=\"231\">Einzelnes Element<\/td>\n<\/tr>\n<tr>\n<td width=\"139\" height=\"18\">MOQ<\/td>\n<td width=\"231\">Niedriges MOQ<\/td>\n<\/tr>\n<tr>\n<td width=\"139\" height=\"18\">Kostenlose Probe<\/td>\n<td width=\"231\">Verf\u00fcgbar<\/td>\n<\/tr>\n<tr>\n<td width=\"139\" height=\"18\">Kundenspezifische Option<\/td>\n<td width=\"231\">Farbe\/Gr\u00f6\u00dfe\/Glasur\/Logo\/Verpackung<\/td>\n<\/tr>\n<\/tbody>\n<\/table>\n<\/div>\n<div id=\"brxe-93988a\" class=\"brxe-block\">\u00a0<\/div>\n<p><\/p>\n<div id=\"brxe-93988a\">\u00a0<\/div>\n<\/div>\n<\/div>","protected":false},"featured_media":2821,"comment_status":"open","ping_status":"closed","template":"","meta":{"_acf_changed":false},"certification":[63,64,66,58,65,61,60,62,57],"product_brand":[],"product_cat":[34,18],"product_tag":[],"class_list":{"0":"post-2816","1":"product","2":"type-product","3":"status-publish","4":"has-post-thumbnail","6":"certification-amfori","7":"certification-bsci","8":"certification-cnas","9":"certification-fda","10":"certification-iaf","11":"certification-iso-14001","12":"certification-iso-45001","13":"certification-iso-9001","14":"certification-lfgb","15":"product_cat-custom-household-ceramics","16":"product_cat-ceramic-tableware-wholesale","18":"first","19":"instock","20":"shipping-taxable","21":"product-type-simple"},"acf":[],"_links":{"self":[{"href":"https:\/\/www.linkceramics.com\/de\/wp-json\/wp\/v2\/product\/2816","targetHints":{"allow":["GET"]}}],"collection":[{"href":"https:\/\/www.linkceramics.com\/de\/wp-json\/wp\/v2\/product"}],"about":[{"href":"https:\/\/www.linkceramics.com\/de\/wp-json\/wp\/v2\/types\/product"}],"replies":[{"embeddable":true,"href":"https:\/\/www.linkceramics.com\/de\/wp-json\/wp\/v2\/comments?post=2816"}],"wp:featuredmedia":[{"embeddable":true,"href":"https:\/\/www.linkceramics.com\/de\/wp-json\/wp\/v2\/media\/2821"}],"wp:attachment":[{"href":"https:\/\/www.linkceramics.com\/de\/wp-json\/wp\/v2\/media?parent=2816"}],"wp:term":[{"taxonomy":"certification","embeddable":true,"href":"https:\/\/www.linkceramics.com\/de\/wp-json\/wp\/v2\/certification?post=2816"},{"taxonomy":"product_brand","embeddable":true,"href":"https:\/\/www.linkceramics.com\/de\/wp-json\/wp\/v2\/product_brand?post=2816"},{"taxonomy":"product_cat","embeddable":true,"href":"https:\/\/www.linkceramics.com\/de\/wp-json\/wp\/v2\/product_cat?post=2816"},{"taxonomy":"product_tag","embeddable":true,"href":"https:\/\/www.linkceramics.com\/de\/wp-json\/wp\/v2\/product_tag?post=2816"}],"curies":[{"name":"wp","href":"https:\/\/api.w.org\/{rel}","templated":true}]}}