{"id":2824,"date":"2025-12-19T01:10:36","date_gmt":"2025-12-19T01:10:36","guid":{"rendered":"https:\/\/www.linkceramics.com\/?post_type=product&#038;p=2824"},"modified":"2026-03-12T06:57:28","modified_gmt":"2026-03-12T06:57:28","slug":"wholesale-casserole-dishes","status":"publish","type":"product","link":"https:\/\/www.linkceramics.com\/de\/product\/wholesale-casserole-dishes\/","title":{"rendered":"Solecasa Gro\u00dfhandel Auflaufformen mit Deckeln, niedrige MOQ"},"content":{"rendered":"<div class=\"wp-block-columns is-layout-flex wp-container-core-columns-is-layout-9d6595d7 wp-block-columns-is-layout-flex\">\n<div class=\"wp-block-column is-layout-flow wp-block-column-is-layout-flow\" style=\"flex-basis:50%\">\n<h3 class=\"wp-block-heading\">Premium Gro\u00dfhandel Auflaufformen Merkmale:<\/h3>\n\n\n\n<ul class=\"wp-block-list\">\n<li><strong>Nat\u00fcrliches und frisches Design:<\/strong> Diese beigefarbenen Auflaufformen mit gr\u00fcnem Blumenmuster schaffen einen warmen und nat\u00fcrlichen Stil, der sich perfekt f\u00fcr eine Vielzahl von K\u00fcchen und Esstischen eignet.<\/li>\n\n\n\n<li><strong>Hochw\u00e4rmestabiles Material: <\/strong>Unser Keramik-Kochgeschirr in gro\u00dfen Mengen ist aus hoch hitzebest\u00e4ndiger Keramik, ist aus hoch hitzebest\u00e4ndiger Keramik, sicher und bequem f\u00fcr die Mikrowelle und den Backofen kochen.<\/li>\n\n\n\n<li><strong>Mehrere Kapazit\u00e4tsoptionen: <\/strong>Unsere Auflaufformen f\u00fcr den Gro\u00dfhandel sind mit einem Fassungsverm\u00f6gen von 1,6 l und 2,5 l erh\u00e4ltlich und bieten eine bequeme und vielseitige Alternative f\u00fcr verschiedene Kochbed\u00fcrfnisse zu Hause oder im Gesch\u00e4ft.<\/li>\n\n\n\n<li><strong>Passendes Deckeldesign: <\/strong>Unsere Auflaufformen f\u00fcr den Gro\u00dfhandel werden mit einem passenden Keramikdeckel geliefert, der Feuchtigkeit und Hitze effektiv einschlie\u00dft und den Geschmack des Gekochten verbessert.<\/li>\n\n\n\n<li><strong>Geeignet f\u00fcr den Gro\u00dfhandel und den Exportmarkt: <\/strong>Erf\u00fcllt die Sicherheitsstandards f\u00fcr den Kontakt mit Lebensmitteln in mehreren L\u00e4ndern und eignet sich f\u00fcr den Einzelhandel, die Hotellerie und die Gastronomie.<\/li>\n\n\n\n<li><strong>Bereites Lager f\u00fcr schnelle Lieferung &amp; niedriges MOQ: <\/strong>Unser Gro\u00dfhandel Auflaufformen sind auf Lager f\u00fcr eine prompte Lieferung und niedrige MOQ, ideal f\u00fcr kleine Batch-Bestellungen oder Probeauftr\u00e4ge.<\/li>\n<\/ul>\n<\/div>\n\n\n\n<div class=\"wp-block-column is-layout-flow wp-block-column-is-layout-flow\" style=\"flex-basis:50%\">\n<figure class=\"wp-block-image size-full\"><img decoding=\"async\" width=\"1200\" height=\"1200\" src=\"https:\/\/www.linkceramics.com\/wp-content\/uploads\/2025\/12\/Solecasa-Wholesale-Casserole-Dishes-With-Lids-Low-MOQ-9.webp\" alt=\"Solecasa-Gro\u00dfhandel-Auflaufformen-mit-Deckel-gering-MOQ-9\" class=\"wp-image-2827\" srcset=\"https:\/\/www.linkceramics.com\/wp-content\/uploads\/2025\/12\/Solecasa-Wholesale-Casserole-Dishes-With-Lids-Low-MOQ-9.webp 1200w, https:\/\/www.linkceramics.com\/wp-content\/uploads\/2025\/12\/Solecasa-Wholesale-Casserole-Dishes-With-Lids-Low-MOQ-9-300x300.webp 300w, https:\/\/www.linkceramics.com\/wp-content\/uploads\/2025\/12\/Solecasa-Wholesale-Casserole-Dishes-With-Lids-Low-MOQ-9-150x150.webp 150w\" sizes=\"(max-width: 1200px) 100vw, 1200px\" \/><\/figure>\n<\/div>\n<\/div>\n\n\n\n<p><\/p>","protected":false},"excerpt":{"rendered":"<div id=\"brxe-0ee1ca\" class=\"brxe-product-meta product_meta\">\n<p>Willkommen zum Kauf dieser beigefarbenen Gro\u00dfhandelsauflaufformen mit gr\u00fcnem Blumenmuster. Sie sind sehr hitzebest\u00e4ndig und werden mit Deckeln geliefert, die das Garen und die W\u00e4rmeerhaltung erleichtern. Erh\u00e4ltlich auf Lager mit einer niedrigen Mindestbestellmenge. Sie sind ideal f\u00fcr Einzelh\u00e4ndler, Marken und Foodservice-Kunden, die langlebige und stilvolle Kochgeschirrl\u00f6sungen suchen.<\/p>\n<h2>Gro\u00dfhandel Auflaufformen Spezifikationen:<\/h2>\n<\/div>\n<div id=\"brxe-8c5ca9\" class=\"brxe-product-short-description\">\n<div class=\"woocommerce-product-details__short-description\">\n<div id=\"brxe-e78fbc\">\n<table border=\"0\" width=\"370\" cellspacing=\"0\" cellpadding=\"0\">\n<tbody>\n<tr>\n<td width=\"139\" height=\"18\">Hersteller<\/td>\n<td width=\"231\">SOLECASA<\/td>\n<\/tr>\n<tr>\n<td width=\"139\" height=\"18\">Sammlung Name<\/td>\n<td width=\"231\">Nebelrose<\/td>\n<\/tr>\n<tr>\n<td width=\"139\" height=\"36\">Enthaltene Produkte<\/td>\n<td width=\"231\">Teller, Sch\u00fcssel, Teekanne, Tasse und Untertasse, L\u00f6ffel, Kuchenst\u00e4nder, Vase<\/td>\n<\/tr>\n<tr>\n<td width=\"139\" height=\"18\">Material<\/td>\n<td width=\"231\">Porzellan<\/td>\n<\/tr>\n<tr>\n<td width=\"139\" height=\"18\">Paket<\/td>\n<td width=\"231\">Gro\u00dfpackung<\/td>\n<\/tr>\n<tr>\n<td width=\"139\" height=\"18\">Verkaufende Einheiten<\/td>\n<td width=\"231\">Einzelnes Element<\/td>\n<\/tr>\n<tr>\n<td width=\"139\" height=\"18\">MOQ<\/td>\n<td width=\"231\">Niedriges MOQ<\/td>\n<\/tr>\n<tr>\n<td width=\"139\" height=\"18\">Kostenlose Probe<\/td>\n<td width=\"231\">Verf\u00fcgbar<\/td>\n<\/tr>\n<tr>\n<td width=\"139\" height=\"18\">Kundenspezifische Option<\/td>\n<td width=\"231\">Farbe\/Gr\u00f6\u00dfe\/Glasur\/Logo\/Verpackung<\/td>\n<\/tr>\n<\/tbody>\n<\/table>\n<\/div>\n<div id=\"brxe-93988a\" class=\"brxe-block\">\u00a0<\/div>\n<p><\/p>\n<div id=\"brxe-93988a\">\u00a0<\/div>\n<\/div>\n<\/div>","protected":false},"featured_media":2826,"comment_status":"open","ping_status":"closed","template":"","meta":{"_acf_changed":false},"certification":[63,64,66,58,65,61,60,62,57],"product_brand":[],"product_cat":[34,20],"product_tag":[],"class_list":{"0":"post-2824","1":"product","2":"type-product","3":"status-publish","4":"has-post-thumbnail","6":"certification-amfori","7":"certification-bsci","8":"certification-cnas","9":"certification-fda","10":"certification-iaf","11":"certification-iso-14001","12":"certification-iso-45001","13":"certification-iso-9001","14":"certification-lfgb","15":"product_cat-custom-household-ceramics","16":"product_cat-ceramic-kitchenware-wholesale","18":"first","19":"instock","20":"shipping-taxable","21":"product-type-simple"},"acf":[],"_links":{"self":[{"href":"https:\/\/www.linkceramics.com\/de\/wp-json\/wp\/v2\/product\/2824","targetHints":{"allow":["GET"]}}],"collection":[{"href":"https:\/\/www.linkceramics.com\/de\/wp-json\/wp\/v2\/product"}],"about":[{"href":"https:\/\/www.linkceramics.com\/de\/wp-json\/wp\/v2\/types\/product"}],"replies":[{"embeddable":true,"href":"https:\/\/www.linkceramics.com\/de\/wp-json\/wp\/v2\/comments?post=2824"}],"wp:featuredmedia":[{"embeddable":true,"href":"https:\/\/www.linkceramics.com\/de\/wp-json\/wp\/v2\/media\/2826"}],"wp:attachment":[{"href":"https:\/\/www.linkceramics.com\/de\/wp-json\/wp\/v2\/media?parent=2824"}],"wp:term":[{"taxonomy":"certification","embeddable":true,"href":"https:\/\/www.linkceramics.com\/de\/wp-json\/wp\/v2\/certification?post=2824"},{"taxonomy":"product_brand","embeddable":true,"href":"https:\/\/www.linkceramics.com\/de\/wp-json\/wp\/v2\/product_brand?post=2824"},{"taxonomy":"product_cat","embeddable":true,"href":"https:\/\/www.linkceramics.com\/de\/wp-json\/wp\/v2\/product_cat?post=2824"},{"taxonomy":"product_tag","embeddable":true,"href":"https:\/\/www.linkceramics.com\/de\/wp-json\/wp\/v2\/product_tag?post=2824"}],"curies":[{"name":"wp","href":"https:\/\/api.w.org\/{rel}","templated":true}]}}