{"id":2835,"date":"2025-12-19T01:46:34","date_gmt":"2025-12-19T01:46:34","guid":{"rendered":"https:\/\/www.linkceramics.com\/?post_type=product&#038;p=2835"},"modified":"2025-12-19T02:33:52","modified_gmt":"2025-12-19T02:33:52","slug":"casserole-wholesale","status":"publish","type":"product","link":"https:\/\/www.linkceramics.com\/de\/product\/casserole-wholesale\/","title":{"rendered":"Hochhitzebest\u00e4ndiger Schmortopf Gro\u00dfhandel, schnelle Lieferung"},"content":{"rendered":"<div class=\"wp-block-columns is-layout-flex wp-container-core-columns-is-layout-9d6595d7 wp-block-columns-is-layout-flex\">\n<div class=\"wp-block-column is-layout-flow wp-block-column-is-layout-flow\" style=\"flex-basis:50%\">\n<h3 class=\"wp-block-heading\">Premium Kasserolle Gro\u00dfhandel Merkmale:<\/h3>\n\n\n\n<ul class=\"wp-block-list\">\n<li><strong>Klassisches Farbdesign:<\/strong> Diese Auflaufformen mit dunkelblauen Blumenmustern besitzen eine schlichte Eleganz, die jeden Essbereich oder jede K\u00fcche aufwerten wird.<\/li>\n\n\n\n<li><strong>Gleichm\u00e4\u00dfige W\u00e4rmeabgabe:<\/strong> Unser Gro\u00dfhandels-Keramikkochgeschirr hat einen dicken Korpus, der eine gleichm\u00e4\u00dfige Erhitzung f\u00f6rdert und hei\u00dfe Stellen verhindert, was ein Anbrennen verhindert und die Kochergebnisse und die Konsistenz der Speisen verbessert. Backofenfest, mikrowellenfest, warm servieren. Ideal f\u00fcr den Haushalt, das Restaurant und die Hotelk\u00fcche.<\/li>\n\n\n\n<li><strong>Praktische Vielfalt an Kapazit\u00e4ten:<\/strong> Unsere Kasserollen sind in den Gr\u00f6\u00dfen 1,6 l, 2,5 l, 3,5 l und 4,5 l erh\u00e4ltlich und eignen sich sowohl f\u00fcr das t\u00e4gliche Kochen als auch f\u00fcr Bankette.<\/li>\n\n\n\n<li><strong>Hochtemperatur-Glasur-Behandlung:<\/strong> Unsere Kasserolle im Gro\u00dfhandel ist mit einer dichten, glatten Glasur versehen, die kratzfest und schmutzabweisend ist und nicht so leicht Ger\u00fcche absorbiert, was die Reinigung und Pflege erleichtert. Sicher zum Kochen und Servieren aller Arten von hei\u00dfen Speisen.<\/li>\n\n\n\n<li><strong>Direkte Preisgestaltung ab Werk: <\/strong>Unser Gro\u00dfhandels-Keramik-Kochgeschirr wird direkt von Solecasa hergestellt und bietet wettbewerbsf\u00e4hige Gro\u00dfhandelspreise. Wir unterst\u00fctzen auch kundenspezifische Kooperationen zur F\u00f6rderung der Markenentwicklung.<\/li>\n\n\n\n<li><strong>Ausreichender Vorrat und schnelle Lieferung: <\/strong>Unser Kasserollen-Gro\u00dfhandel verf\u00fcgt \u00fcber Spot-Inventar, unterst\u00fctzt Kleinserienbestellungen und reagiert schnell auf Ihre Einkaufsanforderungen.<\/li>\n<\/ul>\n<\/div>\n\n\n\n<div class=\"wp-block-column is-layout-flow wp-block-column-is-layout-flow\" style=\"flex-basis:50%\">\n<figure class=\"wp-block-image size-full\"><img decoding=\"async\" width=\"800\" height=\"800\" src=\"https:\/\/www.linkceramics.com\/wp-content\/uploads\/2025\/12\/highly-heat-resistant-casserole-wholesale-fast-delivery-3.webp\" alt=\"hochhitzebest\u00e4ndige-Kasserolle-Gro\u00dfhandel-schnelle-Lieferung-3\" class=\"wp-image-2838\" srcset=\"https:\/\/www.linkceramics.com\/wp-content\/uploads\/2025\/12\/highly-heat-resistant-casserole-wholesale-fast-delivery-3.webp 800w, https:\/\/www.linkceramics.com\/wp-content\/uploads\/2025\/12\/highly-heat-resistant-casserole-wholesale-fast-delivery-3-300x300.webp 300w, https:\/\/www.linkceramics.com\/wp-content\/uploads\/2025\/12\/highly-heat-resistant-casserole-wholesale-fast-delivery-3-150x150.webp 150w, https:\/\/www.linkceramics.com\/wp-content\/uploads\/2025\/12\/highly-heat-resistant-casserole-wholesale-fast-delivery-3-768x768.webp 768w, https:\/\/www.linkceramics.com\/wp-content\/uploads\/2025\/12\/highly-heat-resistant-casserole-wholesale-fast-delivery-3-12x12.webp 12w, https:\/\/www.linkceramics.com\/wp-content\/uploads\/2025\/12\/highly-heat-resistant-casserole-wholesale-fast-delivery-3-600x600.webp 600w, https:\/\/www.linkceramics.com\/wp-content\/uploads\/2025\/12\/highly-heat-resistant-casserole-wholesale-fast-delivery-3-100x100.webp 100w\" sizes=\"(max-width: 800px) 100vw, 800px\" \/><\/figure>\n<\/div>\n<\/div>\n\n\n\n<p><\/p>","protected":false},"excerpt":{"rendered":"<div id=\"brxe-0ee1ca\" class=\"brxe-product-meta product_meta\">\n<p>Willkommen beim Gro\u00dfeinkauf von Keramik-Kochgeschirr. Unsere Kasserolle im Gro\u00dfhandel zeichnet sich durch ein elegantes dunkelblaues Blumenmuster aus und ist in vier Gr\u00f6\u00dfen erh\u00e4ltlich, um einer Vielzahl von Kochbed\u00fcrfnissen gerecht zu werden. Es bietet eine hervorragende Hitzebest\u00e4ndigkeit und ist werkseitig direkt und schnell geliefert, so dass es ideal f\u00fcr Einzelh\u00e4ndler, Restaurants und Markeninhaber.<\/p>\n<h2>Kasserolle Gro\u00dfhandel Spezifikationen:<\/h2>\n<\/div>\n<div id=\"brxe-8c5ca9\" class=\"brxe-product-short-description\">\n<div class=\"woocommerce-product-details__short-description\">\n<table border=\"0\" width=\"370\" cellspacing=\"0\" cellpadding=\"0\">\n<tbody>\n<tr>\n<td width=\"139\" height=\"18\">Hersteller<\/td>\n<td width=\"231\">SOLECASA<\/td>\n<\/tr>\n<tr>\n<td width=\"139\" height=\"18\">Sammlung Zugeh\u00f6rigkeit<\/td>\n<td width=\"231\">Gamma Blau<\/td>\n<\/tr>\n<tr>\n<td width=\"139\" height=\"18\">Produkttyp<\/td>\n<td width=\"231\">Hitzebest\u00e4ndiger Keramik-Br\u00e4ter<\/td>\n<\/tr>\n<tr>\n<td width=\"139\" height=\"36\">Modellnummer<\/td>\n<td width=\"231\">S9714560\/ S9714577<br \/>S9714584\/ S9714591<\/td>\n<\/tr>\n<tr>\n<td width=\"139\" height=\"18\">Material<\/td>\n<td width=\"231\">Keramik<\/td>\n<\/tr>\n<tr>\n<td width=\"139\" height=\"71\">Dimension<\/td>\n<td width=\"231\">1,6 l 17,5 \u00d7 22 cm<br \/>2,5 l 22 \u00d7 27 cm<br \/>3,5 l 25,2 \u00d7 31 cm<br \/>4,5 l 25 \u00d7 31 cm<\/td>\n<\/tr>\n<tr>\n<td width=\"139\" height=\"18\">MOQ<\/td>\n<td width=\"231\">Niedriges MOQ<\/td>\n<\/tr>\n<tr>\n<td width=\"139\" height=\"18\">Kostenlose Probe<\/td>\n<td width=\"231\">Verf\u00fcgbar<\/td>\n<\/tr>\n<tr>\n<td width=\"139\" height=\"18\">Kundenspezifische Option<\/td>\n<td width=\"231\">Farbe\/Gr\u00f6\u00dfe\/Glasur\/Logo\/Verpackung<\/td>\n<\/tr>\n<\/tbody>\n<\/table>\n<p><\/p>\n<div id=\"brxe-93988a\" class=\"brxe-block\">\u00a0<\/div>\n<p><\/p>\n<div id=\"brxe-93988a\">\u00a0<\/div>\n<\/div>\n<\/div>","protected":false},"featured_media":2836,"comment_status":"open","ping_status":"closed","template":"","meta":{"_acf_changed":false},"certification":[63,64,66,58,65,61,60,62,57],"product_brand":[],"product_cat":[34,20],"product_tag":[],"class_list":{"0":"post-2835","1":"product","2":"type-product","3":"status-publish","4":"has-post-thumbnail","6":"certification-amfori","7":"certification-bsci","8":"certification-cnas","9":"certification-fda","10":"certification-iaf","11":"certification-iso-14001","12":"certification-iso-45001","13":"certification-iso-9001","14":"certification-lfgb","15":"product_cat-custom-household-ceramics","16":"product_cat-ceramic-kitchenware-wholesale","18":"first","19":"instock","20":"shipping-taxable","21":"product-type-simple"},"acf":[],"_links":{"self":[{"href":"https:\/\/www.linkceramics.com\/de\/wp-json\/wp\/v2\/product\/2835","targetHints":{"allow":["GET"]}}],"collection":[{"href":"https:\/\/www.linkceramics.com\/de\/wp-json\/wp\/v2\/product"}],"about":[{"href":"https:\/\/www.linkceramics.com\/de\/wp-json\/wp\/v2\/types\/product"}],"replies":[{"embeddable":true,"href":"https:\/\/www.linkceramics.com\/de\/wp-json\/wp\/v2\/comments?post=2835"}],"wp:featuredmedia":[{"embeddable":true,"href":"https:\/\/www.linkceramics.com\/de\/wp-json\/wp\/v2\/media\/2836"}],"wp:attachment":[{"href":"https:\/\/www.linkceramics.com\/de\/wp-json\/wp\/v2\/media?parent=2835"}],"wp:term":[{"taxonomy":"certification","embeddable":true,"href":"https:\/\/www.linkceramics.com\/de\/wp-json\/wp\/v2\/certification?post=2835"},{"taxonomy":"product_brand","embeddable":true,"href":"https:\/\/www.linkceramics.com\/de\/wp-json\/wp\/v2\/product_brand?post=2835"},{"taxonomy":"product_cat","embeddable":true,"href":"https:\/\/www.linkceramics.com\/de\/wp-json\/wp\/v2\/product_cat?post=2835"},{"taxonomy":"product_tag","embeddable":true,"href":"https:\/\/www.linkceramics.com\/de\/wp-json\/wp\/v2\/product_tag?post=2835"}],"curies":[{"name":"wp","href":"https:\/\/api.w.org\/{rel}","templated":true}]}}