{"id":2840,"date":"2025-12-19T02:35:18","date_gmt":"2025-12-19T02:35:18","guid":{"rendered":"https:\/\/www.linkceramics.com\/?post_type=product&#038;p=2840"},"modified":"2025-12-19T02:35:21","modified_gmt":"2025-12-19T02:35:21","slug":"wholesale-casserole-dish","status":"publish","type":"product","link":"https:\/\/www.linkceramics.com\/de\/product\/wholesale-casserole-dish\/","title":{"rendered":"Gro\u00dfhandel Auflaufform, hitzebest\u00e4ndiges Kochgeschirr Versorgung"},"content":{"rendered":"<div class=\"wp-block-columns is-layout-flex wp-container-core-columns-is-layout-9d6595d7 wp-block-columns-is-layout-flex\">\n<div class=\"wp-block-column is-layout-flow wp-block-column-is-layout-flow\" style=\"flex-basis:50%\">\n<h3 class=\"wp-block-heading\">Premium Gro\u00dfhandel Casserole Dish Features:<\/h3>\n\n\n\n<ul class=\"wp-block-list\">\n<li><strong>Klassisches Farbdesign:<\/strong> Diese Auflaufformen im Gro\u00dfhandel mit Vintage-Rosenmuster besitzen eine schlichte Eleganz, die jeden Essbereich oder jede K\u00fcche versch\u00f6nert.<\/li>\n\n\n\n<li><strong>Hohe Hitzebest\u00e4ndigkeit:<\/strong> Diese Auflaufformen f\u00fcr den Gro\u00dfhandel bestehen aus hochhitzebest\u00e4ndigem Keramikmaterial, das hohen Backtemperaturen und kontinuierlicher Erw\u00e4rmung standhalten kann, ohne leicht zu brechen oder sich zu verformen.<\/li>\n\n\n\n<li><strong>Gute Temperaturwechselbest\u00e4ndigkeit:<\/strong> Dieses Gro\u00dfhandels-Keramik-Kochgeschirr eignet sich auch sehr gut f\u00fcr den Wechsel zwischen hei\u00df und kalt, so dass es direkt vom Ofen auf den Esstisch gebracht werden kann.<\/li>\n\n\n\n<li><strong>Praktische Vielfalt an Kapazit\u00e4ten:<\/strong> Unsere Auflaufformen f\u00fcr den Gro\u00dfhandel sind in den Gr\u00f6\u00dfen 1,6 l, 2,5 l, 3,5 l und 4,5 l erh\u00e4ltlich und eignen sich perfekt f\u00fcr die t\u00e4gliche K\u00fcche oder gro\u00dfe Bankette.<\/li>\n\n\n\n<li><strong>Direkte Preisgestaltung ab Werk: <\/strong>Unser werkseitig direktes Gro\u00dfhandels-Keramik-Kochgeschirr stammt von Solecasa und bietet wettbewerbsf\u00e4hige Gro\u00dfhandelspreise. Wir unterst\u00fctzen auch kundenspezifische Kooperationen zur F\u00f6rderung der Markenentwicklung.<\/li>\n\n\n\n<li><strong>Ausreichender Vorrat und schnelle Lieferung:<\/strong> Unser Gro\u00dfhandel Auflaufform hat vor Ort Inventar, unterst\u00fctzt kleine Batch-Bestellungen, und reagiert schnell auf Ihre Bed\u00fcrfnisse Einkauf.<\/li>\n<\/ul>\n<\/div>\n\n\n\n<div class=\"wp-block-column is-layout-flow wp-block-column-is-layout-flow\" style=\"flex-basis:50%\">\n<figure class=\"wp-block-image size-full\"><img decoding=\"async\" width=\"800\" height=\"800\" src=\"https:\/\/www.linkceramics.com\/wp-content\/uploads\/2025\/12\/wholesale-casserole-dish-heat-resistant-cookware-supply-3.webp\" alt=\"gro\u00dfhandel-kasserolle-geschirr-hitzebest\u00e4ndig-kochgeschirr-versorgung-3\" class=\"wp-image-2843\" srcset=\"https:\/\/www.linkceramics.com\/wp-content\/uploads\/2025\/12\/wholesale-casserole-dish-heat-resistant-cookware-supply-3.webp 800w, https:\/\/www.linkceramics.com\/wp-content\/uploads\/2025\/12\/wholesale-casserole-dish-heat-resistant-cookware-supply-3-300x300.webp 300w, https:\/\/www.linkceramics.com\/wp-content\/uploads\/2025\/12\/wholesale-casserole-dish-heat-resistant-cookware-supply-3-150x150.webp 150w, https:\/\/www.linkceramics.com\/wp-content\/uploads\/2025\/12\/wholesale-casserole-dish-heat-resistant-cookware-supply-3-768x768.webp 768w, https:\/\/www.linkceramics.com\/wp-content\/uploads\/2025\/12\/wholesale-casserole-dish-heat-resistant-cookware-supply-3-12x12.webp 12w, https:\/\/www.linkceramics.com\/wp-content\/uploads\/2025\/12\/wholesale-casserole-dish-heat-resistant-cookware-supply-3-600x600.webp 600w, https:\/\/www.linkceramics.com\/wp-content\/uploads\/2025\/12\/wholesale-casserole-dish-heat-resistant-cookware-supply-3-100x100.webp 100w\" sizes=\"(max-width: 800px) 100vw, 800px\" \/><\/figure>\n<\/div>\n<\/div>\n\n\n\n<p><\/p>","protected":false},"excerpt":{"rendered":"<div id=\"brxe-0ee1ca\" class=\"brxe-product-meta product_meta\">\n<p>Willkommen beim Gro\u00dfhandel f\u00fcr Keramik-Kochgeschirr. Unsere Auflaufformen im Gro\u00dfhandel zeichnen sich durch ein Vintage-Rosenmuster aus und sind in vier Gr\u00f6\u00dfen erh\u00e4ltlich, um einer Vielzahl von Kochanforderungen gerecht zu werden. Sie bieten eine hervorragende Hitzebest\u00e4ndigkeit und werden direkt ab Werk mit einer geringen Mindestbestellmenge geliefert.<\/p>\n<h2>Gro\u00dfhandel Auflaufform Spezifikationen:<\/h2>\n<\/div>\n<div id=\"brxe-8c5ca9\" class=\"brxe-product-short-description\">\n<div class=\"woocommerce-product-details__short-description\">\n<table border=\"0\" width=\"370\" cellspacing=\"0\" cellpadding=\"0\">\n<tbody>\n<tr>\n<td width=\"139\" height=\"18\">Hersteller<\/td>\n<td width=\"231\">SOLECASA<\/td>\n<\/tr>\n<tr>\n<td width=\"139\" height=\"18\">Sammlung Zugeh\u00f6rigkeit<\/td>\n<td width=\"231\">Nebelrose<\/td>\n<\/tr>\n<tr>\n<td width=\"139\" height=\"18\">Produkttyp<\/td>\n<td width=\"231\">Hitzebest\u00e4ndiger Keramik-Br\u00e4ter<\/td>\n<\/tr>\n<tr>\n<td width=\"139\" height=\"36\">Modellnummer<\/td>\n<td width=\"231\">\n<table width=\"79\">\n<tbody>\n<tr>\n<td width=\"79\">S9714249<\/td>\n<\/tr>\n<tr>\n<td>S9714256<\/td>\n<\/tr>\n<tr>\n<td>S9714263<\/td>\n<\/tr>\n<tr>\n<td>S9714270<\/td>\n<\/tr>\n<\/tbody>\n<\/table>\n<\/td>\n<\/tr>\n<tr>\n<td width=\"139\" height=\"18\">Material<\/td>\n<td width=\"231\">Keramik<\/td>\n<\/tr>\n<tr>\n<td width=\"139\" height=\"71\">Dimension<\/td>\n<td width=\"231\">1,6 l 17,5 \u00d7 22 cm<br \/>2,5 l 22 \u00d7 27 cm<br \/>3,5 l 25,2 \u00d7 31 cm<br \/>4,5 l 25 \u00d7 31 cm<\/td>\n<\/tr>\n<tr>\n<td width=\"139\" height=\"18\">MOQ<\/td>\n<td width=\"231\">Niedriges MOQ<\/td>\n<\/tr>\n<tr>\n<td width=\"139\" height=\"18\">Kostenlose Probe<\/td>\n<td width=\"231\">Verf\u00fcgbar<\/td>\n<\/tr>\n<tr>\n<td width=\"139\" height=\"18\">Kundenspezifische Option<\/td>\n<td width=\"231\">Farbe\/Gr\u00f6\u00dfe\/Glasur\/Logo\/Verpackung<\/td>\n<\/tr>\n<\/tbody>\n<\/table>\n<div id=\"brxe-93988a\" class=\"brxe-block\">\u00a0<\/div>\n<p><\/p>\n<div id=\"brxe-93988a\">\u00a0<\/div>\n<\/div>\n<\/div>","protected":false},"featured_media":2842,"comment_status":"open","ping_status":"closed","template":"","meta":{"_acf_changed":false},"certification":[63,64,66,58,65,61,60,62,57],"product_brand":[],"product_cat":[34,20],"product_tag":[],"class_list":{"0":"post-2840","1":"product","2":"type-product","3":"status-publish","4":"has-post-thumbnail","6":"certification-amfori","7":"certification-bsci","8":"certification-cnas","9":"certification-fda","10":"certification-iaf","11":"certification-iso-14001","12":"certification-iso-45001","13":"certification-iso-9001","14":"certification-lfgb","15":"product_cat-custom-household-ceramics","16":"product_cat-ceramic-kitchenware-wholesale","18":"first","19":"instock","20":"shipping-taxable","21":"product-type-simple"},"acf":[],"_links":{"self":[{"href":"https:\/\/www.linkceramics.com\/de\/wp-json\/wp\/v2\/product\/2840","targetHints":{"allow":["GET"]}}],"collection":[{"href":"https:\/\/www.linkceramics.com\/de\/wp-json\/wp\/v2\/product"}],"about":[{"href":"https:\/\/www.linkceramics.com\/de\/wp-json\/wp\/v2\/types\/product"}],"replies":[{"embeddable":true,"href":"https:\/\/www.linkceramics.com\/de\/wp-json\/wp\/v2\/comments?post=2840"}],"wp:featuredmedia":[{"embeddable":true,"href":"https:\/\/www.linkceramics.com\/de\/wp-json\/wp\/v2\/media\/2842"}],"wp:attachment":[{"href":"https:\/\/www.linkceramics.com\/de\/wp-json\/wp\/v2\/media?parent=2840"}],"wp:term":[{"taxonomy":"certification","embeddable":true,"href":"https:\/\/www.linkceramics.com\/de\/wp-json\/wp\/v2\/certification?post=2840"},{"taxonomy":"product_brand","embeddable":true,"href":"https:\/\/www.linkceramics.com\/de\/wp-json\/wp\/v2\/product_brand?post=2840"},{"taxonomy":"product_cat","embeddable":true,"href":"https:\/\/www.linkceramics.com\/de\/wp-json\/wp\/v2\/product_cat?post=2840"},{"taxonomy":"product_tag","embeddable":true,"href":"https:\/\/www.linkceramics.com\/de\/wp-json\/wp\/v2\/product_tag?post=2840"}],"curies":[{"name":"wp","href":"https:\/\/api.w.org\/{rel}","templated":true}]}}