{"id":2848,"date":"2025-12-19T03:20:45","date_gmt":"2025-12-19T03:20:45","guid":{"rendered":"https:\/\/www.linkceramics.com\/?post_type=product&#038;p=2848"},"modified":"2025-12-19T03:20:46","modified_gmt":"2025-12-19T03:20:46","slug":"custom-bathroom-vanities-cabinets","status":"publish","type":"product","link":"https:\/\/www.linkceramics.com\/de\/product\/custom-bathroom-vanities-cabinets\/","title":{"rendered":"Benutzerdefinierte Badezimmer Eitelkeiten Schr\u00e4nke, Gro\u00dfhandel wei\u00df Eitelkeit"},"content":{"rendered":"<div class=\"wp-block-columns is-layout-flex wp-container-core-columns-is-layout-9d6595d7 wp-block-columns-is-layout-flex\">\n<div class=\"wp-block-column is-layout-flow wp-block-column-is-layout-flow\" style=\"flex-basis:50%\">\n<h3 class=\"wp-block-heading\">Benutzerdefinierte Badezimmer Eitelkeiten Schr\u00e4nke Eigenschaften\uff1a<\/h3>\n\n\n\n<ul class=\"wp-block-list\">\n<li><strong>Hochwertiges Material:<\/strong> Diese ma\u00dfgefertigten Badezimmerschr\u00e4nke sind aus einer hochwertigen Aluminiumlegierung gefertigt, die hervorragende wasserdichte, feuchtigkeitsbest\u00e4ndige und korrosionsbest\u00e4ndige Eigenschaften aufweist. Sie sind leicht, aber dennoch stabil und langlebig.<\/li>\n\n\n\n<li><strong>Vielseitiges wei\u00dfes Aussehen: <\/strong>Die Gesamtfarbe ist ein reines, mattes Wei\u00df, das optisch erfrischend und ordentlich ist. Diese benutzerdefinierten Bad Eitelkeiten Schr\u00e4nke k\u00f6nnen leicht in eine Vielzahl von Dekorationsstilen zu integrieren, die Verbesserung der allgemeinen Sinn der Grad und Helligkeit des Raumes.<\/li>\n\n\n\n<li><strong>Einfach zu installieren und zu warten:<\/strong> Das vern\u00fcnftige Design dieser ma\u00dfgefertigten Badezimmerschr\u00e4nke erleichtert die Installation und die t\u00e4gliche Reinigung und reduziert die Kosten f\u00fcr die Konstruktion und den Kundendienst.<\/li>\n\n\n\n<li><strong>Unterteilter Spiegelschrank:<\/strong> Der Spiegelschrank verf\u00fcgt \u00fcber eine zentrale T\u00fcr und ein offenes Gitter auf beiden Seiten. Die zentrale Spiegelt\u00fcr hat einen eingebauten Stauraum, der f\u00fcr die Aufbewahrung von t\u00e4glichen Toilettenartikeln geeignet ist; die mehrschichtigen Regale auf beiden Seiten sind klassifiziert, leicht zu nehmen, und der Display-Effekt ist sch\u00f6ner.<\/li>\n\n\n\n<li><strong>Gro\u00dfes Fassungsverm\u00f6gen:<\/strong> Der Hauptschrank hat ein symmetrisches \u00d6ffnungsdesign, ein einfaches Aussehen und glatte Linien. Der Stauraum im Inneren des Schranks reicht aus, um gro\u00dfe Gegenst\u00e4nde wie Handt\u00fccher und Kleidungsst\u00fccke unterzubringen, was sowohl f\u00fcr den t\u00e4glichen Gebrauch als auch f\u00fcr hochfrequente kommerzielle Szenarien geeignet ist.<\/li>\n\n\n\n<li><strong>Integrierter LED-Lichtspiegel: <\/strong>Der Spiegelschrank verf\u00fcgt \u00fcber eine eingebaute, verborgene LED-Lichtleiste und ist mit einem Touch-Schalter ausgestattet, der f\u00fcr eine sanfte Beleuchtung sorgt, eine angenehme Atmosph\u00e4re im Badezimmer schafft und das Benutzererlebnis verbessert.<\/li>\n\n\n\n<li><strong>Integriertes Keramik-Waschbecken:<\/strong> Diese ma\u00dfgefertigten Badezimmerschr\u00e4nke passen zu einem Keramikwaschbecken mit glatter und empfindlicher Oberfl\u00e4che, hoher Temperaturbest\u00e4ndigkeit, Fleckenbest\u00e4ndigkeit, einfacher Reinigung, die den allgemeinen Komfort und die Sch\u00f6nheit des Raums verbessert.<\/li>\n\n\n\n<li><strong>Unterst\u00fctzung OEM\/ODM:<\/strong> Unterst\u00fctzt OEM\/ODM-Dienstleistungen wie LOGO, Farbe, Gr\u00f6\u00dfe und Spezifikation Anpassung. Fabrik direktes Angebot, vorteilhafterer Preis, stabile Versorgung, ideale Wahl f\u00fcr technische Projekte und Gro\u00dfhandelsk\u00e4ufe.<\/li>\n<\/ul>\n<\/div>\n\n\n\n<div class=\"wp-block-column is-layout-flow wp-block-column-is-layout-flow\" style=\"flex-basis:50%\">\n<figure class=\"wp-block-image size-full\"><img decoding=\"async\" width=\"700\" height=\"700\" src=\"https:\/\/www.linkceramics.com\/wp-content\/uploads\/2025\/12\/custom-bathroom-vanities-cabinets-wholesale-white-vanity-1.webp\" alt=\"custom-bathroom-vanities-cabinets-wholesale-wei\u00df-vanity-1\" class=\"wp-image-2849\" srcset=\"https:\/\/www.linkceramics.com\/wp-content\/uploads\/2025\/12\/custom-bathroom-vanities-cabinets-wholesale-white-vanity-1.webp 700w, https:\/\/www.linkceramics.com\/wp-content\/uploads\/2025\/12\/custom-bathroom-vanities-cabinets-wholesale-white-vanity-1-300x300.webp 300w, https:\/\/www.linkceramics.com\/wp-content\/uploads\/2025\/12\/custom-bathroom-vanities-cabinets-wholesale-white-vanity-1-150x150.webp 150w, https:\/\/www.linkceramics.com\/wp-content\/uploads\/2025\/12\/custom-bathroom-vanities-cabinets-wholesale-white-vanity-1-12x12.webp 12w, https:\/\/www.linkceramics.com\/wp-content\/uploads\/2025\/12\/custom-bathroom-vanities-cabinets-wholesale-white-vanity-1-600x600.webp 600w, https:\/\/www.linkceramics.com\/wp-content\/uploads\/2025\/12\/custom-bathroom-vanities-cabinets-wholesale-white-vanity-1-100x100.webp 100w\" sizes=\"(max-width: 700px) 100vw, 700px\" \/><\/figure>\n<\/div>\n<\/div>","protected":false},"excerpt":{"rendered":"<div id=\"brxe-0ee1ca\" class=\"brxe-product-meta product_meta\">\n<div id=\"brxe-0ee1ca\" class=\"brxe-product-meta product_meta\">\n<p>Bei Interesse an einer Gro\u00dfbestellung dieser ma\u00dfgefertigten Badezimmerschr\u00e4nke in elegantem Wei\u00df, gro\u00dfem Format und schwebendem Design wenden Sie sich bitte an Shouya. Hergestellt aus hochwertiger Aluminiumlegierung, mit LED-Spiegelschrank und Waschbecken. Hochwertige Lieferung ab Werk, Gro\u00dfhandelsl\u00f6sungen, Beratung zum Gro\u00dfhandel willkommen!<\/p>\n<h2>Ma\u00dfgefertigte Badezimmerschr\u00e4nke Eigenschaften:<\/h2>\n<p><strong>Artikel Nr.:<\/strong> HR6621-100<br \/><strong>Material des Geh\u00e4uses:<\/strong> Aluminium<br \/><strong>Farbe des Geh\u00e4uses:<\/strong> Wei\u00df<br \/><strong>Spiegel:<\/strong> LED-Spiegel (3,5 mm\/3,8 mm), dreifarbige Beleuchtung, One-Touch-Entfogging, gesichert mit mehrlagiger Schaumstoffverpackung<br \/><strong>Installationsart:<\/strong> Wandbefestigung<br \/><strong>Abmessungen (L\u00d7B\u00d7H):<\/strong> 100 \u00d7 40 \u00d7 48 cm<br \/><strong>Bruttogewicht:<\/strong> 35 kg\/Set<\/p>\n<h2>Anpassung &amp; Dienstleistungen:<\/h2>\n<p><strong>OEM UND ODM:<\/strong> Unterst\u00fctzt<br \/><strong>Design:<\/strong> Kostenlos<br \/><strong>Zubeh\u00f6r:<\/strong> Waschbecken, Spiegel, Wasserh\u00e4hne und andere Badaccessoires<br \/><strong>Verpackung:<\/strong> Montagefertig<\/p>\n<\/div>\n<\/div>","protected":false},"featured_media":2851,"comment_status":"open","ping_status":"closed","template":"","meta":{"_acf_changed":false},"certification":[59,61,60,62],"product_brand":[],"product_cat":[35,83],"product_tag":[],"class_list":{"0":"post-2848","1":"product","2":"type-product","3":"status-publish","4":"has-post-thumbnail","6":"certification-ce","7":"certification-iso-14001","8":"certification-iso-45001","9":"certification-iso-9001","10":"product_cat-bathroom-ceramics-supply","11":"product_cat-wholesale-bathroom-vanity","13":"first","14":"instock","15":"shipping-taxable","16":"product-type-simple"},"acf":[],"_links":{"self":[{"href":"https:\/\/www.linkceramics.com\/de\/wp-json\/wp\/v2\/product\/2848","targetHints":{"allow":["GET"]}}],"collection":[{"href":"https:\/\/www.linkceramics.com\/de\/wp-json\/wp\/v2\/product"}],"about":[{"href":"https:\/\/www.linkceramics.com\/de\/wp-json\/wp\/v2\/types\/product"}],"replies":[{"embeddable":true,"href":"https:\/\/www.linkceramics.com\/de\/wp-json\/wp\/v2\/comments?post=2848"}],"wp:featuredmedia":[{"embeddable":true,"href":"https:\/\/www.linkceramics.com\/de\/wp-json\/wp\/v2\/media\/2851"}],"wp:attachment":[{"href":"https:\/\/www.linkceramics.com\/de\/wp-json\/wp\/v2\/media?parent=2848"}],"wp:term":[{"taxonomy":"certification","embeddable":true,"href":"https:\/\/www.linkceramics.com\/de\/wp-json\/wp\/v2\/certification?post=2848"},{"taxonomy":"product_brand","embeddable":true,"href":"https:\/\/www.linkceramics.com\/de\/wp-json\/wp\/v2\/product_brand?post=2848"},{"taxonomy":"product_cat","embeddable":true,"href":"https:\/\/www.linkceramics.com\/de\/wp-json\/wp\/v2\/product_cat?post=2848"},{"taxonomy":"product_tag","embeddable":true,"href":"https:\/\/www.linkceramics.com\/de\/wp-json\/wp\/v2\/product_tag?post=2848"}],"curies":[{"name":"wp","href":"https:\/\/api.w.org\/{rel}","templated":true}]}}