{"id":2915,"date":"2026-01-07T07:13:09","date_gmt":"2026-01-07T07:13:09","guid":{"rendered":"https:\/\/www.linkceramics.com\/?post_type=product&#038;p=2915"},"modified":"2026-01-19T06:38:45","modified_gmt":"2026-01-19T06:38:45","slug":"custom-white-bathroom-sets","status":"publish","type":"product","link":"https:\/\/www.linkceramics.com\/de\/product\/custom-white-bathroom-sets\/","title":{"rendered":"Benutzerdefinierte wei\u00dfe Badezimmer-Sets, 4-teilige keramische Bad-Accessoires"},"content":{"rendered":"<div class=\"wp-block-columns is-layout-flex wp-container-core-columns-is-layout-9d6595d7 wp-block-columns-is-layout-flex\">\n<div class=\"wp-block-column is-layout-flow wp-block-column-is-layout-flow\" style=\"flex-basis:50%\">\n<h3 class=\"wp-block-heading\">Eigenschaften von Custom White Bathroom Sets<\/h3>\n\n\n\n<p><strong>Design des Platin-Farbschemas, einfach und doch elegant: <\/strong>Diese elegante wei\u00dfe Badkollektion zeichnet sich durch ein klares und helles Gesamtbild aus, das durch die Verwendung einer klassischen wei\u00dfen Grundfarbe und platin- oder goldfarbene Akzente entsteht.<\/p>\n\n\n\n<p><strong>Glasurart, Shutta Glaze - Gl\u00e4nzend glasierte Keramik:<\/strong> Durch die gl\u00e4nzende Glasur, die f\u00fcr alle vier Produkte verwendet wird, ist die Textur der Keramik sehr glatt und wasserbest\u00e4ndig, so dass sie nicht so leicht verschmutzt oder verunreinigt werden kann.<\/p>\n\n\n\n<p><strong>Funktionelles vierteiliges Set-Arrangement, das alle Ihre W\u00fcnsche erf\u00fcllt:<\/strong> W\u00e4scherei-Bedarf: Das 4-teilige Gro\u00dfhandelsset mit keramischen Badaccessoires besteht in der Regel aus einem Seifenspender, einem Zahnb\u00fcrstenhalter, einem Waschbecher und einer Seifenschale. Es deckt alle Ihre Bed\u00fcrfnisse mit einem kollektiven Design ab.<\/p>\n\n\n\n<p><strong>Es gibt verschiedene Formen von Seifenschalen, und es werden Anpassungsdienste angeboten:<\/strong> Die Seifenschale gibt es auch in verschiedenen Formen, wie rund, quadratisch und oval. Auf Wunsch k\u00f6nnen auch die Formen oder das Aussehen angepasst werden, um die Produktlinie f\u00fcr individuelle wei\u00dfe B\u00e4der besser erkennbar zu machen.<\/p>\n\n\n\n<p><strong>Hochtemperatur-Brennen von Keramik, stabil und langlebig, nicht leicht zu kippen: <\/strong>Die f\u00fcr das Set verwendeten Materialien sind hochverdichtete Keramik, die bei hohen Temperaturen gebrannt werden, so dass sie ein mittleres Gewicht haben und stabil genug sind, um in Hotels und Privathaushalten nicht so leicht umzukippen, insbesondere bei hoher Frequenz.<\/p>\n<\/div>\n\n\n\n<div class=\"wp-block-column is-layout-flow wp-block-column-is-layout-flow\" style=\"flex-basis:50%\">\n<figure class=\"wp-block-image size-full\"><img decoding=\"async\" width=\"3504\" height=\"3504\" src=\"https:\/\/www.linkceramics.com\/wp-content\/uploads\/2026\/01\/custom-white-bathroom-sets-4-piece-ceramic-bath-accessories-2.webp\" alt=\"Wei\u00dfe Badezimmer-Sets, 4-teilig, Keramik-Bad-Zubeh\u00f6r-2\" class=\"wp-image-2917\" srcset=\"https:\/\/www.linkceramics.com\/wp-content\/uploads\/2026\/01\/custom-white-bathroom-sets-4-piece-ceramic-bath-accessories-2.webp 3504w, https:\/\/www.linkceramics.com\/wp-content\/uploads\/2026\/01\/custom-white-bathroom-sets-4-piece-ceramic-bath-accessories-2-300x300.webp 300w, https:\/\/www.linkceramics.com\/wp-content\/uploads\/2026\/01\/custom-white-bathroom-sets-4-piece-ceramic-bath-accessories-2-150x150.webp 150w, https:\/\/www.linkceramics.com\/wp-content\/uploads\/2026\/01\/custom-white-bathroom-sets-4-piece-ceramic-bath-accessories-2-768x768.webp 768w, https:\/\/www.linkceramics.com\/wp-content\/uploads\/2026\/01\/custom-white-bathroom-sets-4-piece-ceramic-bath-accessories-2-12x12.webp 12w, https:\/\/www.linkceramics.com\/wp-content\/uploads\/2026\/01\/custom-white-bathroom-sets-4-piece-ceramic-bath-accessories-2-1200x1200.webp 1200w, https:\/\/www.linkceramics.com\/wp-content\/uploads\/2026\/01\/custom-white-bathroom-sets-4-piece-ceramic-bath-accessories-2-600x600.webp 600w, https:\/\/www.linkceramics.com\/wp-content\/uploads\/2026\/01\/custom-white-bathroom-sets-4-piece-ceramic-bath-accessories-2-100x100.webp 100w\" sizes=\"(max-width: 3504px) 100vw, 3504px\" \/><\/figure>\n<\/div>\n<\/div>","protected":false},"excerpt":{"rendered":"<p>Willkommen bei YIGEJIA, dem Anbieter von ma\u00dfgeschneiderten wei\u00dfen Badezimmer-Sets mit eleganten wei\u00dfen Keramik-Badezimmer-Accessoires mit gl\u00e4nzender Oberfl\u00e4che. Geliefert zu Fabrik-direkt Gro\u00dfhandelspreisen mit kostenlosen Proben zur Verf\u00fcgung, ideal f\u00fcr OEM-Branding, Hotels, Wohn-Projekte, und Gro\u00dfbeschaffung.<\/p>\n<h2>Benutzerdefinierte wei\u00dfe Badezimmer-Sets Parameter\uff1a<\/h2>\n<table>\n<tbody>\n<tr>\n<td>Hersteller<\/td>\n<td>Yigejia<\/td>\n<\/tr>\n<tr>\n<td>Produkttyp<\/td>\n<td>Bad-Accessoires-Set<\/td>\n<\/tr>\n<tr>\n<td>Material<\/td>\n<td>Keramik<\/td>\n<\/tr>\n<tr>\n<td>Farbe<\/td>\n<td>Wei\u00dfgold<\/td>\n<\/tr>\n<tr>\n<td>Das Set enth\u00e4lt<\/td>\n<td>4 St\u00fcck<\/td>\n<\/tr>\n<tr>\n<td>Komponenten<\/td>\n<td>Lotionspender, Zahnb\u00fcrstenhalter, Seifenschale, Becher<\/td>\n<\/tr>\n<tr>\n<td>Oberfl\u00e4che<\/td>\n<td>Gl\u00e4nzende Oberfl\u00e4che<\/td>\n<\/tr>\n<tr>\n<td>Anmeldung<\/td>\n<td>Haus, Badezimmer, Hotels, Wohnungen, Spa<\/td>\n<\/tr>\n<tr>\n<td>MOQ<\/td>\n<td>Niedriges MOQ<\/td>\n<\/tr>\n<tr>\n<td>Kostenlose Probe<\/td>\n<td>Verf\u00fcgbar<\/td>\n<\/tr>\n<tr>\n<td>Benutzerdefiniert<\/td>\n<td>Farbe\/Gr\u00f6\u00dfe\/Logo\/Verpackung<\/td>\n<\/tr>\n<\/tbody>\n<\/table>\n<p>&nbsp;<\/p>","protected":false},"featured_media":2918,"comment_status":"open","ping_status":"closed","template":"","meta":{"_acf_changed":true},"certification":[59,61,60,62],"product_brand":[],"product_cat":[35,22],"product_tag":[],"class_list":{"0":"post-2915","1":"product","2":"type-product","3":"status-publish","4":"has-post-thumbnail","6":"certification-ce","7":"certification-iso-14001","8":"certification-iso-45001","9":"certification-iso-9001","10":"product_cat-bathroom-ceramics-supply","11":"product_cat-ceramic-bathroom-set","13":"first","14":"instock","15":"shipping-taxable","16":"product-type-simple"},"acf":[],"_links":{"self":[{"href":"https:\/\/www.linkceramics.com\/de\/wp-json\/wp\/v2\/product\/2915","targetHints":{"allow":["GET"]}}],"collection":[{"href":"https:\/\/www.linkceramics.com\/de\/wp-json\/wp\/v2\/product"}],"about":[{"href":"https:\/\/www.linkceramics.com\/de\/wp-json\/wp\/v2\/types\/product"}],"replies":[{"embeddable":true,"href":"https:\/\/www.linkceramics.com\/de\/wp-json\/wp\/v2\/comments?post=2915"}],"wp:featuredmedia":[{"embeddable":true,"href":"https:\/\/www.linkceramics.com\/de\/wp-json\/wp\/v2\/media\/2918"}],"wp:attachment":[{"href":"https:\/\/www.linkceramics.com\/de\/wp-json\/wp\/v2\/media?parent=2915"}],"wp:term":[{"taxonomy":"certification","embeddable":true,"href":"https:\/\/www.linkceramics.com\/de\/wp-json\/wp\/v2\/certification?post=2915"},{"taxonomy":"product_brand","embeddable":true,"href":"https:\/\/www.linkceramics.com\/de\/wp-json\/wp\/v2\/product_brand?post=2915"},{"taxonomy":"product_cat","embeddable":true,"href":"https:\/\/www.linkceramics.com\/de\/wp-json\/wp\/v2\/product_cat?post=2915"},{"taxonomy":"product_tag","embeddable":true,"href":"https:\/\/www.linkceramics.com\/de\/wp-json\/wp\/v2\/product_tag?post=2915"}],"curies":[{"name":"wp","href":"https:\/\/api.w.org\/{rel}","templated":true}]}}