{"id":2920,"date":"2026-01-07T07:39:18","date_gmt":"2026-01-07T07:39:18","guid":{"rendered":"https:\/\/www.linkceramics.com\/?post_type=product&#038;p=2920"},"modified":"2026-03-18T01:57:10","modified_gmt":"2026-03-18T01:57:10","slug":"kitchen-utensil-holder-wholesale","status":"publish","type":"product","link":"https:\/\/www.linkceramics.com\/de\/product\/kitchen-utensil-holder-wholesale\/","title":{"rendered":"K\u00fcche Utensil Halter Gro\u00dfhandel, Steingut Utensil Jar Bulk"},"content":{"rendered":"<div class=\"wp-block-columns is-layout-flex wp-container-core-columns-is-layout-9d6595d7 wp-block-columns-is-layout-flex\">\n<div class=\"wp-block-column is-layout-flow wp-block-column-is-layout-flow\" style=\"flex-basis:50%\">\n<h3 class=\"wp-block-heading\">Premium K\u00fcchenutensilienhalter Gro\u00dfhandel Eigenschaften:<\/h3>\n\n\n\n<ul class=\"wp-block-list\">\n<li><strong>Flamingo Theme Design: <\/strong>Das Flamingo-Muster mit roter Paillette auf einem zartrosa Keramiksockel sorgt f\u00fcr ein niedliches und lebendiges Design auf diesem K\u00fcchenutensilienhalter Gro\u00dfhandel. Dieses raffinierte Design bedeutet, dass der K\u00fcchenutensilienhalter sowohl ein praktisches Werkzeug als auch ein dekoratives Element ist, um Ihre K\u00fcche, Kaffeeecke oder Ihr Zuhause zu erhellen.<\/li>\n\n\n\n<li><strong>Hochwertiges und langlebiges Keramikmaterial: <\/strong>Dieser K\u00fcchenutensilienhalter Gro\u00dfhandel ist aus hochwertiger Keramik, mit einer soliden und dichten Textur, geeignet f\u00fcr langfristige Haltbarkeit in kommerziellen oder privaten Umgebungen.<\/li>\n\n\n\n<li><strong>Glatte Glasur, leicht zu reinigen:<\/strong> Die Oberfl\u00e4chenglasur dieses K\u00fcchenutensilienhalters aus dem Gro\u00dfhandel ist zart, schmutzabweisend und kratzfest, geeignet f\u00fcr den K\u00fcchenalltag und erf\u00fcllt die praktischen Anforderungen von Gro\u00dfeink\u00e4ufen.<\/li>\n\n\n\n<li><strong>Gro\u00dfe Kapazit\u00e4t:<\/strong> Unser Utensilienbeh\u00e4lter aus Steingut hat eine regelm\u00e4\u00dfige zylindrische Form und einen gro\u00dfen Innenraum. Er eignet sich ideal zur Aufbewahrung verschiedener langstieliger K\u00fcchenutensilien (z. B. Pfannenwender, L\u00f6ffel, Schneebesen), Tafelgeschirr oder als multifunktionaler Aufbewahrungsbeh\u00e4lter f\u00fcr Stiftehalter, Kosmetikpinselhalter usw.<\/li>\n\n\n\n<li><strong>Ausreichender Vorrat und schnelle Lieferung: <\/strong>Unsere K\u00fcchenutensilienhalter Gro\u00dfhandel hat vor Ort Inventar, unterst\u00fctzt kleine Batch-Bestellungen, und reagiert schnell auf Ihre Bed\u00fcrfnisse Einkauf.<\/li>\n<\/ul>\n<\/div>\n\n\n\n<div class=\"wp-block-column is-layout-flow wp-block-column-is-layout-flow\" style=\"flex-basis:50%\">\n<figure class=\"wp-block-image size-full\"><img decoding=\"async\" width=\"800\" height=\"800\" src=\"https:\/\/www.linkceramics.com\/wp-content\/uploads\/2026\/01\/kitchen-utensil-holder-wholesale-stoneware-utensil-jar-bulk-3.webp\" alt=\"k\u00fcchen-utensil-halter-gro\u00dfhandel-steinzeug-utensil-geschirr-bulk-3\" class=\"wp-image-2922\" srcset=\"https:\/\/www.linkceramics.com\/wp-content\/uploads\/2026\/01\/kitchen-utensil-holder-wholesale-stoneware-utensil-jar-bulk-3.webp 800w, https:\/\/www.linkceramics.com\/wp-content\/uploads\/2026\/01\/kitchen-utensil-holder-wholesale-stoneware-utensil-jar-bulk-3-300x300.webp 300w, https:\/\/www.linkceramics.com\/wp-content\/uploads\/2026\/01\/kitchen-utensil-holder-wholesale-stoneware-utensil-jar-bulk-3-150x150.webp 150w, https:\/\/www.linkceramics.com\/wp-content\/uploads\/2026\/01\/kitchen-utensil-holder-wholesale-stoneware-utensil-jar-bulk-3-768x768.webp 768w, https:\/\/www.linkceramics.com\/wp-content\/uploads\/2026\/01\/kitchen-utensil-holder-wholesale-stoneware-utensil-jar-bulk-3-12x12.webp 12w, https:\/\/www.linkceramics.com\/wp-content\/uploads\/2026\/01\/kitchen-utensil-holder-wholesale-stoneware-utensil-jar-bulk-3-600x600.webp 600w, https:\/\/www.linkceramics.com\/wp-content\/uploads\/2026\/01\/kitchen-utensil-holder-wholesale-stoneware-utensil-jar-bulk-3-100x100.webp 100w\" sizes=\"(max-width: 800px) 100vw, 800px\" \/><\/figure>\n<\/div>\n<\/div>\n\n\n\n<p><\/p>","protected":false},"excerpt":{"rendered":"<div id=\"brxe-0ee1ca\" class=\"brxe-product-meta product_meta\">\n<p>Willkommen zum Kauf Qunfa Keramikfabrik Versorgung der Flamingo K\u00fcchenutensilienhalter Gro\u00dfhandel, ist die Keramik-Glas gerade Zinn-Stil mit einem sch\u00f6nen Flamingo-Design auf der Oberfl\u00e4che. Dieses Steingut Utensilien Glas Versorgung hat reichlich Platz, solide bauen und hat eine glasierte Oberfl\u00e4che auf der Au\u00dfenseite und auf der Innenseite, so dass es perfekt f\u00fcr Haus, Restaurant und Hotel f\u00fcr die Speicherung von K\u00fcchenutensilien.<\/p>\n<h2>K\u00fcchenutensilien-Halter Gro\u00dfhandel Parameter:<\/h2>\n<table width=\"328\">\n<tbody>\n<tr>\n<td width=\"116\">Hersteller<\/td>\n<td width=\"211\">QUNFA<\/td>\n<\/tr>\n<tr>\n<td width=\"116\">Produkttyp<\/td>\n<td>Utensilien-Halter<\/td>\n<\/tr>\n<tr>\n<td width=\"116\">Modell Nr.<\/td>\n<td width=\"211\">19-0184-1\u00a0<\/td>\n<\/tr>\n<tr>\n<td width=\"116\">Material<\/td>\n<td width=\"211\">Steingut<\/td>\n<\/tr>\n<tr>\n<td width=\"116\">Farbe<\/td>\n<td width=\"211\">Rosa<\/td>\n<\/tr>\n<tr>\n<td width=\"116\">Dimension<\/td>\n<td width=\"211\">10*10*17.3cm<\/td>\n<\/tr>\n<tr>\n<td width=\"116\">MOQ<\/td>\n<td width=\"211\">1000St\u00fcck<\/td>\n<\/tr>\n<tr>\n<td width=\"116\">Benutzerdefiniert<\/td>\n<td width=\"211\">Farbe\/Gr\u00f6\u00dfe\/Logo\/Verpackung\/Form<\/td>\n<\/tr>\n<\/tbody>\n<\/table>\n<\/div>","protected":false},"featured_media":2923,"comment_status":"open","ping_status":"closed","template":"","meta":{"_acf_changed":true},"certification":[63,64,66,89,58,65,61,60,62,57,88],"product_brand":[],"product_cat":[34,20],"product_tag":[],"class_list":{"0":"post-2920","1":"product","2":"type-product","3":"status-publish","4":"has-post-thumbnail","6":"certification-amfori","7":"certification-bsci","8":"certification-cnas","9":"certification-fcca","10":"certification-fda","11":"certification-iaf","12":"certification-iso-14001","13":"certification-iso-45001","14":"certification-iso-9001","15":"certification-lfgb","16":"certification-sgs","17":"product_cat-custom-household-ceramics","18":"product_cat-ceramic-kitchenware-wholesale","20":"first","21":"instock","22":"shipping-taxable","23":"product-type-simple"},"acf":[],"_links":{"self":[{"href":"https:\/\/www.linkceramics.com\/de\/wp-json\/wp\/v2\/product\/2920","targetHints":{"allow":["GET"]}}],"collection":[{"href":"https:\/\/www.linkceramics.com\/de\/wp-json\/wp\/v2\/product"}],"about":[{"href":"https:\/\/www.linkceramics.com\/de\/wp-json\/wp\/v2\/types\/product"}],"replies":[{"embeddable":true,"href":"https:\/\/www.linkceramics.com\/de\/wp-json\/wp\/v2\/comments?post=2920"}],"wp:featuredmedia":[{"embeddable":true,"href":"https:\/\/www.linkceramics.com\/de\/wp-json\/wp\/v2\/media\/2923"}],"wp:attachment":[{"href":"https:\/\/www.linkceramics.com\/de\/wp-json\/wp\/v2\/media?parent=2920"}],"wp:term":[{"taxonomy":"certification","embeddable":true,"href":"https:\/\/www.linkceramics.com\/de\/wp-json\/wp\/v2\/certification?post=2920"},{"taxonomy":"product_brand","embeddable":true,"href":"https:\/\/www.linkceramics.com\/de\/wp-json\/wp\/v2\/product_brand?post=2920"},{"taxonomy":"product_cat","embeddable":true,"href":"https:\/\/www.linkceramics.com\/de\/wp-json\/wp\/v2\/product_cat?post=2920"},{"taxonomy":"product_tag","embeddable":true,"href":"https:\/\/www.linkceramics.com\/de\/wp-json\/wp\/v2\/product_tag?post=2920"}],"curies":[{"name":"wp","href":"https:\/\/api.w.org\/{rel}","templated":true}]}}