{"id":2957,"date":"2026-01-19T06:38:13","date_gmt":"2026-01-19T06:38:13","guid":{"rendered":"https:\/\/www.linkceramics.com\/?post_type=product&#038;p=2957"},"modified":"2026-01-19T06:38:15","modified_gmt":"2026-01-19T06:38:15","slug":"ceramic-decal-bathroom-set-wholesale","status":"publish","type":"product","link":"https:\/\/www.linkceramics.com\/de\/product\/ceramic-decal-bathroom-set-wholesale\/","title":{"rendered":"Keramik Abziehbild Badezimmer Set Gro\u00dfhandel, 4-teilige Bad-Accessoires"},"content":{"rendered":"<div class=\"wp-block-columns is-layout-flex wp-container-core-columns-is-layout-9d6595d7 wp-block-columns-is-layout-flex\">\n<div class=\"wp-block-column is-layout-flow wp-block-column-is-layout-flow\" style=\"flex-basis:50%\">\n<h3 class=\"wp-block-heading\">Eigenschaften von Keramik Abziehbild Badezimmer Set Gro\u00dfhandel<\/h3>\n\n\n\n<p><strong>Afrika-Muster Keramik Abziehbild Design:<\/strong> Wenn Sie dieses Badezimmer-Set aus Keramik-Abziehbildern im Gro\u00dfhandel kaufen, erhalten Sie ein afrikanisch inspiriertes Design, das Ihrem Badezimmer durch seine Gestaltungsmerkmale eine reichhaltig dekorierte Umgebung verleiht.<\/p>\n\n\n\n<p><strong>Funktionales vierteiliges Set Anordnung: <\/strong>Dieses Badezimmer-Set aus Keramik mit Abziehbildern besteht aus einem Seifenspender, einem Zahnb\u00fcrstenhalter, einem Sp\u00fclbecher und einer Seifenschale. Alle Teile sind in einem harmonischen Stil angeordnet, der zum Waschen und Aufbewahren n\u00fctzlich ist und Ihr Badezimmer sauberer und organisierter macht.<\/p>\n\n\n\n<p><strong>Hochtemperatur-Keramik-Material:<\/strong> Durch die Verwendung hochwertiger, bei hoher Temperatur gebrannter Keramik ist dieses Material verschlei\u00df- und kratzfest und bietet eine lange Lebensdauer im Vergleich zu Harz oder Kunststoffen, die nicht sehr haltbar sind.<\/p>\n\n\n\n<p><strong>Leicht zu reinigen und zu pflegen:<\/strong> Durch die Glasur sind die Oberfl\u00e4chen glatt und eben, so dass sich keine Wasserflecken oder Schmutz ansammeln k\u00f6nnen. Die Reinigung solcher Oberfl\u00e4chen ist eine leichtere Aufgabe.<\/p>\n\n\n\n<p><strong>Personalisierung und Preisvorteil:<\/strong> Als ein Gro\u00dfhandel Keramik Abziehbild Bad Set Fabrik Lieferant, sind wir in der Lage, feste Gro\u00dfhandelspreise, OEM \/ ODM-Dienstleistungen und kostenlose Proben f\u00fcr unsere Kunden zu bieten, um die Produktqualit\u00e4t zu \u00fcberpr\u00fcfen und Bestellungen aufgeben.<\/p>\n\n\n\n<p><strong>Vielf\u00e4ltig anwendbar f\u00fcr verschiedene Szenarien:<\/strong> Dieses keramische Abziehbild-Set f\u00fcr das Badezimmer ist f\u00fcr zahlreiche Szenarien geeignet, darunter Hotels, Resorts, Luxuswohnungen, Wohnprojekte und Einzelhandelskan\u00e4le.<\/p>\n<\/div>\n\n\n\n<div class=\"wp-block-column is-layout-flow wp-block-column-is-layout-flow\" style=\"flex-basis:50%\">\n<figure class=\"wp-block-image size-full\"><img decoding=\"async\" width=\"800\" height=\"800\" src=\"https:\/\/www.linkceramics.com\/wp-content\/uploads\/2026\/01\/ceramic-decal-bathroom-set-wholesale-4-piece-bath-accessory-2.webp\" alt=\"Keramik-Dekor-Badezimmer-Set-Gro\u00dfhandel-4-teilig-Bad-Accessoire-2\" class=\"wp-image-2959\" srcset=\"https:\/\/www.linkceramics.com\/wp-content\/uploads\/2026\/01\/ceramic-decal-bathroom-set-wholesale-4-piece-bath-accessory-2.webp 800w, https:\/\/www.linkceramics.com\/wp-content\/uploads\/2026\/01\/ceramic-decal-bathroom-set-wholesale-4-piece-bath-accessory-2-300x300.webp 300w, https:\/\/www.linkceramics.com\/wp-content\/uploads\/2026\/01\/ceramic-decal-bathroom-set-wholesale-4-piece-bath-accessory-2-150x150.webp 150w, https:\/\/www.linkceramics.com\/wp-content\/uploads\/2026\/01\/ceramic-decal-bathroom-set-wholesale-4-piece-bath-accessory-2-768x768.webp 768w, https:\/\/www.linkceramics.com\/wp-content\/uploads\/2026\/01\/ceramic-decal-bathroom-set-wholesale-4-piece-bath-accessory-2-12x12.webp 12w, https:\/\/www.linkceramics.com\/wp-content\/uploads\/2026\/01\/ceramic-decal-bathroom-set-wholesale-4-piece-bath-accessory-2-600x600.webp 600w, https:\/\/www.linkceramics.com\/wp-content\/uploads\/2026\/01\/ceramic-decal-bathroom-set-wholesale-4-piece-bath-accessory-2-100x100.webp 100w\" sizes=\"(max-width: 800px) 100vw, 800px\" \/><\/figure>\n<\/div>\n<\/div>","protected":false},"excerpt":{"rendered":"<p>Willkommen zum Kauf der Yigejia Keramik Abziehbild Bad-Set Gro\u00dfhandel, mit einem 4-teiligen afrikanischen Muster Keramik Bad-Accessoires-Set. Fabrik direktes Angebot bietet stabile Gro\u00dfhandelspreise, OEM-Anpassungsoptionen und kostenlose Proben f\u00fcr Gro\u00dfauftr\u00e4ge.<\/p>\n<h2>Keramik Abziehbild Badezimmer Set Gro\u00dfhandel Parameter\uff1a<\/h2>\n<table>\n<tbody>\n<tr>\n<td>Hersteller<\/td>\n<td>Yigejia<\/td>\n<\/tr>\n<tr>\n<td>Produkttyp<\/td>\n<td>Bad-Accessoires-Set<\/td>\n<\/tr>\n<tr>\n<td>Material<\/td>\n<td>Keramik<\/td>\n<\/tr>\n<tr>\n<td>Farbe<\/td>\n<td>Orange<\/td>\n<\/tr>\n<tr>\n<td>Das Set enth\u00e4lt<\/td>\n<td>4 St\u00fcck<\/td>\n<\/tr>\n<tr>\n<td>Komponenten<\/td>\n<td>Lotionspender, Zahnb\u00fcrstenhalter, Seifenschale, Becher<\/td>\n<\/tr>\n<tr>\n<td>Oberfl\u00e4che<\/td>\n<td>Aufkleber<\/td>\n<\/tr>\n<tr>\n<td>Anmeldung<\/td>\n<td>Haus, Badezimmer, Hotels, Wohnungen, Spa<\/td>\n<\/tr>\n<tr>\n<td>MOQ<\/td>\n<td>Niedriges MOQ<\/td>\n<\/tr>\n<tr>\n<td>Kostenlose Probe<\/td>\n<td>Verf\u00fcgbar<\/td>\n<\/tr>\n<tr>\n<td>Benutzerdefiniert<\/td>\n<td>Farbe\/Gr\u00f6\u00dfe\/Logo\/Verpackung<\/td>\n<\/tr>\n<\/tbody>\n<\/table>","protected":false},"featured_media":2958,"comment_status":"open","ping_status":"closed","template":"","meta":{"_acf_changed":true},"certification":[59,61,60,62],"product_brand":[],"product_cat":[35,22],"product_tag":[],"class_list":{"0":"post-2957","1":"product","2":"type-product","3":"status-publish","4":"has-post-thumbnail","6":"certification-ce","7":"certification-iso-14001","8":"certification-iso-45001","9":"certification-iso-9001","10":"product_cat-bathroom-ceramics-supply","11":"product_cat-ceramic-bathroom-set","13":"first","14":"instock","15":"shipping-taxable","16":"product-type-simple"},"acf":[],"_links":{"self":[{"href":"https:\/\/www.linkceramics.com\/de\/wp-json\/wp\/v2\/product\/2957","targetHints":{"allow":["GET"]}}],"collection":[{"href":"https:\/\/www.linkceramics.com\/de\/wp-json\/wp\/v2\/product"}],"about":[{"href":"https:\/\/www.linkceramics.com\/de\/wp-json\/wp\/v2\/types\/product"}],"replies":[{"embeddable":true,"href":"https:\/\/www.linkceramics.com\/de\/wp-json\/wp\/v2\/comments?post=2957"}],"wp:featuredmedia":[{"embeddable":true,"href":"https:\/\/www.linkceramics.com\/de\/wp-json\/wp\/v2\/media\/2958"}],"wp:attachment":[{"href":"https:\/\/www.linkceramics.com\/de\/wp-json\/wp\/v2\/media?parent=2957"}],"wp:term":[{"taxonomy":"certification","embeddable":true,"href":"https:\/\/www.linkceramics.com\/de\/wp-json\/wp\/v2\/certification?post=2957"},{"taxonomy":"product_brand","embeddable":true,"href":"https:\/\/www.linkceramics.com\/de\/wp-json\/wp\/v2\/product_brand?post=2957"},{"taxonomy":"product_cat","embeddable":true,"href":"https:\/\/www.linkceramics.com\/de\/wp-json\/wp\/v2\/product_cat?post=2957"},{"taxonomy":"product_tag","embeddable":true,"href":"https:\/\/www.linkceramics.com\/de\/wp-json\/wp\/v2\/product_tag?post=2957"}],"curies":[{"name":"wp","href":"https:\/\/api.w.org\/{rel}","templated":true}]}}