{"id":2964,"date":"2026-01-19T08:18:41","date_gmt":"2026-01-19T08:18:41","guid":{"rendered":"https:\/\/www.linkceramics.com\/?post_type=product&#038;p=2964"},"modified":"2026-01-19T08:18:43","modified_gmt":"2026-01-19T08:18:43","slug":"wholesale-ceramic-dinnerware-set-2","status":"publish","type":"product","link":"https:\/\/www.linkceramics.com\/de\/product\/wholesale-ceramic-dinnerware-set-2\/","title":{"rendered":"Gro\u00dfhandel Keramik Geschirr Satz von 4 Gothic Skelett Stil"},"content":{"rendered":"<div class=\"wp-block-columns is-layout-flex wp-container-core-columns-is-layout-9d6595d7 wp-block-columns-is-layout-flex\">\n<div class=\"wp-block-column is-layout-flow wp-block-column-is-layout-flow\" style=\"flex-basis:50%\">\n<h3 class=\"wp-block-heading\">Eigenschaften von Gro\u00dfhandel Keramik Geschirr Set<\/h3>\n\n\n\n<p><strong>\u00c4sthetischer k\u00fcnstlerischer Stil:<\/strong> Dieses Keramikgeschirr f\u00fcr den Gro\u00dfhandel ist \u00fcberwiegend in Schwarz und Wei\u00df mit Totenkopf- und Blumenmustern verziert, was ihm ein k\u00fcnstlerisches, kreatives Aussehen verleiht.<\/p>\n\n\n\n<p><strong>Langlebigkeit:<\/strong> Unser Gro\u00dfhandel Keramikgeschirr Set ist hochwertige Keramik, hitzebest\u00e4ndig und korrosionsbest\u00e4ndig, kann im t\u00e4glichen Leben ohne Verformung oder Rissbildung verwendet werden, und ist f\u00fcr eine lange Zeit geeignet.<\/p>\n\n\n\n<p><strong>Bequem zu reinigen:<\/strong> Die glatte Oberfl\u00e4che dieses Keramikgeschirrsets l\u00e4sst sich leicht von Fett und Speiseresten befreien. Sp\u00fclmaschinenfest (einige Artikel) f\u00fcr eine einfache t\u00e4gliche Reinigung.<\/p>\n\n\n\n<p><strong>Kultureller und sentimentaler Wert:<\/strong> Das Totenkopfmotiv verk\u00f6rpert kulturelle Symbole wie den Tag der Toten und Halloween. Dieses Geschirrset ist nicht nur praktisch, sondern auch ein Tr\u00e4ger f\u00fcr kulturelle Gef\u00fchle.<\/p>\n\n\n\n<p><strong>Vollst\u00e4ndige Vielfalt:<\/strong> Erh\u00e4ltlich in Form von Sch\u00fcsseln, Tellern, Kaffeetassen, Bechern und vielem mehr, erf\u00fcllt es die Bed\u00fcrfnisse des t\u00e4glichen Essens, einschlie\u00dflich des Servierens von Reis, Gerichten und Tee\/Kaffee. Es eignet sich sowohl f\u00fcr die Familie als auch f\u00fcr die Bewirtung von G\u00e4sten.<\/p>\n<\/div>\n\n\n\n<div class=\"wp-block-column is-layout-flow wp-block-column-is-layout-flow\" style=\"flex-basis:50%\">\n<figure class=\"wp-block-image size-full\"><img decoding=\"async\" width=\"1600\" height=\"1600\" src=\"https:\/\/www.linkceramics.com\/wp-content\/uploads\/2026\/01\/wholesale-ceramic-dinnerware-set_skull-style-5.webp\" alt=\"gro\u00dfhandel-keramik-geschirr-set_skull-style-5\" class=\"wp-image-2969\" srcset=\"https:\/\/www.linkceramics.com\/wp-content\/uploads\/2026\/01\/wholesale-ceramic-dinnerware-set_skull-style-5.webp 1600w, https:\/\/www.linkceramics.com\/wp-content\/uploads\/2026\/01\/wholesale-ceramic-dinnerware-set_skull-style-5-300x300.webp 300w, https:\/\/www.linkceramics.com\/wp-content\/uploads\/2026\/01\/wholesale-ceramic-dinnerware-set_skull-style-5-150x150.webp 150w, https:\/\/www.linkceramics.com\/wp-content\/uploads\/2026\/01\/wholesale-ceramic-dinnerware-set_skull-style-5-768x768.webp 768w, https:\/\/www.linkceramics.com\/wp-content\/uploads\/2026\/01\/wholesale-ceramic-dinnerware-set_skull-style-5-12x12.webp 12w, https:\/\/www.linkceramics.com\/wp-content\/uploads\/2026\/01\/wholesale-ceramic-dinnerware-set_skull-style-5-1200x1200.webp 1200w, https:\/\/www.linkceramics.com\/wp-content\/uploads\/2026\/01\/wholesale-ceramic-dinnerware-set_skull-style-5-600x600.webp 600w, https:\/\/www.linkceramics.com\/wp-content\/uploads\/2026\/01\/wholesale-ceramic-dinnerware-set_skull-style-5-100x100.webp 100w\" sizes=\"(max-width: 1600px) 100vw, 1600px\" \/><\/figure>\n<\/div>\n<\/div>","protected":false},"excerpt":{"rendered":"<p>Wenden Sie sich an Kedali, um dieses Gothic-Totenkopf-inspirierte Design-Gro\u00dfhandels-Keramik-Geschirrset zu kaufen. Es ist einzigartig und attraktiv f\u00fcr die Endverbraucher, die anders wollen. Das Set besteht aus einer Teetasse und Untertasse, einem hohen Trinkbecher und einem Teller- und Sch\u00fcsselset. Dieser Artikel ist ideal f\u00fcr saisonale Geschenkgesch\u00e4fte und Halloween-Verk\u00e4ufe.<\/p>\n<h2>Spezifikationen des Gro\u00dfhandels Keramikgeschirr Set<\/h2>\n<table border=\"0\" width=\"363\" cellspacing=\"0\" cellpadding=\"0\">\n<tbody>\n<tr>\n<td width=\"107\" height=\"18\">Marke<\/td>\n<td width=\"256\">KDL<\/td>\n<\/tr>\n<tr>\n<td width=\"107\" height=\"18\">Modell<\/td>\n<td width=\"256\">TDS1161-10.5AH-B026<\/td>\n<\/tr>\n<tr>\n<td width=\"107\" height=\"18\">Material<\/td>\n<td width=\"256\">Keramik<\/td>\n<\/tr>\n<tr>\n<td width=\"107\" height=\"18\">Farbe<\/td>\n<td width=\"256\">schwarz<\/td>\n<\/tr>\n<tr>\n<td width=\"107\" height=\"18\">Anmeldung<\/td>\n<td width=\"256\">Tafelgeschirr<\/td>\n<\/tr>\n<tr>\n<td width=\"107\" height=\"18\">Merkmal<\/td>\n<td width=\"256\">Aufkleber<\/td>\n<\/tr>\n<tr>\n<td width=\"107\" height=\"54\">Mindestbestellmenge<\/td>\n<td width=\"256\">800 S\u00e4tze<\/td>\n<\/tr>\n<\/tbody>\n<\/table>\n<p>&nbsp;<\/p>","protected":false},"featured_media":2965,"comment_status":"open","ping_status":"closed","template":"","meta":{"_acf_changed":false},"certification":[63,64,66,58,61,60,62,87],"product_brand":[],"product_cat":[34,18],"product_tag":[],"class_list":{"0":"post-2964","1":"product","2":"type-product","3":"status-publish","4":"has-post-thumbnail","6":"certification-amfori","7":"certification-bsci","8":"certification-cnas","9":"certification-fda","10":"certification-iso-14001","11":"certification-iso-45001","12":"certification-iso-9001","13":"certification-wca","14":"product_cat-custom-household-ceramics","15":"product_cat-ceramic-tableware-wholesale","17":"first","18":"instock","19":"shipping-taxable","20":"product-type-simple"},"acf":[],"_links":{"self":[{"href":"https:\/\/www.linkceramics.com\/de\/wp-json\/wp\/v2\/product\/2964","targetHints":{"allow":["GET"]}}],"collection":[{"href":"https:\/\/www.linkceramics.com\/de\/wp-json\/wp\/v2\/product"}],"about":[{"href":"https:\/\/www.linkceramics.com\/de\/wp-json\/wp\/v2\/types\/product"}],"replies":[{"embeddable":true,"href":"https:\/\/www.linkceramics.com\/de\/wp-json\/wp\/v2\/comments?post=2964"}],"wp:featuredmedia":[{"embeddable":true,"href":"https:\/\/www.linkceramics.com\/de\/wp-json\/wp\/v2\/media\/2965"}],"wp:attachment":[{"href":"https:\/\/www.linkceramics.com\/de\/wp-json\/wp\/v2\/media?parent=2964"}],"wp:term":[{"taxonomy":"certification","embeddable":true,"href":"https:\/\/www.linkceramics.com\/de\/wp-json\/wp\/v2\/certification?post=2964"},{"taxonomy":"product_brand","embeddable":true,"href":"https:\/\/www.linkceramics.com\/de\/wp-json\/wp\/v2\/product_brand?post=2964"},{"taxonomy":"product_cat","embeddable":true,"href":"https:\/\/www.linkceramics.com\/de\/wp-json\/wp\/v2\/product_cat?post=2964"},{"taxonomy":"product_tag","embeddable":true,"href":"https:\/\/www.linkceramics.com\/de\/wp-json\/wp\/v2\/product_tag?post=2964"}],"curies":[{"name":"wp","href":"https:\/\/api.w.org\/{rel}","templated":true}]}}