{"id":2970,"date":"2026-01-19T09:04:38","date_gmt":"2026-01-19T09:04:38","guid":{"rendered":"https:\/\/www.linkceramics.com\/?post_type=product&#038;p=2970"},"modified":"2026-01-19T09:04:40","modified_gmt":"2026-01-19T09:04:40","slug":"wholesale-ceramic-butter-dishes","status":"publish","type":"product","link":"https:\/\/www.linkceramics.com\/de\/product\/wholesale-ceramic-butter-dishes\/","title":{"rendered":"Gro\u00dfhandel Keramik Butter Schalen, Kuh-f\u00f6rmigen Butter Keeper"},"content":{"rendered":"<div class=\"wp-block-columns is-layout-flex wp-container-core-columns-is-layout-9d6595d7 wp-block-columns-is-layout-flex\">\n<div class=\"wp-block-column is-layout-flow wp-block-column-is-layout-flow\" style=\"flex-basis:50%\">\n<h3 class=\"wp-block-heading\">Eigenschaften von Gro\u00dfhandel Keramik Butter Schalen<\/h3>\n\n\n\n<p><strong>Hochwertiges wei\u00dfes Keramikmaterial: <\/strong>Diese Gro\u00dfhandels-Keramik-Butterschalen sind aus Premium-Keramik hergestellt, die eine zarte Textur hat, sicher und geruchsneutral ist, die Anforderungen f\u00fcr den Kontakt mit Lebensmitteln erf\u00fcllt und f\u00fcr die langfristige Lagerung von Butter geeignet ist.<\/p>\n\n\n\n<p><strong>Kuh-Design:<\/strong> Diese Gro\u00dfhandels-Keramik-Butterschalen sind mit einer 3D-Kuhform gestaltet, niedlich und kreativ, brechen die Monotonie der traditionellen Butterschalen und sind ein visueller Punkt auf dem Tisch.<\/p>\n\n\n\n<p><strong>Vielseitiger Einsatz: <\/strong>Die flache, rechteckige Schale eignet sich f\u00fcr Standard-Buttersticks und kann auch unabh\u00e4ngig davon zum Servieren anderer Kleinigkeiten wie Brot, Dipp-\u00d6le, Oliven oder Vorspeisen verwendet werden.<\/p>\n\n\n\n<p><strong>Leicht zu reinigen:<\/strong> Die glatte, porenfreie Keramikoberfl\u00e4che ist sp\u00fclmaschinenfest und l\u00e4sst sich daher schnell und einfach reinigen.<\/p>\n\n\n\n<p><strong>Bulk Supply:<\/strong> Wir sind ein professioneller Hersteller von Keramikgeschirr mit stabilen Produktionslinien, der gro\u00dfe Mengen an Butterdosen zu Fabrikpreisen anbietet.<\/p>\n<\/div>\n\n\n\n<div class=\"wp-block-column is-layout-flow wp-block-column-is-layout-flow\" style=\"flex-basis:50%\">\n<figure class=\"wp-block-image size-full\"><img decoding=\"async\" width=\"800\" height=\"800\" src=\"https:\/\/www.linkceramics.com\/wp-content\/uploads\/2026\/01\/wholesale-ceramic-butter-dishes-cow-shaped-butter-keeper-4.webp\" alt=\"Gro\u00dfhandel-Keramik-Buttergeschirr-Kuhform-Butterhalter-4\" class=\"wp-image-2974\" srcset=\"https:\/\/www.linkceramics.com\/wp-content\/uploads\/2026\/01\/wholesale-ceramic-butter-dishes-cow-shaped-butter-keeper-4.webp 800w, https:\/\/www.linkceramics.com\/wp-content\/uploads\/2026\/01\/wholesale-ceramic-butter-dishes-cow-shaped-butter-keeper-4-300x300.webp 300w, https:\/\/www.linkceramics.com\/wp-content\/uploads\/2026\/01\/wholesale-ceramic-butter-dishes-cow-shaped-butter-keeper-4-150x150.webp 150w, https:\/\/www.linkceramics.com\/wp-content\/uploads\/2026\/01\/wholesale-ceramic-butter-dishes-cow-shaped-butter-keeper-4-768x768.webp 768w, https:\/\/www.linkceramics.com\/wp-content\/uploads\/2026\/01\/wholesale-ceramic-butter-dishes-cow-shaped-butter-keeper-4-12x12.webp 12w, https:\/\/www.linkceramics.com\/wp-content\/uploads\/2026\/01\/wholesale-ceramic-butter-dishes-cow-shaped-butter-keeper-4-600x600.webp 600w, https:\/\/www.linkceramics.com\/wp-content\/uploads\/2026\/01\/wholesale-ceramic-butter-dishes-cow-shaped-butter-keeper-4-100x100.webp 100w\" sizes=\"(max-width: 800px) 100vw, 800px\" \/><\/figure>\n<\/div>\n<\/div>","protected":false},"excerpt":{"rendered":"<p>Wenden Sie sich an Kedali, wenn Sie Butterdosen aus Keramik im Gro\u00dfhandel kaufen m\u00f6chten. Dieser stilvolle, luftdichte Butterhalter h\u00e4lt die Butter nicht nur frisch und geschmackvoll, sondern verleiht jeder K\u00fcche auch einen verspielten Look. Gefertigt aus sicherer, langlebiger und mikrowellenfreundlicher Keramik, verbindet er Funktionalit\u00e4t mit dekorativem Reiz und eignet sich daher hervorragend f\u00fcr den Gro\u00dfhandel.<\/p>\n<h2>Spezifikationen von Gro\u00dfhandel Keramik Buttergerichte<\/h2>\n<table width=\"235\">\n<tbody>\n<tr>\n<td width=\"69\">Marke<\/td>\n<td width=\"166\">KDL<\/td>\n<\/tr>\n<tr>\n<td width=\"69\">Modell<\/td>\n<td width=\"166\">TDP486-7<\/td>\n<\/tr>\n<tr>\n<td width=\"69\">Material<\/td>\n<td width=\"166\">Keramik<\/td>\n<\/tr>\n<tr>\n<td width=\"69\">Farbe<\/td>\n<td width=\"166\">wei\u00df<\/td>\n<\/tr>\n<tr>\n<td width=\"69\">Anmeldung<\/td>\n<td width=\"166\">Keramik-Butterdose<\/td>\n<\/tr>\n<tr>\n<td width=\"69\">Merkmal<\/td>\n<td width=\"166\">geschnitzt<\/td>\n<\/tr>\n<tr>\n<td width=\"69\">Abmessungen<\/td>\n<td width=\"166\">Deckel: 15,8 \u00d7 8,3 \u00d7 9,7 cm<br data-start=\"24\" data-end=\"27\" \/>K\u00f6rper: SET: 18,5 \u00d7 10 \u00d7 11 cm<\/td>\n<\/tr>\n<tr>\n<td width=\"69\">Bruttogewicht (kg)<\/td>\n<td width=\"166\">1kg<\/td>\n<\/tr>\n<tr>\n<td width=\"69\">Mindestbestellmenge<\/td>\n<td width=\"166\">800 S\u00e4tze<\/td>\n<\/tr>\n<\/tbody>\n<\/table>","protected":false},"featured_media":2971,"comment_status":"open","ping_status":"closed","template":"","meta":{"_acf_changed":false},"certification":[63,64,66,58,61,60,62,87],"product_brand":[],"product_cat":[34,20],"product_tag":[],"class_list":{"0":"post-2970","1":"product","2":"type-product","3":"status-publish","4":"has-post-thumbnail","6":"certification-amfori","7":"certification-bsci","8":"certification-cnas","9":"certification-fda","10":"certification-iso-14001","11":"certification-iso-45001","12":"certification-iso-9001","13":"certification-wca","14":"product_cat-custom-household-ceramics","15":"product_cat-ceramic-kitchenware-wholesale","17":"first","18":"instock","19":"shipping-taxable","20":"product-type-simple"},"acf":[],"_links":{"self":[{"href":"https:\/\/www.linkceramics.com\/de\/wp-json\/wp\/v2\/product\/2970","targetHints":{"allow":["GET"]}}],"collection":[{"href":"https:\/\/www.linkceramics.com\/de\/wp-json\/wp\/v2\/product"}],"about":[{"href":"https:\/\/www.linkceramics.com\/de\/wp-json\/wp\/v2\/types\/product"}],"replies":[{"embeddable":true,"href":"https:\/\/www.linkceramics.com\/de\/wp-json\/wp\/v2\/comments?post=2970"}],"wp:featuredmedia":[{"embeddable":true,"href":"https:\/\/www.linkceramics.com\/de\/wp-json\/wp\/v2\/media\/2971"}],"wp:attachment":[{"href":"https:\/\/www.linkceramics.com\/de\/wp-json\/wp\/v2\/media?parent=2970"}],"wp:term":[{"taxonomy":"certification","embeddable":true,"href":"https:\/\/www.linkceramics.com\/de\/wp-json\/wp\/v2\/certification?post=2970"},{"taxonomy":"product_brand","embeddable":true,"href":"https:\/\/www.linkceramics.com\/de\/wp-json\/wp\/v2\/product_brand?post=2970"},{"taxonomy":"product_cat","embeddable":true,"href":"https:\/\/www.linkceramics.com\/de\/wp-json\/wp\/v2\/product_cat?post=2970"},{"taxonomy":"product_tag","embeddable":true,"href":"https:\/\/www.linkceramics.com\/de\/wp-json\/wp\/v2\/product_tag?post=2970"}],"curies":[{"name":"wp","href":"https:\/\/api.w.org\/{rel}","templated":true}]}}